{"id":839,"date":"2025-04-17T10:03:00","date_gmt":"2025-04-17T08:03:00","guid":{"rendered":"https:\/\/lib.tu.kielce.pl\/?page_id=839"},"modified":"2025-04-17T10:05:04","modified_gmt":"2025-04-17T08:05:04","slug":"udogodnienia-dla-osob-z-niepelnosprawnosciami","status":"publish","type":"page","link":"https:\/\/lib.tu.kielce.pl\/index.php\/udogodnienia-dla-osob-z-niepelnosprawnosciami\/","title":{"rendered":"Udogodnienia dla os\u00f3b z niepe\u0142nosprawno\u015bciami"},"content":{"rendered":"\n<p>Udogodnienia dla os\u00f3b z niepe\u0142nosprawno\u015bciami w Bibliotece G\u0142\u00f3wnej Politechniki \u015awi\u0119tokrzyskiej:<\/p>\n\n\n\n<ul class=\"wp-block-list\">\n<li>podjazd przed g\u0142\u00f3wnym wej\u015bciem do budynku oraz dost\u0119p do Biblioteki poprzez \u0142\u0105cznik z innych budynk\u00f3w r\u00f3wnie\u017c wyposa\u017conych w podjazdy,<\/li>\n\n\n\n<li>winda \u0142\u0105cz\u0105ca wszystkie kondygnacje budynku Biblioteki,<\/li>\n\n\n\n<li>znaczniki brajlowskie na por\u0119czach schod\u00f3w,<\/li>\n\n\n\n<li>oznakowania kraw\u0119dzi pierwszego i ostatniego stopnia biegu schod\u00f3w za pomoc\u0105 profili schodowych PVC.<\/li>\n<\/ul>\n\n\n\n<p>W Wypo\u017cyczalni BG znajduj\u0105 si\u0119:<\/p>\n\n\n\n<ul class=\"wp-block-list\">\n<li>przeno\u015bna p\u0119tla indukcyjna wspomagaj\u0105ca osoby z dysfunkcj\u0105 s\u0142uchu,<\/li>\n\n\n\n<li>stanowisko komputerowe wyposa\u017cone w sprz\u0119t i oprogramowanie u\u0142atwiaj\u0105ce prac\u0119 osobom z dysfunkcjami r\u00f3\u017cnego rodzaju:\n<ul class=\"wp-block-list\">\n<li>program ud\u017awi\u0119kowiaj\u0105cy JAWS Professional daj\u0105cy mo\u017cliwo\u015b\u0107 nie tylko odczytania na g\u0142os informacji z ekranu komputera, ale potrafi\u0105cy tak\u017ce interpretowa\u0107 i odczytywa\u0107 wyra\u017cenia matematyczne, opisywa\u0107 obiekty graficzne, np. wykresy w arkuszach kalkulacyjnych, obramowania i tabele. Pozwala dostosowa\u0107 spos\u00f3b czytania.<\/li>\n\n\n\n<li>program powi\u0119kszaj\u0105cy MAGic &#8211; proste w obs\u0142udze zaawansowane technologicznie oprogramowanie powi\u0119kszaj\u0105ce ekran komputera. MAGic udost\u0119pnia tak\u017ce mo\u017cliwo\u015b\u0107 dowolnego dostosowywania wygl\u0105du komponent\u00f3w systemu Windows do indywidualnych potrzeb u\u017cytkownika.<\/li>\n\n\n\n<li>klawiatura MAGic Large Print Keyboard &#8211; klawiatura stworzona z my\u015bl\u0105 o osobach s\u0142abowidz\u0105cych korzystaj\u0105cych z programu powi\u0119kszaj\u0105cego MAGic. Dwadzie\u015bcia dwa przyciski szybkiego dost\u0119pu s\u0142u\u017c\u0105 do wygodnej obs\u0142ugi tego programu. Klawiatura wsp\u00f3\u0142pracuje tak\u017ce z programem ud\u017awi\u0119kawiaj\u0105cym JAWS. Mo\u017ce by\u0107 oczywi\u015bcie u\u017cywana niezale\u017cnie od programu MAGic.<\/li>\n\n\n\n<li>specjalistyczna mysz Big Track zaprojektowana dla u\u017cytkownik\u00f3w, kt\u00f3rzy maj\u0105 trudno\u015bci z precyzyjn\u0105 kontrol\u0105 motoryczn\u0105 ko\u0144czyn g\u00f3rnych &#8211; pomo\u017ce osobom z niepe\u0142nosprawno\u015bci\u0105 r\u0105k lub d\u0142oni z \u0142atwo\u015bci\u0105 i precyzj\u0105 porusza\u0107 si\u0119 kursorem po ekranie monitora.<\/li>\n\n\n\n<li>powi\u0119kszalnik Optelec ClearView C &#8211; nowoczesny, stacjonarny powi\u0119kszalnik wyposa\u017cony w 22-calowy monitor, kt\u00f3rego zadaniem jest poprawa jako\u015bci tre\u015bci odczytywanych przez osoby s\u0142abowidz\u0105ce i maksymalne zwi\u0119kszenie ich komfortu pracy. Panel steruj\u0105cy powi\u0119kszalnika ClearView C jest od\u0142\u0105czalny i oferuje zar\u00f3wno opcje podstawowe &#8211; r\u00f3\u017cne poziomy powi\u0119kszenia, tryby przegl\u0105dania dokumentu, jak te\u017c opcje zaawansowane &#8211; ustawianie linii czytania, regulacj\u0119 kontrastu.<\/li>\n\n\n\n<li>g\u0142o\u015bnik i s\u0142uchawki<\/li>\n<\/ul>\n<\/li>\n<\/ul>\n\n\n\n<p>Zgodnie z <a href=\"https:\/\/lib.tu.kielce.pl\/index.php\/regulamin-udostepniania-zbiorow-biblioteki-glownej-politechniki-swietokrzyskiej\/\" data-type=\"link\" data-id=\"https:\/\/lib.tu.kielce.pl\/index.php\/regulamin-udostepniania-zbiorow-biblioteki-glownej-politechniki-swietokrzyskiej\/\" target=\"_blank\" rel=\"noreferrer noopener\">Regulaminem Udost\u0119pniania Zbior\u00f3w<\/a> ka\u017cda osoba z niepe\u0142nosprawno\u015bci\u0105 mo\u017ce upowa\u017cni\u0107 jedn\u0105 osob\u0119 do korzystania z jego karty i wypo\u017cyczania ksi\u0105\u017cek w jego imieniu wype\u0142niaj\u0105c formularz dost\u0119pny u dy\u017curuj\u0105cego w Wypo\u017cyczalni bibliotekarza (<a href=\"https:\/\/lib.tu.kielce.pl\/dok\/informacje\/zalacznik_nr_1.pdf\" target=\"_blank\" rel=\"noreferrer noopener\">Upowa\u017cnienie do wypo\u017cycze\u0144<\/a>).<\/p>\n\n\n\n<p>Pracownicy Biblioteki G\u0142\u00f3wnej ch\u0119tnie s\u0142u\u017c\u0105 pomoc\u0105 czytelnikom z niepe\u0142nosprawno\u015bci\u0105 w ka\u017cdej sytuacji wymagaj\u0105cej wsparcia w korzystaniu ze zbior\u00f3w.<\/p>\n","protected":false},"excerpt":{"rendered":"<p>Udogodnienia dla os\u00f3b z niepe\u0142nosprawno\u015bciami w Bibliotece G\u0142\u00f3wnej Politechniki \u015awi\u0119tokrzyskiej: W Wypo\u017cyczalni BG znajduj\u0105 si\u0119: Zgodnie z Regulaminem Udost\u0119pniania Zbior\u00f3w ka\u017cda osoba z niepe\u0142nosprawno\u015bci\u0105 mo\u017ce upowa\u017cni\u0107 jedn\u0105 osob\u0119 do korzystania z jego karty i wypo\u017cyczania ksi\u0105\u017cek w jego imieniu wype\u0142niaj\u0105c formularz dost\u0119pny u dy\u017curuj\u0105cego w Wypo\u017cyczalni bibliotekarza (Upowa\u017cnienie do wypo\u017cycze\u0144). Pracownicy Biblioteki G\u0142\u00f3wnej ch\u0119tnie s\u0142u\u017c\u0105 [&hellip;]<\/p>\n","protected":false},"author":3,"featured_media":0,"parent":0,"menu_order":0,"comment_status":"closed","ping_status":"closed","template":"","meta":{"footnotes":""},"class_list":["post-839","page","type-page","status-publish","hentry"],"_links":{"self":[{"href":"https:\/\/lib.tu.kielce.pl\/index.php\/wp-json\/wp\/v2\/pages\/839","targetHints":{"allow":["GET"]}}],"collection":[{"href":"https:\/\/lib.tu.kielce.pl\/index.php\/wp-json\/wp\/v2\/pages"}],"about":[{"href":"https:\/\/lib.tu.kielce.pl\/index.php\/wp-json\/wp\/v2\/types\/page"}],"author":[{"embeddable":true,"href":"https:\/\/lib.tu.kielce.pl\/index.php\/wp-json\/wp\/v2\/users\/3"}],"replies":[{"embeddable":true,"href":"https:\/\/lib.tu.kielce.pl\/index.php\/wp-json\/wp\/v2\/comments?post=839"}],"version-history":[{"count":0,"href":"https:\/\/lib.tu.kielce.pl\/index.php\/wp-json\/wp\/v2\/pages\/839\/revisions"}],"wp:attachment":[{"href":"https:\/\/lib.tu.kielce.pl\/index.php\/wp-json\/wp\/v2\/media?parent=839"}],"curies":[{"name":"wp","href":"https:\/\/api.w.org\/{rel}","templated":true}]}}