{"id":83,"date":"2021-09-15T09:46:39","date_gmt":"2021-09-15T07:46:39","guid":{"rendered":"http:\/\/81.26.5.78\/BG\/?page_id=83"},"modified":"2023-03-15T12:09:23","modified_gmt":"2023-03-15T11:09:23","slug":"punkt-informacji-normalizacyjnej","status":"publish","type":"page","link":"https:\/\/lib.tu.kielce.pl\/index.php\/punkt-informacji-normalizacyjnej\/","title":{"rendered":"Punkt Informacji Normalizacyjnej"},"content":{"rendered":"\n<hr class=\"wp-block-separator has-css-opacity\"\/>\n\n\n\n<p class=\"has-text-align-left\">e-mail: <a href=\"mailto:pin@tu.kielce.pl\" target=\"_blank\" rel=\"noreferrer noopener\">pin(at)tu.kielce.pl<\/a><br>tel. 41 3424488<\/p>\n\n\n\n<hr class=\"wp-block-separator has-css-opacity\"\/>\n\n\n\n<p>Punkt Informacji Normalizacyjnej udost\u0119pnia na miejscu nast\u0119puj\u0105ce zbiory:<\/p>\n\n\n\n<ul class=\"wp-block-list\">\n<li>Polskie Normy (PN), w tym: normy krajowe \u2013 PN, PN-EN, PN-EN ISO, PN-ENV, PN-ISO, PN-IEC, PN-EN ISO\/IEC, PN-ISO\/IEC, PN-HD, PN-ETS<\/li>\n\n\n\n<li>normy bran\u017cowe (BN) \u2013 zbi\u00f3r cz\u0119\u015bciowy<br>Zgodnie z Ustaw\u0105 o normalizacji z dn. 12 wrze\u015bnia 2002 r. (<a href=\"https:\/\/www.dziennikustaw.gov.pl\/DU\/2015\/1483\" target=\"_blank\" rel=\"noreferrer noopener\">Dz.U. 2015 poz. 1483<\/a> tekst jednolity) z dniem wej\u015bcia ustawy w \u017cycie PKN zaprzesta\u0142 prowadzenia zbioru norm bran\u017cowych. Istniej\u0105ce zbiory: Bran\u017cowych Norm (BN) i Wojskowych Bran\u017cowych Norm (WBN) \u2013 dost\u0119pne s\u0105 w <a rel=\"noreferrer noopener\" href=\"https:\/\/www.aan.gov.pl\/\" target=\"_blank\">Archiwum Akt Nowych<\/a><\/li>\n\n\n\n<li>archiwalne Polskie Normy wycofane bez zast\u0105pienia ze zbioru PN b\u0105d\u017a zast\u0105pione (zbi\u00f3r cz\u0119\u015bciowy)<\/li>\n\n\n\n<li>miesi\u0119cznik <a rel=\"noreferrer noopener\" href=\"https:\/\/wiedza.pkn.pl\/web\/wiedza-normalizacyjna\/wiadomosci-pkn-miesiecznik\" target=\"_blank\">Wiadomo\u015bci PKN. Normalizacja<\/a><\/li>\n\n\n\n<li>inne produkty Polskiego Komitetu Normalizacyjnego (<strong>TS<\/strong> \u2013 Specyfikacja Techniczna, <strong>TR<\/strong> \u2013 Raport Techniczny, <strong>Guide<\/strong> \u2013 Przewodnik)<\/li>\n<\/ul>\n\n\n\n<p>Punkt Informacji Normalizacyjnej nie prowadzi sprzeda\u017cy norm. Normy, kt\u00f3re w numerach nie posiadaj\u0105 prefiksu PN s\u0105 normami mi\u0119dzynarodowymi, kt\u00f3re nie s\u0105 przyj\u0119te w Polsce i nie s\u0105 dost\u0119pne w Bibliotece.<\/p>\n\n\n\n<hr class=\"wp-block-separator has-css-opacity\"\/>\n\n\n\n<ul class=\"wp-block-list\">\n<li><a href=\"\/dok\/instrukcje\/Instrukcja_Wyszukiwania_norm_2020.pdf\" target=\"_blank\" rel=\"noreferrer noopener\">Instrukcja wyszukiwania norm<\/a><\/li>\n<\/ul>\n\n\n\n<hr class=\"wp-block-separator has-css-opacity\"\/>\n\n\n\n<p><strong>U\u017cyteczne adresy:<\/strong><\/p>\n\n\n\n<p><a rel=\"noreferrer noopener\" href=\"http:\/\/www.pkn.pl\/\" target=\"_blank\">Polski Komitet Normalizacyjny<\/a><br><a rel=\"noreferrer noopener\" href=\"http:\/\/sklep.pkn.pl\/catalogsearch\/advanced\" target=\"_blank\">Polski Komitet Normalizacyjny \u2013 wyszukiwarka norm<\/a><br><a href=\"\/index.php\/portal-wiedza-2\/\" target=\"_blank\" rel=\"noreferrer noopener\">Portal Wiedza<\/a><\/p>\n\n\n\n<p><a href=\"https:\/\/www.cencenelec.eu\/\" target=\"_blank\" rel=\"noreferrer noopener\">Europejski Komitet Normalizacyjny<\/a><br><a rel=\"noreferrer noopener\" href=\"http:\/\/www.iso.org\/\" target=\"_blank\">Mi\u0119dzynarodowa Organizacja Normalizacyjna<\/a><br><a rel=\"noreferrer noopener\" href=\"http:\/\/www.iec.org\/\" target=\"_blank\">Mi\u0119dzynarodowa Komisja Elektrotechniczna<\/a><br><a rel=\"noreferrer noopener\" href=\"http:\/\/www.etsi.org\/\" target=\"_blank\">Europejski Instytut Normalizacji Telekomunikacyjnej<\/a><br><a href=\"https:\/\/www.cencenelec.eu\/\" target=\"_blank\" rel=\"noreferrer noopener\">Europejski Komitet Normalizacyjny Elektrotechniki<br><\/a><a rel=\"noreferrer noopener\" href=\"https:\/\/www.pkn.pl\/polskie-normy\/normy-prawo\" target=\"_blank\">Normy a prawo UE<\/a><\/p>\n","protected":false},"excerpt":{"rendered":"<p>e-mail: pin(at)tu.kielce.pltel. 41 3424488 Punkt Informacji Normalizacyjnej udost\u0119pnia na miejscu nast\u0119puj\u0105ce zbiory: Punkt Informacji Normalizacyjnej nie prowadzi sprzeda\u017cy norm. Normy, kt\u00f3re w numerach nie posiadaj\u0105 prefiksu PN s\u0105 normami mi\u0119dzynarodowymi, kt\u00f3re nie s\u0105 przyj\u0119te w Polsce i nie s\u0105 dost\u0119pne w Bibliotece. U\u017cyteczne adresy: Polski Komitet NormalizacyjnyPolski Komitet Normalizacyjny \u2013 wyszukiwarka normPortal Wiedza Europejski Komitet [&hellip;]<\/p>\n","protected":false},"author":3,"featured_media":0,"parent":0,"menu_order":0,"comment_status":"closed","ping_status":"closed","template":"","meta":{"footnotes":""},"class_list":["post-83","page","type-page","status-publish","hentry"],"_links":{"self":[{"href":"https:\/\/lib.tu.kielce.pl\/index.php\/wp-json\/wp\/v2\/pages\/83","targetHints":{"allow":["GET"]}}],"collection":[{"href":"https:\/\/lib.tu.kielce.pl\/index.php\/wp-json\/wp\/v2\/pages"}],"about":[{"href":"https:\/\/lib.tu.kielce.pl\/index.php\/wp-json\/wp\/v2\/types\/page"}],"author":[{"embeddable":true,"href":"https:\/\/lib.tu.kielce.pl\/index.php\/wp-json\/wp\/v2\/users\/3"}],"replies":[{"embeddable":true,"href":"https:\/\/lib.tu.kielce.pl\/index.php\/wp-json\/wp\/v2\/comments?post=83"}],"version-history":[{"count":0,"href":"https:\/\/lib.tu.kielce.pl\/index.php\/wp-json\/wp\/v2\/pages\/83\/revisions"}],"wp:attachment":[{"href":"https:\/\/lib.tu.kielce.pl\/index.php\/wp-json\/wp\/v2\/media?parent=83"}],"curies":[{"name":"wp","href":"https:\/\/api.w.org\/{rel}","templated":true}]}}