{"id":80,"date":"2021-09-15T09:45:02","date_gmt":"2021-09-15T07:45:02","guid":{"rendered":"http:\/\/81.26.5.78\/BG\/?page_id=80"},"modified":"2025-11-25T11:40:58","modified_gmt":"2025-11-25T10:40:58","slug":"baza-lektur","status":"publish","type":"page","link":"https:\/\/lib.tu.kielce.pl\/index.php\/baza-lektur\/","title":{"rendered":"Baza Lektur"},"content":{"rendered":"\n<p>Baza zawiera wykaz lektur dla ka\u017cdego przedmiotu, kt\u00f3re wyk\u0142adowca umie\u015bci\u0142 w karcie przedmiotu. Znajduj\u0105 si\u0119 tam ksi\u0105\u017cki, artyku\u0142y z czasopism, instrukcje, normy, a tak\u017ce adresy stron www. Z poziomu bazy mo\u017cliwe jest sprawdzenie dost\u0119pno\u015bci danej publikacji w zbiorach naszej Biblioteki.<\/p>\n\n\n\n<p class=\"has-text-align-left\">Serdecznie zapraszamy do korzystania z bazy lektur!<\/p>\n\n\n\n<p class=\"has-text-align-center\">Standardowe wyszukiwanie<\/p>\n\n\n\n<p class=\"has-text-align-center\"><strong><a href=\"http:\/\/www.lib.tu.kielce.pl\/app\/BazaLektur\" target=\"_blank\" rel=\"noreferrer noopener\">http:\/\/www.lib.tu.kielce.pl\/app\/BazaLektur<\/a><\/strong><\/p>\n\n\n\n<p class=\"has-text-align-center\">Wyszukiwanie wed\u0142ug wyk\u0142adowc\u00f3w<\/p>\n\n\n\n<p class=\"has-text-align-center\"><strong><a href=\"http:\/\/www.lib.tu.kielce.pl\/app\/BazaLektur\/wyszukaj\/lektury_wykladowcy.php\" target=\"_blank\" rel=\"noreferrer noopener\">http:\/\/www.lib.tu.kielce.pl\/app\/BazaLektur\/wyszukaj\/lektury_wykladowcy.php<\/a><\/strong><\/p>\n\n\n\n<p class=\"has-text-align-center\">Aktualizacja bazy dla pracownik\u00f3w<\/p>\n\n\n\n<p class=\"has-text-align-center\"><a href=\"https:\/\/lib.tu.kielce.pl\/app\/BazaLektur\/addlogin\/login.php\" target=\"_blank\" rel=\"noreferrer noopener\"><strong>https:\/\/lib.tu.kielce.pl\/app\/BazaLektur\/addlogin\/login.php<\/strong><\/a><\/p>\n\n\n\n<p><strong>Uwaga:<\/strong><\/p>\n\n\n\n<p>W razie problem\u00f3w z aktualizacj\u0105 Bazy Lektur pracownicy proszeni s\u0105 o kontakt z Oddzia\u0142em Gromadzenia i Opracowania Zbior\u00f3w \u2013 tel. 41 34-24-485 lub mail <a href=\"mailto:pd@tu.kielce.pl\" target=\"_blank\" rel=\"noreferrer noopener\">pd(at)tu.kielce.pl<\/a><\/p>\n","protected":false},"excerpt":{"rendered":"<p>Baza zawiera wykaz lektur dla ka\u017cdego przedmiotu, kt\u00f3re wyk\u0142adowca umie\u015bci\u0142 w karcie przedmiotu. Znajduj\u0105 si\u0119 tam ksi\u0105\u017cki, artyku\u0142y z czasopism, instrukcje, normy, a tak\u017ce adresy stron www. Z poziomu bazy mo\u017cliwe jest sprawdzenie dost\u0119pno\u015bci danej publikacji w zbiorach naszej Biblioteki. Serdecznie zapraszamy do korzystania z bazy lektur! Standardowe wyszukiwanie http:\/\/www.lib.tu.kielce.pl\/app\/BazaLektur Wyszukiwanie wed\u0142ug wyk\u0142adowc\u00f3w http:\/\/www.lib.tu.kielce.pl\/app\/BazaLektur\/wyszukaj\/lektury_wykladowcy.php Aktualizacja [&hellip;]<\/p>\n","protected":false},"author":2,"featured_media":0,"parent":0,"menu_order":0,"comment_status":"closed","ping_status":"closed","template":"","meta":{"footnotes":""},"class_list":["post-80","page","type-page","status-publish","hentry"],"_links":{"self":[{"href":"https:\/\/lib.tu.kielce.pl\/index.php\/wp-json\/wp\/v2\/pages\/80","targetHints":{"allow":["GET"]}}],"collection":[{"href":"https:\/\/lib.tu.kielce.pl\/index.php\/wp-json\/wp\/v2\/pages"}],"about":[{"href":"https:\/\/lib.tu.kielce.pl\/index.php\/wp-json\/wp\/v2\/types\/page"}],"author":[{"embeddable":true,"href":"https:\/\/lib.tu.kielce.pl\/index.php\/wp-json\/wp\/v2\/users\/2"}],"replies":[{"embeddable":true,"href":"https:\/\/lib.tu.kielce.pl\/index.php\/wp-json\/wp\/v2\/comments?post=80"}],"version-history":[{"count":0,"href":"https:\/\/lib.tu.kielce.pl\/index.php\/wp-json\/wp\/v2\/pages\/80\/revisions"}],"wp:attachment":[{"href":"https:\/\/lib.tu.kielce.pl\/index.php\/wp-json\/wp\/v2\/media?parent=80"}],"curies":[{"name":"wp","href":"https:\/\/api.w.org\/{rel}","templated":true}]}}