{"id":788,"date":"2025-01-08T11:18:41","date_gmt":"2025-01-08T10:18:41","guid":{"rendered":"https:\/\/lib.tu.kielce.pl\/?page_id=788"},"modified":"2026-01-02T10:40:58","modified_gmt":"2026-01-02T09:40:58","slug":"knovel","status":"publish","type":"page","link":"https:\/\/lib.tu.kielce.pl\/index.php\/knovel\/","title":{"rendered":"Knovel"},"content":{"rendered":"<div class=\"wp-block-image\">\n<figure class=\"aligncenter size-full\"><img loading=\"lazy\" decoding=\"async\" width=\"363\" height=\"88\" src=\"http:\/\/lib.tu.kielce.pl\/wp-content\/uploads\/2025\/01\/Knovel_Logo.jpg\" alt=\"\" class=\"wp-image-790\" srcset=\"https:\/\/lib.tu.kielce.pl\/wp-content\/uploads\/2025\/01\/Knovel_Logo.jpg 363w, https:\/\/lib.tu.kielce.pl\/wp-content\/uploads\/2025\/01\/Knovel_Logo-300x73.jpg 300w, https:\/\/lib.tu.kielce.pl\/wp-content\/uploads\/2025\/01\/Knovel_Logo-255x62.jpg 255w\" sizes=\"auto, (max-width: 363px) 100vw, 363px\" \/><\/figure>\n<\/div>\n\n\n<div style=\"height:20px\" aria-hidden=\"true\" class=\"wp-block-spacer\"><\/div>\n\n\n\n<p>Od <strong>1 stycznia <\/strong>do<strong> 31 grudnia 2026 r.<\/strong> pracownicy, doktoranci i studenci Politechniki \u015awi\u0119tokrzyskiej maj\u0105 dost\u0119p do bazy <a href=\"http:\/\/app.knovel.com\/\" target=\"_blank\" rel=\"noreferrer noopener\">Knovel<\/a>.<\/p>\n\n\n\n<p>Baza <a href=\"http:\/\/app.knovel.com\/\" target=\"_blank\" rel=\"noreferrer noopener\">Knovel<\/a> jest wydawana i udost\u0119pniana przez Elsevier i zawiera ponad 11300 podr\u0119cznik\u00f3w, ksi\u0105\u017cek, materia\u0142\u00f3w konferencyjnych i baz w\u0142a\u015bciwo\u015bci materia\u0142owych (np. substancje chemiczne, tworzywa sztuczne, stopy metali, kompozyty, szk\u0142a optyczne, materia\u0142y wykorzystywane w elektronice). Dodatkowo <a href=\"http:\/\/app.knovel.com\/\" target=\"_blank\" rel=\"noreferrer noopener\">Knovel<\/a> oferuje dost\u0119p do narz\u0119dzi analitycznych, w tym do ponad 2000 interaktywnych arkuszy kalkulacyjnych zawieraj\u0105cych przyk\u0142ady oblicze\u0144 z dziedziny: chemii, elektroniki, in\u017cynierii l\u0105dowej, in\u017cynierii elektrycznej, in\u017cynierii mechanicznej, metali, in\u017cynierii ropy i gazu. Zasoby pochodz\u0105 od ponad 150 wiod\u0105cych stowarzysze\u0144 naukowych i wydawc\u00f3w.<\/p>\n\n\n\n<p>Dla u\u017cytkownik\u00f3w z Politechniki \u015awi\u0119tokrzyskiej dost\u0119pne s\u0105 nast\u0119puj\u0105ce kolekcje:<\/p>\n\n\n\n<ul class=\"wp-block-list\">\n<li>Biochemistry, Biology &amp; Biotechnology<\/li>\n\n\n\n<li>Civil Engineering &amp; Construction Materials<\/li>\n\n\n\n<li>Composites<\/li>\n\n\n\n<li>Electrical &amp; Power Engineering<\/li>\n\n\n\n<li>Environment &amp; Environmental Engineering<\/li>\n\n\n\n<li>General Engineering &amp; Project Administration<\/li>\n\n\n\n<li>Mechanics &amp; Mechanical Engineering<\/li>\n\n\n\n<li>Nanotechnology<\/li>\n\n\n\n<li>Plastics &amp; Rubber<\/li>\n\n\n\n<li>Sustainable Energy &amp; Development<\/li>\n<\/ul>\n\n\n\n<p>Funkcje <a href=\"http:\/\/app.knovel.com\/\" target=\"_blank\" rel=\"noreferrer noopener\">Knovel<\/a>:<\/p>\n\n\n\n<ul class=\"wp-block-list\">\n<li>Ulepszone wizualizacje w wykresach i tabelach, narz\u0119dzie pozwala&nbsp; na wizualizacj\u0119 r\u00f3wna\u0144 i w\u0142a\u015bciwo\u015bci materia\u0142\u00f3w zawartych w dost\u0119pnych ebookach i bazach danych, dzi\u0119ki temu dost\u0119pne dla u\u017cytkownik\u00f3w informacje liczbowe i graficzne staj\u0105 si\u0119 \u0142atwiejsze do u\u017cycia w badaniach, projektach i kalkulacjach. Narz\u0119dzie integruje si\u0119 z Excelem, co pozwala na \u0142atwe przenoszenie i analizowanie danych.<\/li>\n\n\n\n<li>U\u017cywanie, tworzenie i udost\u0119pnianie r\u00f3wna\u0144.<\/li>\n\n\n\n<li>Tworzenie list \u017ar\u00f3de\u0142 i zasob\u00f3w, \u0142atwe udost\u0119pnianie i wsp\u00f3\u0142praca z folderami MyKnovel.<\/li>\n\n\n\n<li>Wyszukiwanie w\u0142a\u015bciwo\u015bci materia\u0142\u00f3w na potrzeby projekt\u00f3w badawczych.<\/li>\n\n\n\n<li>Zaawansowany przelicznik jednostek.<\/li>\n\n\n\n<li>Interaktywna zawarto\u015b\u0107, kt\u00f3ra zapewnia najszybsz\u0105 \u015bcie\u017ck\u0119 do in\u017cynierskich odpowiedzi i analiz.<\/li>\n<\/ul>\n\n\n\n<p><a href=\"http:\/\/lib.tu.kielce.pl\/wp-content\/uploads\/2025\/01\/Knovel-Quick-Start-Guide.pdf\" target=\"_blank\" rel=\"noreferrer noopener\">Quick Start Guide<\/a><\/p>\n\n\n\n<p>Dost\u0119p do bazy <a href=\"http:\/\/app.knovel.com\/\" target=\"_blank\" rel=\"noreferrer noopener\">Knovel<\/a> jest mo\u017cliwy ze wszystkich komputer\u00f3w w sieci uczelnianej lub zgodnie z zasadami <a href=\"https:\/\/lib.tu.kielce.pl\/index.php\/dostep-do-zasobow-online-z-komputerow-domowych\/\">Dost\u0119pu do zasob\u00f3w online z komputer\u00f3w domowych<\/a>. <\/p>\n\n\n\n<p>U\u017cytkownik mo\u017ce r\u00f3wnie\u017c za\u0142o\u017cy\u0107 indywidualne konto poprzez opcj\u0119 \u201cRegister\u201d na serwerze <a href=\"https:\/\/app.knovel.com\/kn\" target=\"_blank\" rel=\"noreferrer noopener\">app.knovel.com\/kn<\/a>, <a href=\"http:\/\/sciencedirect.com\" target=\"_blank\" rel=\"noreferrer noopener\">sciencedirect.com<\/a> lub <a href=\"http:\/\/scopus.com\" target=\"_blank\" rel=\"noreferrer noopener\">scopus.com<\/a> (konto jest wsp\u00f3lne dla wszystkich produkt\u00f3w Elsevier), a nast\u0119pnie aktywowa\u0107 zdalny dost\u0119p do zasob\u00f3w. Powy\u017csze operacje mo\u017cna wykona\u0107 poza sieci\u0105 akademick\u0105, ale aktywacja wymaga wykorzystania adresu email nale\u017c\u0105cego do domeny adresowej Politechniki \u015awi\u0119tokrzyskiej.<\/p>\n\n\n\n<p><\/p>\n","protected":false},"excerpt":{"rendered":"<p>Od 1 stycznia do 31 grudnia 2026 r. pracownicy, doktoranci i studenci Politechniki \u015awi\u0119tokrzyskiej maj\u0105 dost\u0119p do bazy Knovel. Baza Knovel jest wydawana i udost\u0119pniana przez Elsevier i zawiera ponad 11300 podr\u0119cznik\u00f3w, ksi\u0105\u017cek, materia\u0142\u00f3w konferencyjnych i baz w\u0142a\u015bciwo\u015bci materia\u0142owych (np. substancje chemiczne, tworzywa sztuczne, stopy metali, kompozyty, szk\u0142a optyczne, materia\u0142y wykorzystywane w elektronice). Dodatkowo Knovel [&hellip;]<\/p>\n","protected":false},"author":3,"featured_media":0,"parent":0,"menu_order":0,"comment_status":"closed","ping_status":"closed","template":"","meta":{"footnotes":""},"class_list":["post-788","page","type-page","status-publish","hentry"],"_links":{"self":[{"href":"https:\/\/lib.tu.kielce.pl\/index.php\/wp-json\/wp\/v2\/pages\/788","targetHints":{"allow":["GET"]}}],"collection":[{"href":"https:\/\/lib.tu.kielce.pl\/index.php\/wp-json\/wp\/v2\/pages"}],"about":[{"href":"https:\/\/lib.tu.kielce.pl\/index.php\/wp-json\/wp\/v2\/types\/page"}],"author":[{"embeddable":true,"href":"https:\/\/lib.tu.kielce.pl\/index.php\/wp-json\/wp\/v2\/users\/3"}],"replies":[{"embeddable":true,"href":"https:\/\/lib.tu.kielce.pl\/index.php\/wp-json\/wp\/v2\/comments?post=788"}],"version-history":[{"count":0,"href":"https:\/\/lib.tu.kielce.pl\/index.php\/wp-json\/wp\/v2\/pages\/788\/revisions"}],"wp:attachment":[{"href":"https:\/\/lib.tu.kielce.pl\/index.php\/wp-json\/wp\/v2\/media?parent=788"}],"curies":[{"name":"wp","href":"https:\/\/api.w.org\/{rel}","templated":true}]}}