{"id":77,"date":"2021-09-15T09:38:40","date_gmt":"2021-09-15T07:38:40","guid":{"rendered":"http:\/\/81.26.5.78\/BG\/?page_id=77"},"modified":"2025-01-08T11:19:09","modified_gmt":"2025-01-08T10:19:09","slug":"e-zasoby","status":"publish","type":"page","link":"https:\/\/lib.tu.kielce.pl\/index.php\/e-zasoby\/","title":{"rendered":"E-zasoby"},"content":{"rendered":"\n<h3 class=\"wp-block-heading\" id=\"zapraszamy-do-zapoznania-sie-z-elektronicznymi-zasobami-biblioteki\">Zapraszamy do zapoznania si\u0119 z elektronicznymi zasobami Biblioteki.<\/h3>\n\n\n\n<div style=\"height:30px\" aria-hidden=\"true\" class=\"wp-block-spacer\"><\/div>\n\n\n\n<ul class=\"wp-block-list\">\n<li><a rel=\"noreferrer noopener\" href=\"http:\/\/search.ebscohost.com\/login.aspx?authtype=ip,uid&amp;profile=eds\" target=\"_blank\">Wyszukiwarka naukowa EDS (EBSCO Discovery Service)<\/a> \u2013 &gt; <a href=\"\/index.php\/wyszukiwarka-naukowa-eds-ebsco-discovery-service\/\">wi\u0119cej informacji<\/a><\/li>\n<\/ul>\n\n\n\n<ul class=\"wp-block-list\">\n<li><a href=\"\/index.php\/krajowe-licencje-akademickie\/\">Krajowe licencje akademickie<\/a> (Elsevier, Springer, Wiley, Nature, Science, Ebsco, WoS, Scopus)<\/li>\n<\/ul>\n\n\n\n<ul class=\"wp-block-list\">\n<li><a href=\"\/index.php\/writefull-narzedzie-do-korekty-tekstow-naukowych\/\">Writefull \u2013 narz\u0119dzie do korekty tekst\u00f3w naukowych w j\u0119zyku angielskim<\/a><\/li>\n<\/ul>\n\n\n\n<ul class=\"wp-block-list\">\n<li><a href=\"https:\/\/lib.tu.kielce.pl\/index.php\/biblio-ebookpoint-multimedialna-biblioteka-cyfrowa\/\" data-type=\"link\" data-id=\"https:\/\/lib.tu.kielce.pl\/index.php\/biblio-ebookpoint-multimedialna-biblioteka-cyfrowa\/\">BIBLIO Ebookpoint<\/a><\/li>\n<\/ul>\n\n\n\n<ul class=\"wp-block-list\">\n<li><a href=\"https:\/\/lib.tu.kielce.pl\/index.php\/knovel\/\">Knovel<\/a><\/li>\n<\/ul>\n\n\n\n<ul class=\"wp-block-list\">\n<li><a href=\"http:\/\/ip.lex.pl\" target=\"_blank\" rel=\"noreferrer noopener\">LEX<\/a> \u2013 wersja Akademia Optimum z autoryzacj\u0105 dla wszystkich numer\u00f3w IP w sieci uczelnianej<\/li>\n<\/ul>\n\n\n\n<ul class=\"wp-block-list\">\n<li><a href=\"\/index.php\/open-access\/\" data-type=\"URL\" data-id=\"\/index.php\/open-access\/\">Open Access<\/a>\n<ul class=\"wp-block-list\">\n<li><a href=\"\/index.php\/pelnotekstowe-serwisy-czasopism-online\">Pe\u0142notekstowe serwisy czasopism online<\/a><\/li>\n\n\n\n<li><a href=\"\/index.php\/pelnotekstowe-serwisy-ksiazek-elektronicznych\/\">Pe\u0142notekstowe serwisy ksi\u0105\u017cek elektronicznych<\/a><\/li>\n<\/ul>\n<\/li>\n<\/ul>\n\n\n\n<ul class=\"wp-block-list\">\n<li><a href=\"\/index.php\/ciekawe-adresy-serwisy-bazy-danych-katalogi\/\">Ciekawe adresy: serwisy, bazy danych, katalogi<\/a><\/li>\n<\/ul>\n\n\n\n<ul class=\"wp-block-list\">\n<li><a href=\"\/index.php\/materialy-szkoleniowe\/\">Instrukcje do korzystania z elektronicznych zasob\u00f3w Biblioteki<\/a><\/li>\n<\/ul>\n\n\n\n<ul class=\"wp-block-list\">\n<li><a href=\"\/index.php\/dostep-do-zasobow-online-z-komputerow-domowych\/\">Dost\u0119p do zasob\u00f3w online z komputer\u00f3w domowych<\/a><\/li>\n<\/ul>\n","protected":false},"excerpt":{"rendered":"<p>Zapraszamy do zapoznania si\u0119 z elektronicznymi zasobami Biblioteki.<\/p>\n","protected":false},"author":3,"featured_media":0,"parent":0,"menu_order":0,"comment_status":"closed","ping_status":"closed","template":"","meta":{"footnotes":""},"class_list":["post-77","page","type-page","status-publish","hentry"],"_links":{"self":[{"href":"https:\/\/lib.tu.kielce.pl\/index.php\/wp-json\/wp\/v2\/pages\/77","targetHints":{"allow":["GET"]}}],"collection":[{"href":"https:\/\/lib.tu.kielce.pl\/index.php\/wp-json\/wp\/v2\/pages"}],"about":[{"href":"https:\/\/lib.tu.kielce.pl\/index.php\/wp-json\/wp\/v2\/types\/page"}],"author":[{"embeddable":true,"href":"https:\/\/lib.tu.kielce.pl\/index.php\/wp-json\/wp\/v2\/users\/3"}],"replies":[{"embeddable":true,"href":"https:\/\/lib.tu.kielce.pl\/index.php\/wp-json\/wp\/v2\/comments?post=77"}],"version-history":[{"count":0,"href":"https:\/\/lib.tu.kielce.pl\/index.php\/wp-json\/wp\/v2\/pages\/77\/revisions"}],"wp:attachment":[{"href":"https:\/\/lib.tu.kielce.pl\/index.php\/wp-json\/wp\/v2\/media?parent=77"}],"curies":[{"name":"wp","href":"https:\/\/api.w.org\/{rel}","templated":true}]}}