{"id":621,"date":"2024-01-04T12:43:40","date_gmt":"2024-01-04T11:43:40","guid":{"rendered":"https:\/\/lib.tu.kielce.pl\/?page_id=621"},"modified":"2026-01-20T14:09:17","modified_gmt":"2026-01-20T13:09:17","slug":"biblio-ebookpoint-multimedialna-biblioteka-cyfrowa","status":"publish","type":"page","link":"https:\/\/lib.tu.kielce.pl\/index.php\/biblio-ebookpoint-multimedialna-biblioteka-cyfrowa\/","title":{"rendered":"BIBLIO Ebookpoint &#8211; multimedialna biblioteka cyfrowa"},"content":{"rendered":"<div class=\"wp-block-image\">\n<figure class=\"aligncenter size-full is-resized\"><img loading=\"lazy\" decoding=\"async\" width=\"500\" height=\"131\" src=\"http:\/\/lib.tu.kielce.pl\/wp-content\/uploads\/2024\/01\/logo_biblio_kolorowe.png\" alt=\"\" class=\"wp-image-622\" style=\"aspect-ratio:3.816793893129771;width:313px;height:auto\" srcset=\"https:\/\/lib.tu.kielce.pl\/wp-content\/uploads\/2024\/01\/logo_biblio_kolorowe.png 500w, https:\/\/lib.tu.kielce.pl\/wp-content\/uploads\/2024\/01\/logo_biblio_kolorowe-300x79.png 300w, https:\/\/lib.tu.kielce.pl\/wp-content\/uploads\/2024\/01\/logo_biblio_kolorowe-255x67.png 255w\" sizes=\"auto, (max-width: 500px) 100vw, 500px\" \/><\/figure>\n<\/div>\n\n\n<div style=\"height:20px\" aria-hidden=\"true\" class=\"wp-block-spacer\"><\/div>\n\n\n\n<p>W <strong>2026 r.<\/strong> Biblioteka G\u0142\u00f3wna kontynuuje subskrypcj\u0119 serwisu <a href=\"https:\/\/biblio.ebookpoint.pl\/\" data-type=\"link\" data-id=\"https:\/\/biblio.ebookpoint.pl\/\" target=\"_blank\" rel=\"noreferrer noopener\">BIBLIO Ebookpoint<\/a>.<\/p>\n\n\n\n<p><a rel=\"noreferrer noopener\" href=\"https:\/\/biblio.ebookpoint.pl\/\" data-type=\"link\" data-id=\"https:\/\/biblio.ebookpoint.pl\/\" target=\"_blank\">BIBLIO Ebookpoint<\/a> to serwis dzia\u0142aj\u0105cy na zasadach tradycyjnej biblioteki, przeniesionej do sieci. Na ofert\u0119 <a rel=\"noreferrer noopener\" href=\"https:\/\/biblio.ebookpoint.pl\/\" data-type=\"link\" data-id=\"https:\/\/biblio.ebookpoint.pl\/\" target=\"_blank\">BIBLIO<\/a> sk\u0142ada si\u0119 obecnie ponad 100 wydawnictw. <a rel=\"noreferrer noopener\" href=\"https:\/\/biblio.ebookpoint.pl\/\" data-type=\"link\" data-id=\"https:\/\/biblio.ebookpoint.pl\/\" target=\"_blank\">BIBLIO Ebookpoint<\/a> oferuje dost\u0119p do ponad 50 000 pozycji w czterech formatach: ebooki, audiobooki, kursy wideo, podcasty.<\/p>\n\n\n\n<p>Dla czytelnik\u00f3w z Politechniki \u015awi\u0119tokrzyskiej dost\u0119pne s\u0105 ebooki z kategorii: <\/p>\n\n\n\n<ul class=\"wp-block-list\">\n<li>Technika i mechanika\n<ul class=\"wp-block-list\">\n<li>Architektura<\/li>\n\n\n\n<li>Drogownictwo<\/li>\n\n\n\n<li>Inne<\/li>\n\n\n\n<li>Instalacje elektryczne<\/li>\n\n\n\n<li>Kolej<\/li>\n\n\n\n<li>Lotnictwo<\/li>\n\n\n\n<li>Materia\u0142oznawstwo<\/li>\n\n\n\n<li>Militaria. Technika wojskowa<\/li>\n\n\n\n<li>Motoryzacja<\/li>\n\n\n\n<li>Ochrona \u015brodowiska<\/li>\n\n\n\n<li>Og\u00f3lna budowa maszyn<\/li>\n\n\n\n<li>Telekomunikacja<\/li>\n<\/ul>\n<\/li>\n<\/ul>\n\n\n\n<p>oraz kursy wideo z 9 kategorii:<\/p>\n\n\n\n<ul class=\"wp-block-list\">\n<li>Bazy danych<\/li>\n\n\n\n<li>Big Data<\/li>\n\n\n\n<li>Cyberbezpiecze\u0144stwo<\/li>\n\n\n\n<li>Elektronika<\/li>\n\n\n\n<li>Grafika\/Wideo\/CAX<\/li>\n\n\n\n<li>Narz\u0119dzia programistyczne<\/li>\n\n\n\n<li>Programowanie<\/li>\n\n\n\n<li>Sieci komputerowe<\/li>\n\n\n\n<li>Urz\u0105dzenia mobilne<\/li>\n<\/ul>\n\n\n\n<p>Aby skorzysta\u0107 z <a rel=\"noreferrer noopener\" href=\"https:\/\/biblio.ebookpoint.pl\/\" data-type=\"link\" data-id=\"https:\/\/biblio.ebookpoint.pl\/\" target=\"_blank\">BIBLIO Ebookpoint<\/a> konieczna jest wst\u0119pna rejestracja, a nast\u0119pnie logowanie do systemu. Ksi\u0105\u017cki mo\u017cna czyta\u0107 na komputerze, tablecie, smartfonie lub czytniku. W celu u\u0142atwienia korzystania z <a rel=\"noreferrer noopener\" href=\"https:\/\/biblio.ebookpoint.pl\/\" data-type=\"link\" data-id=\"https:\/\/biblio.ebookpoint.pl\/\" target=\"_blank\">BIBLIO<\/a> powsta\u0142a aplikacja mobilna na systemy Android i iOS.<\/p>\n\n\n\n<p>Instrukcje do korzystania z <a rel=\"noreferrer noopener\" href=\"https:\/\/biblio.ebookpoint.pl\/\" data-type=\"link\" data-id=\"https:\/\/biblio.ebookpoint.pl\/\" target=\"_blank\">BIBLIO<\/a>:<\/p>\n\n\n\n<ul class=\"wp-block-list\">\n<li><a href=\"http:\/\/lib.tu.kielce.pl\/wp-content\/uploads\/2024\/01\/Instrukcja-logowania-IP.pdf\" data-type=\"link\" data-id=\"http:\/\/lib.tu.kielce.pl\/wp-content\/uploads\/2024\/01\/Instrukcja-logowania-IP.pdf\" target=\"_blank\" rel=\"noreferrer noopener\">Instrukcja logowania IP<\/a><\/li>\n\n\n\n<li><a href=\"http:\/\/lib.tu.kielce.pl\/wp-content\/uploads\/2024\/01\/Instrukcja-korzystania-z-BIBLIO.pdf\" data-type=\"link\" data-id=\"http:\/\/lib.tu.kielce.pl\/wp-content\/uploads\/2024\/01\/Instrukcja-korzystania-z-BIBLIO.pdf\" target=\"_blank\" rel=\"noreferrer noopener\">Instrukcja korzystania z BIBLIO<\/a><\/li>\n\n\n\n<li><a href=\"http:\/\/lib.tu.kielce.pl\/wp-content\/uploads\/2024\/01\/Filtrowanie-po-wykupionej-ofercie.pdf\" data-type=\"link\" data-id=\"http:\/\/lib.tu.kielce.pl\/wp-content\/uploads\/2024\/01\/Filtrowanie-po-wykupionej-ofercie.pdf\" target=\"_blank\" rel=\"noreferrer noopener\">Filtrowanie po wykupionej ofercie<\/a><\/li>\n\n\n\n<li><a href=\"http:\/\/lib.tu.kielce.pl\/wp-content\/uploads\/2024\/01\/Jak-wypozyczac-publikacje-w-ebookpoint-BIBLIO.pdf\" data-type=\"link\" data-id=\"http:\/\/lib.tu.kielce.pl\/wp-content\/uploads\/2024\/01\/Jak-wypozyczac-publikacje-w-ebookpoint-BIBLIO.pdf\" target=\"_blank\" rel=\"noreferrer noopener\">Jak wypo\u017cycza\u0107 publikacje w ebookpoint BIBLIO<\/a><\/li>\n\n\n\n<li><a href=\"http:\/\/lib.tu.kielce.pl\/wp-content\/uploads\/2024\/01\/Zmiana-danych-w-panelu-czytelnika.pdf\" data-type=\"link\" data-id=\"http:\/\/lib.tu.kielce.pl\/wp-content\/uploads\/2024\/01\/Zmiana-danych-w-panelu-czytelnika.pdf\" target=\"_blank\" rel=\"noreferrer noopener\">Zmiana danych w panelu czytelnika<\/a><\/li>\n\n\n\n<li><a href=\"http:\/\/lib.tu.kielce.pl\/wp-content\/uploads\/2024\/01\/Jak-powiekszac-ekran-w-BIBLIO.mp4\" data-type=\"link\" data-id=\"http:\/\/lib.tu.kielce.pl\/wp-content\/uploads\/2024\/01\/Jak-powiekszac-ekran-w-BIBLIO.mp4\" target=\"_blank\" rel=\"noreferrer noopener\">Jak powi\u0119ksza\u0107 ekran w BIBLIO<\/a><\/li>\n<\/ul>\n\n\n\n<p>Poszczeg\u00f3lne publikacje s\u0105 &#8222;wypo\u017cyczane&#8221; na r\u00f3\u017cn\u0105 ilo\u015b\u0107 dni: ebooki na 14 dni, a audiobooki i kursy wideo na 7 dni. Po tym czasie znikaj\u0105 z p\u00f3\u0142ki czytelnika, ale mo\u017cna je wypo\u017cyczy\u0107 ponownie, o ile s\u0105 dost\u0119pne. Na \u017cyczenie czytelnik\u00f3w mo\u017cemy zmieni\u0107 te ustawienia.<\/p>\n\n\n\n<p>Dla czytelnik\u00f3w, kt\u00f3rzy chc\u0105 korzysta\u0107 z <a href=\"https:\/\/biblio.ebookpoint.pl\/\" target=\"_blank\" rel=\"noreferrer noopener\">BIBLIO<\/a> z komputer\u00f3w domowych lub urz\u0105dze\u0144 mobilnych mamy pul\u0119 kod\u00f3w dost\u0119pu. Kod dost\u0119pu mo\u017cna uzyska\u0107 pisz\u0105c na adres: <a href=\"mailto:bibat@tu.kielce.pl?subject=Kod%20dost\u0119pu%20do%20BIBLIO\">bibat(at)tu.kielce.pl<\/a>. Spos\u00f3b wykorzystania kodu prezentuje za\u0142\u0105czona <a href=\"https:\/\/lib.tu.kielce.pl\/dok\/testy\/BIBLIO_szybka_rejestracja_6.pdf\" target=\"_blank\" rel=\"noreferrer noopener\">instrukcja w formacie PDF<\/a>. <strong>Kody z ubieg\u0142ego roku zachowuj\u0105 wa\u017cno\u015b\u0107!<\/strong><\/p>\n\n\n\n<p>W celu weryfikacji, czy mail z pro\u015bb\u0105 o kod dost\u0119pu pochodzi od u\u017cytkownika z P\u015ak prosimy o wysy\u0142anie wiadomo\u015bci z adresu @tu.kielce.pl (pracownik P\u015ak) lub @student.tu.kielce.pl (student P\u015ak). Student\u00f3w prosimy tak\u017ce o podawanie w mailu imienia i nazwiska oraz numeru albumu lub numeru karty bibliotecznej.<\/p>\n","protected":false},"excerpt":{"rendered":"<p>W 2026 r. Biblioteka G\u0142\u00f3wna kontynuuje subskrypcj\u0119 serwisu BIBLIO Ebookpoint. BIBLIO Ebookpoint to serwis dzia\u0142aj\u0105cy na zasadach tradycyjnej biblioteki, przeniesionej do sieci. Na ofert\u0119 BIBLIO sk\u0142ada si\u0119 obecnie ponad 100 wydawnictw. BIBLIO Ebookpoint oferuje dost\u0119p do ponad 50 000 pozycji w czterech formatach: ebooki, audiobooki, kursy wideo, podcasty. Dla czytelnik\u00f3w z Politechniki \u015awi\u0119tokrzyskiej dost\u0119pne s\u0105 [&hellip;]<\/p>\n","protected":false},"author":3,"featured_media":0,"parent":0,"menu_order":0,"comment_status":"closed","ping_status":"closed","template":"","meta":{"footnotes":""},"class_list":["post-621","page","type-page","status-publish","hentry"],"_links":{"self":[{"href":"https:\/\/lib.tu.kielce.pl\/index.php\/wp-json\/wp\/v2\/pages\/621","targetHints":{"allow":["GET"]}}],"collection":[{"href":"https:\/\/lib.tu.kielce.pl\/index.php\/wp-json\/wp\/v2\/pages"}],"about":[{"href":"https:\/\/lib.tu.kielce.pl\/index.php\/wp-json\/wp\/v2\/types\/page"}],"author":[{"embeddable":true,"href":"https:\/\/lib.tu.kielce.pl\/index.php\/wp-json\/wp\/v2\/users\/3"}],"replies":[{"embeddable":true,"href":"https:\/\/lib.tu.kielce.pl\/index.php\/wp-json\/wp\/v2\/comments?post=621"}],"version-history":[{"count":0,"href":"https:\/\/lib.tu.kielce.pl\/index.php\/wp-json\/wp\/v2\/pages\/621\/revisions"}],"wp:attachment":[{"href":"https:\/\/lib.tu.kielce.pl\/index.php\/wp-json\/wp\/v2\/media?parent=621"}],"curies":[{"name":"wp","href":"https:\/\/api.w.org\/{rel}","templated":true}]}}