{"id":59,"date":"2021-09-15T09:13:07","date_gmt":"2021-09-15T07:13:07","guid":{"rendered":"http:\/\/81.26.5.78\/BG\/?page_id=59"},"modified":"2023-03-14T12:16:28","modified_gmt":"2023-03-14T11:16:28","slug":"informacja-o-ochronie-danych-osobowych","status":"publish","type":"page","link":"https:\/\/lib.tu.kielce.pl\/index.php\/informacja-o-ochronie-danych-osobowych\/","title":{"rendered":"Informacja o ochronie danych osobowych"},"content":{"rendered":"\n<h3 class=\"has-text-align-center wp-block-heading\" id=\"obowiazek-informacyjny-rodo\">Obowi\u0105zek informacyjny RODO<\/h3>\n\n\n\n<div style=\"height:20px\" aria-hidden=\"true\" class=\"wp-block-spacer\"><\/div>\n\n\n\n<p><strong>Zgodnie z art. 13 Og\u00f3lnego Rozporz\u0105dzenia o Ochronie Danych Osobowych 2016\/679 (RODO) z dnia 27 kwietnia 2016 r. informujemy, i\u017c:<\/strong><\/p>\n\n\n\n<ol class=\"wp-block-list\">\n<li>administratorem Pani\/Pana danych osobowych jest Politechnika \u015awi\u0119tokrzyska z siedzib\u0105 w Kielcach Al. Tysi\u0105clecia Pa\u0144stwa Polskiego 7<\/li>\n\n\n\n<li>kontakt z Inspektorem Ochrony Danych w Politechnice \u015awi\u0119tokrzyskiej mo\u017cliwy jest pod numerem tel. nr. 41 3424 367 lub adresem email <a href=\"mailto:iod@tu.kielce.pl\">iod(at)tu.kielce.pl<\/a><\/li>\n\n\n\n<li>Pani\/Pana dane osobowe przetwarzane b\u0119d\u0105 w celu realizacji us\u0142ug bibliotecznych na podstawie Ustawy z dnia 27 lipca 2005 r. Prawo o Szkolnictwie Wy\u017cszym art. 88 ust.4 oraz art. 69 Statutu Politechniki \u015awi\u0119tokrzyskiej<\/li>\n\n\n\n<li>Pana\/Pani dane nie b\u0119d\u0105 przekazywane innym podmiotom<\/li>\n\n\n\n<li>Pana\/Pani dane osobowe przechowywane b\u0119d\u0105 przez okres korzystania z us\u0142ug Biblioteki G\u0142\u00f3wnej Politechniki \u015awi\u0119tokrzyskiej<\/li>\n\n\n\n<li>posiada Pani\/Pan prawo do: \u017c\u0105dania od administratora dost\u0119pu do danych osobowych, prawo do ich sprostowania, usuni\u0119cia lub ograniczenia przetwarzania, prawo do wniesienia sprzeciwu wobec przetwarzania, a tak\u017ce prawo do przenoszenia danych<\/li>\n\n\n\n<li>ma Pan\/Pani prawo wniesienia skargi do Urz\u0119du Ochrony Danych Osobowych, gdy uzasadnione jest, \u017ce Pana\/Pani dane osobowe przetwarzane s\u0105 przez administratora niezgodnie z Og\u00f3lnym Rozporz\u0105dzeniem o Ochronie Danych Osobowych 2016\/679 (RODO) z dnia 27 kwietnia 2016 r.<\/li>\n\n\n\n<li>podanie danych osobowych jest obligatoryjne na mocy przepisu prawa, jednak\u017ce niepodanie danych w zakresie wymaganym przez administratora mo\u017ce skutkowa\u0107 brakiem mo\u017cliwo\u015bci realizowania us\u0142ug bibliotecznych<\/li>\n<\/ol>\n","protected":false},"excerpt":{"rendered":"<p>Obowi\u0105zek informacyjny RODO Zgodnie z art. 13 Og\u00f3lnego Rozporz\u0105dzenia o Ochronie Danych Osobowych 2016\/679 (RODO) z dnia 27 kwietnia 2016 r. informujemy, i\u017c:<\/p>\n","protected":false},"author":3,"featured_media":0,"parent":0,"menu_order":0,"comment_status":"closed","ping_status":"closed","template":"","meta":{"footnotes":""},"class_list":["post-59","page","type-page","status-publish","hentry"],"_links":{"self":[{"href":"https:\/\/lib.tu.kielce.pl\/index.php\/wp-json\/wp\/v2\/pages\/59","targetHints":{"allow":["GET"]}}],"collection":[{"href":"https:\/\/lib.tu.kielce.pl\/index.php\/wp-json\/wp\/v2\/pages"}],"about":[{"href":"https:\/\/lib.tu.kielce.pl\/index.php\/wp-json\/wp\/v2\/types\/page"}],"author":[{"embeddable":true,"href":"https:\/\/lib.tu.kielce.pl\/index.php\/wp-json\/wp\/v2\/users\/3"}],"replies":[{"embeddable":true,"href":"https:\/\/lib.tu.kielce.pl\/index.php\/wp-json\/wp\/v2\/comments?post=59"}],"version-history":[{"count":0,"href":"https:\/\/lib.tu.kielce.pl\/index.php\/wp-json\/wp\/v2\/pages\/59\/revisions"}],"wp:attachment":[{"href":"https:\/\/lib.tu.kielce.pl\/index.php\/wp-json\/wp\/v2\/media?parent=59"}],"curies":[{"name":"wp","href":"https:\/\/api.w.org\/{rel}","templated":true}]}}