{"id":55,"date":"2021-09-15T09:10:09","date_gmt":"2021-09-15T07:10:09","guid":{"rendered":"http:\/\/81.26.5.78\/BG\/?page_id=55"},"modified":"2024-11-04T11:51:12","modified_gmt":"2024-11-04T10:51:12","slug":"regulamin-organizacyjny-biblioteki-glownej","status":"publish","type":"page","link":"https:\/\/lib.tu.kielce.pl\/index.php\/regulamin-organizacyjny-biblioteki-glownej\/","title":{"rendered":"Regulamin systemu biblioteczno-informacyjnego Politechniki \u015awi\u0119tokrzyskiej"},"content":{"rendered":"\n<p class=\"has-text-align-center\"><strong>ROZDZIA\u0141 1<\/strong><\/p>\n\n\n\n<p class=\"has-text-align-center\"><strong>Postanowienia og\u00f3lne<\/strong><\/p>\n\n\n\n<p class=\"has-text-align-center\"><strong>\u00a71<\/strong> <\/p>\n\n\n\n<p>1. W Politechnice \u015awi\u0119tokrzyskiej dzia\u0142a system biblioteczno-informacyjny, kt\u00f3rego podstaw\u0105 jest Biblioteka G\u0142\u00f3wna, zw. dalej Bibliotek\u0105.<\/p>\n\n\n\n<p>2. Biblioteka dzia\u0142a na podstawie:<\/p>\n\n\n\n<p>1) ustawy z dnia 27 czerwca 1997 r. o bibliotekach,<\/p>\n\n\n\n<p>2) ustawy z dnia 20 lipca 2018 r. Prawo o szkolnictwie wy\u017cszym i nauce,<\/p>\n\n\n\n<p>3) Statutu Politechniki \u015awi\u0119tokrzyskiej.<\/p>\n\n\n\n<p class=\"has-text-align-center\"><strong>\u00a72<\/strong> <\/p>\n\n\n\n<p>1. Biblioteka: <\/p>\n\n\n\n<p>1) jest og\u00f3lnouczelnian\u0105 jednostk\u0105 organizacyjn\u0105 powo\u0142an\u0105 do gromadzenia, opracowywania i udost\u0119pniania zbior\u00f3w oraz prowadzenia informacji naukowej,<\/p>\n\n\n\n<p>2) prowadzi dzia\u0142alno\u015b\u0107 dydaktyczn\u0105, wystawow\u0105 i us\u0142ugow\u0105,<\/p>\n\n\n\n<p>3) stanowi podstaw\u0119 jednolitego systemu biblioteczno-informacyjnego Uczelni,<\/p>\n\n\n\n<p>4) pe\u0142ni funkcj\u0119 og\u00f3lnodost\u0119pnej biblioteki naukowej oraz funkcj\u0119 og\u00f3lnouczelnianego o\u015brodka informacji naukowej.<\/p>\n\n\n\n<p>2. Powszechny dost\u0119p do zbior\u00f3w bibliotecznych jest zorganizowany w spos\u00f3b nie naruszaj\u0105cy zasady wolno\u015bci bada\u0144 naukowych i wolno\u015bci nauczania. <\/p>\n\n\n\n<p>3. Oficjalnym skr\u00f3tem Biblioteki G\u0142\u00f3wnej Politechniki \u015awi\u0119tokrzyskiej jest BG P\u015ak. <\/p>\n\n\n\n<p>4. Korzystanie z zasob\u00f3w Biblioteki jest bezp\u0142atne. Wysoko\u015b\u0107 op\u0142at za us\u0142ugi dodatkowe oraz za niezwr\u00f3cone w terminie wypo\u017cyczone materia\u0142y okre\u015bla odr\u0119bne <a href=\"\/dok\/informacje\/Zarz_R_115_21.pdf\" target=\"_blank\" rel=\"noreferrer noopener\">zarz\u0105dzenie Rektora<\/a>.<\/p>\n\n\n\n<p class=\"has-text-align-center\"><strong>ROZDZIA\u0141 2<\/strong><\/p>\n\n\n\n<p class=\"has-text-align-center\"><strong>Funkcje i zadania Biblioteki G\u0142\u00f3wnej Politechniki \u015awi\u0119tokrzyskiej<\/strong><\/p>\n\n\n\n<p class=\"has-text-align-center\"><strong>\u00a73<\/strong> <\/p>\n\n\n\n<p>1. Do zada\u0144 Biblioteki nale\u017cy: <\/p>\n\n\n\n<p>1) budowanie kolekcji zbior\u00f3w zgodnie z profilem Politechniki \u015awi\u0119tokrzyskiej, potrzebami jej pracownik\u00f3w, doktorant\u00f3w i student\u00f3w,<\/p>\n\n\n\n<p>2) udost\u0119pnianie zasobu bibliotecznego zgodnie z regulaminami udost\u0119pniania wydanymi na podstawie \u00a7 11 ust. 1 niniejszego Regulaminu,<\/p>\n\n\n\n<p>3) \u015bwiadczenie us\u0142ug biblioteczno-informacyjnych dla pracownik\u00f3w, doktorant\u00f3w i student\u00f3w Politechniki oraz u\u017cytkownik\u00f3w spoza Politechniki,<\/p>\n\n\n\n<p>4) organizowanie warsztatu pracy naukowej i dydaktycznej dla potrzeb pracownik\u00f3w, doktorant\u00f3w i student\u00f3w Politechniki poprzez odpowiedni dob\u00f3r, fachowe opracowanie i udost\u0119pnianie zasob\u00f3w bibliotecznych,<\/p>\n\n\n\n<p>5) organizowanie specjalistycznych szkole\u0144 w zakresie korzystania z narz\u0119dzi i zasob\u00f3w elektronicznych,<\/p>\n\n\n\n<p>6) prowadzenie zaj\u0119\u0107 dydaktycznych w ramach przysposobienia bibliotecznego dla student\u00f3w Politechniki \u015awi\u0119tokrzyskiej w zakresie kompetencji informacyjnych,<\/p>\n\n\n\n<p>7) prowadzenie prac naukowo-badawczych z zakresu bibliotekoznawstwa i informacji naukowej,<\/p>\n\n\n\n<p>8) prowadzenie wsp\u00f3\u0142pracy z bibliotekami krajowymi i zagranicznymi poprzez wymian\u0119 do\u015bwiadcze\u0144, wymian\u0119 wydawnictw i baz danych.<\/p>\n\n\n\n<p class=\"has-text-align-center\"><strong>ROZDZIA\u0141 3<\/strong><\/p>\n\n\n\n<p class=\"has-text-align-center\"><strong>Struktura Organizacja Biblioteki G\u0142\u00f3wnej<\/strong><\/p>\n\n\n\n<p class=\"has-text-align-center\"><strong>\u00a74<\/strong> <\/p>\n\n\n\n<p>1. Struktur\u0119 organizacyjn\u0105 Biblioteki tworz\u0105: <\/p>\n\n\n\n<p>1) Dyrektor Biblioteki,<\/p>\n\n\n\n<p>2) Zast\u0119pca Dyrektora Biblioteki, je\u017celi zosta\u0142 powo\u0142any,<\/p>\n\n\n\n<p>3) Oddzia\u0142 Gromadzenia i Opracowania Zbior\u00f3w,<\/p>\n\n\n\n<p>4) Oddzia\u0142 Udost\u0119pniania Zbior\u00f3w i Informacji Naukowej:<\/p>\n\n\n\n<p>a) Wypo\u017cyczalnia Mi\u0119dzybiblioteczna,<\/p>\n\n\n\n<p>b) Punkt Zapisu<\/p>\n\n\n\n<p>2. Schemat systemu biblioteczno-informacyjnego przedstawia za\u0142\u0105cznik do niniejszego Regulaminu. <\/p>\n\n\n\n<p class=\"has-text-align-center\"><strong>\u00a75<\/strong> <\/p>\n\n\n\n<p>1. Bibliotek\u0105 kieruje Dyrektor, kt\u00f3ry jest odpowiedzialny za sprawne i skuteczne funkcjonowanie Biblioteki. <\/p>\n\n\n\n<p>2. Dyrektor mo\u017ce pe\u0142ni\u0107 swoj\u0105 funkcj\u0119 przy pomocy Zast\u0119pcy Dyrektora, je\u017celi takowy zosta\u0142 powo\u0142any. <\/p>\n\n\n\n<p>3. Do zada\u0144 Dyrektora Biblioteki nale\u017cy koordynacja funkcjonowania Biblioteki G\u0142\u00f3wnej, a w szczeg\u00f3lno\u015bci: <\/p>\n\n\n\n<p>1) jest prze\u0142o\u017conym wszystkich pracownik\u00f3w zatrudnionych w Bibliotece,<\/p>\n\n\n\n<p>2) projektuje kierunki dzia\u0142alno\u015bci biblioteczno-informacyjnej,<\/p>\n\n\n\n<p>3) ustala i egzekwuje zakresy obowi\u0105zk\u00f3w i odpowiedzialno\u015bci pracownik\u00f3w Biblioteki,<\/p>\n\n\n\n<p>4) organizuje rozw\u00f3j naukowy i zawodowy kadry bibliotecznej,<\/p>\n\n\n\n<p>5) opracowuje plany pracy i preliminarzy bud\u017cetowych Biblioteki oraz kontroluje ich wykonania,<\/p>\n\n\n\n<p>6) dba o ca\u0142o\u015b\u0107 maj\u0105tku Biblioteki,<\/p>\n\n\n\n<p>7) przedk\u0142ada Radzie Bibliotecznej (o ile zosta\u0142a powo\u0142ana) sprawy wymagaj\u0105ce jej zaopiniowania,<\/p>\n\n\n\n<p>8) przedk\u0142ada Rektorowi za po\u015brednictwem w\u0142a\u015bciwego Prorektora wnioski w sprawie dzia\u0142alno\u015bci, rozwoju i gospodarki finansowej Biblioteki,<\/p>\n\n\n\n<p>9) przedk\u0142ada Rektorowi za po\u015brednictwem w\u0142a\u015bciwego Prorektora wnioski w sprawie zatrudnienia, awans\u00f3w, nagr\u00f3d i wyr\u00f3\u017cnie\u0144 pracownik\u00f3w Biblioteki,<\/p>\n\n\n\n<p>10) opracowuje i przedk\u0142ada W\u0142adzom Uczelni sprawozdania z dzia\u0142alno\u015bci Biblioteki,<\/p>\n\n\n\n<p>11) reprezentuje Bibliotek\u0119 na zewn\u0105trz oraz na posiedzeniach Senatu Politechniki.<\/p>\n\n\n\n<p class=\"has-text-align-center\"><strong>\u00a76<\/strong> <\/p>\n\n\n\n<p>1. Zakres dzia\u0142ania Zast\u0119pcy Dyrektora okre\u015bla Dyrektor Biblioteki. <\/p>\n\n\n\n<p class=\"has-text-align-center\"><strong>\u00a77<\/strong> <\/p>\n\n\n\n<p>1. Oddzia\u0142em biblioteki kieruje kierownik, kt\u00f3ry bezpo\u015brednio podlega Dyrektorowi Biblioteki. <\/p>\n\n\n\n<p>2. Kierownik jest odpowiedzialny za ca\u0142o\u015b\u0107 spraw wynikaj\u0105cych z zada\u0144 oddzia\u0142u, a w szczeg\u00f3lno\u015bci za: <\/p>\n\n\n\n<p>1) w\u0142a\u015bciw\u0105 organizacj\u0119 pracy,<\/p>\n\n\n\n<p>2) planowanie i realizacj\u0119 zada\u0144,<\/p>\n\n\n\n<p>3) dyscyplin\u0119 pracy podleg\u0142ych pracownik\u00f3w,<\/p>\n\n\n\n<p>4) rozw\u00f3j kwalifikacji zawodowych podleg\u0142ych pracownik\u00f3w,<\/p>\n\n\n\n<p>5) koordynacj\u0119 plan\u00f3w urlopowych podleg\u0142ych pracownik\u00f3w,<\/p>\n\n\n\n<p>6) zakres czynno\u015bci dla poszczeg\u00f3lnych stanowisk pracy,<\/p>\n\n\n\n<p>7) okresow\u0105 ocen\u0119 pracy podleg\u0142ych pracownik\u00f3w.<\/p>\n\n\n\n<p class=\"has-text-align-center\"><strong>\u00a78<\/strong> <\/p>\n\n\n\n<p>1. W systemie biblioteczno-informacyjnym Politechniki mo\u017ce dzia\u0142a\u0107 Rada Biblioteczna powo\u0142ywana przez Rektora, zw. w Regulaminie tak\u017ce Rad\u0105. <\/p>\n\n\n\n<p>2. Rada jest cia\u0142em opiniodawczo-doradczym dzia\u0142aj\u0105cym przy prorektorze nadzoruj\u0105cym funkcjonowanie systemu biblioteczno-informacyjnego.<\/p>\n\n\n\n<p>3. Rada wsp\u00f3\u0142pracuje z Dyrektorem Biblioteki w zakresie zada\u0144 okre\u015blonych w Statucie.<\/p>\n\n\n\n<p class=\"has-text-align-center\"><strong>ROZDZIA\u0141 4<\/strong><\/p>\n\n\n\n<p class=\"has-text-align-center\"><strong>Zadania Oddzia\u0142\u00f3w Biblioteki G\u0142\u00f3wnej<\/strong><\/p>\n\n\n\n<p class=\"has-text-align-center\"><strong>\u00a79<\/strong> <\/p>\n\n\n\n<p>1. Zakres dzia\u0142ania Oddzia\u0142u Udost\u0119pniania Zbior\u00f3w i Informacji Naukowej: <\/p>\n\n\n\n<p>1) udost\u0119pnianie zasob\u00f3w bibliotecznych &#8211; zgodnie z Regulaminem Udost\u0119pniania Zbior\u00f3w BG P\u015ak,<\/p>\n\n\n\n<p>2) prowadzenie ewidencji czytelnik\u00f3w, rejestracja i kontrola wypo\u017cycze\u0144 i zwrot\u00f3w,<\/p>\n\n\n\n<p>3) udzielanie informacji bibliotecznych, katalogowych, bibliograficznych i rzeczowych u\u017cytkownikom biblioteki,<\/p>\n\n\n\n<p>4) pomoc przy korzystaniu z komputerowych baz danych,<\/p>\n\n\n\n<p>5) kontrola organizacji i aktualizacja oraz zabezpieczenia zbior\u00f3w bibliotecznych,<\/p>\n\n\n\n<p>6) prowadzenie wypo\u017cycze\u0144 mi\u0119dzybibliotecznych krajowych i zagranicznych,<\/p>\n\n\n\n<p>7) rejestracja prac naukowo-badawczych w systemie SYNABA,<\/p>\n\n\n\n<p>8) opracowywanie projekt\u00f3w regulamin\u00f3w udost\u0119pniania zbior\u00f3w,<\/p>\n\n\n\n<p>9) opracowywanie projekt\u00f3w instrukcji korzystania z zasob\u00f3w bibliotecznych,<\/p>\n\n\n\n<p>10) wsp\u00f3\u0142tworzenie strony WWW,<\/p>\n\n\n\n<p>11) udzia\u0142 w polityce gromadzenia zbior\u00f3w,<\/p>\n\n\n\n<p>12) udzia\u0142 w skontrum i selekcji zbior\u00f3w,<\/p>\n\n\n\n<p>13) prowadzenie sprawozdawczo\u015bci statystycznej,<\/p>\n\n\n\n<p>14) organizacja szkole\u0144 w zakresie korzystania z elektronicznych baz danych,<\/p>\n\n\n\n<p>15) promocja zbior\u00f3w,<\/p>\n\n\n\n<p>16) pozyskiwanie nowych \u017ar\u00f3de\u0142 informacji dost\u0119pnych w Internecie w formie test\u00f3w bezp\u0142atnej prenumeraty i Open Access,<\/p>\n\n\n\n<p>17) opracowywanie Elektronicznego Informatora Biblioteki G\u0142\u00f3wnej. <\/p>\n\n\n\n<p>2. Zakres dzia\u0142ania Oddzia\u0142u Gromadzenia i Opracowania Zbior\u00f3w: <\/p>\n\n\n\n<p>1) gromadzenie zbior\u00f3w polskich i zagranicznych: wydawnictw zwartych, ci\u0105g\u0142ych, zbior\u00f3w specjalnych oraz elektronicznych \u017ar\u00f3de\u0142 informacji,<\/p>\n\n\n\n<p>2) ewidencja wp\u0142yw\u00f3w i ubytk\u00f3w zbior\u00f3w bibliotecznych,<\/p>\n\n\n\n<p>3) wsp\u00f3\u0142tworzenie katalogu centralnego NUKAT i BAZTECH,<\/p>\n\n\n\n<p>4) formalne i rzeczowe opracowanie zbior\u00f3w,<\/p>\n\n\n\n<p>5) zabezpieczanie zbior\u00f3w bibliotecznych,<\/p>\n\n\n\n<p>6) retrokonwersja zbior\u00f3w,<\/p>\n\n\n\n<p>7) prowadzenie biblioteki cyfrowej publikacji pracownik\u00f3w P\u015ak,<\/p>\n\n\n\n<p>8) uzupe\u0142nianie bibliograficznej bazy danych \u201eLektury\u201d,<\/p>\n\n\n\n<p>9) skontrum biblioteczne,<\/p>\n\n\n\n<p>10) wsp\u00f3\u0142tworzenie strony WWW. <\/p>\n\n\n\n<p class=\"has-text-align-center\"><strong>ROZDZIA\u0141 5<\/strong><\/p>\n\n\n\n<p class=\"has-text-align-center\"><strong>Bezpo\u015bredni nadz\u00f3r nad dzia\u0142alno\u015bci\u0105 Biblioteki G\u0142\u00f3wnej<\/strong><\/p>\n\n\n\n<p class=\"has-text-align-center\"><strong>\u00a710<\/strong><\/p>\n\n\n\n<p class=\"has-text-align-left\">Bezpo\u015bredni nadz\u00f3r nad dzia\u0142alno\u015bci\u0105 Biblioteki G\u0142\u00f3wnej sprawuje w\u0142a\u015bciwy prorektor, zgodnie ze struktur\u0105 organizacyjn\u0105 Politechniki \u015awi\u0119tokrzyskiej.<strong> <\/strong><\/p>\n\n\n\n<p class=\"has-text-align-center\"><strong>ROZDZIA\u0141 6<\/strong><\/p>\n\n\n\n<p class=\"has-text-align-center\"><strong>Postanowienia ko\u0144cowe<\/strong><\/p>\n\n\n\n<p class=\"has-text-align-center\"><strong>\u00a711<\/strong><\/p>\n\n\n\n<p class=\"has-text-align-left\">1. Zasady i tryb gromadzenia zbior\u00f3w Biblioteki G\u0142\u00f3wnej oraz spos\u00f3b i warunki korzystania z Biblioteki okre\u015blaj\u0105 odr\u0119bne regulaminy i instrukcje wewn\u0119trzne wydane przez Dyrektora Biblioteki G\u0142\u00f3wnej po pozytywnym zaopiniowaniu przez Rad\u0119 (o ile zosta\u0142a powo\u0142ana).<\/p>\n\n\n\n<p class=\"has-text-align-left\">2. Niniejszy Regulamin oraz przepisy wykonawcze, o kt\u00f3rych mowa w ust. 1 publikowane s\u0105 na stronie internetowej Biblioteki.<\/p>\n\n\n\n<p><strong>R e k t o r<\/strong><\/p>\n\n\n\n<p><strong>Prof. dr hab. in\u017c. Zbigniew Koruba<\/strong><\/p>\n\n\n\n<div style=\"height:55px\" aria-hidden=\"true\" class=\"wp-block-spacer\"><\/div>\n\n\n\n<p><em><strong><a href=\"http:\/\/lib.tu.kielce.pl\/wp-content\/uploads\/2024\/11\/Regulamin-systemu-biblioteczno-informacyjnego.docx\" data-type=\"link\" data-id=\"http:\/\/lib.tu.kielce.pl\/wp-content\/uploads\/2024\/11\/Regulamin-systemu-biblioteczno-informacyjnego.docx\" target=\"_blank\" rel=\"noreferrer noopener\">Za\u0142\u0105cznik Schemat systemu biblioteczno-informacyjnego Politechniki \u015awi\u0119tokrzyskiej<\/a><\/strong><\/em><\/p>\n\n\n\n<p><em><a href=\"\/dok\/informacje\/polityka_gromadzenia_zbiorow.pdf\" target=\"_blank\" rel=\"noreferrer noopener\"><strong>Za\u0142\u0105cznik 2 Polityka gromadzenia zbior\u00f3w w Bibliotece Politechniki \u015awi\u0119tokrzyskiej<\/strong><\/a><\/em><\/p>\n\n\n\n<p><em><a href=\"\/dok\/informacje\/regulamin_udostepniania.pdf\" target=\"_blank\" rel=\"noreferrer noopener\"><strong>Za\u0142\u0105cznik 3 Regulamin udost\u0119pniania zbior\u00f3w Biblioteki G\u0142\u00f3wnej Politechniki \u015awi\u0119tokrzyskiej<\/strong><\/a><\/em><\/p>\n\n\n\n<p><em><a href=\"\/dok\/informacje\/regulamin_miedzybibliotecznej.pdf\" target=\"_blank\" rel=\"noreferrer noopener\"><strong>Za\u0142\u0105cznik 4 Regulamin Wypo\u017cyczalni Mi\u0119dzybibliotecznej Biblioteki G\u0142\u00f3wnej Politechniki \u015awi\u0119tokrzyskiej<\/strong><\/a><\/em><\/p>\n\n\n\n<p><em><a href=\"\/dok\/informacje\/Regulamin_zbiorow_elektronicznych.pdf\" target=\"_blank\" rel=\"noreferrer noopener\">Z<strong>a\u0142\u0105cznik 5 Regulamin udost\u0119pniania zbior\u00f3w elektronicznych<\/strong><\/a><\/em><\/p>\n","protected":false},"excerpt":{"rendered":"<p>ROZDZIA\u0141 1 Postanowienia og\u00f3lne \u00a71 1. W Politechnice \u015awi\u0119tokrzyskiej dzia\u0142a system biblioteczno-informacyjny, kt\u00f3rego podstaw\u0105 jest Biblioteka G\u0142\u00f3wna, zw. dalej Bibliotek\u0105. 2. Biblioteka dzia\u0142a na podstawie: 1) ustawy z dnia 27 czerwca 1997 r. o bibliotekach, 2) ustawy z dnia 20 lipca 2018 r. Prawo o szkolnictwie wy\u017cszym i nauce, 3) Statutu Politechniki \u015awi\u0119tokrzyskiej. \u00a72 1. [&hellip;]<\/p>\n","protected":false},"author":3,"featured_media":0,"parent":0,"menu_order":0,"comment_status":"closed","ping_status":"closed","template":"","meta":{"footnotes":""},"class_list":["post-55","page","type-page","status-publish","hentry"],"_links":{"self":[{"href":"https:\/\/lib.tu.kielce.pl\/index.php\/wp-json\/wp\/v2\/pages\/55","targetHints":{"allow":["GET"]}}],"collection":[{"href":"https:\/\/lib.tu.kielce.pl\/index.php\/wp-json\/wp\/v2\/pages"}],"about":[{"href":"https:\/\/lib.tu.kielce.pl\/index.php\/wp-json\/wp\/v2\/types\/page"}],"author":[{"embeddable":true,"href":"https:\/\/lib.tu.kielce.pl\/index.php\/wp-json\/wp\/v2\/users\/3"}],"replies":[{"embeddable":true,"href":"https:\/\/lib.tu.kielce.pl\/index.php\/wp-json\/wp\/v2\/comments?post=55"}],"version-history":[{"count":0,"href":"https:\/\/lib.tu.kielce.pl\/index.php\/wp-json\/wp\/v2\/pages\/55\/revisions"}],"wp:attachment":[{"href":"https:\/\/lib.tu.kielce.pl\/index.php\/wp-json\/wp\/v2\/media?parent=55"}],"curies":[{"name":"wp","href":"https:\/\/api.w.org\/{rel}","templated":true}]}}