{"id":454,"date":"2022-10-13T11:01:02","date_gmt":"2022-10-13T09:01:02","guid":{"rendered":"https:\/\/lib.tu.kielce.pl\/?page_id=454"},"modified":"2026-01-07T11:30:29","modified_gmt":"2026-01-07T10:30:29","slug":"czasopisma-w-wersji-elektronicznej","status":"publish","type":"page","link":"https:\/\/lib.tu.kielce.pl\/index.php\/czasopisma-w-wersji-elektronicznej\/","title":{"rendered":"Czasopisma w wersji elektronicznej"},"content":{"rendered":"\n<p>Zapraszamy do korzystania z czasopism elektronicznych w formacie PDF dost\u0119pnych w Boksie Multimedialnym w Oddziale Wydawnictw Ci\u0105g\u0142ych (II pi\u0119tro budynku BG).<\/p>\n\n\n\n<div style=\"height:20px\" aria-hidden=\"true\" class=\"wp-block-spacer\"><\/div>\n\n\n\n<figure class=\"wp-block-table is-style-stripes\"><table><tbody><tr><td><strong>Tytu\u0142 czasopisma<\/strong> <\/td><td><strong>Dost\u0119pne roczniki<\/strong><\/td><\/tr><tr><td>Atest<\/td><td>2004-2012<\/td><\/tr><tr><td>Aura<\/td><td>2004-2012<\/td><\/tr><tr><td>Automatyka Podzespo\u0142y Aplikacje<\/td><td>2010-2025<\/td><\/tr><tr><td>Chemia Przemys\u0142owa (nowy tytu\u0142: Kierunek Chemia)<\/td><td>2021-2023<\/td><\/tr><tr><td>Ch\u0142odnictwo<\/td><td>2004-2009<\/td><\/tr><tr><td>Ciep\u0142ownictwo Ogrzewnictwo Wentylacja<\/td><td>2004-2012<\/td><\/tr><tr><td>Control Engineering<\/td><td>2016-2019<\/td><\/tr><tr><td>Cyrkulacje<\/td><td>2022-2025<\/td><\/tr><tr><td>Doz\u00f3r Techniczny<\/td><td>2004-2012<\/td><\/tr><tr><td>Ekspert Budowlany<\/td><td>2009-2013<\/td><\/tr><tr><td>Elektronik<\/td><td>2008-2025<\/td><\/tr><tr><td>Elektronika : konstrukcje, technologie, zastosowania<\/td><td>2004-2012<\/td><\/tr><tr><td>Energetyka Cieplna i Zawodowa (nowy tytu\u0142: Kierunek Energetyka)<\/td><td>2006-2023<\/td><\/tr><tr><td>Estate<\/td><td>2013-2025<\/td><\/tr><tr><td>Eurologistics<\/td><td>2015-2025<\/td><\/tr><tr><td>Fachowy Elektryk<\/td><td>2021-2025<\/td><\/tr><tr><td>Forbes<\/td><td>2015-2026<\/td><\/tr><tr><td>Forbes Woman<\/td><td>2019-2025<\/td><\/tr><tr><td>Forbes Raport Artinfo<\/td><td>2021, 2025<\/td><\/tr><tr><td>Gaz Woda Technika Sanitarna<\/td><td>2004-2012<\/td><\/tr><tr><td>Geomatica<\/td><td>2010-2017<\/td><\/tr><tr><td>Global Pipeline Monthly<\/td><td>2005-2010<\/td><\/tr><tr><td>Gospodarka Wodna<\/td><td>2004-2012<\/td><\/tr><tr><td>Hutnik Wiadomo\u015bci Hutnicze<\/td><td>2004-2012<\/td><\/tr><tr><td>IEEE Instrumentation &amp; Measurement Magazine<\/td><td>2011-2012<\/td><\/tr><tr><td>IEEE Transactions on Automatic Control<\/td><td>1985-1986, 1993, 2012<\/td><\/tr><tr><td>IEEE Transactions on Energy Conversion<\/td><td>1993-1996, 2012<\/td><\/tr><tr><td>IEEE Transactions on Industrial Electronics<\/td><td>1991-1992, 2012<\/td><\/tr><tr><td>IEEE Transactions on Industry Applications<\/td><td>2012<\/td><\/tr><tr><td>IEEE Transactions on Instrumentation and Measurement<\/td><td>2012<\/td><\/tr><tr><td>IEEE Transactions on Power System<\/td><td>2012<\/td><\/tr><tr><td>IEEE Transactions on Systems, Man and Cybernetics. Part B<\/td><td>2012<\/td><\/tr><tr><td>IET Control Theory and Applications<\/td><td>2010-2012<\/td><\/tr><tr><td>Informator Rynkowy Elektroniki<\/td><td>2024-2025<\/td><\/tr><tr><td>Instal<\/td><td>2007-2025<\/td><\/tr><tr><td>InstalReporter<\/td><td>2018-2025<\/td><\/tr><tr><td>Inteligentny Budynek<\/td><td>2011-2016<\/td><\/tr><tr><td>In\u017cynieria i Utrzymanie Ruchu<\/td><td>2008-2019<\/td><\/tr><tr><td>In\u017cynieria Materia\u0142owa<\/td><td>2004-2012<\/td><\/tr><tr><td>Kierunek Chemia<\/td><td>2023-2025<\/td><\/tr><tr><td>Kierunek Energetyka<\/td><td>2023-2025<\/td><\/tr><tr><td>Kierunek Farmacja<\/td><td>2023-2025<\/td><\/tr><tr><td>Kierunek Pompy<\/td><td>2023-2025<\/td><\/tr><tr><td>Kierunek Spo\u017cywczy<\/td><td>2020-2025<\/td><\/tr><tr><td>Kierunek Surowce<\/td><td>2024-2025<\/td><\/tr><tr><td>Kierunek Wod-Kan<\/td><td>2018-2025<\/td><\/tr><tr><td>Komputer \u015awiat<\/td><td>2018-2022<\/td><\/tr><tr><td>Logistyka Produkcji<\/td><td>2015-2020<\/td><\/tr><tr><td>Materia\u0142y Budowlane<\/td><td>2004-2012<\/td><\/tr><tr><td>Nap\u0119dy i Sterowanie<\/td><td>2018-2025<\/td><\/tr><tr><td>Newsweek Historia<\/td><td>2020-2025<\/td><\/tr><tr><td>Newsweek Learning English<\/td><td>2020-2025<\/td><\/tr><tr><td>Newsweek Magazyn Kryminalny<\/td><td>2024-2025<\/td><\/tr><tr><td>Newsweek Nauka<\/td><td>2023-2025<\/td><\/tr><tr><td>Newsweek Psychologia<\/td><td>2020-2026<\/td><\/tr><tr><td>Newsweek Wydanie Specjalne<\/td><td>2020-2025<\/td><\/tr><tr><td>Niezb\u0119dnik Akademicki<\/td><td>2017-2019<\/td><\/tr><tr><td>Ochrona przed Korozj\u0105<\/td><td>2004-2012<\/td><\/tr><tr><td>Opakowanie<\/td><td>2004-2009<\/td><\/tr><tr><td>Pompy Pompownie (nowy tytu\u0142: Kierunek Pompy)<\/td><td>2021-2023<\/td><\/tr><tr><td>Problemy Jako\u015bci<\/td><td>2004-2012<\/td><\/tr><tr><td>Przegl\u0105d Elektrotechniczny<\/td><td>2004-2012<\/td><\/tr><tr><td>Przegl\u0105d Geodezyjny<\/td><td>2004-2012<\/td><\/tr><tr><td>Przegl\u0105d Techniczny Gazeta Techniczna<\/td><td>2004-2012<\/td><\/tr><tr><td>Przegl\u0105d Telekomunikacyjny + Wiadomo\u015bci Telekomunikacyjne<\/td><td>2004-2012<\/td><\/tr><tr><td>Przegl\u0105d Urbanistyczny<\/td><td>2015-2016<\/td><\/tr><tr><td>Przemys\u0142 Chemiczny<\/td><td>1993-2012<\/td><\/tr><tr><td>Przemys\u0142 Farmaceutyczny (nowy tytu\u0142: Kierunek Farmacja)<\/td><td>2021-2023<\/td><\/tr><tr><td>PWN Nauka<\/td><td>2020-2025<\/td><\/tr><tr><td>Rudy i Metale Nie\u017celazne<\/td><td>2004-2012<\/td><\/tr><tr><td>Spajanie Materia\u0142\u00f3w Konstrukcyjnych<\/td><td>2014-2020 (wybrane artyku\u0142y)<\/td><\/tr><tr><td>Surowce i Maszyny Budowlane (nowy tytu\u0142: Kierunek Surowce)<\/td><td>2021-2023<\/td><\/tr><tr><td>Truck and Business<\/td><td>2015-2020<\/td><\/tr><tr><td>Wa\u017cenie Dozowanie Pakowanie<\/td><td>2018-2025<\/td><\/tr><tr><td>Wiadomo\u015bci Elektrotechniczne<\/td><td>2004-2012<\/td><\/tr><\/tbody><\/table><\/figure>\n","protected":false},"excerpt":{"rendered":"<p>Zapraszamy do korzystania z czasopism elektronicznych w formacie PDF dost\u0119pnych w Boksie Multimedialnym w Oddziale Wydawnictw Ci\u0105g\u0142ych (II pi\u0119tro budynku BG). Tytu\u0142 czasopisma Dost\u0119pne roczniki Atest 2004-2012 Aura 2004-2012 Automatyka Podzespo\u0142y Aplikacje 2010-2025 Chemia Przemys\u0142owa (nowy tytu\u0142: Kierunek Chemia) 2021-2023 Ch\u0142odnictwo 2004-2009 Ciep\u0142ownictwo Ogrzewnictwo Wentylacja 2004-2012 Control Engineering 2016-2019 Cyrkulacje 2022-2025 Doz\u00f3r Techniczny 2004-2012 Ekspert [&hellip;]<\/p>\n","protected":false},"author":3,"featured_media":0,"parent":0,"menu_order":0,"comment_status":"closed","ping_status":"closed","template":"","meta":{"footnotes":""},"class_list":["post-454","page","type-page","status-publish","hentry"],"_links":{"self":[{"href":"https:\/\/lib.tu.kielce.pl\/index.php\/wp-json\/wp\/v2\/pages\/454","targetHints":{"allow":["GET"]}}],"collection":[{"href":"https:\/\/lib.tu.kielce.pl\/index.php\/wp-json\/wp\/v2\/pages"}],"about":[{"href":"https:\/\/lib.tu.kielce.pl\/index.php\/wp-json\/wp\/v2\/types\/page"}],"author":[{"embeddable":true,"href":"https:\/\/lib.tu.kielce.pl\/index.php\/wp-json\/wp\/v2\/users\/3"}],"replies":[{"embeddable":true,"href":"https:\/\/lib.tu.kielce.pl\/index.php\/wp-json\/wp\/v2\/comments?post=454"}],"version-history":[{"count":0,"href":"https:\/\/lib.tu.kielce.pl\/index.php\/wp-json\/wp\/v2\/pages\/454\/revisions"}],"wp:attachment":[{"href":"https:\/\/lib.tu.kielce.pl\/index.php\/wp-json\/wp\/v2\/media?parent=454"}],"curies":[{"name":"wp","href":"https:\/\/api.w.org\/{rel}","templated":true}]}}