{"id":37,"date":"2021-09-14T14:58:10","date_gmt":"2021-09-14T12:58:10","guid":{"rendered":"http:\/\/81.26.5.78\/BG\/?page_id=37"},"modified":"2022-02-10T10:18:57","modified_gmt":"2022-02-10T09:18:57","slug":"dane-teleadresowe","status":"publish","type":"page","link":"https:\/\/lib.tu.kielce.pl\/index.php\/dane-teleadresowe\/","title":{"rendered":"Dane teleadresowe"},"content":{"rendered":"\n<h3 class=\"has-text-align-center wp-block-heading\" id=\"biblioteka-glownapolitechniki-swietokrzyskiej-w-kielcach\">Biblioteka G\u0142\u00f3wna<br>Politechniki \u015awi\u0119tokrzyskiej w Kielcach<\/h3>\n\n\n\n<h4 class=\"has-text-align-center wp-block-heading\" id=\"al-tysiaclecia-panstwa-polskiego-725-314-kielce\">al. Tysi\u0105clecia Pa\u0144stwa Polskiego 7<br>25-314  KIELCE<\/h4>\n\n\n\n<h4 class=\"has-text-align-center wp-block-heading\" id=\"tel-41-3424-483-484\">tel. 41-3424-483\/484<\/h4>\n\n\n\n<p class=\"has-text-align-center\"><a href=\"mailto:library@tu.kielce.pl\"><strong>wy\u015blij mail do Biblioteki<\/strong><\/a><\/p>\n\n\n\n<figure class=\"wp-block-table\"><table><tbody><tr><th>Dzia\u0142<\/th><th>Nr telefonu<\/th><\/tr><tr><td>Wypo\u017cyczalnia<\/td><td>41-3424-493<\/td><\/tr><tr><td>Czasopisma<\/td><td>41-3424-443<\/td><\/tr><tr><td>Zbiory normalizacyjne<\/td><td>41-3424-488<\/td><\/tr><tr><td>Gromadzenie<\/td><td>41-3424-485<\/td><\/tr><\/tbody><\/table><\/figure>\n\n\n\n<p><\/p>\n","protected":false},"excerpt":{"rendered":"<p>Biblioteka G\u0142\u00f3wnaPolitechniki \u015awi\u0119tokrzyskiej w Kielcach al. Tysi\u0105clecia Pa\u0144stwa Polskiego 725-314 KIELCE tel. 41-3424-483\/484 wy\u015blij mail do Biblioteki Dzia\u0142 Nr telefonu Wypo\u017cyczalnia 41-3424-493 Czasopisma 41-3424-443 Zbiory normalizacyjne 41-3424-488 Gromadzenie 41-3424-485<\/p>\n","protected":false},"author":1,"featured_media":0,"parent":0,"menu_order":0,"comment_status":"closed","ping_status":"closed","template":"","meta":{"footnotes":""},"class_list":["post-37","page","type-page","status-publish","hentry"],"_links":{"self":[{"href":"https:\/\/lib.tu.kielce.pl\/index.php\/wp-json\/wp\/v2\/pages\/37","targetHints":{"allow":["GET"]}}],"collection":[{"href":"https:\/\/lib.tu.kielce.pl\/index.php\/wp-json\/wp\/v2\/pages"}],"about":[{"href":"https:\/\/lib.tu.kielce.pl\/index.php\/wp-json\/wp\/v2\/types\/page"}],"author":[{"embeddable":true,"href":"https:\/\/lib.tu.kielce.pl\/index.php\/wp-json\/wp\/v2\/users\/1"}],"replies":[{"embeddable":true,"href":"https:\/\/lib.tu.kielce.pl\/index.php\/wp-json\/wp\/v2\/comments?post=37"}],"version-history":[{"count":0,"href":"https:\/\/lib.tu.kielce.pl\/index.php\/wp-json\/wp\/v2\/pages\/37\/revisions"}],"wp:attachment":[{"href":"https:\/\/lib.tu.kielce.pl\/index.php\/wp-json\/wp\/v2\/media?parent=37"}],"curies":[{"name":"wp","href":"https:\/\/api.w.org\/{rel}","templated":true}]}}