{"id":32,"date":"2021-09-14T14:37:58","date_gmt":"2021-09-14T12:37:58","guid":{"rendered":"http:\/\/81.26.5.78\/BG\/?page_id=32"},"modified":"2022-03-23T11:57:14","modified_gmt":"2022-03-23T10:57:14","slug":"godziny-otwarcia","status":"publish","type":"page","link":"https:\/\/lib.tu.kielce.pl\/index.php\/godziny-otwarcia\/","title":{"rendered":"Godziny otwarcia"},"content":{"rendered":"\n<h3 class=\"has-text-align-center wp-block-heading\" id=\"biblioteka-glowna-i-punkt-zapisu\">Biblioteka G\u0142\u00f3wna i Punkt Zapisu<\/h3>\n\n\n\n<div style=\"height:27px\" aria-hidden=\"true\" class=\"wp-block-spacer\"><\/div>\n\n\n\n<figure class=\"wp-block-table is-style-stripes\"><table><tbody><tr><th>Dzie\u0144<\/th><th>Godziny<\/th><\/tr><tr><td>poniedzia\u0142ek<\/td><td>8:00 &#8211; 19:00<\/td><\/tr><tr><td>wtorek<\/td><td>8:00 &#8211; 19:00<\/td><\/tr><tr><td>\u015broda<\/td><td>8:00 &#8211; 16:00<\/td><\/tr><tr><td>czwartek<\/td><td>8:00 &#8211; 16:00<\/td><\/tr><tr><td>pi\u0105tek<\/td><td>8:00 &#8211; 16:00<\/td><\/tr><tr><td>sobota<\/td><td>9:00 &#8211; 14:00<\/td><\/tr><tr><td>niedziela<\/td><td>nieczynne<\/td><\/tr><\/tbody><\/table><\/figure>\n\n\n\n<div style=\"height:26px\" aria-hidden=\"true\" class=\"wp-block-spacer\"><\/div>\n\n\n\n<h4 class=\"wp-block-heading\">W dni ustawowo wolne od pracy Biblioteka jest nieczynna.<\/h4>\n\n\n\n<h4 class=\"wp-block-heading\" id=\"w-lipcu-i-wrzesniu-biblioteka-jest-czynna-od-poniedzialku-do-piatku-w-godzinach-8-00-15-00\">W lipcu i wrze\u015bniu Biblioteka jest czynna od poniedzia\u0142ku do pi\u0105tku w godzinach 8:00 &#8211; 15:00.<\/h4>\n\n\n\n<h4 class=\"wp-block-heading\" id=\"w-sierpniu-biblioteka-jest-nieczynna\">W sierpniu Biblioteka jest nieczynna.<\/h4>\n","protected":false},"excerpt":{"rendered":"<p>Biblioteka G\u0142\u00f3wna i Punkt Zapisu Dzie\u0144 Godziny poniedzia\u0142ek 8:00 &#8211; 19:00 wtorek 8:00 &#8211; 19:00 \u015broda 8:00 &#8211; 16:00 czwartek 8:00 &#8211; 16:00 pi\u0105tek 8:00 &#8211; 16:00 sobota 9:00 &#8211; 14:00 niedziela nieczynne W dni ustawowo wolne od pracy Biblioteka jest nieczynna. W lipcu i wrze\u015bniu Biblioteka jest czynna od poniedzia\u0142ku do pi\u0105tku w godzinach [&hellip;]<\/p>\n","protected":false},"author":1,"featured_media":0,"parent":0,"menu_order":0,"comment_status":"closed","ping_status":"closed","template":"","meta":{"footnotes":""},"class_list":["post-32","page","type-page","status-publish","hentry"],"_links":{"self":[{"href":"https:\/\/lib.tu.kielce.pl\/index.php\/wp-json\/wp\/v2\/pages\/32","targetHints":{"allow":["GET"]}}],"collection":[{"href":"https:\/\/lib.tu.kielce.pl\/index.php\/wp-json\/wp\/v2\/pages"}],"about":[{"href":"https:\/\/lib.tu.kielce.pl\/index.php\/wp-json\/wp\/v2\/types\/page"}],"author":[{"embeddable":true,"href":"https:\/\/lib.tu.kielce.pl\/index.php\/wp-json\/wp\/v2\/users\/1"}],"replies":[{"embeddable":true,"href":"https:\/\/lib.tu.kielce.pl\/index.php\/wp-json\/wp\/v2\/comments?post=32"}],"version-history":[{"count":0,"href":"https:\/\/lib.tu.kielce.pl\/index.php\/wp-json\/wp\/v2\/pages\/32\/revisions"}],"wp:attachment":[{"href":"https:\/\/lib.tu.kielce.pl\/index.php\/wp-json\/wp\/v2\/media?parent=32"}],"curies":[{"name":"wp","href":"https:\/\/api.w.org\/{rel}","templated":true}]}}