{"id":318,"date":"2022-02-15T14:40:40","date_gmt":"2022-02-15T13:40:40","guid":{"rendered":"http:\/\/81.26.5.67\/?page_id=318"},"modified":"2025-01-13T12:13:43","modified_gmt":"2025-01-13T11:13:43","slug":"czasopismo-uczelniane-indeks","status":"publish","type":"page","link":"https:\/\/lib.tu.kielce.pl\/index.php\/czasopismo-uczelniane-indeks\/","title":{"rendered":"Czasopismo uczelniane &#8222;Indeks&#8221;"},"content":{"rendered":"\n<div class=\"wp-block-image\"><figure class=\"aligncenter size-full is-resized\"><img loading=\"lazy\" decoding=\"async\" src=\"http:\/\/81.26.5.67\/wp-content\/uploads\/2022\/02\/indeks_small2_gr.png\" alt=\"\" class=\"wp-image-319\" width=\"501\" height=\"131\" srcset=\"https:\/\/lib.tu.kielce.pl\/wp-content\/uploads\/2022\/02\/indeks_small2_gr.png 600w, https:\/\/lib.tu.kielce.pl\/wp-content\/uploads\/2022\/02\/indeks_small2_gr-300x79.png 300w, https:\/\/lib.tu.kielce.pl\/wp-content\/uploads\/2022\/02\/indeks_small2_gr-255x67.png 255w\" sizes=\"auto, (max-width: 501px) 100vw, 501px\" \/><\/figure><\/div>\n\n\n\n<div style=\"height:30px\" aria-hidden=\"true\" class=\"wp-block-spacer\"><\/div>\n\n\n\n<p>Czasopismo uczelniane &#8222;Indeks&#8221; ukazywa\u0142o si\u0119 w latach 1992-2001 oraz 2009-2016. Czasopismo prezentowa\u0142o szeroki zakres problematyki zwi\u0105zanej z Politechnik\u0105 \u015awi\u0119tokrzysk\u0105, dokumentowa\u0142o jej osi\u0105gni\u0119cia, sukcesy i plany rozwoju. Biblioteka P\u015ak posiada w zbiorach wersj\u0119 drukowan\u0105 &#8222;Indeksu&#8221;, natomiast na stronie Biblioteki G\u0142\u00f3wnej u\u017cytkownicy maj\u0105 dost\u0119p do wersji elektronicznej:<\/p>\n\n\n\n<ul class=\"wp-block-list\"><li><a rel=\"noreferrer noopener\" href=\"\/dok\/INDEKS\/index.php\" target=\"_blank\">1992-2001<\/a> &#8211; w formacie PDF i DjVu<\/li><\/ul>\n\n\n\n<ul class=\"wp-block-list\"><li><a href=\"\/dok\/INDEKS\/index2009.php\" target=\"_blank\" rel=\"noreferrer noopener\">2009-2016<\/a> &#8211; w formacie PDF<\/li><\/ul>\n","protected":false},"excerpt":{"rendered":"<p>Czasopismo uczelniane &#8222;Indeks&#8221; ukazywa\u0142o si\u0119 w latach 1992-2001 oraz 2009-2016. Czasopismo prezentowa\u0142o szeroki zakres problematyki zwi\u0105zanej z Politechnik\u0105 \u015awi\u0119tokrzysk\u0105, dokumentowa\u0142o jej osi\u0105gni\u0119cia, sukcesy i plany rozwoju. Biblioteka P\u015ak posiada w zbiorach wersj\u0119 drukowan\u0105 &#8222;Indeksu&#8221;, natomiast na stronie Biblioteki G\u0142\u00f3wnej u\u017cytkownicy maj\u0105 dost\u0119p do wersji elektronicznej: 1992-2001 &#8211; w formacie PDF i DjVu 2009-2016 &#8211; w [&hellip;]<\/p>\n","protected":false},"author":3,"featured_media":0,"parent":0,"menu_order":0,"comment_status":"closed","ping_status":"closed","template":"","meta":{"footnotes":""},"class_list":["post-318","page","type-page","status-publish","hentry"],"_links":{"self":[{"href":"https:\/\/lib.tu.kielce.pl\/index.php\/wp-json\/wp\/v2\/pages\/318","targetHints":{"allow":["GET"]}}],"collection":[{"href":"https:\/\/lib.tu.kielce.pl\/index.php\/wp-json\/wp\/v2\/pages"}],"about":[{"href":"https:\/\/lib.tu.kielce.pl\/index.php\/wp-json\/wp\/v2\/types\/page"}],"author":[{"embeddable":true,"href":"https:\/\/lib.tu.kielce.pl\/index.php\/wp-json\/wp\/v2\/users\/3"}],"replies":[{"embeddable":true,"href":"https:\/\/lib.tu.kielce.pl\/index.php\/wp-json\/wp\/v2\/comments?post=318"}],"version-history":[{"count":0,"href":"https:\/\/lib.tu.kielce.pl\/index.php\/wp-json\/wp\/v2\/pages\/318\/revisions"}],"wp:attachment":[{"href":"https:\/\/lib.tu.kielce.pl\/index.php\/wp-json\/wp\/v2\/media?parent=318"}],"curies":[{"name":"wp","href":"https:\/\/api.w.org\/{rel}","templated":true}]}}