{"id":257,"date":"2022-01-14T10:42:38","date_gmt":"2022-01-14T09:42:38","guid":{"rendered":"http:\/\/81.26.5.67\/?page_id=257"},"modified":"2022-02-09T13:25:19","modified_gmt":"2022-02-09T12:25:19","slug":"pelnotekstowe-serwisy-ksiazek-elektronicznych","status":"publish","type":"page","link":"https:\/\/lib.tu.kielce.pl\/index.php\/pelnotekstowe-serwisy-ksiazek-elektronicznych\/","title":{"rendered":"Pe\u0142notekstowe serwisy ksi\u0105\u017cek elektronicznych"},"content":{"rendered":"\n<p><a href=\"https:\/\/fbc.pionier.net.pl\/\" target=\"_blank\" rel=\"noreferrer noopener\">Federacja Bibliotek Cyfrowych<\/a> &#8211; serwis umo\u017cliwiaj\u0105cy przeszukiwanie zasob\u00f3w polskich bibliotek cyfrowych. Obecnie w serwisie jest dost\u0119pnych ponad 8,4 miliona obiekt\u00f3w cyfrowych (dokument\u00f3w w formacie PDF lub DjVu).<\/p>\n\n\n\n<p><a href=\"https:\/\/polona.pl\/\" target=\"_blank\" rel=\"noreferrer noopener\">Polona<\/a> &#8211; stworzony przez Bibliotek\u0119 Narodow\u0105 portal, za po\u015brednictwem kt\u00f3rego zbiory Biblioteki Narodowej i innych instytucji s\u0105 udost\u0119pniane bezp\u0142atnie w postaci cyfrowej.<\/p>\n\n\n\n<p><a rel=\"noreferrer noopener\" href=\"http:\/\/books.google.pl\/books\/\" target=\"_blank\">Google Books<\/a> &#8211; najwi\u0119kszy na \u015bwiecie indeks ksi\u0105\u017cek pe\u0142notekstowych.<\/p>\n\n\n\n<p><a rel=\"noreferrer noopener\" href=\"http:\/\/otworzksiazke.pl\/\" target=\"_blank\">Otw\u00f3rz ksi\u0105\u017ck\u0119<\/a> &#8211; cyfrowa kolekcja ksi\u0105\u017cek naukowych polskich uczonych reprezentuj\u0105cych r\u00f3\u017cne dziedziny wiedzy.<\/p>\n\n\n\n<p><a rel=\"noreferrer noopener\" href=\"https:\/\/epodreczniki.open.agh.edu.pl\/\" data-type=\"URL\" data-id=\"https:\/\/epodreczniki.open.agh.edu.pl\/\" target=\"_blank\">E-podr\u0119czniki Open AGH<\/a> &#8211; recenzowane e-podr\u0119czniki do przedmiot\u00f3w \u015bcis\u0142ych na poziomie akademickim opracowane przez pracownik\u00f3w AGH, opublikowane na zasadach licencji <a rel=\"noreferrer noopener\" href=\"http:\/\/creativecommons.org\/licenses\/by-sa\/3.0\/pl\" target=\"_blank\">Creative Commons Uznanie autorstwa &#8211; Na tych samych warunkach<\/a>.<\/p>\n\n\n\n<p><a rel=\"noreferrer noopener\" href=\"https:\/\/www.europeana.eu\/pl\" data-type=\"URL\" data-id=\"https:\/\/www.europeana.eu\/pl\" target=\"_blank\">Europeana<\/a> &#8211; biblioteka cyfrowa, wirtualne muzeum i archiwum maj\u0105ce za cel udost\u0119pnienie dziedzictwa kulturowego i naukowego Europy w internecie. Portal umo\u017cliwia dost\u0119p do ponad 54 milion\u00f3w obiekt\u00f3w cyfrowych pochodz\u0105cych ze zdigitalizowanych archiw\u00f3w, bibliotek, muze\u00f3w i kolekcji audiowizualnych z ca\u0142ej Europy.<\/p>\n\n\n\n<p><a rel=\"noreferrer noopener\" href=\"http:\/\/www.doabooks.org\/\" target=\"_blank\">DOAB Directory of Open Access Books<\/a> &#8211; internetowy przewodnik po otwartych ksi\u0105\u017ckach stworzony przez Fundacj\u0119 OAPEN, gromadz\u0105cy opracowania naukowe z wielu dziedzin wiedzy, publikowane przez r\u00f3\u017cnych wydawc\u00f3w. Obejmuje prawie 50 000 akademickich recenzowanych ksi\u0105\u017cek od 682 wydawc\u00f3w.<\/p>\n\n\n\n<p><a rel=\"noreferrer noopener\" href=\"http:\/\/digital.library.upenn.edu\/books\/\" target=\"_blank\">The Online Books Page<\/a> &#8211; indeks e-podr\u0119cznik\u00f3w dost\u0119pnych w Internecie. Jest redagowany przez Johna Marka Ockerblooma i znajduje si\u0119 w bibliotece Uniwersytetu Pensylwanii. Online Books Page zawiera list\u0119 ponad 3 milion\u00f3w ksi\u0105\u017cek.<\/p>\n\n\n\n<p><a rel=\"noreferrer noopener\" href=\"http:\/\/www.wdl.org\/en\/\" target=\"_blank\">World Digital Library<\/a> &#8211; mi\u0119dzynarodowa biblioteka cyfrowa cyfrowa za\u0142o\u017cona przez UNESCO i Bibliotek\u0119 Kongresu Stan\u00f3w Zjednoczonych.<\/p>\n\n\n\n<p><a rel=\"noreferrer noopener\" href=\"http:\/\/www.intechopen.com\/\" target=\"_blank\">InTechOpen<\/a> &#8211; jeden z najwi\u0119kszych wydawc\u00f3w ksi\u0105\u017cek naukowych Open Access. Oferuje ponad recenzowanych 5 600 ksi\u0105\u017cek z r\u00f3\u017cnych dziedzin.<\/p>\n","protected":false},"excerpt":{"rendered":"<p>Federacja Bibliotek Cyfrowych &#8211; serwis umo\u017cliwiaj\u0105cy przeszukiwanie zasob\u00f3w polskich bibliotek cyfrowych. Obecnie w serwisie jest dost\u0119pnych ponad 8,4 miliona obiekt\u00f3w cyfrowych (dokument\u00f3w w formacie PDF lub DjVu). Polona &#8211; stworzony przez Bibliotek\u0119 Narodow\u0105 portal, za po\u015brednictwem kt\u00f3rego zbiory Biblioteki Narodowej i innych instytucji s\u0105 udost\u0119pniane bezp\u0142atnie w postaci cyfrowej. Google Books &#8211; najwi\u0119kszy na \u015bwiecie [&hellip;]<\/p>\n","protected":false},"author":3,"featured_media":0,"parent":0,"menu_order":0,"comment_status":"closed","ping_status":"closed","template":"","meta":{"footnotes":""},"class_list":["post-257","page","type-page","status-publish","hentry"],"_links":{"self":[{"href":"https:\/\/lib.tu.kielce.pl\/index.php\/wp-json\/wp\/v2\/pages\/257","targetHints":{"allow":["GET"]}}],"collection":[{"href":"https:\/\/lib.tu.kielce.pl\/index.php\/wp-json\/wp\/v2\/pages"}],"about":[{"href":"https:\/\/lib.tu.kielce.pl\/index.php\/wp-json\/wp\/v2\/types\/page"}],"author":[{"embeddable":true,"href":"https:\/\/lib.tu.kielce.pl\/index.php\/wp-json\/wp\/v2\/users\/3"}],"replies":[{"embeddable":true,"href":"https:\/\/lib.tu.kielce.pl\/index.php\/wp-json\/wp\/v2\/comments?post=257"}],"version-history":[{"count":0,"href":"https:\/\/lib.tu.kielce.pl\/index.php\/wp-json\/wp\/v2\/pages\/257\/revisions"}],"wp:attachment":[{"href":"https:\/\/lib.tu.kielce.pl\/index.php\/wp-json\/wp\/v2\/media?parent=257"}],"curies":[{"name":"wp","href":"https:\/\/api.w.org\/{rel}","templated":true}]}}