{"id":253,"date":"2022-01-12T14:06:56","date_gmt":"2022-01-12T13:06:56","guid":{"rendered":"http:\/\/81.26.5.67\/?page_id=253"},"modified":"2022-01-13T12:53:04","modified_gmt":"2022-01-13T11:53:04","slug":"zeszyty-naukowe-politechniki-swietokrzyskiej-seria-nauki-techniczne","status":"publish","type":"page","link":"https:\/\/lib.tu.kielce.pl\/index.php\/zeszyty-naukowe-politechniki-swietokrzyskiej-seria-nauki-techniczne\/","title":{"rendered":"Zeszyty Naukowe Politechniki \u015awi\u0119tokrzyskiej. Seria Nauki Techniczne"},"content":{"rendered":"\n<p>Od 2006 r. Zeszyty Naukowe Politechniki \u015awi\u0119tokrzyskiej ukazuj\u0105 si\u0119 w trzech nienumerowanych seriach: Nauki Techniczne, Nauki Ekonomiczne i Nauki Podstawowe. Seria Nauki Techniczne ukazuje si\u0119 w podseriach: Budowa i Eksploatacja Maszyn, Budownictwo, In\u017cynieria \u015arodowiska, Mechanika, Automatyka i Robotyka, Informatyka, Elektryka. Wszystkie Zeszyty Naukowe Politechniki \u015awi\u0119tokrzyskiej od 2006 r. maj\u0105 numeracj\u0119 ci\u0105g\u0142\u0105, niezale\u017cnie od serii. W 2006 r. numer 1 ukaza\u0142 si\u0119 dwukrotnie.<\/p>\n\n\n\n<p>Linki do zeskanowanych spis\u00f3w tre\u015bci poszczeg\u00f3lnych zeszyt\u00f3w znajduj\u0105 si\u0119 pod kolejnymi numerami.<\/p>\n\n\n\n<figure class=\"wp-block-table is-style-stripes\"><table><tbody><tr><td class=\"has-text-align-center\" data-align=\"center\"><strong>Numer<\/strong><\/td><td class=\"has-text-align-center\" data-align=\"center\"><strong>Rok<\/strong><\/td><td><strong>Podseria<\/strong><\/td><td><strong>Tytu\u0142<\/strong><\/td><\/tr><tr><td class=\"has-text-align-center\" data-align=\"center\"><a href=\"\/dok\/spisytresci\/NaukiTechniczne\/1.PDF\" target=\"_blank\" rel=\"noreferrer noopener\"><strong>1<\/strong><\/a><\/td><td class=\"has-text-align-center\" data-align=\"center\">2006<\/td><td>Budowa i Eksploatacja Maszyn<\/td><td>II Mi\u0119dzynarodowa Konferencja Naukowe Aspekty Bezpilotowych Aparat\u00f3w Lataj\u0105cych. Kielce &#8211; Cedzyna, 10-12 maja 2006 r.<\/td><\/tr><tr><td class=\"has-text-align-center\" data-align=\"center\"><a href=\"\/dok\/spisytresci\/NaukiTechniczne\/1_NT_Budowa i Eksploatacja Maszyn.PDF\" target=\"_blank\" rel=\"noreferrer noopener\"><strong>1<\/strong><\/a><\/td><td class=\"has-text-align-center\" data-align=\"center\">2006<\/td><td>Budowa i Eksploatacja Maszyn<\/td><td>Terotechnologia 2006. Materia\u0142y Konferencji na ekspozycji METAL i CONTROL-TECH Targi &#8211; Kielce (27-29.09.2006)<\/td><\/tr><tr><td class=\"has-text-align-center\" data-align=\"center\"><a href=\"\/dok\/spisytresci\/NaukiTechniczne\/2_NT_Budownictwo.PDF\" target=\"_blank\" rel=\"noreferrer noopener\"><strong>2<\/strong><\/a><\/td><td class=\"has-text-align-center\" data-align=\"center\">2007<\/td><td>Budownictwo<\/td><td>Wybrane zagadnienia mechaniki konstrukcji. Prace naukowe &#8211; raporty z bada\u0144. Kielce 2005-2006<\/td><\/tr><tr><td class=\"has-text-align-center\" data-align=\"center\"><a href=\"\/dok\/spisytresci\/NaukiTechniczne\/4_NT_Mechanika.PDF\" target=\"_blank\" rel=\"noreferrer noopener\"><strong>4<\/strong><\/a><\/td><td class=\"has-text-align-center\" data-align=\"center\">2007<\/td><td>Mechanika<\/td><td>XI Krajowa Naukowo-Szkoleniowa Konferencja Mechaniki P\u0119kania. Kielce &#8211; Cedzyna, 9-12 wrze\u015bnia 2007<\/td><\/tr><tr><td class=\"has-text-align-center\" data-align=\"center\"><a href=\"\/dok\/spisytresci\/NaukiTechniczne\/5_NT_Elektryka.PDF\" target=\"_blank\" rel=\"noreferrer noopener\"><strong>5<\/strong><\/a><\/td><td class=\"has-text-align-center\" data-align=\"center\">2007<\/td><td>Elektryka<\/td><td>Konferencja Modelowanie i Sterowanie Proces\u00f3w Elektrotermicznych. 50 lat Polskiego Komitetu Elektrotermii SEP i SIiTPH. Kielce, 24-26 wrze\u015bnia 2007 r.<\/td><\/tr><tr><td class=\"has-text-align-center\" data-align=\"center\"><a href=\"\/dok\/spisytresci\/NaukiTechniczne\/6_NT_Budownictwo.PDF\" target=\"_blank\" rel=\"noreferrer noopener\"><strong>6<\/strong><\/a><\/td><td class=\"has-text-align-center\" data-align=\"center\">2007<\/td><td>Budownictwo<\/td><td>Mechanics of Solids and Structures. In memory of Prof. Margaret Wo\u017aniak<\/td><\/tr><tr><td class=\"has-text-align-center\" data-align=\"center\"><a href=\"\/dok\/spisytresci\/NaukiTechniczne\/7_NT_Budowa i Eksploatacja Maszyn.PDF\" target=\"_blank\" rel=\"noreferrer noopener\"><strong>7<\/strong><\/a><\/td><td class=\"has-text-align-center\" data-align=\"center\">2008<\/td><td>Budowa i Eksploatacja Maszyn<\/td><td>Terotechnologia 2007. Materia\u0142y Konferencji na ekspozycji METAL i CONTROL-TECH Targi &#8211; Kielce (26-28.09.2007)<\/td><\/tr><tr><td class=\"has-text-align-center\" data-align=\"center\"><a href=\"\/dok\/spisytresci\/NaukiTechniczne\/8_NT_Budowa i Eksploatacja Maszyn.PDF\" target=\"_blank\" rel=\"noreferrer noopener\"><strong>8<\/strong><\/a><\/td><td class=\"has-text-align-center\" data-align=\"center\">2008<\/td><td>Budowa i Eksploatacja Maszyn<\/td><td>VI Konferencja Naukowo-Techniczna Problemy Bezpiecze\u0144stwa w Pojazdach Samochodowych. Kielce 12-13 lutego 2008 r.<\/td><\/tr><tr><td class=\"has-text-align-center\" data-align=\"center\"><a href=\"\/dok\/spisytresci\/NaukiTechniczne\/10_NT_Budowa i Eksploatacja Maszyn vol I i II.PDF\" target=\"_blank\" rel=\"noreferrer noopener\"><strong>10<\/strong><\/a><\/td><td class=\"has-text-align-center\" data-align=\"center\">2008<\/td><td>Budowa i Eksploatacja Maszyn<\/td><td>XII Mi\u0119dzynarodowa Konferencja Naukowo-Techniczna Hermotechnika, Niezawodno\u015b\u0107 Dynamiczna i Bezpiecze\u0144stwo Ekologiczne Pomp i Kompresor\u00f3w. Kielce-Przemy\u015bl, 9-12 wrze\u015bnia 2008<\/td><\/tr><tr><td class=\"has-text-align-center\" data-align=\"center\"><a href=\"\/dok\/spisytresci\/NaukiTechniczne\/11_NT_Budowa i Eksploatacja Maszyn.PDF\" target=\"_blank\" rel=\"noreferrer noopener\"><strong>11<\/strong><\/a><\/td><td class=\"has-text-align-center\" data-align=\"center\">2008<\/td><td>Budowa i Eksploatacja Maszyn<\/td><td>Terotechnologia 2008. Materia\u0142y Konferencji na ekspozycji METAL i CONTROL-TECH Targi &#8211; Kielce (24-26.09.2008)<\/td><\/tr><tr><td class=\"has-text-align-center\" data-align=\"center\"><a href=\"\/dok\/spisytresci\/NaukiTechniczne\/12_NT_Budowa i Eksploatacja Maszyn.PDF\" target=\"_blank\" rel=\"noreferrer noopener\"><strong>12<\/strong><\/a><\/td><td class=\"has-text-align-center\" data-align=\"center\">2009<\/td><td>Budowa i Eksploatacja Maszyn<\/td><td>XXII Konferencja Naukowa Problemy Rozwoju Maszyn Roboczych. Zakopane 19-22.01.2009<\/td><\/tr><tr><td class=\"has-text-align-center\" data-align=\"center\"><a href=\"\/dok\/spisytresci\/NaukiTechniczne\/13_NT_Budowa i Eksploatacja Maszyn.PDF\" target=\"_blank\" rel=\"noreferrer noopener\"><strong>13<\/strong><\/a><\/td><td class=\"has-text-align-center\" data-align=\"center\">2009<\/td><td>Budowa i Eksploatacja Maszyn<\/td><td>Terotechnologia 2009. Materia\u0142y Konferencji na ekspozycji METAL i CONTROL-TECH Targi &#8211; Kielce (29.09-01.10.2009)<\/td><\/tr><tr><td class=\"has-text-align-center\" data-align=\"center\"><a href=\"\/dok\/spisytresci\/NaukiTechniczne\/15_NT_Elektryka.PDF\" target=\"_blank\" rel=\"noreferrer noopener\"><strong>15<\/strong><\/a><\/td><td class=\"has-text-align-center\" data-align=\"center\">2010<\/td><td>Elektryka<\/td><td>Konferencja Naukowo-Techniczna Modelowanie i Sterowanie Proces\u00f3w Elektrotermicznych. Kielce, 22-24 wrze\u015bnia 2010<\/td><\/tr><tr><td class=\"has-text-align-center\" data-align=\"center\"><a href=\"\/dok\/spisytresci\/NaukiTechniczne\/16_NT_Budowa i Eksploatacja Maszyn.PDF\" target=\"_blank\" rel=\"noreferrer noopener\"><strong>16<\/strong><\/a><\/td><td class=\"has-text-align-center\" data-align=\"center\">2011<\/td><td>Budowa i Eksploatacja Maszyn<\/td><td>IV Letnia Szko\u0142a In\u017cynierii Powierzchni. Kielce 7-8.10.2010<\/td><\/tr><tr><td class=\"has-text-align-center\" data-align=\"center\"><a href=\"\/dok\/spisytresci\/NaukiTechniczne\/17_NT_Budowa i Eksploatacja Maszyn.PDF\" target=\"_blank\" rel=\"noreferrer noopener\"><strong>17<\/strong><\/a><\/td><td class=\"has-text-align-center\" data-align=\"center\">2012<\/td><td>Budowa i Eksploatacja Maszyn<\/td><td>Terotechnologia 2011. Materia\u0142y Konferencji na ekspozycji METAL i CONTROL-TECH Targi &#8211; Kielce, 29-30.09.2011<\/td><\/tr><tr><td class=\"has-text-align-center\" data-align=\"center\"><a href=\"\/dok\/spisytresci\/NaukiTechniczne\/18_NT_Budowa_i_Eksploatacja_Maszyn.pdf\" target=\"_blank\" rel=\"noreferrer noopener\"><strong>18<\/strong><\/a><\/td><td class=\"has-text-align-center\" data-align=\"center\">2014<\/td><td>Budowa i Eksploatacja Maszyn<\/td><td>Terotechnologia 2013. Materia\u0142y Konferencji na ekspozycji METAL i CONTROL-TECH Targi &#8211; Kielce, 26-27.09.2013<\/td><\/tr><\/tbody><\/table><\/figure>\n","protected":false},"excerpt":{"rendered":"<p>Od 2006 r. Zeszyty Naukowe Politechniki \u015awi\u0119tokrzyskiej ukazuj\u0105 si\u0119 w trzech nienumerowanych seriach: Nauki Techniczne, Nauki Ekonomiczne i Nauki Podstawowe. Seria Nauki Techniczne ukazuje si\u0119 w podseriach: Budowa i Eksploatacja Maszyn, Budownictwo, In\u017cynieria \u015arodowiska, Mechanika, Automatyka i Robotyka, Informatyka, Elektryka. Wszystkie Zeszyty Naukowe Politechniki \u015awi\u0119tokrzyskiej od 2006 r. maj\u0105 numeracj\u0119 ci\u0105g\u0142\u0105, niezale\u017cnie od serii. W [&hellip;]<\/p>\n","protected":false},"author":3,"featured_media":0,"parent":0,"menu_order":0,"comment_status":"closed","ping_status":"closed","template":"","meta":{"footnotes":""},"class_list":["post-253","page","type-page","status-publish","hentry"],"_links":{"self":[{"href":"https:\/\/lib.tu.kielce.pl\/index.php\/wp-json\/wp\/v2\/pages\/253","targetHints":{"allow":["GET"]}}],"collection":[{"href":"https:\/\/lib.tu.kielce.pl\/index.php\/wp-json\/wp\/v2\/pages"}],"about":[{"href":"https:\/\/lib.tu.kielce.pl\/index.php\/wp-json\/wp\/v2\/types\/page"}],"author":[{"embeddable":true,"href":"https:\/\/lib.tu.kielce.pl\/index.php\/wp-json\/wp\/v2\/users\/3"}],"replies":[{"embeddable":true,"href":"https:\/\/lib.tu.kielce.pl\/index.php\/wp-json\/wp\/v2\/comments?post=253"}],"version-history":[{"count":0,"href":"https:\/\/lib.tu.kielce.pl\/index.php\/wp-json\/wp\/v2\/pages\/253\/revisions"}],"wp:attachment":[{"href":"https:\/\/lib.tu.kielce.pl\/index.php\/wp-json\/wp\/v2\/media?parent=253"}],"curies":[{"name":"wp","href":"https:\/\/api.w.org\/{rel}","templated":true}]}}