{"id":252,"date":"2022-01-12T14:03:08","date_gmt":"2022-01-12T13:03:08","guid":{"rendered":"http:\/\/81.26.5.67\/?page_id=252"},"modified":"2022-01-13T13:12:42","modified_gmt":"2022-01-13T12:12:42","slug":"zeszyty-naukowe-politechniki-swietokrzyskiej-seria-transport","status":"publish","type":"page","link":"https:\/\/lib.tu.kielce.pl\/index.php\/zeszyty-naukowe-politechniki-swietokrzyskiej-seria-transport\/","title":{"rendered":"Zeszyty Naukowe Politechniki \u015awi\u0119tokrzyskiej. Seria Transport"},"content":{"rendered":"\n<p>Seria Transport ukazywa\u0142a si\u0119 w latach 1973-1978 &#8211; najpierw jako Zeszyty Naukowe Kielecko-Radomskiej Wy\u017cszej Szko\u0142y In\u017cynierskiej. Transport (1973), a nast\u0119pnie jako Zeszyty Naukowe Politechniki \u015awi\u0119tokrzyskiej. Transport (1974-1878).<\/p>\n\n\n\n<p>Linki do zeskanowanych spis\u00f3w tre\u015bci poszczeg\u00f3lnych zeszyt\u00f3w znajduj\u0105 si\u0119 pod kolejnymi numerami.<\/p>\n\n\n\n<figure class=\"wp-block-table is-style-stripes\"><table><tbody><tr><td class=\"has-text-align-center\" data-align=\"center\"><strong>Numer<\/strong><\/td><td class=\"has-text-align-center\" data-align=\"center\"><strong>Rok<\/strong><\/td><td><strong>Tytu\u0142<\/strong><\/td><\/tr><tr><td class=\"has-text-align-center\" data-align=\"center\"><a href=\"\/dok\/spisytresci\/Transport\/1.PDF\" target=\"_blank\" rel=\"noreferrer noopener\"><strong>1<\/strong><\/a><\/td><td class=\"has-text-align-center\" data-align=\"center\">1973<\/td><td><\/td><\/tr><tr><td class=\"has-text-align-center\" data-align=\"center\"><a href=\"\/dok\/spisytresci\/Transport\/2.PDF\" target=\"_blank\" rel=\"noreferrer noopener\"><strong>2<\/strong><\/a><\/td><td class=\"has-text-align-center\" data-align=\"center\">1974<\/td><td><\/td><\/tr><tr><td class=\"has-text-align-center\" data-align=\"center\"><a href=\"\/dok\/spisytresci\/Transport\/3.PDF\" target=\"_blank\" rel=\"noreferrer noopener\"><strong>3<\/strong><\/a><\/td><td class=\"has-text-align-center\" data-align=\"center\">1975<\/td><td>Materia\u0142y z konferencji naukowej nt. &#8222;Bezpieczne uk\u0142ady sterowania&#8221; zorganizowanej przez Instytut Sterowania i Organizacji Transportu Politechniki \u015awi\u0119tokrzyskiej, Radom 6-7 XI 1975 r.<\/td><\/tr><tr><td class=\"has-text-align-center\" data-align=\"center\"><a href=\"\/dok\/spisytresci\/Transport\/4.PDF\" target=\"_blank\" rel=\"noreferrer noopener\"><strong>4<\/strong><\/a><\/td><td class=\"has-text-align-center\" data-align=\"center\">1976<\/td><td>Wybrane zagadnienia sterowania ruchem kolejowym<\/td><\/tr><tr><td class=\"has-text-align-center\" data-align=\"center\"><a href=\"\/dok\/spisytresci\/Transport\/5.PDF\" target=\"_blank\" rel=\"noreferrer noopener\"><strong>5<\/strong><\/a><\/td><td class=\"has-text-align-center\" data-align=\"center\">1977<\/td><td>Zasady modelowania matematycznego obiekt\u00f3w i proces\u00f3w sterowania ruchem kolejowym \/ S\u0142awomir Apuniewicz<\/td><\/tr><tr><td class=\"has-text-align-center\" data-align=\"center\"><a href=\"\/dok\/spisytresci\/Transport\/6.PDF\" target=\"_blank\" rel=\"noreferrer noopener\"><strong>6<\/strong><\/a><\/td><td class=\"has-text-align-center\" data-align=\"center\">1977<\/td><td>Materia\u0142y II konferencji naukowej n.t. &#8222;Bezpieczne uk\u0142ady sterowania&#8221; zorganizowanej przez Instytut Transportu Politechniki \u015awi\u0119tokrzyskiej. Radom, 29-30 wrze\u015bnia 1977 r.<\/td><\/tr><tr><td class=\"has-text-align-center\" data-align=\"center\"><a href=\"\/dok\/spisytresci\/Transport\/7.PDF\" target=\"_blank\" rel=\"noreferrer noopener\"><strong>7<\/strong><\/a><\/td><td class=\"has-text-align-center\" data-align=\"center\">1978<\/td><td><\/td><\/tr><tr><td class=\"has-text-align-center\" data-align=\"center\"><a href=\"\/dok\/spisytresci\/Transport\/8.PDF\" target=\"_blank\" rel=\"noreferrer noopener\"><strong>8<\/strong><\/a><\/td><td class=\"has-text-align-center\" data-align=\"center\">1978<\/td><td>Badanie ilo\u015bci informacji zawartej w elementach danych \/ Rafa\u0142 \u0141aszkiewicz<\/td><\/tr><tr><td class=\"has-text-align-center\" data-align=\"center\"><a href=\"\/dok\/spisytresci\/Transport\/9.PDF\" target=\"_blank\" rel=\"noreferrer noopener\"><strong>9<\/strong><\/a><\/td><td class=\"has-text-align-center\" data-align=\"center\">1978<\/td><td>XIII Mi\u0119dzyuczelniana Konferencja Metrolog\u00f3w. Radom, wrzesie\u0144 1978<\/td><\/tr><\/tbody><\/table><\/figure>\n","protected":false},"excerpt":{"rendered":"<p>Seria Transport ukazywa\u0142a si\u0119 w latach 1973-1978 &#8211; najpierw jako Zeszyty Naukowe Kielecko-Radomskiej Wy\u017cszej Szko\u0142y In\u017cynierskiej. Transport (1973), a nast\u0119pnie jako Zeszyty Naukowe Politechniki \u015awi\u0119tokrzyskiej. Transport (1974-1878). Linki do zeskanowanych spis\u00f3w tre\u015bci poszczeg\u00f3lnych zeszyt\u00f3w znajduj\u0105 si\u0119 pod kolejnymi numerami. Numer Rok Tytu\u0142 1 1973 2 1974 3 1975 Materia\u0142y z konferencji naukowej nt. &#8222;Bezpieczne uk\u0142ady [&hellip;]<\/p>\n","protected":false},"author":3,"featured_media":0,"parent":0,"menu_order":0,"comment_status":"closed","ping_status":"closed","template":"","meta":{"footnotes":""},"class_list":["post-252","page","type-page","status-publish","hentry"],"_links":{"self":[{"href":"https:\/\/lib.tu.kielce.pl\/index.php\/wp-json\/wp\/v2\/pages\/252","targetHints":{"allow":["GET"]}}],"collection":[{"href":"https:\/\/lib.tu.kielce.pl\/index.php\/wp-json\/wp\/v2\/pages"}],"about":[{"href":"https:\/\/lib.tu.kielce.pl\/index.php\/wp-json\/wp\/v2\/types\/page"}],"author":[{"embeddable":true,"href":"https:\/\/lib.tu.kielce.pl\/index.php\/wp-json\/wp\/v2\/users\/3"}],"replies":[{"embeddable":true,"href":"https:\/\/lib.tu.kielce.pl\/index.php\/wp-json\/wp\/v2\/comments?post=252"}],"version-history":[{"count":0,"href":"https:\/\/lib.tu.kielce.pl\/index.php\/wp-json\/wp\/v2\/pages\/252\/revisions"}],"wp:attachment":[{"href":"https:\/\/lib.tu.kielce.pl\/index.php\/wp-json\/wp\/v2\/media?parent=252"}],"curies":[{"name":"wp","href":"https:\/\/api.w.org\/{rel}","templated":true}]}}