{"id":251,"date":"2022-01-12T14:00:23","date_gmt":"2022-01-12T13:00:23","guid":{"rendered":"http:\/\/81.26.5.67\/?page_id=251"},"modified":"2022-01-13T13:05:52","modified_gmt":"2022-01-13T12:05:52","slug":"zeszyty-naukowe-politechniki-swietokrzyskiej-seria-problemy-nauk-podstawowych","status":"publish","type":"page","link":"https:\/\/lib.tu.kielce.pl\/index.php\/zeszyty-naukowe-politechniki-swietokrzyskiej-seria-problemy-nauk-podstawowych\/","title":{"rendered":"Zeszyty Naukowe Politechniki \u015awi\u0119tokrzyskiej. Seria Problemy Nauk Podstawowych"},"content":{"rendered":"\n<p>Seria Problemy Nauk Podstawowych ukazywa\u0142a si\u0119 w latach 1969-1987 &#8211; najpierw jako Zeszyty Naukowe Kielecko-Radomskiej Wy\u017cszej Szko\u0142y In\u017cynierskiej. Problemy Nauk Podstawowych (1969-1973), a nast\u0119pnie jako Zeszyty Naukowe Politechniki \u015awi\u0119tokrzyskiej. Problemy Nauk Podstawowych (1977-1987). W latach 1970-1979 posiada\u0142y podserie tematyczne: Chemia, Fizyka, Matematyka, Geometria.<\/p>\n\n\n\n<p>Linki do zeskanowanych spis\u00f3w tre\u015bci poszczeg\u00f3lnych zeszyt\u00f3w znajduj\u0105 si\u0119 pod kolejnymi numerami.<\/p>\n\n\n\n<figure class=\"wp-block-table is-style-stripes\"><table><tbody><tr><td class=\"has-text-align-center\" data-align=\"center\"><strong>Numer<\/strong><\/td><td class=\"has-text-align-center\" data-align=\"center\"><strong>Rok<\/strong><\/td><td><strong>Podseria<\/strong><\/td><td><strong>Tytu\u0142<\/strong><\/td><\/tr><tr><td class=\"has-text-align-center\" data-align=\"center\"><a href=\"\/dok\/spisytresci\/ProblemyNaukPodstawowych\/1.PDF\" target=\"_blank\" rel=\"noreferrer noopener\"><strong>1<\/strong><\/a><\/td><td class=\"has-text-align-center\" data-align=\"center\">1969<\/td><td><\/td><td><\/td><\/tr><tr><td class=\"has-text-align-center\" data-align=\"center\"><a href=\"\/dok\/spisytresci\/ProblemyNaukPodstawowych\/2 chemia 1.PDF\" target=\"_blank\" rel=\"noreferrer noopener\"><strong>2<\/strong><\/a><\/td><td class=\"has-text-align-center\" data-align=\"center\">1970<\/td><td>Chemia 1<\/td><td><\/td><\/tr><tr><td class=\"has-text-align-center\" data-align=\"center\"><a href=\"\/dok\/spisytresci\/ProblemyNaukPodstawowych\/3 fizyka 1.PDF\" target=\"_blank\" rel=\"noreferrer noopener\"><strong>3<\/strong><\/a><\/td><td class=\"has-text-align-center\" data-align=\"center\">1971<\/td><td>Fizyka 1<\/td><td><\/td><\/tr><tr><td class=\"has-text-align-center\" data-align=\"center\"><a href=\"\/dok\/spisytresci\/ProblemyNaukPodstawowych\/4 matematyka 1.PDF\" target=\"_blank\" rel=\"noreferrer noopener\"><strong>4<\/strong><\/a><\/td><td class=\"has-text-align-center\" data-align=\"center\">1971<\/td><td>Matematyka 1<\/td><td><\/td><\/tr><tr><td class=\"has-text-align-center\" data-align=\"center\"><a href=\"\/dok\/spisytresci\/ProblemyNaukPodstawowych\/5 chemia 2.PDF\" target=\"_blank\" rel=\"noreferrer noopener\"><strong>5<\/strong><\/a><\/td><td class=\"has-text-align-center\" data-align=\"center\">1972<\/td><td>Chemia 2<\/td><td><\/td><\/tr><tr><td class=\"has-text-align-center\" data-align=\"center\"><a href=\"\/dok\/spisytresci\/ProblemyNaukPodstawowych\/6 matematyka 2.PDF\" target=\"_blank\" rel=\"noreferrer noopener\"><strong>6<\/strong><\/a><\/td><td class=\"has-text-align-center\" data-align=\"center\">1973<\/td><td>Matematyka 2<\/td><td>Metoda rozwi\u0105zywania problem\u00f3w techniki sprowadzalnych do r\u00f3wna\u0144 r\u00f3\u017cniczkowych zwyczajnych n-tego rz\u0119du ze zmiennymi wsp\u00f3\u0142czynnikami \/ Krzysztof Wierzcholski<\/td><\/tr><tr><td class=\"has-text-align-center\" data-align=\"center\"><a href=\"\/dok\/spisytresci\/ProblemyNaukPodstawowych\/7 geometria 1.PDF\" target=\"_blank\" rel=\"noreferrer noopener\"><strong>7<\/strong><\/a><\/td><td class=\"has-text-align-center\" data-align=\"center\">1973<\/td><td>Geometria 1<\/td><td>Geometryczne podstawy opracowywania plan\u00f3w sytuacyjno-wysoko\u015bciowych z fotogram\u00f3w lotniczych \/ Bronis\u0142aw \u015alusarczyk<\/td><\/tr><tr><td class=\"has-text-align-center\" data-align=\"center\"><a href=\"\/dok\/spisytresci\/ProblemyNaukPodstawowych\/8 fizyka 2.PDF\" target=\"_blank\" rel=\"noreferrer noopener\"><strong>8<\/strong><\/a><\/td><td class=\"has-text-align-center\" data-align=\"center\">1977<\/td><td>Fizyka 2<\/td><td>Nowe efekty rozpraszania krytycznego neuron\u00f3w w \u017celazie \/ Roman Ciszewski<\/td><\/tr><tr><td class=\"has-text-align-center\" data-align=\"center\"><a href=\"\/dok\/spisytresci\/ProblemyNaukPodstawowych\/9 matematyka 3.PDF\" target=\"_blank\" rel=\"noreferrer noopener\"><strong>9<\/strong><\/a><\/td><td class=\"has-text-align-center\" data-align=\"center\">1977<\/td><td>Matematyka 3<\/td><td><\/td><\/tr><tr><td class=\"has-text-align-center\" data-align=\"center\"><a href=\"\/dok\/spisytresci\/ProblemyNaukPodstawowych\/10 fizyka 3.PDF\" target=\"_blank\" rel=\"noreferrer noopener\"><strong>10<\/strong><\/a><\/td><td class=\"has-text-align-center\" data-align=\"center\">1977<\/td><td>Fizyka 3<\/td><td><\/td><\/tr><tr><td class=\"has-text-align-center\" data-align=\"center\"><a href=\"\/dok\/spisytresci\/ProblemyNaukPodstawowych\/11 geometria 2.PDF\" target=\"_blank\" rel=\"noreferrer noopener\"><strong>11<\/strong><\/a><\/td><td class=\"has-text-align-center\" data-align=\"center\">1979<\/td><td>Geometria 2<\/td><td><\/td><\/tr><tr><td class=\"has-text-align-center\" data-align=\"center\"><a href=\"\/dok\/spisytresci\/ProblemyNaukPodstawowych\/12.PDF\" target=\"_blank\" rel=\"noreferrer noopener\"><strong>12<\/strong><\/a><\/td><td class=\"has-text-align-center\" data-align=\"center\">1980<\/td><td><\/td><td>Materia\u0142y Sesji Naukowej zorganizowanej z okazji 15 lecia Politechniki \u015awi\u0119tokrzyskiej<\/td><\/tr><tr><td class=\"has-text-align-center\" data-align=\"center\"><a href=\"\/dok\/spisytresci\/ProblemyNaukPodstawowych\/13.PDF\" target=\"_blank\" rel=\"noreferrer noopener\"><strong>13<\/strong><\/a><\/td><td class=\"has-text-align-center\" data-align=\"center\">1983<\/td><td><\/td><td>Struktura supergalaktyki badana metod\u0105 grupowania lokalnego \/ Krzysztof Bere\u015b<\/td><\/tr><tr><td class=\"has-text-align-center\" data-align=\"center\"><a href=\"\/dok\/spisytresci\/ProblemyNaukPodstawowych\/14.PDF\" target=\"_blank\" rel=\"noreferrer noopener\"><strong>14<\/strong><\/a><\/td><td class=\"has-text-align-center\" data-align=\"center\">1983<\/td><td><\/td><td><\/td><\/tr><tr><td class=\"has-text-align-center\" data-align=\"center\"><a href=\"\/dok\/spisytresci\/ProblemyNaukPodstawowych\/15.PDF\" target=\"_blank\" rel=\"noreferrer noopener\"><strong>15<\/strong><\/a><\/td><td class=\"has-text-align-center\" data-align=\"center\">1983<\/td><td><\/td><td>Post\u0119p techniczny w rozwoju gospodarki regionu. Konferencja Naukowa Politechniki \u015awi\u0119tokrzyskiej Kielce 30 wrzesie\u0144 &#8211; 1 pa\u017adziernik 1983<\/td><\/tr><tr><td class=\"has-text-align-center\" data-align=\"center\"><a href=\"\/dok\/spisytresci\/ProblemyNaukPodstawowych\/16.PDF\" target=\"_blank\" rel=\"noreferrer noopener\"><strong>16<\/strong><\/a><\/td><td class=\"has-text-align-center\" data-align=\"center\">1985<\/td><td><\/td><td><\/td><\/tr><tr><td class=\"has-text-align-center\" data-align=\"center\"><a href=\"\/dok\/spisytresci\/ProblemyNaukPodstawowych\/17.PDF\" target=\"_blank\" rel=\"noreferrer noopener\"><strong>17<\/strong><\/a><\/td><td class=\"has-text-align-center\" data-align=\"center\">1987<\/td><td><\/td><td>The Algorithms of Selected Problems in Cluster Analysis<\/td><\/tr><\/tbody><\/table><\/figure>\n","protected":false},"excerpt":{"rendered":"<p>Seria Problemy Nauk Podstawowych ukazywa\u0142a si\u0119 w latach 1969-1987 &#8211; najpierw jako Zeszyty Naukowe Kielecko-Radomskiej Wy\u017cszej Szko\u0142y In\u017cynierskiej. Problemy Nauk Podstawowych (1969-1973), a nast\u0119pnie jako Zeszyty Naukowe Politechniki \u015awi\u0119tokrzyskiej. Problemy Nauk Podstawowych (1977-1987). W latach 1970-1979 posiada\u0142y podserie tematyczne: Chemia, Fizyka, Matematyka, Geometria. Linki do zeskanowanych spis\u00f3w tre\u015bci poszczeg\u00f3lnych zeszyt\u00f3w znajduj\u0105 si\u0119 pod kolejnymi numerami. [&hellip;]<\/p>\n","protected":false},"author":3,"featured_media":0,"parent":0,"menu_order":0,"comment_status":"closed","ping_status":"closed","template":"","meta":{"footnotes":""},"class_list":["post-251","page","type-page","status-publish","hentry"],"_links":{"self":[{"href":"https:\/\/lib.tu.kielce.pl\/index.php\/wp-json\/wp\/v2\/pages\/251","targetHints":{"allow":["GET"]}}],"collection":[{"href":"https:\/\/lib.tu.kielce.pl\/index.php\/wp-json\/wp\/v2\/pages"}],"about":[{"href":"https:\/\/lib.tu.kielce.pl\/index.php\/wp-json\/wp\/v2\/types\/page"}],"author":[{"embeddable":true,"href":"https:\/\/lib.tu.kielce.pl\/index.php\/wp-json\/wp\/v2\/users\/3"}],"replies":[{"embeddable":true,"href":"https:\/\/lib.tu.kielce.pl\/index.php\/wp-json\/wp\/v2\/comments?post=251"}],"version-history":[{"count":0,"href":"https:\/\/lib.tu.kielce.pl\/index.php\/wp-json\/wp\/v2\/pages\/251\/revisions"}],"wp:attachment":[{"href":"https:\/\/lib.tu.kielce.pl\/index.php\/wp-json\/wp\/v2\/media?parent=251"}],"curies":[{"name":"wp","href":"https:\/\/api.w.org\/{rel}","templated":true}]}}