{"id":247,"date":"2022-01-12T13:41:05","date_gmt":"2022-01-12T12:41:05","guid":{"rendered":"http:\/\/81.26.5.67\/?page_id=247"},"modified":"2022-01-13T11:23:52","modified_gmt":"2022-01-13T10:23:52","slug":"zeszyty-naukowe-politechniki-swietokrzyskiej-seria-elektryka","status":"publish","type":"page","link":"https:\/\/lib.tu.kielce.pl\/index.php\/zeszyty-naukowe-politechniki-swietokrzyskiej-seria-elektryka\/","title":{"rendered":"Zeszyty Naukowe Politechniki \u015awi\u0119tokrzyskiej. Seria Elektryka"},"content":{"rendered":"\n<p>Seria Elektryka ukazywa\u0142a si\u0119 w latach 1974-2005.<\/p>\n\n\n\n<p>Linki do zeskanowanych spis\u00f3w tre\u015bci poszczeg\u00f3lnych zeszyt\u00f3w znajduj\u0105 si\u0119 pod kolejnymi numerami.<\/p>\n\n\n\n<figure class=\"wp-block-table is-style-stripes\"><table><tbody><tr><td class=\"has-text-align-center\" data-align=\"center\"><strong>Numer<\/strong><\/td><td class=\"has-text-align-center\" data-align=\"center\"><strong>Rok<\/strong><\/td><td><strong>Tytu\u0142<\/strong><\/td><\/tr><tr><td class=\"has-text-align-center\" data-align=\"center\"><a href=\"\/dok\/spisytresci\/Elektryka\/E1.PDF\" target=\"_blank\" rel=\"noreferrer noopener\"><strong>1<\/strong><\/a><\/td><td class=\"has-text-align-center\" data-align=\"center\">1974<\/td><td><\/td><\/tr><tr><td class=\"has-text-align-center\" data-align=\"center\"><a href=\"\/dok\/spisytresci\/Elektryka\/E2.PDF\" target=\"_blank\" rel=\"noreferrer noopener\"><strong>2<\/strong><\/a><\/td><td class=\"has-text-align-center\" data-align=\"center\">1976<\/td><td><\/td><\/tr><tr><td class=\"has-text-align-center\" data-align=\"center\"><a href=\"\/dok\/spisytresci\/Elektryka\/E3.PDF\" target=\"_blank\" rel=\"noreferrer noopener\"><strong>3<\/strong><\/a><\/td><td class=\"has-text-align-center\" data-align=\"center\">1977<\/td><td>Kodowanie wt\u00f3rno-rozdzielne w systemach przesy\u0142ania informacji cyfrowych \/ Andrzej Dziech<\/td><\/tr><tr><td class=\"has-text-align-center\" data-align=\"center\"><a href=\"\/dok\/spisytresci\/Elektryka\/E4.PDF\" target=\"_blank\" rel=\"noreferrer noopener\"><strong>4<\/strong><\/a><\/td><td class=\"has-text-align-center\" data-align=\"center\">1978<\/td><td><\/td><\/tr><tr><td class=\"has-text-align-center\" data-align=\"center\"><a href=\"\/dok\/spisytresci\/Elektryka\/E5.PDF\" target=\"_blank\" rel=\"noreferrer noopener\"><strong>5<\/strong><\/a><\/td><td class=\"has-text-align-center\" data-align=\"center\">1979<\/td><td>Analiza wp\u0142ywu parametr\u00f3w stali litego wirnika turbogeneratora du\u017cej mocy na proces ko\u0142ysa\u0144 w\u0142asnych \/ Roman Nadolski<\/td><\/tr><tr><td class=\"has-text-align-center\" data-align=\"center\"><a href=\"\/dok\/spisytresci\/Elektryka\/E6.PDF\" target=\"_blank\" rel=\"noreferrer noopener\"><strong>6<\/strong><\/a><\/td><td class=\"has-text-align-center\" data-align=\"center\">1980<\/td><td><\/td><\/tr><tr><td class=\"has-text-align-center\" data-align=\"center\"><a href=\"\/dok\/spisytresci\/Elektryka\/E7.PDF\" target=\"_blank\" rel=\"noreferrer noopener\"><strong>7<\/strong><\/a><\/td><td class=\"has-text-align-center\" data-align=\"center\">1980<\/td><td>Materia\u0142y sesji naukowej &#8222;Wk\u0142ad Politechniki \u015awi\u0119tokrzyskiej w rozw\u00f3j przemys\u0142u regionu kieleckiego&#8221; zorganizowanej z okazji 15 lecia Politechniki \u015awi\u0119tokrzyskiej<\/td><\/tr><tr><td class=\"has-text-align-center\" data-align=\"center\"><a href=\"\/dok\/spisytresci\/Elektryka\/E8.PDF\" target=\"_blank\" rel=\"noreferrer noopener\"><strong>8<\/strong><\/a><\/td><td class=\"has-text-align-center\" data-align=\"center\">1981<\/td><td><\/td><\/tr><tr><td class=\"has-text-align-center\" data-align=\"center\"><a href=\"\/dok\/spisytresci\/Elektryka\/E9.PDF\" target=\"_blank\" rel=\"noreferrer noopener\"><strong>9<\/strong><\/a><\/td><td class=\"has-text-align-center\" data-align=\"center\">1982<\/td><td><\/td><\/tr><tr><td class=\"has-text-align-center\" data-align=\"center\"><a href=\"\/dok\/spisytresci\/Elektryka\/E10.PDF\" target=\"_blank\" rel=\"noreferrer noopener\"><strong>10<\/strong><\/a><\/td><td class=\"has-text-align-center\" data-align=\"center\">1982<\/td><td><\/td><\/tr><tr><td class=\"has-text-align-center\" data-align=\"center\"><a href=\"\/dok\/spisytresci\/Elektryka\/E11.PDF\" target=\"_blank\" rel=\"noreferrer noopener\"><strong>11<\/strong><\/a><\/td><td class=\"has-text-align-center\" data-align=\"center\">1983<\/td><td>Zastosowanie r\u00f3wna\u0144 \u017ale uwarunkowanych do rozwi\u0105zywania zagadnie\u0144 analizy i syntezy pola elektromagnetycznego \/ Kazimierz Adamiak<\/td><\/tr><tr><td class=\"has-text-align-center\" data-align=\"center\"><a href=\"\/dok\/spisytresci\/Elektryka\/E12.PDF\" target=\"_blank\" rel=\"noreferrer noopener\"><strong>12<\/strong><\/a><\/td><td class=\"has-text-align-center\" data-align=\"center\">1983<\/td><td><\/td><\/tr><tr><td class=\"has-text-align-center\" data-align=\"center\"><a href=\"\/dok\/spisytresci\/Elektryka\/E13.PDF\" target=\"_blank\" rel=\"noreferrer noopener\"><strong>13<\/strong><\/a><\/td><td class=\"has-text-align-center\" data-align=\"center\">1983<\/td><td>Post\u0119p techniczny w rozwoju gospodarki regionu. Konferencja Naukowa Politechniki \u015awi\u0119tokrzyskiej, Kielce, 30 wrzesie\u0144-1 pa\u017adziernik 1983<\/td><\/tr><tr><td class=\"has-text-align-center\" data-align=\"center\"><a href=\"\/dok\/spisytresci\/Elektryka\/E14.PDF\" target=\"_blank\" rel=\"noreferrer noopener\"><strong>14<\/strong><\/a><\/td><td class=\"has-text-align-center\" data-align=\"center\">1984<\/td><td>Silniki indukcyjne o dw\u00f3ch stopniach swobody mechanicznej. Analiza zjawisk elektromagnetycznych i w\u0142asno\u015bci elektromechaniczne w stanach pracy ustalonych \/ Ernest Mendrela<\/td><\/tr><tr><td class=\"has-text-align-center\" data-align=\"center\"><a href=\"\/dok\/spisytresci\/Elektryka\/E15.PDF\" target=\"_blank\" rel=\"noreferrer noopener\"><strong>15<\/strong><\/a><\/td><td class=\"has-text-align-center\" data-align=\"center\">1986<\/td><td><\/td><\/tr><tr><td class=\"has-text-align-center\" data-align=\"center\"><a href=\"\/dok\/spisytresci\/Elektryka\/E16.PDF\" target=\"_blank\" rel=\"noreferrer noopener\"><strong>16<\/strong><\/a><\/td><td class=\"has-text-align-center\" data-align=\"center\">1985<\/td><td>Materia\u0142y konferencyjne : Krajowe Sympozjum Pomiar\u00f3w Magnetycznych<\/td><\/tr><tr><td class=\"has-text-align-center\" data-align=\"center\"><a href=\"\/dok\/spisytresci\/Elektryka\/E17.PDF\" target=\"_blank\" rel=\"noreferrer noopener\"><strong>17<\/strong><\/a><\/td><td class=\"has-text-align-center\" data-align=\"center\">1986<\/td><td>IV Krajowe Seminarium : Rozw\u00f3j teoretycznych podstaw optymalizacji zautomatyzowanych uk\u0142ad\u00f3w nap\u0119du elektrycznego, Sulej\u00f3w, 27-30 listopada 1986<\/td><\/tr><tr><td class=\"has-text-align-center\" data-align=\"center\"><a href=\"\/dok\/spisytresci\/Elektryka\/E18.PDF\" target=\"_blank\" rel=\"noreferrer noopener\"><strong>18<\/strong><\/a><\/td><td class=\"has-text-align-center\" data-align=\"center\">1987<\/td><td>Problemy budowy i eksploatacji urz\u0105dze\u0144 tyrystorowych, Kielce, 20-21 maj 1987<\/td><\/tr><tr><td class=\"has-text-align-center\" data-align=\"center\"><a href=\"\/dok\/spisytresci\/Elektryka\/E19.PDF\" target=\"_blank\" rel=\"noreferrer noopener\"><strong>19<\/strong><\/a><\/td><td class=\"has-text-align-center\" data-align=\"center\">1988<\/td><td>Materia\u0142y konferencyjne II Krajowego Sympozjum Pomiar\u00f3w Magnetycznych<\/td><\/tr><tr><td class=\"has-text-align-center\" data-align=\"center\"><a href=\"\/dok\/spisytresci\/Elektryka\/E20.PDF\" target=\"_blank\" rel=\"noreferrer noopener\"><strong>20<\/strong><\/a><\/td><td class=\"has-text-align-center\" data-align=\"center\">1988<\/td><td><\/td><\/tr><tr><td class=\"has-text-align-center\" data-align=\"center\"><a href=\"\/dok\/spisytresci\/Elektryka\/E21.PDF\" target=\"_blank\" rel=\"noreferrer noopener\"><strong>21<\/strong><\/a><\/td><td class=\"has-text-align-center\" data-align=\"center\">1989<\/td><td>Pomiar si\u0142 impulsowych \/ Zdzis\u0142aw Kaczmarek<\/td><\/tr><tr><td class=\"has-text-align-center\" data-align=\"center\"><a href=\"\/dok\/spisytresci\/Elektryka\/E22.PDF\" target=\"_blank\" rel=\"noreferrer noopener\"><strong>22<\/strong><\/a><\/td><td class=\"has-text-align-center\" data-align=\"center\">1990<\/td><td><\/td><\/tr><tr><td class=\"has-text-align-center\" data-align=\"center\"><a href=\"\/dok\/spisytresci\/Elektryka\/E23.PDF\" target=\"_blank\" rel=\"noreferrer noopener\"><strong>23<\/strong><\/a><\/td><td class=\"has-text-align-center\" data-align=\"center\">1990<\/td><td>Rozwi\u0105zywanie r\u00f3wna\u0144 iteracyjnych algorytmem DQ &#8211; nowe podej\u015bcie \/ Edward Dziopa<\/td><\/tr><tr><td class=\"has-text-align-center\" data-align=\"center\"><a href=\"\/dok\/spisytresci\/Elektryka\/E24.PDF\" target=\"_blank\" rel=\"noreferrer noopener\"><strong>24<\/strong><\/a><\/td><td class=\"has-text-align-center\" data-align=\"center\">1990<\/td><td>XXV lat Wydzia\u0142u Elektrotechniki i Automatyki. Prace naukowe Instytutu Elektrotechniki i Automatyki<\/td><\/tr><tr><td class=\"has-text-align-center\" data-align=\"center\"><a href=\"\/dok\/spisytresci\/Elektryka\/E25.PDF\" target=\"_blank\" rel=\"noreferrer noopener\"><strong>25<\/strong><\/a><\/td><td class=\"has-text-align-center\" data-align=\"center\">1990<\/td><td>Synteza i analiza m-krokowych adaptacyjnych algorytm\u00f3w identyfikacji parametrycznej obiekt\u00f3w statycznych i dynamicznych na podstawie dyskretnych pomiar\u00f3w \/ Aleksander I. Jastriebow<\/td><\/tr><tr><td class=\"has-text-align-center\" data-align=\"center\"><a href=\"\/dok\/spisytresci\/Elektryka\/E26.PDF\" target=\"_blank\" rel=\"noreferrer noopener\"><strong>26<\/strong><\/a><\/td><td class=\"has-text-align-center\" data-align=\"center\">1991<\/td><td>Materia\u0142y konferencyjne III Krajowego Sympozjum Pomiar\u00f3w Magnetycznych<\/td><\/tr><tr><td class=\"has-text-align-center\" data-align=\"center\"><a href=\"\/dok\/spisytresci\/Elektryka\/E27.PDF\" target=\"_blank\" rel=\"noreferrer noopener\"><strong>27<\/strong><\/a><\/td><td class=\"has-text-align-center\" data-align=\"center\">1992<\/td><td>Bezstykowe metody pomiar\u00f3w konduktywno\u015bci roztwor\u00f3w przewodz\u0105cych \/ Jacek R. Przygodzki<\/td><\/tr><tr><td class=\"has-text-align-center\" data-align=\"center\"><a href=\"\/dok\/spisytresci\/Elektryka\/E28.PDF\" target=\"_blank\" rel=\"noreferrer noopener\"><strong>28<\/strong><\/a><\/td><td class=\"has-text-align-center\" data-align=\"center\">1992<\/td><td>Metoda estymacji parametr\u00f3w toru elektrycznego urz\u0105dzenia \u0142ukowego dla potrzeb sterowania procesem elektrostalowniczym \/ Miros\u0142aw Wci\u015blik<\/td><\/tr><tr><td class=\"has-text-align-center\" data-align=\"center\"><a href=\"\/dok\/spisytresci\/Elektryka\/E29.PDF\" target=\"_blank\" rel=\"noreferrer noopener\"><strong>29<\/strong><\/a><\/td><td class=\"has-text-align-center\" data-align=\"center\">1993<\/td><td>Rozmyte sieci neuronowe w systemach eksperckich oraz w modelowaniu proces\u00f3w \/ Marian B. Gorza\u0142czany<\/td><\/tr><tr><td class=\"has-text-align-center\" data-align=\"center\"><a href=\"\/dok\/spisytresci\/Elektryka\/E30.PDF\" target=\"_blank\" rel=\"noreferrer noopener\"><strong>30<\/strong><\/a><\/td><td class=\"has-text-align-center\" data-align=\"center\">1994<\/td><td>Analiza niezawodno\u015bci element\u00f3w systemu energetycznego na przyk\u0142adzie systemu ciep\u0142owniczego \/ Jan C. St\u0119pie\u0144<\/td><\/tr><tr><td class=\"has-text-align-center\" data-align=\"center\"><a href=\"\/dok\/spisytresci\/Elektryka\/E31.PDF\" target=\"_blank\" rel=\"noreferrer noopener\"><strong>31<\/strong><\/a><\/td><td class=\"has-text-align-center\" data-align=\"center\">1994<\/td><td>IV Krajowe Sympozjum Pomiar\u00f3w Magnetycznych, Kielce-Bork\u00f3w, 12-14 pa\u017adziernika 1994 r.<\/td><\/tr><tr><td class=\"has-text-align-center\" data-align=\"center\"><a href=\"\/dok\/spisytresci\/Elektryka\/E32.PDF\" target=\"_blank\" rel=\"noreferrer noopener\"><strong>32<\/strong><\/a><\/td><td class=\"has-text-align-center\" data-align=\"center\">1995<\/td><td>Konferencja Naukowa : Wsp\u00f3\u0142praca badawcza Politechniki \u015awi\u0119tokrzyskiej z krajowymi i zagranicznymi o\u015brodkami naukowymi i przemys\u0142owymi, 1-3 czerwca 1995<\/td><\/tr><tr><td class=\"has-text-align-center\" data-align=\"center\"><a href=\"\/dok\/spisytresci\/Elektryka\/E33.PDF\" target=\"_blank\" rel=\"noreferrer noopener\"><strong>33<\/strong><\/a><\/td><td class=\"has-text-align-center\" data-align=\"center\">1996<\/td><td>IV Krajowe Sympozjum Pomiar\u00f3w Magnetycznych, Kielce-Bork\u00f3w, 12-14 pa\u017adziernika 1994. Materia\u0142y pokonferencyjne<\/td><\/tr><tr><td class=\"has-text-align-center\" data-align=\"center\"><a href=\"\/dok\/spisytresci\/Elektryka\/E34.PDF\" target=\"_blank\" rel=\"noreferrer noopener\"><strong>34<\/strong><\/a><\/td><td class=\"has-text-align-center\" data-align=\"center\">1997<\/td><td>V Krajowe Sympozjum Pomiar\u00f3w Magnetycznych Kielce-Bork\u00f3w, 22-24 pa\u017adziernika 1994<\/td><\/tr><tr><td class=\"has-text-align-center\" data-align=\"center\"><a href=\"\/dok\/spisytresci\/Elektryka\/E35.PDF\" target=\"_blank\" rel=\"noreferrer noopener\"><strong>35<\/strong><\/a><\/td><td class=\"has-text-align-center\" data-align=\"center\">2000<\/td><td>Seminarium Naukowe : Wybrane zagadnienia w elektrotechnice i elektronice, Kielce-Ameli\u00f3wka, 29-31 maja 2000 r.<\/td><\/tr><tr><td class=\"has-text-align-center\" data-align=\"center\"><a href=\"\/dok\/spisytresci\/Elektryka\/E36.PDF\" target=\"_blank\" rel=\"noreferrer noopener\"><strong>36<\/strong><\/a><\/td><td class=\"has-text-align-center\" data-align=\"center\">2000<\/td><td>Konferencja Naukowo-Techniczna : Modelowanie i sterowanie w elektrotermii<\/td><\/tr><tr><td class=\"has-text-align-center\" data-align=\"center\"><a href=\"\/dok\/spisytresci\/Elektryka\/E37.PDF\" target=\"_blank\" rel=\"noreferrer noopener\"><strong>37<\/strong><\/a><\/td><td class=\"has-text-align-center\" data-align=\"center\">2000<\/td><td>XXXV-lecie Wydzia\u0142u Elektrotechniki, Automatyki i Informatyki<\/td><\/tr><tr><td class=\"has-text-align-center\" data-align=\"center\"><a href=\"\/dok\/spisytresci\/Elektryka\/E38.PDF\" target=\"_blank\" rel=\"noreferrer noopener\"><strong>38<\/strong><\/a><\/td><td class=\"has-text-align-center\" data-align=\"center\">2000<\/td><td>VI Sympozjum &#8222;Energoelektronika w nauce i dydaktyce&#8221; (konferencja grantowa), Kielce, 21-23 wrze\u015bnia 2000 r.<\/td><\/tr><tr><td class=\"has-text-align-center\" data-align=\"center\"><a href=\"\/dok\/spisytresci\/Elektryka\/E39.PDF\" target=\"_blank\" rel=\"noreferrer noopener\"><strong>39<\/strong><\/a><\/td><td class=\"has-text-align-center\" data-align=\"center\">2000<\/td><td>XII Krajowa Konferencja PNEUMA '2000 &#8222;P\u0142ynowe systemy zasilaj\u0105ce, nap\u0119dowe i steruj\u0105ce&#8221;, Kielce, 25-27 pa\u017adziernika 2000 r.<\/td><\/tr><tr><td class=\"has-text-align-center\" data-align=\"center\"><a href=\"\/dok\/spisytresci\/Elektryka\/E40.PDF\" target=\"_blank\" rel=\"noreferrer noopener\"><strong>40<\/strong><\/a><\/td><td class=\"has-text-align-center\" data-align=\"center\">2002<\/td><td>Konferencja Naukowo-Techniczna : Modelowanie i sterowanie proces\u00f3w elektrotermicznych<\/td><\/tr><tr><td class=\"has-text-align-center\" data-align=\"center\"><a href=\"\/dok\/spisytresci\/Elektryka\/E41.PDF\" target=\"_blank\" rel=\"noreferrer noopener\"><strong>41<\/strong><\/a><\/td><td class=\"has-text-align-center\" data-align=\"center\">2004<\/td><td><\/td><\/tr><tr><td class=\"has-text-align-center\" data-align=\"center\"><a href=\"\/dok\/spisytresci\/Elektryka\/E42.PDF\" target=\"_blank\" rel=\"noreferrer noopener\"><strong>42<\/strong><\/a><\/td><td class=\"has-text-align-center\" data-align=\"center\">2005<\/td><td><\/td><\/tr><tr><td class=\"has-text-align-center\" data-align=\"center\"><a href=\"\/dok\/spisytresci\/Elektryka\/E43.PDF\" target=\"_blank\" rel=\"noreferrer noopener\"><strong>43<\/strong><\/a><\/td><td class=\"has-text-align-center\" data-align=\"center\">2005<\/td><td>Konferencja : Aktualne problemy w elektrotechnice i informatyce, Ameli\u00f3wka, 17-18 czerwca 2005 r.<\/td><\/tr><\/tbody><\/table><\/figure>\n","protected":false},"excerpt":{"rendered":"<p>Seria Elektryka ukazywa\u0142a si\u0119 w latach 1974-2005. Linki do zeskanowanych spis\u00f3w tre\u015bci poszczeg\u00f3lnych zeszyt\u00f3w znajduj\u0105 si\u0119 pod kolejnymi numerami. Numer Rok Tytu\u0142 1 1974 2 1976 3 1977 Kodowanie wt\u00f3rno-rozdzielne w systemach przesy\u0142ania informacji cyfrowych \/ Andrzej Dziech 4 1978 5 1979 Analiza wp\u0142ywu parametr\u00f3w stali litego wirnika turbogeneratora du\u017cej mocy na proces ko\u0142ysa\u0144 w\u0142asnych [&hellip;]<\/p>\n","protected":false},"author":3,"featured_media":0,"parent":0,"menu_order":0,"comment_status":"closed","ping_status":"closed","template":"","meta":{"footnotes":""},"class_list":["post-247","page","type-page","status-publish","hentry"],"_links":{"self":[{"href":"https:\/\/lib.tu.kielce.pl\/index.php\/wp-json\/wp\/v2\/pages\/247","targetHints":{"allow":["GET"]}}],"collection":[{"href":"https:\/\/lib.tu.kielce.pl\/index.php\/wp-json\/wp\/v2\/pages"}],"about":[{"href":"https:\/\/lib.tu.kielce.pl\/index.php\/wp-json\/wp\/v2\/types\/page"}],"author":[{"embeddable":true,"href":"https:\/\/lib.tu.kielce.pl\/index.php\/wp-json\/wp\/v2\/users\/3"}],"replies":[{"embeddable":true,"href":"https:\/\/lib.tu.kielce.pl\/index.php\/wp-json\/wp\/v2\/comments?post=247"}],"version-history":[{"count":0,"href":"https:\/\/lib.tu.kielce.pl\/index.php\/wp-json\/wp\/v2\/pages\/247\/revisions"}],"wp:attachment":[{"href":"https:\/\/lib.tu.kielce.pl\/index.php\/wp-json\/wp\/v2\/media?parent=247"}],"curies":[{"name":"wp","href":"https:\/\/api.w.org\/{rel}","templated":true}]}}