{"id":246,"date":"2022-01-12T13:31:37","date_gmt":"2022-01-12T12:31:37","guid":{"rendered":"http:\/\/81.26.5.67\/?page_id=246"},"modified":"2022-01-13T11:15:27","modified_gmt":"2022-01-13T10:15:27","slug":"zeszyty-naukowe-politechniki-swietokrzyskiej-seria-chemia","status":"publish","type":"page","link":"https:\/\/lib.tu.kielce.pl\/index.php\/zeszyty-naukowe-politechniki-swietokrzyskiej-seria-chemia\/","title":{"rendered":"Zeszyty Naukowe Politechniki \u015awi\u0119tokrzyskiej. Seria Chemia"},"content":{"rendered":"\n<p>Seria Chemia ukazywa\u0142a si\u0119 do 1978 r. Numery 1 i 2 serii Chemia ukaza\u0142y si\u0119 w ramach serii Problemy Nauk Podstawowych.<\/p>\n\n\n\n<p>Linki do zeskanowanych spis\u00f3w tre\u015bci poszczeg\u00f3lnych zeszyt\u00f3w znajduj\u0105 si\u0119 pod kolejnymi numerami.<\/p>\n\n\n\n<figure class=\"wp-block-table is-style-stripes\"><table><tbody><tr><td class=\"has-text-align-center\" data-align=\"center\"><strong>Numer<\/strong><\/td><td class=\"has-text-align-center\" data-align=\"center\"><strong>Rok<\/strong><\/td><td><strong>Tytu\u0142<\/strong><\/td><\/tr><tr><td class=\"has-text-align-center\" data-align=\"center\"><a href=\"\/dok\/spisytresci\/Chemia\/Chemia_3.PDF\" target=\"_blank\" rel=\"noreferrer noopener\"><strong>3<\/strong><\/a><\/td><td class=\"has-text-align-center\" data-align=\"center\">1975<\/td><td>Wysokotemperaturowy rozpad amoniaku w obecno\u015bci platyny \/ Stanis\u0142aw Zygmunt Zdrojewski<\/td><\/tr><tr><td class=\"has-text-align-center\" data-align=\"center\"><a href=\"\/dok\/spisytresci\/Chemia\/Chemia_4.PDF\" target=\"_blank\" rel=\"noreferrer noopener\"><strong>4<\/strong><\/a><\/td><td class=\"has-text-align-center\" data-align=\"center\">1976<\/td><td><\/td><\/tr><tr><td class=\"has-text-align-center\" data-align=\"center\"><a href=\"\/dok\/spisytresci\/Chemia\/Chemia_5.PDF\" target=\"_blank\" rel=\"noreferrer noopener\"><strong>5<\/strong><\/a><\/td><td class=\"has-text-align-center\" data-align=\"center\">1976<\/td><td>Teoretyczno-eksperymentalne studium zastosowa\u0144 przemys\u0142owych metod \u015bladowej analizy instrumentalnej (IITA) \/ Stanis\u0142aw Zygmunt Zdrojewski<\/td><\/tr><tr><td class=\"has-text-align-center\" data-align=\"center\"><a href=\"\/dok\/spisytresci\/Chemia\/Chemia_6.PDF\" target=\"_blank\" rel=\"noreferrer noopener\"><strong>6<\/strong><\/a><\/td><td class=\"has-text-align-center\" data-align=\"center\">1977<\/td><td>Badania nad otrzymywaniem oraz modyfikacj\u0105 powierzchni nape\u0142niaczy w\u0119glowych i krzemionkowych wzmacniaj\u0105cych elastomery dienowe \/ Mieczys\u0142aw Gajewski<\/td><\/tr><tr><td class=\"has-text-align-center\" data-align=\"center\"><a href=\"\/dok\/spisytresci\/Chemia\/Chemia_7.PDF\" target=\"_blank\" rel=\"noreferrer noopener\"><strong>7<\/strong><\/a><\/td><td class=\"has-text-align-center\" data-align=\"center\">1978<\/td><td><\/td><\/tr><\/tbody><\/table><\/figure>\n","protected":false},"excerpt":{"rendered":"<p>Seria Chemia ukazywa\u0142a si\u0119 do 1978 r. Numery 1 i 2 serii Chemia ukaza\u0142y si\u0119 w ramach serii Problemy Nauk Podstawowych. Linki do zeskanowanych spis\u00f3w tre\u015bci poszczeg\u00f3lnych zeszyt\u00f3w znajduj\u0105 si\u0119 pod kolejnymi numerami. Numer Rok Tytu\u0142 3 1975 Wysokotemperaturowy rozpad amoniaku w obecno\u015bci platyny \/ Stanis\u0142aw Zygmunt Zdrojewski 4 1976 5 1976 Teoretyczno-eksperymentalne studium zastosowa\u0144 [&hellip;]<\/p>\n","protected":false},"author":3,"featured_media":0,"parent":0,"menu_order":0,"comment_status":"closed","ping_status":"closed","template":"","meta":{"footnotes":""},"class_list":["post-246","page","type-page","status-publish","hentry"],"_links":{"self":[{"href":"https:\/\/lib.tu.kielce.pl\/index.php\/wp-json\/wp\/v2\/pages\/246","targetHints":{"allow":["GET"]}}],"collection":[{"href":"https:\/\/lib.tu.kielce.pl\/index.php\/wp-json\/wp\/v2\/pages"}],"about":[{"href":"https:\/\/lib.tu.kielce.pl\/index.php\/wp-json\/wp\/v2\/types\/page"}],"author":[{"embeddable":true,"href":"https:\/\/lib.tu.kielce.pl\/index.php\/wp-json\/wp\/v2\/users\/3"}],"replies":[{"embeddable":true,"href":"https:\/\/lib.tu.kielce.pl\/index.php\/wp-json\/wp\/v2\/comments?post=246"}],"version-history":[{"count":0,"href":"https:\/\/lib.tu.kielce.pl\/index.php\/wp-json\/wp\/v2\/pages\/246\/revisions"}],"wp:attachment":[{"href":"https:\/\/lib.tu.kielce.pl\/index.php\/wp-json\/wp\/v2\/media?parent=246"}],"curies":[{"name":"wp","href":"https:\/\/api.w.org\/{rel}","templated":true}]}}