{"id":245,"date":"2022-01-12T13:27:04","date_gmt":"2022-01-12T12:27:04","guid":{"rendered":"http:\/\/81.26.5.67\/?page_id=245"},"modified":"2022-01-13T11:01:51","modified_gmt":"2022-01-13T10:01:51","slug":"zeszyty-naukowe-politechniki-swietokrzyskiej-seria-budownictwo","status":"publish","type":"page","link":"https:\/\/lib.tu.kielce.pl\/index.php\/zeszyty-naukowe-politechniki-swietokrzyskiej-seria-budownictwo\/","title":{"rendered":"Zeszyty Naukowe Politechniki \u015awi\u0119tokrzyskiej. Seria Budownictwo"},"content":{"rendered":"\n<p>Seria Budownictwo ukazywa\u0142a si\u0119 w latach 1971-2005 &#8211; najpierw jako Zeszyty Naukowe Kielecko-Radomskiej Wy\u017cszej Szko\u0142y In\u017cynierskiej. Budownictwo (1971-1974), a nast\u0119pnie jako Zeszyty Naukowe Politechniki \u015awi\u0119tokrzyskiej. Budownictwo (1975-2005).<\/p>\n\n\n\n<p>Linki do zeskanowanych spis\u00f3w tre\u015bci poszczeg\u00f3lnych zeszyt\u00f3w znajduj\u0105 si\u0119 pod kolejnymi numerami.<\/p>\n\n\n\n<figure class=\"wp-block-table is-style-stripes\"><table><tbody><tr><td class=\"has-text-align-center\" data-align=\"center\"><strong>Numer<\/strong><\/td><td class=\"has-text-align-center\" data-align=\"center\"><strong>Rok<\/strong><\/td><td class=\"has-text-align-left\" data-align=\"left\"><strong>Tytu\u0142<\/strong><\/td><\/tr><tr><td class=\"has-text-align-center\" data-align=\"center\"><a href=\"\/dok\/spisytresci\/Budownictwo\/1.PDF\" target=\"_blank\" rel=\"noreferrer noopener\"><strong>1<\/strong><\/a><\/td><td class=\"has-text-align-center\" data-align=\"center\">1971<\/td><td class=\"has-text-align-left\" data-align=\"left\"><\/td><\/tr><tr><td class=\"has-text-align-center\" data-align=\"center\"><a href=\"\/dok\/spisytresci\/Budownictwo\/2.PDF\" target=\"_blank\" rel=\"noreferrer noopener\"><strong>2<\/strong><\/a><\/td><td class=\"has-text-align-center\" data-align=\"center\">1974<\/td><td class=\"has-text-align-left\" data-align=\"left\">Uprzemys\u0142owienie modularnych konstrukcji przestrzennych \/ Stephane du Chateau<\/td><\/tr><tr><td class=\"has-text-align-center\" data-align=\"center\"><a href=\"\/dok\/spisytresci\/Budownictwo\/3.PDF\" target=\"_blank\" rel=\"noreferrer noopener\"><strong>3<\/strong><\/a><\/td><td class=\"has-text-align-center\" data-align=\"center\">1975<\/td><td class=\"has-text-align-left\" data-align=\"left\"><\/td><\/tr><tr><td class=\"has-text-align-center\" data-align=\"center\"><a href=\"\/dok\/spisytresci\/Budownictwo\/4.PDF\" target=\"_blank\" rel=\"noreferrer noopener\"><strong>4<\/strong><\/a><\/td><td class=\"has-text-align-center\" data-align=\"center\">1977<\/td><td class=\"has-text-align-left\" data-align=\"left\"><\/td><\/tr><tr><td class=\"has-text-align-center\" data-align=\"center\"><a href=\"\/dok\/spisytresci\/Budownictwo\/5.PDF\" target=\"_blank\" rel=\"noreferrer noopener\"><strong>5<\/strong><\/a><\/td><td class=\"has-text-align-center\" data-align=\"center\">1978<\/td><td class=\"has-text-align-left\" data-align=\"left\">Konwersatorium KON-KOR-4, Kielce, 17 lutego 1978 r.<\/td><\/tr><tr><td class=\"has-text-align-center\" data-align=\"center\"><a href=\"\/dok\/spisytresci\/Budownictwo\/6.PDF\" target=\"_blank\" rel=\"noreferrer noopener\"><strong>6<\/strong><\/a><\/td><td class=\"has-text-align-center\" data-align=\"center\">1979<\/td><td class=\"has-text-align-left\" data-align=\"left\"><\/td><\/tr><tr><td class=\"has-text-align-center\" data-align=\"center\"><a href=\"\/dok\/spisytresci\/Budownictwo\/7.PDF\" target=\"_blank\" rel=\"noreferrer noopener\"><strong>7<\/strong><\/a><\/td><td class=\"has-text-align-center\" data-align=\"center\">1980<\/td><td class=\"has-text-align-left\" data-align=\"left\">Praca statyczna budynk\u00f3w wielkop\u0142ytowych w warunkach nier\u00f3wnomiernie osiadaj\u0105cego pod\u0142o\u017ca \/ Zbigniew Cia\u0142owicz<\/td><\/tr><tr><td class=\"has-text-align-center\" data-align=\"center\"><a href=\"\/dok\/spisytresci\/Budownictwo\/8.PDF\" target=\"_blank\" rel=\"noreferrer noopener\"><strong>8<\/strong><\/a><\/td><td class=\"has-text-align-center\" data-align=\"center\">1980<\/td><td class=\"has-text-align-left\" data-align=\"left\">Zachowanie si\u0119 kruszyw w\u0119glanowych w betonach z cementami o r\u00f3\u017cnej zawarto\u015bci alkali\u00f3w \/ Jerzy Piasta<\/td><\/tr><tr><td class=\"has-text-align-center\" data-align=\"center\"><a href=\"\/dok\/spisytresci\/Budownictwo\/9.PDF\" target=\"_blank\" rel=\"noreferrer noopener\"><strong>9<\/strong><\/a><\/td><td class=\"has-text-align-center\" data-align=\"center\">1980<\/td><td class=\"has-text-align-left\" data-align=\"left\">Materia\u0142y sesji naukowej zorganizowanej z okazji 15 lecia Politechniki \u015awi\u0119tokrzyskiej<\/td><\/tr><tr><td class=\"has-text-align-center\" data-align=\"center\"><a href=\"\/dok\/spisytresci\/\/Budownictwo\/10.PDF\" target=\"_blank\" rel=\"noreferrer noopener\"><strong>10<\/strong><\/a><\/td><td class=\"has-text-align-center\" data-align=\"center\">1981<\/td><td class=\"has-text-align-left\" data-align=\"left\"><\/td><\/tr><tr><td class=\"has-text-align-center\" data-align=\"center\"><a href=\"\/dok\/spisytresci\/Budownictwo\/11.PDF\" target=\"_blank\" rel=\"noreferrer noopener\"><strong>11<\/strong><\/a><\/td><td class=\"has-text-align-center\" data-align=\"center\">1981<\/td><td class=\"has-text-align-left\" data-align=\"left\"><\/td><\/tr><tr><td class=\"has-text-align-center\" data-align=\"center\"><a href=\"\/dok\/spisytresci\/Budownictwo\/12.PDF\" target=\"_blank\" rel=\"noreferrer noopener\"><strong>12<\/strong><\/a><\/td><td class=\"has-text-align-center\" data-align=\"center\">1982<\/td><td class=\"has-text-align-left\" data-align=\"left\">Analiza efekt\u00f3w rzeczowych i jako\u015bciowych budownictwa mieszkaniowego w aspekcie aktualnej roli projektanta i u\u017cytkownika (na przyk\u0142adzie regionu kielecko-radomskiego) \/ Czes\u0142aw Linczowski<\/td><\/tr><tr><td class=\"has-text-align-center\" data-align=\"center\"><a href=\"\/dok\/spisytresci\/Budownictwo\/13.PDF\" target=\"_blank\" rel=\"noreferrer noopener\"><strong>13<\/strong><\/a><\/td><td class=\"has-text-align-center\" data-align=\"center\">1983<\/td><td class=\"has-text-align-left\" data-align=\"left\"><\/td><\/tr><tr><td class=\"has-text-align-center\" data-align=\"center\"><a href=\"\/dok\/spisytresci\/Budownictwo\/14.PDF\" target=\"_blank\" rel=\"noreferrer noopener\"><strong>14<\/strong><\/a><\/td><td class=\"has-text-align-center\" data-align=\"center\">1983<\/td><td class=\"has-text-align-left\" data-align=\"left\">Post\u0119p techniczny w rozwoju gospodarki regionu. Konferencja Naukowa Politechniki \u015awi\u0119tokrzyskiej Kielce 30 wrzesie\u0144 &#8211; 1 pa\u017adziernik 1983<\/td><\/tr><tr><td class=\"has-text-align-center\" data-align=\"center\"><a href=\"\/dok\/spisytresci\/Budownictwo\/15.PDF\" target=\"_blank\" rel=\"noreferrer noopener\"><strong>15<\/strong><\/a><\/td><td class=\"has-text-align-center\" data-align=\"center\">1983<\/td><td class=\"has-text-align-left\" data-align=\"left\">Metoda element\u00f3w sko\u0144czonych w analizie drga\u0144 konstrukcji poddanych dzia\u0142aniu obci\u0105\u017ce\u0144 ruchomych \/ Tadeusz Borowicz<\/td><\/tr><tr><td class=\"has-text-align-center\" data-align=\"center\"><a href=\"\/dok\/spisytresci\/Budownictwo\/16.PDF\" target=\"_blank\" rel=\"noreferrer noopener\"><strong>16<\/strong><\/a><\/td><td class=\"has-text-align-center\" data-align=\"center\">1983<\/td><td class=\"has-text-align-left\" data-align=\"left\">Reologia \u015bwie\u017cych zaczyn\u00f3w cementowych \/ Lech Rudzi\u0144ski<\/td><\/tr><tr><td class=\"has-text-align-center\" data-align=\"center\"><a href=\"\/dok\/spisytresci\/Budownictwo\/17.PDF\" target=\"_blank\" rel=\"noreferrer noopener\"><strong>17<\/strong><\/a><\/td><td class=\"has-text-align-center\" data-align=\"center\">1984<\/td><td class=\"has-text-align-left\" data-align=\"left\"><\/td><\/tr><tr><td class=\"has-text-align-center\" data-align=\"center\"><a href=\"\/dok\/spisytresci\/Budownictwo\/18.PDF\" target=\"_blank\" rel=\"noreferrer noopener\"><strong>18<\/strong><\/a><\/td><td class=\"has-text-align-center\" data-align=\"center\">1984<\/td><td class=\"has-text-align-left\" data-align=\"left\">Materia\u0142y konferencji Obci\u0105\u017cenia ruchome w dynamice konstrukcji<\/td><\/tr><tr><td class=\"has-text-align-center\" data-align=\"center\"><a href=\"\/dok\/spisytresci\/Budownictwo\/19.PDF\" target=\"_blank\" rel=\"noreferrer noopener\"><strong>19<\/strong><\/a><\/td><td class=\"has-text-align-center\" data-align=\"center\">1984<\/td><td class=\"has-text-align-left\" data-align=\"left\">Geotechnika w o\u015brodku kieleckim Konferencja \u015arodowiskowa Sekcji Mechaniki Grunt\u00f3w i Ska\u0142 oraz Fundamentowania PAN, 6-7 IX 1984 r.<\/td><\/tr><tr><td class=\"has-text-align-center\" data-align=\"center\"><a href=\"\/dok\/spisytresci\/Budownictwo\/20.PDF\" target=\"_blank\" rel=\"noreferrer noopener\"><strong>20<\/strong><\/a><\/td><td class=\"has-text-align-center\" data-align=\"center\">1985<\/td><td class=\"has-text-align-left\" data-align=\"left\"><\/td><\/tr><tr><td class=\"has-text-align-center\" data-align=\"center\"><a href=\"\/dok\/spisytresci\/Budownictwo\/21.PDF\" target=\"_blank\" rel=\"noreferrer noopener\"><strong>21<\/strong><\/a><\/td><td class=\"has-text-align-center\" data-align=\"center\">1985<\/td><td class=\"has-text-align-left\" data-align=\"left\">Problemy wsp\u00f3\u0142czesnego budownictwa<\/td><\/tr><tr><td class=\"has-text-align-center\" data-align=\"center\"><a href=\"\/dok\/spisytresci\/Budownictwo\/22.PDF\" target=\"_blank\" rel=\"noreferrer noopener\"><strong>22<\/strong><\/a><\/td><td class=\"has-text-align-center\" data-align=\"center\">1986<\/td><td class=\"has-text-align-left\" data-align=\"left\">Trwa\u0142o\u015b\u0107 budowli i ochrona przed korozj\u0105 KONTRA 86 : VII Konferencja naukowo-techniczna, Szklarska Por\u0119ba, 20-22 pa\u017adziernika 1986<\/td><\/tr><tr><td class=\"has-text-align-center\" data-align=\"center\"><a href=\"\/dok\/spisytresci\/Budownictwo\/23.PDF\" target=\"_blank\" rel=\"noreferrer noopener\"><strong>23<\/strong><\/a><\/td><td class=\"has-text-align-center\" data-align=\"center\">1986<\/td><td class=\"has-text-align-left\" data-align=\"left\">Teoria kontynualnych zmian sztywno\u015bci w uj\u0119ciu stochastycznego modelu \u017celbetu \/ Stefan Goszczy\u0144ski<\/td><\/tr><tr><td class=\"has-text-align-center\" data-align=\"center\"><a href=\"\/dok\/spisytresci\/Budownictwo\/24.PDF\" target=\"_blank\" rel=\"noreferrer noopener\"><strong>24<\/strong><\/a><\/td><td class=\"has-text-align-center\" data-align=\"center\">1987<\/td><td class=\"has-text-align-left\" data-align=\"left\">Konferencja naukowa : Problemy badawcze w in\u017cynierii miejskiej<\/td><\/tr><tr><td class=\"has-text-align-center\" data-align=\"center\"><a href=\"\/dok\/spisytresci\/Budownictwo\/25.PDF\" target=\"_blank\" rel=\"noreferrer noopener\"><strong>25<\/strong><\/a><\/td><td class=\"has-text-align-center\" data-align=\"center\">1988<\/td><td class=\"has-text-align-left\" data-align=\"left\">Wybrane zagadnienia dynamiki konstrukcji poddanych dzia\u0142aniu obci\u0105\u017ce\u0144 ruchomych \/ Tadeusz Borowicz<\/td><\/tr><tr><td class=\"has-text-align-center\" data-align=\"center\"><a href=\"\/dok\/spisytresci\/Budownictwo\/26.PDF\" target=\"_blank\" rel=\"noreferrer noopener\"><strong>26<\/strong><\/a><\/td><td class=\"has-text-align-center\" data-align=\"center\">1988<\/td><td class=\"has-text-align-left\" data-align=\"left\">Advances in cement research<\/td><\/tr><tr><td class=\"has-text-align-center\" data-align=\"center\"><a href=\"\/dok\/spisytresci\/Budownictwo\/27.PDF\" target=\"_blank\" rel=\"noreferrer noopener\"><strong>27<\/strong><\/a><\/td><td class=\"has-text-align-center\" data-align=\"center\">1988<\/td><td class=\"has-text-align-left\" data-align=\"left\">Trwa\u0142o\u015b\u0107 eksploatacyjna wyrob\u00f3w ceramiki budowlanej w warunkach dzia\u0142ania mrozu \/ Maria \u017bygad\u0142o<\/td><\/tr><tr><td class=\"has-text-align-center\" data-align=\"center\"><a href=\"\/dok\/spisytresci\/Budownictwo\/28.PDF\" target=\"_blank\" rel=\"noreferrer noopener\"><strong>28<\/strong><\/a><\/td><td class=\"has-text-align-center\" data-align=\"center\">1989<\/td><td class=\"has-text-align-left\" data-align=\"left\"><\/td><\/tr><tr><td class=\"has-text-align-center\" data-align=\"center\"><a href=\"\/dok\/spisytresci\/Budownictwo\/29.PDF\" target=\"_blank\" rel=\"noreferrer noopener\"><strong>29<\/strong><\/a><\/td><td class=\"has-text-align-center\" data-align=\"center\">1989<\/td><td class=\"has-text-align-left\" data-align=\"left\">Zjawiska fizyczne w zamra\u017canym kruszywie i ich zwi\u0105zek z mrozoodporno\u015bci\u0105 betonu \/ Zbigniew Rusin<\/td><\/tr><tr><td class=\"has-text-align-center\" data-align=\"center\"><a href=\"\/dok\/spisytresci\/Budownictwo\/30.PDF\" target=\"_blank\" rel=\"noreferrer noopener\"><strong>30<\/strong><\/a><\/td><td class=\"has-text-align-center\" data-align=\"center\">1991<\/td><td class=\"has-text-align-left\" data-align=\"left\">Zag\u0119szczenie kruszywa \u0142amanego udarami o du\u017cej energii dla stabilizacji warstw no\u015bnych i podbud\u00f3w podatnych nawierzchni drogowych \/ Barbara Nowak<\/td><\/tr><tr><td class=\"has-text-align-center\" data-align=\"center\"><a href=\"\/dok\/spisytresci\/Budownictwo\/31.PDF\" target=\"_blank\" rel=\"noreferrer noopener\"><strong>31<\/strong><\/a><\/td><td class=\"has-text-align-center\" data-align=\"center\">1994<\/td><td class=\"has-text-align-left\" data-align=\"left\">Rola in\u017cyniera budownictwa l\u0105dowego w dziedzinie ochrony budowli zabytkowych : Seminarium, Kielce, grudzie\u0144 1994 r.<\/td><\/tr><tr><td class=\"has-text-align-center\" data-align=\"center\"><a href=\"\/dok\/spisytresci\/Budownictwo\/32.PDF\" target=\"_blank\" rel=\"noreferrer noopener\"><strong>32<\/strong><\/a><\/td><td class=\"has-text-align-center\" data-align=\"center\">1995<\/td><td class=\"has-text-align-left\" data-align=\"left\">I Konferencja Naukowo-Techniczna : Rzeczoznawstwo Budowlane, Kielce-Cedzyna 27-28 kwietnia 1995 r.<\/td><\/tr><tr><td class=\"has-text-align-center\" data-align=\"center\"><a href=\"\/dok\/spisytresci\/Budownictwo\/33.PDF\" target=\"_blank\" rel=\"noreferrer noopener\"><strong>33<\/strong><\/a><\/td><td class=\"has-text-align-center\" data-align=\"center\">1995<\/td><td class=\"has-text-align-left\" data-align=\"left\">Konferencja Naukowa : Wsp\u00f3\u0142praca badawcza Politechniki \u015awi\u0119tokrzyskiej z krajowymi i zagranicznymi o\u015brodkami naukowymi i przemys\u0142owymi, 1-3 czerwca 1995<\/td><\/tr><tr><td class=\"has-text-align-center\" data-align=\"center\"><a href=\"\/dok\/spisytresci\/Budownictwo\/34.PDF\" target=\"_blank\" rel=\"noreferrer noopener\"><strong>34<\/strong><\/a><\/td><td class=\"has-text-align-center\" data-align=\"center\">1996<\/td><td class=\"has-text-align-left\" data-align=\"left\">Seminarium Naukowe z okazji 40-lecia pracy naukowo-dydaktycznej doc. dr in\u017c. Marcelego Dziurli, Kielce, marzec 1996<\/td><\/tr><tr><td class=\"has-text-align-center\" data-align=\"center\"><a href=\"\/dok\/spisytresci\/Budownictwo\/35.PDF\" target=\"_blank\" rel=\"noreferrer noopener\"><strong>35<\/strong><\/a><\/td><td class=\"has-text-align-center\" data-align=\"center\">1997<\/td><td class=\"has-text-align-left\" data-align=\"left\"><\/td><\/tr><tr><td class=\"has-text-align-center\" data-align=\"center\"><a href=\"\/dok\/spisytresci\/Budownictwo\/36.PDF\" target=\"_blank\" rel=\"noreferrer noopener\"><strong>36<\/strong><\/a><\/td><td class=\"has-text-align-center\" data-align=\"center\">1998<\/td><td class=\"has-text-align-left\" data-align=\"left\">IV Konferencja Naukowo-Techniczna : Warsztat Pracy Rzeczoznawcy Budowlanego, Kielce, 27-29 kwietnia 1998<\/td><\/tr><tr><td class=\"has-text-align-center\" data-align=\"center\"><a href=\"\/dok\/spisytresci\/Budownictwo\/37.PDF\" target=\"_blank\" rel=\"noreferrer noopener\"><strong>37<\/strong><\/a><\/td><td class=\"has-text-align-center\" data-align=\"center\">1998<\/td><td class=\"has-text-align-left\" data-align=\"left\">Conservatio aeterna creatio est : Seminarium z okazji 50-lecia pracy w ochronie i konserwacji zabytk\u00f3w Profesora Tadeusza Polaka Kierownika Katedry Architektury i Ochrony Budowli Zabytkowych Politechniki \u015awi\u0119tokrzyskiej w Kielcach, Kielce, 20 maja 1998<\/td><\/tr><tr><td class=\"has-text-align-center\" data-align=\"center\"><a href=\"\/dok\/spisytresci\/Budownictwo\/38.PDF\" target=\"_blank\" rel=\"noreferrer noopener\"><strong>38<\/strong><\/a><\/td><td class=\"has-text-align-center\" data-align=\"center\">2000<\/td><td class=\"has-text-align-left\" data-align=\"left\"><\/td><\/tr><tr><td class=\"has-text-align-center\" data-align=\"center\"><a href=\"\/dok\/spisytresci\/Budownictwo\/39.PDF\" target=\"_blank\" rel=\"noreferrer noopener\"><strong>39<\/strong><\/a><\/td><td class=\"has-text-align-center\" data-align=\"center\">2001<\/td><td class=\"has-text-align-left\" data-align=\"left\">Konferencja naukowo-techniczna : Konserwacja, wzmacnianie i modernizacja obiekt\u00f3w historycznych i wsp\u00f3\u0142czesnych, Kielce, 22-23 lutego 2001 r.<\/td><\/tr><tr><td class=\"has-text-align-center\" data-align=\"center\"><a href=\"\/dok\/spisytresci\/Budownictwo\/40.PDF\" target=\"_blank\" rel=\"noreferrer noopener\"><strong>40<\/strong><\/a><\/td><td class=\"has-text-align-center\" data-align=\"center\">2001<\/td><td class=\"has-text-align-left\" data-align=\"left\">II Konferencja Naukowo-Techniczna : Nowe materia\u0142y i urz\u0105dzenia w wodoci\u0105gach i kanalizacji<\/td><\/tr><tr><td class=\"has-text-align-center\" data-align=\"center\"><a href=\"\/dok\/spisytresci\/Budownictwo\/41.PDF\" target=\"_blank\" rel=\"noreferrer noopener\"><strong>41<\/strong><\/a><\/td><td class=\"has-text-align-center\" data-align=\"center\">2001<\/td><td class=\"has-text-align-left\" data-align=\"left\">Konferencja naukowo-techniczna : Konserwacja, wzmacnianie i modernizacja obiekt\u00f3w historycznych i wsp\u00f3\u0142czesnych, Kielce, 22-23 lutego 2001 r. Materia\u0142y pokonferencyjne<\/td><\/tr><tr><td class=\"has-text-align-center\" data-align=\"center\"><a href=\"\/dok\/spisytresci\/Budownictwo\/42.PDF\" target=\"_blank\" rel=\"noreferrer noopener\"><strong>42<\/strong><\/a><\/td><td class=\"has-text-align-center\" data-align=\"center\">2003<\/td><td class=\"has-text-align-left\" data-align=\"left\">III Konferencja Naukowo-Techniczna : Nowe materia\u0142y i urz\u0105dzenia w wodoci\u0105gach i kanalizacji<\/td><\/tr><tr><td class=\"has-text-align-center\" data-align=\"center\"><a href=\"\/dok\/spisytresci\/Budownictwo\/43.PDF\" target=\"_blank\" rel=\"noreferrer noopener\"><strong>43<\/strong><\/a><\/td><td class=\"has-text-align-center\" data-align=\"center\">2003<\/td><td class=\"has-text-align-left\" data-align=\"left\">Og\u00f3lnopolska Konferencja Naukowo-Dydaktyczna : Kszta\u0142cenie na kierunku Budownictwo, Kielce &#8211; Cedzyna, 22-24 pa\u017adziernika 2003 r.<\/td><\/tr><tr><td class=\"has-text-align-center\" data-align=\"center\"><a href=\"\/dok\/spisytresci\/Budownictwo\/44.PDF\" target=\"_blank\" rel=\"noreferrer noopener\"><strong>44<\/strong><\/a><\/td><td class=\"has-text-align-center\" data-align=\"center\">2005<\/td><td class=\"has-text-align-left\" data-align=\"left\">IV Og\u00f3lnopolska, I Mi\u0119dzynarodowa Konferencja Naukowo-Szkoleniowa : Nowe materia\u0142y, urz\u0105dzenia oraz technologie bezwykopowe w wodoci\u0105gach i kanalizacji, Kielce &#8211; Cedzyna, 6-8 kwietnia 2005<\/td><\/tr><tr><td class=\"has-text-align-center\" data-align=\"center\"><a href=\"\/dok\/spisytresci\/Budownictwo\/45.PDF\" target=\"_blank\" rel=\"noreferrer noopener\"><strong>45<\/strong><\/a><\/td><td class=\"has-text-align-center\" data-align=\"center\">2005<\/td><td class=\"has-text-align-left\" data-align=\"left\">II Krajowa Konferencja Naukowo-Dydaktyczna : Kszta\u0142cenie na kierunku Budownictwo. Problemy studi\u00f3w wielostopniowych, Kielce &#8211; Cedzyna, 19-21 pa\u017adziernika 2005 r.<\/td><\/tr><\/tbody><\/table><\/figure>\n","protected":false},"excerpt":{"rendered":"<p>Seria Budownictwo ukazywa\u0142a si\u0119 w latach 1971-2005 &#8211; najpierw jako Zeszyty Naukowe Kielecko-Radomskiej Wy\u017cszej Szko\u0142y In\u017cynierskiej. Budownictwo (1971-1974), a nast\u0119pnie jako Zeszyty Naukowe Politechniki \u015awi\u0119tokrzyskiej. Budownictwo (1975-2005). Linki do zeskanowanych spis\u00f3w tre\u015bci poszczeg\u00f3lnych zeszyt\u00f3w znajduj\u0105 si\u0119 pod kolejnymi numerami. Numer Rok Tytu\u0142 1 1971 2 1974 Uprzemys\u0142owienie modularnych konstrukcji przestrzennych \/ Stephane du Chateau 3 [&hellip;]<\/p>\n","protected":false},"author":3,"featured_media":0,"parent":0,"menu_order":0,"comment_status":"closed","ping_status":"closed","template":"","meta":{"footnotes":""},"class_list":["post-245","page","type-page","status-publish","hentry"],"_links":{"self":[{"href":"https:\/\/lib.tu.kielce.pl\/index.php\/wp-json\/wp\/v2\/pages\/245","targetHints":{"allow":["GET"]}}],"collection":[{"href":"https:\/\/lib.tu.kielce.pl\/index.php\/wp-json\/wp\/v2\/pages"}],"about":[{"href":"https:\/\/lib.tu.kielce.pl\/index.php\/wp-json\/wp\/v2\/types\/page"}],"author":[{"embeddable":true,"href":"https:\/\/lib.tu.kielce.pl\/index.php\/wp-json\/wp\/v2\/users\/3"}],"replies":[{"embeddable":true,"href":"https:\/\/lib.tu.kielce.pl\/index.php\/wp-json\/wp\/v2\/comments?post=245"}],"version-history":[{"count":0,"href":"https:\/\/lib.tu.kielce.pl\/index.php\/wp-json\/wp\/v2\/pages\/245\/revisions"}],"wp:attachment":[{"href":"https:\/\/lib.tu.kielce.pl\/index.php\/wp-json\/wp\/v2\/media?parent=245"}],"curies":[{"name":"wp","href":"https:\/\/api.w.org\/{rel}","templated":true}]}}