{"id":244,"date":"2022-01-12T10:50:07","date_gmt":"2022-01-12T09:50:07","guid":{"rendered":"http:\/\/81.26.5.67\/?page_id=244"},"modified":"2026-04-15T12:35:53","modified_gmt":"2026-04-15T10:35:53","slug":"dublety-czasopism","status":"publish","type":"page","link":"https:\/\/lib.tu.kielce.pl\/index.php\/dublety-czasopism\/","title":{"rendered":"Dublety czasopism"},"content":{"rendered":"\n<p>Ofert\u0119 kierujemy do pracownik\u00f3w i student\u00f3w Politechniki \u015awi\u0119tokrzyskiej w Kielcach oraz do zainteresowanych bibliotek.<\/p>\n\n\n\n<p>Biblioteki prosimy o sk\u0142adanie zam\u00f3wie\u0144 poczt\u0105 e-mail na adres: <a href=\"mailto:bibat@tu.kielce.pl?Subject=Dublety polskie.\">bibat(at)tu.kielce.pl<\/a>. Koszty wysy\u0142ki pokrywa biblioteka zamawiaj\u0105ca (lub odbi\u00f3r na miejscu).<\/p>\n\n\n\n<p>Pracownik\u00f3w i student\u00f3w P\u015ak zainteresowanych ofert\u0105 zapraszamy po odbi\u00f3r dublet\u00f3w do Oddzia\u0142u Wydawnictw Ci\u0105g\u0142ych Biblioteki G\u0142\u00f3wnej P\u015ak, II pi\u0119tro, tel. 41 34 24 443.<\/p>\n\n\n\n<figure class=\"wp-block-table is-style-stripes\"><table><tbody><tr><td><strong>Tytu\u0142<\/strong><\/td><td><strong>Rok<\/strong><\/td><td><strong>Wolumen<\/strong><\/td><td><strong>Numer<\/strong><\/td><\/tr><tr><td>Biuletyn \u015awi\u0119tokrzyski<\/td><td>2016<\/td><td><\/td><td>3 (41), 4(42)<\/td><\/tr><tr><td>Biuletyn \u015awi\u0119tokrzyski<\/td><td>2017<\/td><td><\/td><td>3 (45), 4 (46)<\/td><\/tr><tr><td>Biuletyn \u015awi\u0119tokrzyski<\/td><td>2018<\/td><td><\/td><td>1, 2<\/td><\/tr><tr><td>Budownictwo Technologie Architektura<\/td><td>2013<\/td><td><\/td><td>2<\/td><\/tr><tr><td>Budownictwo Technologie Architektura<\/td><td>2019<\/td><td><\/td><td>2 (86), 4 (88)<\/td><\/tr><tr><td>Budownictwo Technologie Architektura<\/td><td>2020<\/td><td><\/td><td>2 (90), 3 (91), 4 (92)<\/td><\/tr><tr><td>Builder<\/td><td>2012<\/td><td><\/td><td>6<\/td><\/tr><tr><td>Builder<\/td><td>2015<\/td><td><\/td><td>11, 12<\/td><\/tr><tr><td>Builder<\/td><td>2016<\/td><td><\/td><td>1<\/td><\/tr><tr><td>Builder<\/td><td>2017<\/td><td><\/td><td>3, 4, 5, 6, 10, 11, 12<\/td><\/tr><tr><td>Builder<\/td><td>2018<\/td><td><\/td><td>9, 12<\/td><\/tr><tr><td>Builder<\/td><td>2019<\/td><td><\/td><td>6, 10, 12<\/td><\/tr><tr><td>Builder<\/td><td>2020<\/td><td><\/td><td>1, 3, 4, 8<\/td><\/tr><tr><td>Builder<\/td><td>2021<\/td><td>R. 25<\/td><td>1, 2, 3, 5, 6, 9, 11, 12<\/td><\/tr><tr><td>Computational Methods in Science and Technology<\/td><td>2013<\/td><td>Vol. 19<\/td><td>1, 2, 3, 4<\/td><\/tr><tr><td>Computational Methods in Science and Technology<\/td><td>2014<\/td><td>Vol. 20<\/td><td>1, 2, 3, 4<\/td><\/tr><tr><td>Computational Methods in Science and Technology<\/td><td>2015<\/td><td>Vol. 21<\/td><td>1, 4<\/td><\/tr><tr><td>Computational Methods in Science and Technology<\/td><td>2016<\/td><td>Vol. 22<\/td><td>1, 4<\/td><\/tr><tr><td>Computational Methods in Science and Technology<\/td><td>2017<\/td><td>Vol. 23<\/td><td>1, 2, 3, 4<\/td><\/tr><tr><td>Computational Methods in Science and Technology<\/td><td>2018<\/td><td>Vol. 24<\/td><td>1, 2, 3, 4<\/td><\/tr><tr><td>Computational Methods in Science and Technology<\/td><td>2021<\/td><td>Vol. 27<\/td><td>1<\/td><\/tr><tr><td>Communications<\/td><td>2014<\/td><td>Vol. 16<\/td><td>3<\/td><\/tr><tr><td>Communications<\/td><td>2015<\/td><td>Vol. 17<\/td><td>1, 2, 3, 4<\/td><\/tr><tr><td>Communications<\/td><td>2016<\/td><td>Vol. 18<\/td><td>1, 2, 3<\/td><\/tr><tr><td>Communications<\/td><td>2017<\/td><td>Vol. 19<\/td><td>1<\/td><\/tr><tr><td>Cyrkulacje<\/td><td>2014<\/td><td><\/td><td>21, 22, 24<\/td><\/tr><tr><td>Cyrkulacje<\/td><td>2015<\/td><td><\/td><td>29, 30<\/td><\/tr><tr><td>Cyrkulacje<\/td><td>2016<\/td><td><\/td><td>31, 33, 34, 35, 36<\/td><\/tr><tr><td>Cyrkulacje<\/td><td>2017<\/td><td><\/td><td>37, 38, 39, 40, 41, 42<\/td><\/tr><tr><td>Cyrkulacje<\/td><td>2018<\/td><td><\/td><td>43, 44, 45, 46, 47, 48<\/td><\/tr><tr><td>Cyrkulacje<\/td><td>2019<\/td><td><\/td><td>49, 50, 51, 52, 53, 54<\/td><\/tr><tr><td>Cyrkulacje<\/td><td>2020<\/td><td><\/td><td>55, 56, 57, 58, 59, 60<\/td><\/tr><tr><td>Cyrkulacje<\/td><td>2021<\/td><td><\/td><td>61, 62, 63, 64, 65, 66<\/td><\/tr><tr><td>Cyrkulacje<\/td><td>2022<\/td><td><\/td><td>67, 68<\/td><\/tr><tr><td>e-mentor<\/td><td>2018<\/td><td><\/td><td>2 (74)<\/td><\/tr><tr><td>Fastener<\/td><td>2017<\/td><td><\/td><td>1<\/td><\/tr><tr><td>Fastener<\/td><td>2020<\/td><td><\/td><td>3-4<\/td><\/tr><tr><td>Fatigue of Aircraft Structures<\/td><td>2016<\/td><td><\/td><td>8<\/td><\/tr><tr><td>Fatigue of Aircraft Structures<\/td><td>2017<\/td><td><\/td><td>9<\/td><\/tr><tr><td>Forum Akademickie<\/td><td>2016<\/td><td><\/td><td>1, 2, 3, 5, 6, 7-8, 10, 11<\/td><\/tr><tr><td>Forum Akademickie<\/td><td>2017<\/td><td><\/td><td>2, 4, 5, 7-8, 9, 10, 11, 12<\/td><\/tr><tr><td>Forum Akademickie<\/td><td>2018<\/td><td><\/td><td>1, 2, 3, 5, 6, 7-8, 9, 10, 11, 12<\/td><\/tr><tr><td>Forum Akademickie<\/td><td>2019<\/td><td><\/td><td>1, 2, 3, 4, 5, 7-8, 9, 10, 11, 12<\/td><\/tr><tr><td>Forum Akademickie<\/td><td>2020<\/td><td><\/td><td>1, 2, 3, 5, 6<\/td><\/tr><tr><td>In\u017cynier Budownictwa<\/td><td>2025<\/td><td><\/td><td>10, 12<\/td><\/tr><tr><td>In\u017cynier Budownictwa<\/td><td>2026<\/td><td><\/td><td>1, 2, 4<\/td><\/tr><tr><td>Komunikacie=Communications<\/td><td>2018<\/td><td>Vol. 20<\/td><td>1, 2, 3<\/td><\/tr><tr><td>Komunikacie=Communications<\/td><td>2019<\/td><td>Vol. 21<\/td><td>2<\/td><\/tr><tr><td>Komunikacie=Communications<\/td><td>2020<\/td><td>Vol. 22<\/td><td>1, 2, 3<\/td><\/tr><tr><td>Komunikacie=Communications<\/td><td>2021<\/td><td>Vol. 23<\/td><td>4<\/td><\/tr><tr><td>Kwartalnik PRONAR<\/td><td>2019<\/td><td><\/td><td>3 (50)<\/td><\/tr><tr><td>Kwartalnik PRONAR<\/td><td>2020<\/td><td><\/td><td>1 (52), 3 (54)<\/td><\/tr><tr><td>Kwartalnik PRONAR<\/td><td>2021<\/td><td><\/td><td>1 (56)<\/td><\/tr><tr><td>Kwartalnik PRONAR<\/td><td>2022<\/td><td><\/td><td>1 (60), 2 (61), 3 (62), 4 (63)<\/td><\/tr><tr><td>Kwartalnik PRONAR<\/td><td>2024<\/td><td><\/td><td>3 (70), 4(71)<\/td><\/tr><tr><td>Kwartalnik PRONAR<\/td><td>2025<\/td><td><\/td><td>2 (73), 3(74), 4(75)<\/td><\/tr><tr><td>Kwartalnik Urz\u0119du Patentowego RP<\/td><td>2017<\/td><td><\/td><td>3 (33)<\/td><\/tr><tr><td>Kwartalnik Urz\u0119du Patentowego RP<\/td><td>2018<\/td><td><\/td><td>1 (35), 2 (36), 3 (37), 4 (38)<\/td><\/tr><tr><td>Kwartalnik Urz\u0119du Patentowego RP<\/td><td>2019<\/td><td><\/td><td>2 (41)<\/td><\/tr><tr><td>Kwartalnik Urz\u0119du Patentowego RP<\/td><td>2020<\/td><td><\/td><td>2 (45)<\/td><\/tr><tr><td>Kwartalnik Urz\u0119du Patentowego RP<\/td><td>2021<\/td><td><\/td><td>2 (49)<\/td><\/tr><tr><td>Lakiernik<\/td><td>2026<\/td><td><\/td><td>89<\/td><\/tr><tr><td>Magazyn Ex<\/td><td>2013<\/td><td><\/td><td>1 (29)<\/td><\/tr><tr><td>Magazyn Ex<\/td><td>2014<\/td><td><\/td><td>2 (32)<\/td><\/tr><tr><td>Magazyn Ex<\/td><td>2019<\/td><td><\/td><td>1 (37)<\/td><\/tr><tr><td>Materia\u0142y Budowlane<\/td><td>2020<\/td><td><\/td><td>10<\/td><\/tr><tr><td>Nonlinear Dynamics and Systems Theory<\/td><td>2017<\/td><td><\/td><td>1<\/td><\/tr><tr><td>Nowoczesne Budownictwo In\u017cynieryjne<\/td><td>2013<\/td><td><\/td><td>3<\/td><\/tr><tr><td>Nowoczesne Budownictwo In\u017cynieryjne<\/td><td>2016<\/td><td><\/td><td>1, 2, 3, 4, 5<\/td><\/tr><tr><td>Nowoczesne Budownictwo In\u017cynieryjne<\/td><td>2017<\/td><td><\/td><td>1, 2<\/td><\/tr><tr><td>Nowoczesne Budownictwo In\u017cynieryjne<\/td><td>2018<\/td><td><\/td><td>6 (81)<\/td><\/tr><tr><td>Nowoczesne Budownictwo In\u017cynieryjne<\/td><td>2020<\/td><td><\/td><td>1 (88)<\/td><\/tr><tr><td>Ochrona i Bezpiecze\u0144stwo Obiekt\u00f3w i Biznesu<\/td><td>2020<\/td><td><\/td><td>3, 4, 5<\/td><\/tr><tr><td>Ochrona i Bezpiecze\u0144stwo Obiekt\u00f3w i Biznesu<\/td><td>2021<\/td><td><\/td><td>3, 4, 6<\/td><\/tr><tr><td>Pod Kontrol\u0105<\/td><td>2025<\/td><td><\/td><td>1<\/td><\/tr><tr><td>Pomiary Automatyka Robotyka PAR<\/td><td>2015<\/td><td><\/td><td>2<\/td><\/tr><tr><td>Pomiary Automatyka Robotyka PAR<\/td><td>2016<\/td><td><\/td><td>1, 4<\/td><\/tr><tr><td>Pomiary Automatyka Robotyka PAR<\/td><td>2017<\/td><td><\/td><td>1, 2, 3<\/td><\/tr><tr><td>Pomiary Automatyka Robotyka PAR<\/td><td>2018<\/td><td><\/td><td>1, 2, 4<\/td><\/tr><tr><td>Pomiary Automatyka Robotyka PAR<\/td><td>2019<\/td><td><\/td><td>1, 2, 3, 4<\/td><\/tr><tr><td>Pomiary Automatyka Robotyka PAR<\/td><td>2020<\/td><td><\/td><td>2, 3, 4<\/td><\/tr><tr><td>Pomiary Automatyka Robotyka PAR<\/td><td>2021<\/td><td><\/td><td>1, 2, 3, 4<\/td><\/tr><tr><td>Pomiary Automatyka Robotyka PAR<\/td><td>2022<\/td><td><\/td><td>1, 2, 3, 4<\/td><\/tr><tr><td>Pomiary Automatyka Robotyka PAR<\/td><td>2023<\/td><td><\/td><td>1, 2, 3, 4<\/td><\/tr><tr><td>Pomiary Automatyka Robotyka PAR<\/td><td>2024<\/td><td><\/td><td>1, 2, 3, 4<\/td><\/tr><tr><td>Pomiary Automatyka Robotyka PAR<\/td><td>2025<\/td><td><\/td><td>1, 2, 3, 4<\/td><\/tr><tr><td>Prace Instytutu Lotnictwa<\/td><td>2015<\/td><td><\/td><td>4 (241)<\/td><\/tr><tr><td>Prace Instytutu Lotnictwa<\/td><td>2016<\/td><td><\/td><td>1 (242)<\/td><\/tr><tr><td>Przegl\u0105d Teleinformatyczny<\/td><td>2013<\/td><td>T. 1 (19)<\/td><td>3 (36)<\/td><\/tr><tr><td>Przegl\u0105d Teleinformatyczny<\/td><td>2014<\/td><td>T. 2 (20)<\/td><td>3-4 (38)<\/td><\/tr><tr><td>Przegl\u0105d Teleinformatyczny<\/td><td>2015<\/td><td>T. 3 (21)<\/td><td>1-2 (39)<\/td><\/tr><tr><td>Przegl\u0105d Teleinformatyczny<\/td><td>2016<\/td><td>T. 4 (22)<\/td><td>1-2 (41), 3-4 (42)<\/td><\/tr><tr><td>Przegl\u0105d Teleinformatyczny<\/td><td>2017<\/td><td>T. 5 (23)<\/td><td>1-2 (43), 3 (44), 4 (45)<\/td><\/tr><tr><td>Przegl\u0105d Teleinformatyczny<\/td><td>2018<\/td><td>T. 6 (24)<\/td><td>3-4 (47)<\/td><\/tr><tr><td>Przegl\u0105d Teleinformatyczny<\/td><td>2019<\/td><td>T. 7 (25)<\/td><td>1-2 (48), 3-4 (49)<\/td><\/tr><tr><td>Przegl\u0105d Teleinformatyczny<\/td><td>2020<\/td><td>T. 8 (26)<\/td><td>1-4 (50)<\/td><\/tr><tr><td>Przegl\u0105d Teleinformatyczny<\/td><td>2021<\/td><td>T. 9 (27)<\/td><td>1-4 (51)<\/td><\/tr><tr><td>Przegl\u0105d Teleinformatyczny<\/td><td>2022<\/td><td>T. 10 (28)<\/td><td>1-4 (52)<\/td><\/tr><tr><td>Przegl\u0105d Teleinformatyczny<\/td><td>2023<\/td><td>T. 11 (29)<\/td><td>1-4 (53)<\/td><\/tr><tr><td>Przemys\u0142 Drzewny<\/td><td>2019<\/td><td><\/td><td>1<\/td><\/tr><tr><td>Rocznik \u015awi\u0119tokrzyski. Seria B &#8211; Nauki Przyrodnicze<\/td><td>1996<\/td><td><\/td><td>23<\/td><\/tr><tr><td>Rola informatyki w naukach ekonomicznych i spo\u0142ecznych \/ Wy\u017csza Szko\u0142a Handlowa Kielce<\/td><td>2012<\/td><td><\/td><td>1<\/td><\/tr><tr><td>Rola informatyki w naukach ekonomicznych i spo\u0142ecznych \/ Wy\u017csza Szko\u0142a Handlowa Kielce<\/td><td>2015<\/td><td><\/td><td>1<\/td><\/tr><tr><td>Stalowe Forum<\/td><td>2016<\/td><td><\/td><td>4 (41)<\/td><\/tr><tr><td>Structure and Environment<\/td><td>2009<\/td><td>Vol. 1<\/td><td>1<\/td><\/tr><tr><td>Structure and Environment<\/td><td>2018<\/td><td>Vol. 10<\/td><td>1, 2, 3, 4<\/td><\/tr><tr><td>Structure and Environment<\/td><td>2020<\/td><td>Vol. 12<\/td><td>4<\/td><\/tr><tr><td>\u015awiat Obrabiarek i Narz\u0119dzi<\/td><td>2015<\/td><td>R. 10<\/td><td>1-2<\/td><\/tr><tr><td>\u015awiat Obrabiarek i Narz\u0119dzi<\/td><td>2016<\/td><td>R. 11<\/td><td>7-8, 11-12<\/td><\/tr><tr><td>\u015awiat Obrabiarek i Narz\u0119dzi<\/td><td>2017<\/td><td>R. 12<\/td><td>1-2, 7-8, 11-12<\/td><\/tr><tr><td>\u015awiat Obrabiarek i Narz\u0119dzi<\/td><td>2018<\/td><td>R. 13<\/td><td>1-2, 3-4, 5-6, 7-8<\/td><\/tr><tr><td>\u015awiat Obrabiarek i Narz\u0119dzi<\/td><td>2019<\/td><td>R. 14<\/td><td>3-4, 11-12<\/td><\/tr><tr><td>\u015awiat Obrabiarek i Narz\u0119dzi<\/td><td>2020<\/td><td>R. 15<\/td><td>3-4, 5-7, 8-10, 11-12<\/td><\/tr><tr><td>\u015awiat Obrabiarek i Narz\u0119dzi<\/td><td>2021<\/td><td>R. 16<\/td><td>1, 2<\/td><\/tr><tr><td>\u015awiat Obrabiarek i Narz\u0119dzi<\/td><td>2022<\/td><td>R. 17<\/td><td>2, 3, 4<\/td><\/tr><tr><td>\u015awiat Obrabiarek i Narz\u0119dzi<\/td><td>2023<\/td><td>R. 18<\/td><td>1, 2, 4<\/td><\/tr><tr><td>\u015awiat Obrabiarek i Narz\u0119dzi<\/td><td>2024<\/td><td>R. 19<\/td><td>1, 2, 3, 4<\/td><\/tr><tr><td>\u015awiat Obrabiarek i Narz\u0119dzi<\/td><td>2025<\/td><td>R. 20<\/td><td>1, 2, 3, 4<\/td><\/tr><tr><td>\u015awiat Obrabiarek i Narz\u0119dzi<\/td><td>2026<\/td><td>R. 21<\/td><td>1<\/td><\/tr><tr><td>Zarz\u0105dzanie Bibliotek\u0105<\/td><td>2017<\/td><td><\/td><td>1 (9)<\/td><\/tr><\/tbody><\/table><\/figure>\n","protected":false},"excerpt":{"rendered":"<p>Ofert\u0119 kierujemy do pracownik\u00f3w i student\u00f3w Politechniki \u015awi\u0119tokrzyskiej w Kielcach oraz do zainteresowanych bibliotek. Biblioteki prosimy o sk\u0142adanie zam\u00f3wie\u0144 poczt\u0105 e-mail na adres: bibat(at)tu.kielce.pl. Koszty wysy\u0142ki pokrywa biblioteka zamawiaj\u0105ca (lub odbi\u00f3r na miejscu). Pracownik\u00f3w i student\u00f3w P\u015ak zainteresowanych ofert\u0105 zapraszamy po odbi\u00f3r dublet\u00f3w do Oddzia\u0142u Wydawnictw Ci\u0105g\u0142ych Biblioteki G\u0142\u00f3wnej P\u015ak, II pi\u0119tro, tel. 41 34 [&hellip;]<\/p>\n","protected":false},"author":3,"featured_media":0,"parent":0,"menu_order":0,"comment_status":"closed","ping_status":"closed","template":"","meta":{"footnotes":""},"class_list":["post-244","page","type-page","status-publish","hentry"],"_links":{"self":[{"href":"https:\/\/lib.tu.kielce.pl\/index.php\/wp-json\/wp\/v2\/pages\/244","targetHints":{"allow":["GET"]}}],"collection":[{"href":"https:\/\/lib.tu.kielce.pl\/index.php\/wp-json\/wp\/v2\/pages"}],"about":[{"href":"https:\/\/lib.tu.kielce.pl\/index.php\/wp-json\/wp\/v2\/types\/page"}],"author":[{"embeddable":true,"href":"https:\/\/lib.tu.kielce.pl\/index.php\/wp-json\/wp\/v2\/users\/3"}],"replies":[{"embeddable":true,"href":"https:\/\/lib.tu.kielce.pl\/index.php\/wp-json\/wp\/v2\/comments?post=244"}],"version-history":[{"count":0,"href":"https:\/\/lib.tu.kielce.pl\/index.php\/wp-json\/wp\/v2\/pages\/244\/revisions"}],"wp:attachment":[{"href":"https:\/\/lib.tu.kielce.pl\/index.php\/wp-json\/wp\/v2\/media?parent=244"}],"curies":[{"name":"wp","href":"https:\/\/api.w.org\/{rel}","templated":true}]}}