{"id":242,"date":"2022-01-11T14:06:07","date_gmt":"2022-01-11T13:06:07","guid":{"rendered":"http:\/\/81.26.5.67\/?page_id=242"},"modified":"2022-03-10T08:22:34","modified_gmt":"2022-03-10T07:22:34","slug":"spisy-tresci-zeszytow-naukowych-politechniki-swietokrzyskiej","status":"publish","type":"page","link":"https:\/\/lib.tu.kielce.pl\/index.php\/spisy-tresci-zeszytow-naukowych-politechniki-swietokrzyskiej\/","title":{"rendered":"Spisy tre\u015bci Zeszyt\u00f3w Naukowych Politechniki \u015awi\u0119tokrzyskiej"},"content":{"rendered":"\n<p>Wychodz\u0105c naprzeciw potrzebom u\u017cytkownik\u00f3w oraz chc\u0105c u\u0142atwi\u0107 wgl\u0105d w dzia\u0142alno\u015b\u0107 wydawnicz\u0105 i naukow\u0105 Politechniki \u015awi\u0119tokrzyskiej, oferujemy czytelnikom zeskanowane spisy tre\u015bci Zeszyt\u00f3w Naukowych Kielecko-Radomskiej Wy\u017cszej Szko\u0142y In\u017cynierskiej oraz Zeszyt\u00f3w Naukowych Politechniki \u015awi\u0119tokrzyskiej za lata 1969-2014. Dost\u0119p do poszczeg\u00f3lnych spis\u00f3w jest mo\u017cliwy wed\u0142ug serii:<\/p>\n\n\n\n<ul class=\"wp-block-list\"><li><a href=\"\/index.php\/zeszyty-naukowe-politechniki-swietokrzyskiej-seria-budownictwo\/\">Budownictwo<\/a><\/li><\/ul>\n\n\n\n<ul class=\"wp-block-list\"><li><a href=\"\/index.php\/zeszyty-naukowe-politechniki-swietokrzyskiej-seria-chemia\/\">Chemia<\/a><\/li><\/ul>\n\n\n\n<ul class=\"wp-block-list\"><li><a href=\"\/index.php\/zeszyty-naukowe-politechniki-swietokrzyskiej-seria-elektryka\/\">Elektryka<\/a><\/li><\/ul>\n\n\n\n<ul class=\"wp-block-list\"><li><a href=\"\/index.php\/zeszyty-naukowe-politechniki-swietokrzyskiej-seria-mechanika\">Mechanika<\/a><\/li><\/ul>\n\n\n\n<ul class=\"wp-block-list\"><li><a href=\"\/index.php\/zeszyty-naukowe-politechniki-swietokrzyskiej-seria-nauki-spoleczno-ekonomiczne-nauki-ekonomiczne\/\">Nauki Spo\u0142eczno-Ekonomiczne<\/a><\/li><\/ul>\n\n\n\n<ul class=\"wp-block-list\"><li><a href=\"\/index.php\/zeszyty-naukowe-politechniki-swietokrzyskiej-seria-problemy-ekonomiki-i-organizacji\/\">Problemy Ekonomiki i Organizacji<\/a><\/li><\/ul>\n\n\n\n<ul class=\"wp-block-list\"><li><a href=\"\/index.php\/zeszyty-naukowe-politechniki-swietokrzyskiej-seria-problemy-nauk-podstawowych\/\">Problemy Nauk Podstawowych<\/a><\/li><\/ul>\n\n\n\n<ul class=\"wp-block-list\"><li><a href=\"\/index.php\/zeszyty-naukowe-politechniki-swietokrzyskiej-seria-transport\/\">Transport<\/a><\/li><\/ul>\n\n\n\n<ul class=\"wp-block-list\"><li><a href=\"\/index.php\/zeszyty-naukowe-politechniki-swietokrzyskiej-seria-nauki-techniczne\/\">Nauki Techniczne<\/a><\/li><\/ul>\n\n\n\n<ul class=\"wp-block-list\"><li><a href=\"\/index.php\/zeszyty-naukowe-politechniki-swietokrzyskiej-seria-nauki-ekonomiczne\/\">Nauki Ekonomiczne<\/a><\/li><\/ul>\n\n\n\n<p>Zdigitalizowane spisy tre\u015bci s\u0105 dost\u0119pne w formacie <a href=\"https:\/\/get.adobe.com\/pl\/reader\/\" target=\"_blank\" rel=\"noreferrer noopener\">PDF<\/a>.<\/p>\n\n\n\n<p><\/p>\n","protected":false},"excerpt":{"rendered":"<p>Wychodz\u0105c naprzeciw potrzebom u\u017cytkownik\u00f3w oraz chc\u0105c u\u0142atwi\u0107 wgl\u0105d w dzia\u0142alno\u015b\u0107 wydawnicz\u0105 i naukow\u0105 Politechniki \u015awi\u0119tokrzyskiej, oferujemy czytelnikom zeskanowane spisy tre\u015bci Zeszyt\u00f3w Naukowych Kielecko-Radomskiej Wy\u017cszej Szko\u0142y In\u017cynierskiej oraz Zeszyt\u00f3w Naukowych Politechniki \u015awi\u0119tokrzyskiej za lata 1969-2014. Dost\u0119p do poszczeg\u00f3lnych spis\u00f3w jest mo\u017cliwy wed\u0142ug serii: Budownictwo Chemia Elektryka Mechanika Nauki Spo\u0142eczno-Ekonomiczne Problemy Ekonomiki i Organizacji Problemy Nauk Podstawowych [&hellip;]<\/p>\n","protected":false},"author":3,"featured_media":0,"parent":0,"menu_order":0,"comment_status":"closed","ping_status":"closed","template":"","meta":{"footnotes":""},"class_list":["post-242","page","type-page","status-publish","hentry"],"_links":{"self":[{"href":"https:\/\/lib.tu.kielce.pl\/index.php\/wp-json\/wp\/v2\/pages\/242","targetHints":{"allow":["GET"]}}],"collection":[{"href":"https:\/\/lib.tu.kielce.pl\/index.php\/wp-json\/wp\/v2\/pages"}],"about":[{"href":"https:\/\/lib.tu.kielce.pl\/index.php\/wp-json\/wp\/v2\/types\/page"}],"author":[{"embeddable":true,"href":"https:\/\/lib.tu.kielce.pl\/index.php\/wp-json\/wp\/v2\/users\/3"}],"replies":[{"embeddable":true,"href":"https:\/\/lib.tu.kielce.pl\/index.php\/wp-json\/wp\/v2\/comments?post=242"}],"version-history":[{"count":0,"href":"https:\/\/lib.tu.kielce.pl\/index.php\/wp-json\/wp\/v2\/pages\/242\/revisions"}],"wp:attachment":[{"href":"https:\/\/lib.tu.kielce.pl\/index.php\/wp-json\/wp\/v2\/media?parent=242"}],"curies":[{"name":"wp","href":"https:\/\/api.w.org\/{rel}","templated":true}]}}