{"id":237,"date":"2022-01-05T10:13:11","date_gmt":"2022-01-05T09:13:11","guid":{"rendered":"http:\/\/81.26.5.67\/?page_id=237"},"modified":"2022-10-13T11:26:09","modified_gmt":"2022-10-13T09:26:09","slug":"czasopisma","status":"publish","type":"page","link":"https:\/\/lib.tu.kielce.pl\/index.php\/czasopisma\/","title":{"rendered":"Czasopisma"},"content":{"rendered":"\n<p>Czasopisma polskie i zagraniczne w wersji drukowanej z ostatnich pi\u0119ciu lat s\u0105 udost\u0119pniane na miejscu w Oddziale Wydawnictw Ci\u0105g\u0142ych (II pi\u0119tro Biblioteki).<br>Starsze roczniki znajduj\u0105 si\u0119 w magazynach, a zam\u00f3wienia na ich udost\u0119pnianie nale\u017cy sk\u0142ada\u0107 u dy\u017curnego bibliotekarza.<\/p>\n\n\n\n<ul class=\"wp-block-list\"><li><a href=\"\/index.php\/czasopisma-prenumerowane\/\">Czasopisma prenumerowane przez Bibliotek\u0119 G\u0142\u00f3wn\u0105 Politechniki \u015awi\u0119tokrzyskiej<\/a><\/li><\/ul>\n\n\n\n<div style=\"height:20px\" aria-hidden=\"true\" class=\"wp-block-spacer\"><\/div>\n\n\n\n<p>W Boksie Multimedialnym w Oddziale Wydawnictw Ci\u0105g\u0142ych oferujemy dost\u0119p do pojedynczych tytu\u0142\u00f3w czasopism prenumerowanych w wersji elektronicznej (PDF).<\/p>\n\n\n\n<ul class=\"wp-block-list\"><li><a href=\"https:\/\/lib.tu.kielce.pl\/index.php\/czasopisma-w-wersji-elektronicznej\/\">Czasopisma w wersji elektronicznej<\/a><\/li><\/ul>\n\n\n\n<div style=\"height:20px\" aria-hidden=\"true\" class=\"wp-block-spacer\"><\/div>\n\n\n\n<p>Oddzia\u0142 udost\u0119pnia r\u00f3wnie\u017c wydawnictwa uczelniane &#8211; Zeszyty Naukowe, cz\u0119\u015bciowo z mo\u017cliwo\u015bci\u0105 wypo\u017cyczenia.<\/p>\n\n\n\n<div style=\"height:20px\" aria-hidden=\"true\" class=\"wp-block-spacer\"><\/div>\n\n\n\n<ul class=\"wp-block-list\"><li><a href=\"\/index.php\/czasopismo-uczelniane-indeks\/\">Indeks &#8211; czasopismo uczelniane w wersji elektronicznej<\/a><\/li><\/ul>\n\n\n\n<div style=\"height:20px\" aria-hidden=\"true\" class=\"wp-block-spacer\"><\/div>\n\n\n\n<p>Dary i dublety przeznaczone do nieodp\u0142atnego przekazania u\u017cytkownikom wy\u0142o\u017cone s\u0105 na oznaczonych rega\u0142ach.<\/p>\n\n\n\n<ul class=\"wp-block-list\"><li><a href=\"\/index.php\/dublety-czasopism\/\">Oferta dublet\u00f3w czasopism<\/a><\/li><\/ul>\n","protected":false},"excerpt":{"rendered":"<p>Czasopisma polskie i zagraniczne w wersji drukowanej z ostatnich pi\u0119ciu lat s\u0105 udost\u0119pniane na miejscu w Oddziale Wydawnictw Ci\u0105g\u0142ych (II pi\u0119tro Biblioteki).Starsze roczniki znajduj\u0105 si\u0119 w magazynach, a zam\u00f3wienia na ich udost\u0119pnianie nale\u017cy sk\u0142ada\u0107 u dy\u017curnego bibliotekarza. Czasopisma prenumerowane przez Bibliotek\u0119 G\u0142\u00f3wn\u0105 Politechniki \u015awi\u0119tokrzyskiej W Boksie Multimedialnym w Oddziale Wydawnictw Ci\u0105g\u0142ych oferujemy dost\u0119p do pojedynczych [&hellip;]<\/p>\n","protected":false},"author":3,"featured_media":0,"parent":0,"menu_order":0,"comment_status":"closed","ping_status":"closed","template":"","meta":{"footnotes":""},"class_list":["post-237","page","type-page","status-publish","hentry"],"_links":{"self":[{"href":"https:\/\/lib.tu.kielce.pl\/index.php\/wp-json\/wp\/v2\/pages\/237","targetHints":{"allow":["GET"]}}],"collection":[{"href":"https:\/\/lib.tu.kielce.pl\/index.php\/wp-json\/wp\/v2\/pages"}],"about":[{"href":"https:\/\/lib.tu.kielce.pl\/index.php\/wp-json\/wp\/v2\/types\/page"}],"author":[{"embeddable":true,"href":"https:\/\/lib.tu.kielce.pl\/index.php\/wp-json\/wp\/v2\/users\/3"}],"replies":[{"embeddable":true,"href":"https:\/\/lib.tu.kielce.pl\/index.php\/wp-json\/wp\/v2\/comments?post=237"}],"version-history":[{"count":0,"href":"https:\/\/lib.tu.kielce.pl\/index.php\/wp-json\/wp\/v2\/pages\/237\/revisions"}],"wp:attachment":[{"href":"https:\/\/lib.tu.kielce.pl\/index.php\/wp-json\/wp\/v2\/media?parent=237"}],"curies":[{"name":"wp","href":"https:\/\/api.w.org\/{rel}","templated":true}]}}