{"id":235,"date":"2022-01-03T14:38:08","date_gmt":"2022-01-03T13:38:08","guid":{"rendered":"http:\/\/81.26.5.67\/?page_id=235"},"modified":"2022-01-13T14:34:12","modified_gmt":"2022-01-13T13:34:12","slug":"wyszukiwarka-naukowa-eds-ebsco-discovery-service","status":"publish","type":"page","link":"https:\/\/lib.tu.kielce.pl\/index.php\/wyszukiwarka-naukowa-eds-ebsco-discovery-service\/","title":{"rendered":"Wyszukiwarka naukowa EDS (EBSCO Discovery Service)"},"content":{"rendered":"\n<p><a rel=\"noreferrer noopener\" href=\"http:\/\/search.ebscohost.com\/login.aspx?authtype=ip,uid&amp;profile=eds\" target=\"_blank\">EBSCO Discovery Service\u2122 (EDS)<\/a> zapewnia u\u017cytkownikom \u0142atwy i skuteczny dost\u0119p do wszystkich \u017ar\u00f3de\u0142 elektronicznych Biblioteki&nbsp; (prenumerowanych i Open Access) na jednej platformie wyszukiwawczej. Serwis EDS jest oparty o platform\u0119 <a rel=\"noreferrer noopener\" href=\"http:\/\/search.ebscohost.com\/\" target=\"_blank\">EBSCOhost\u00ae<\/a>.<\/p>\n\n\n\n<p>Najwa\u017cniejsze w\u0142a\u015bciwo\u015bci EBSCO Discovery Service:<\/p>\n\n\n\n<ul class=\"wp-block-list\"><li>Jedno okienko wyszukiwawcze dla wszystkich zasob\u00f3w elektronicznych<\/li><li>Szczeg\u00f3\u0142owe metadane od wielu dostawc\u00f3w i wydawc\u00f3w (np. abstrakty i s\u0142owa kluczowe dostarczone przez autor\u00f3w, has\u0142a przedmiotowe itp.)<\/li><li>Metadane pochodz\u0105ce z dziesi\u0105tk\u00f3w tysi\u0119cy czasopism<\/li><li>Pe\u0142ne indeksowanie prenumerowanych przez bibliotek\u0119 baz danych EBSCOhost (np. Academic Search\u2122, Business Source\u00ae)<\/li><li>Pe\u0142ne indeksowanie najwa\u017cniejszych prenumerowanych baz danych innych wydawc\u00f3w (Elsevier, Springer, Wiley)<\/li><li>Mo\u017cliwo\u015b\u0107 ograniczania wyszukiwania do publikacji pe\u0142notekstowych (elektronicznych i drukowanych)<\/li><li>Ok\u0142adki ksi\u0105\u017cek, opisy ksi\u0105\u017cek, opisy materia\u0142\u00f3w audiowizualnych, przypisy, obja\u015bnienia, has\u0142a przedmiotowe, recenzje ksi\u0105\u017cek itp. dla setek tysi\u0119cy publikacji<\/li><\/ul>\n\n\n\n<p>Dost\u0119p do <a rel=\"noreferrer noopener\" href=\"http:\/\/search.ebscohost.com\/login.aspx?authtype=ip,uid&amp;profile=eds\" target=\"_blank\">wyszukiwarki naukowej EDS<\/a> jest mo\u017cliwy ze wszystkich komputer\u00f3w w sieci uczelnianej pod <a rel=\"noreferrer noopener\" href=\"http:\/\/search.ebscohost.com\/login.aspx?authtype=ip,uid&amp;profile=eds\" target=\"_blank\">bezpo\u015brednim linkiem<\/a> lub poprzez platform\u0119 <a rel=\"noreferrer noopener\" href=\"http:\/\/search.ebscohost.com\/\" target=\"_blank\">EBSCOhost<\/a> Politechniki \u015awi\u0119tokrzyskiej (profil &#8222;Wyszukiwarka naukowa EDS&#8221;).<\/p>\n\n\n\n<p>Wygl\u0105d interfejsu EDS zosta\u0142 dopasowany do stylistyki strony internetowej Biblioteki. Katalog Biblioteki jest dost\u0119pny w g\u00f3rnym pasku narz\u0119dziowym, ale musi by\u0107 osobno przeszukiwany po klikni\u0119ciu w link. Funkcje wyszukiwawcze wyszukiwarki EDS s\u0105 identyczne jak przy korzystaniu z baz EBSCO. Pomoc\u0105 w u\u017cytkowaniu EDS mo\u017ce by\u0107 <a href=\"\/dok\/instrukcje\/EDSinstrukcjaPsk.pdf\" target=\"_blank\" rel=\"noreferrer noopener\">przewodnik<\/a> w j\u0119zyku polskim.<\/p>\n","protected":false},"excerpt":{"rendered":"<p>EBSCO Discovery Service\u2122 (EDS) zapewnia u\u017cytkownikom \u0142atwy i skuteczny dost\u0119p do wszystkich \u017ar\u00f3de\u0142 elektronicznych Biblioteki&nbsp; (prenumerowanych i Open Access) na jednej platformie wyszukiwawczej. Serwis EDS jest oparty o platform\u0119 EBSCOhost\u00ae. Najwa\u017cniejsze w\u0142a\u015bciwo\u015bci EBSCO Discovery Service: Jedno okienko wyszukiwawcze dla wszystkich zasob\u00f3w elektronicznych Szczeg\u00f3\u0142owe metadane od wielu dostawc\u00f3w i wydawc\u00f3w (np. abstrakty i s\u0142owa kluczowe dostarczone [&hellip;]<\/p>\n","protected":false},"author":3,"featured_media":0,"parent":0,"menu_order":0,"comment_status":"closed","ping_status":"closed","template":"","meta":{"footnotes":""},"class_list":["post-235","page","type-page","status-publish","hentry"],"_links":{"self":[{"href":"https:\/\/lib.tu.kielce.pl\/index.php\/wp-json\/wp\/v2\/pages\/235","targetHints":{"allow":["GET"]}}],"collection":[{"href":"https:\/\/lib.tu.kielce.pl\/index.php\/wp-json\/wp\/v2\/pages"}],"about":[{"href":"https:\/\/lib.tu.kielce.pl\/index.php\/wp-json\/wp\/v2\/types\/page"}],"author":[{"embeddable":true,"href":"https:\/\/lib.tu.kielce.pl\/index.php\/wp-json\/wp\/v2\/users\/3"}],"replies":[{"embeddable":true,"href":"https:\/\/lib.tu.kielce.pl\/index.php\/wp-json\/wp\/v2\/comments?post=235"}],"version-history":[{"count":0,"href":"https:\/\/lib.tu.kielce.pl\/index.php\/wp-json\/wp\/v2\/pages\/235\/revisions"}],"wp:attachment":[{"href":"https:\/\/lib.tu.kielce.pl\/index.php\/wp-json\/wp\/v2\/media?parent=235"}],"curies":[{"name":"wp","href":"https:\/\/api.w.org\/{rel}","templated":true}]}}