{"id":234,"date":"2022-01-03T14:18:02","date_gmt":"2022-01-03T13:18:02","guid":{"rendered":"http:\/\/81.26.5.67\/?page_id=234"},"modified":"2023-03-15T09:53:16","modified_gmt":"2023-03-15T08:53:16","slug":"open-access","status":"publish","type":"page","link":"https:\/\/lib.tu.kielce.pl\/index.php\/open-access\/","title":{"rendered":"Open Access"},"content":{"rendered":"\n<p>Open Access oznacza wolny, powszechny, trwa\u0142y i natychmiastowy dost\u0119p dla ka\u017cdego do cyfrowych form zapisu danych i tre\u015bci naukowych oraz edukacyjnych. Ma na celu upowszechnienie otwarto\u015bci w nauce, obiegu informacji naukowej oraz zwi\u0119kszenie dost\u0119pu do wiedzy.<\/p>\n\n\n\n<p><a rel=\"noreferrer noopener\" href=\"http:\/\/www.ebib.pl\/?page_id=786\" target=\"_blank\">Open Access (EBIB)<\/a> &#8211; Serwis EBIBu promuj\u0105cy otwarte zasoby naukowe. Serwis obejmuje m. in. portale OA, list\u0119 repozytori\u00f3w, wyszukiwarki, czasopisma OA, polskie zasoby otwarte i in.<\/p>\n\n\n\n<p><a rel=\"noreferrer noopener\" href=\"http:\/\/koed.org.pl\/\" target=\"_blank\">Koalicja Otwartej Edukacji<\/a> &#8211; Porozumienie organizacji pozarz\u0105dowych i instytucji dzia\u0142aj\u0105cych w obszarze edukacji, nauki i kultury. Celem jej dzia\u0142ania jest budowanie, promocja i aktywizm na rzecz otwartych zasob\u00f3w edukacyjnych.<\/p>\n\n\n\n<p><a rel=\"noreferrer noopener\" href=\"https:\/\/uwolnijnauke.pl\" target=\"_blank\">Uwolnij Nauk\u0119<\/a> &#8211; Portal <a rel=\"noreferrer noopener\" href=\"http:\/\/koed.org.pl\/pl\/\" target=\"_blank\">Koalicji Otwartej Edukacji<\/a>, zrzeszaj\u0105cy aktywist\u00f3w specjalizuj\u0105cych si\u0119 w dzia\u0142aniach na rzecz otwartej nauki. Zawiera szczeg\u00f3\u0142ow\u0105 <a rel=\"noreferrer noopener\" href=\"https:\/\/uwolnijnauke.pl\/baza-wiedzy\/\" target=\"_blank\">Baz\u0119 wiedzy o OA<\/a> (portale, repozytoria, czasopisma otwarte, wyszukiwarki).<\/p>\n\n\n\n<p><a rel=\"noreferrer noopener\" href=\"http:\/\/otwartanauka.pl\/\" target=\"_blank\">Otwarta Nauka<\/a> &#8211; Portal zawieraj\u0105cy informacje o ruchu otwartej nauki w Polsce i na \u015bwiecie oraz o projektach otwartej nauki realizowanych w ICM UW. Serwis prowadzony jest w Centrum Otwartej Nauki (CeON).<\/p>\n\n\n\n<p><a rel=\"noreferrer noopener\" href=\"http:\/\/pon.edu.pl\/\" target=\"_blank\">Platforma Otwartej Nauki<\/a> &#8211; Centrum kompetencji w zakresie otwartych modeli komunikacji naukowej i dystrybucji wiedzy, o\u015brodek oferuj\u0105cy rozwi\u0105zania i narz\u0119dzia umo\u017cliwiaj\u0105ce wdra\u017canie tych modeli, a tak\u017ce cyfrowa kolekcja polskich publikacji naukowych.<\/p>\n\n\n\n<p><a rel=\"noreferrer noopener\" href=\"https:\/\/bibliotekanauki.pl\/\" target=\"_blank\">Biblioteka Nauki<\/a> &#8211; Platforma udost\u0119pnia w spos\u00f3b nieodp\u0142atny i otwarty pe\u0142ne teksty publikacji naukowych. Obecnie obejmuje pe\u0142ne teksty ponad 400 000 artyku\u0142\u00f3w oraz kilkaset ksi\u0105\u017cek naukowych. Artyku\u0142y i ksi\u0105\u017cki udost\u0119pnione s\u0105 jako pliki w formatach PDF, EPUB, MOBI oraz XML.<\/p>\n\n\n\n<p><a rel=\"noreferrer noopener\" href=\"https:\/\/repod.icm.edu.pl\/\" target=\"_blank\">Repozytorium RepOD<\/a> &#8211; Repozytorium gromadzi i udost\u0119pnia zbiory danych badawczych ze wszystkich dziedzin. Ka\u017cdy zbi\u00f3r danych zamieszczony w repozytorium otrzymuje w\u0142asny numer DOI.<\/p>\n\n\n\n<p><a rel=\"noreferrer noopener\" href=\"http:\/\/agregator.ceon.pl\/\" target=\"_blank\">Agregator CeON<\/a> &#8211; Agregator Centrum Otwartej Nauki to wsp\u00f3lny punkt dost\u0119pu do zasob\u00f3w polskich otwartych repozytori\u00f3w. Zapewnia ich wi\u0119ksz\u0105 widoczno\u015b\u0107, szersz\u0105 dost\u0119pno\u015b\u0107 i \u0142atwiejsze wyszukiwanie.<\/p>\n\n\n\n<p><a rel=\"noreferrer noopener\" href=\"https:\/\/zasobynauki.pl\/\" target=\"_blank\">AZON Atlas Zasob\u00f3w Otwartej Nauki 2.0<\/a> \u2013 Projekt ma na celu zwi\u0119kszenie dost\u0119pno\u015bci, popraw\u0119 jako\u015bci i rozszerzenie mo\u017cliwo\u015bci ponownego wykorzystania zasob\u00f3w nauki. Koncentruje si\u0119 na cyfrowym udost\u0119pnianiu zasob\u00f3w maj\u0105cych du\u017ce znaczenie dla obszaru nauki i gospodarki, takich jak: publikacje, skrypty, wyk\u0142ady, modele 3D, nagrania audio, wideo, zdj\u0119cia, pliki wej\u015bciowe i wyj\u015bciowe r\u00f3\u017cnych program\u00f3w komputerowych, bazy danych gromadz\u0105ce dane z r\u00f3\u017cnych dziedzin, maszyn, system\u00f3w, korpusy j\u0119zykowe i wiele innych.<\/p>\n\n\n\n<p><a href=\"https:\/\/lib.tu.kielce.pl\/index.php\/pelnotekstowe-serwisy-czasopism-online\">Pe\u0142notekstowe serwisy czasopism online<\/a><\/p>\n\n\n\n<p><a href=\"\/index.php\/pelnotekstowe-serwisy-ksiazek-elektronicznych\/\">Pe\u0142notekstowe serwisy ksi\u0105\u017cek elektronicznych<\/a><\/p>\n\n\n\n<p>Open Access na stronach wydawc\u00f3w:<\/p>\n\n\n\n<ul class=\"wp-block-list\">\n<li><a rel=\"noreferrer noopener\" href=\"http:\/\/www.oxfordjournals.org\/oxfordopen\/\" target=\"_blank\">Oxford Journals &#8211; Oxford Open<\/a><\/li>\n\n\n\n<li><a rel=\"noreferrer noopener\" href=\"http:\/\/www.wileyopenaccess.com\/view\/index.html\" target=\"_blank\">Wiley Open Access<\/a><\/li>\n\n\n\n<li><a rel=\"noreferrer noopener\" href=\"http:\/\/spie.org\/x34034.xml\" target=\"_blank\">Open Access SPIE Publications<\/a><\/li>\n\n\n\n<li><a rel=\"noreferrer noopener\" href=\"https:\/\/www.degruyter.com\/cms\/pages\/open-access\" target=\"_blank\">De Gruyter Open<\/a><\/li>\n\n\n\n<li><a rel=\"noreferrer noopener\" href=\"http:\/\/www.tandfonline.com\/page\/openaccess\" target=\"_blank\">Taylor and Francis Open Access<\/a><\/li>\n\n\n\n<li><a rel=\"noreferrer noopener\" href=\"https:\/\/www.openaccess.cam.ac.uk\/\" target=\"_blank\">Cambridge<\/a><\/li>\n\n\n\n<li><a href=\"https:\/\/publishingsupport.iopscience.iop.org\/open_access\/\" target=\"_blank\" rel=\"noreferrer noopener\">IOP Science<\/a><\/li>\n<\/ul>\n","protected":false},"excerpt":{"rendered":"<p>Open Access oznacza wolny, powszechny, trwa\u0142y i natychmiastowy dost\u0119p dla ka\u017cdego do cyfrowych form zapisu danych i tre\u015bci naukowych oraz edukacyjnych. Ma na celu upowszechnienie otwarto\u015bci w nauce, obiegu informacji naukowej oraz zwi\u0119kszenie dost\u0119pu do wiedzy. Open Access (EBIB) &#8211; Serwis EBIBu promuj\u0105cy otwarte zasoby naukowe. Serwis obejmuje m. in. portale OA, list\u0119 repozytori\u00f3w, wyszukiwarki, [&hellip;]<\/p>\n","protected":false},"author":3,"featured_media":0,"parent":0,"menu_order":0,"comment_status":"closed","ping_status":"closed","template":"","meta":{"footnotes":""},"class_list":["post-234","page","type-page","status-publish","hentry"],"_links":{"self":[{"href":"https:\/\/lib.tu.kielce.pl\/index.php\/wp-json\/wp\/v2\/pages\/234","targetHints":{"allow":["GET"]}}],"collection":[{"href":"https:\/\/lib.tu.kielce.pl\/index.php\/wp-json\/wp\/v2\/pages"}],"about":[{"href":"https:\/\/lib.tu.kielce.pl\/index.php\/wp-json\/wp\/v2\/types\/page"}],"author":[{"embeddable":true,"href":"https:\/\/lib.tu.kielce.pl\/index.php\/wp-json\/wp\/v2\/users\/3"}],"replies":[{"embeddable":true,"href":"https:\/\/lib.tu.kielce.pl\/index.php\/wp-json\/wp\/v2\/comments?post=234"}],"version-history":[{"count":0,"href":"https:\/\/lib.tu.kielce.pl\/index.php\/wp-json\/wp\/v2\/pages\/234\/revisions"}],"wp:attachment":[{"href":"https:\/\/lib.tu.kielce.pl\/index.php\/wp-json\/wp\/v2\/media?parent=234"}],"curies":[{"name":"wp","href":"https:\/\/api.w.org\/{rel}","templated":true}]}}