{"id":233,"date":"2022-01-03T12:45:32","date_gmt":"2022-01-03T11:45:32","guid":{"rendered":"http:\/\/81.26.5.67\/?page_id=233"},"modified":"2023-03-15T10:05:22","modified_gmt":"2023-03-15T09:05:22","slug":"pelnotekstowe-serwisy-czasopism-online","status":"publish","type":"page","link":"https:\/\/lib.tu.kielce.pl\/index.php\/pelnotekstowe-serwisy-czasopism-online\/","title":{"rendered":"Pe\u0142notekstowe serwisy czasopism online"},"content":{"rendered":"\n<p><a href=\"http:\/\/www.doaj.org\/\" target=\"_blank\" rel=\"noreferrer noopener\">DOAJ (Directory of Open Access Journals)<\/a> &#8211; serwis oferuj\u0105cy dost\u0119p do 12 830 elektronicznych czasopism naukowych. Serwis zawiera czasopisma pe\u0142notekstowe z zakresu: biologii, chemii, fizyki, matematyki, techniki, nauk o Ziemi, historii, socjologii, nauk politycznych, psychologii, filozofii, ekonomii, zarz\u0105dzania i in.<\/p>\n\n\n\n<p><a rel=\"noreferrer noopener\" href=\"https:\/\/www.openj-gate.com\/\" data-type=\"URL\" data-id=\"https:\/\/www.openj-gate.com\/\" target=\"_blank\">Open J-Gate<\/a> &#8211; bezp\u0142atna baza artyku\u0142\u00f3w z naukowych i bran\u017cowych czasopism Open Access z r\u00f3\u017cnych dziedzin nauki.<\/p>\n\n\n\n<p><a rel=\"noreferrer noopener\" href=\"https:\/\/www.degruyter.com\/publishing\/publications\/openaccess\/open-access-articles\/our-oa-journals\" data-type=\"URL\" data-id=\"https:\/\/www.degruyter.com\/publishing\/publications\/openaccess\/open-access-articles\/our-oa-journals\" target=\"_blank\">De Gruyter<\/a> &#8211; oko\u0142o 90 czasopism pe\u0142notekstowych wydawnictwa De Gruyter z r\u00f3\u017cnych dyscyplin STEM i HSS.<\/p>\n\n\n\n<p><a rel=\"noreferrer noopener\" href=\"https:\/\/sciendo.com\/pl\" data-type=\"URL\" data-id=\"https:\/\/sciendo.com\/pl\" target=\"_blank\">Sciendo<\/a> &#8211; nale\u017c\u0105ca do De Gruyter platforma \u015bwiadcz\u0105ca us\u0142ugi wydawnicze dla uczelni i innych instytucji. Publikuje obecnie oko\u0142o 600 czasopism, cz\u0119\u015bciowo w modelu Open Access.<\/p>\n\n\n\n<p><a rel=\"noreferrer noopener\" href=\"https:\/\/www.edpsciences.org\/en\/\" target=\"_blank\">EDP Sciences<\/a> (\u00c9dition Diffusion Presse Sciences) publikuje mi\u0119dzynarodowe czasopisma, ksi\u0105\u017cki i materia\u0142y konferencyjne z zakresu nauki, techniki, medycyny i nauk spo\u0142ecznych. Wiele publikacji jest dost\u0119pnych w modelu Open Access na stronie <a rel=\"noreferrer noopener\" href=\"https:\/\/www.edp-open.org\/\" target=\"_blank\">EDP Open<\/a>.<\/p>\n\n\n\n<p><a href=\"http:\/\/www.hindawi.com\/\" data-type=\"URL\" target=\"_blank\" rel=\"noreferrer noopener\">Hindawi<\/a> &#8211; wydawca ponad 200 czasopism naukowych z dziedziny fizyki, matematyki, nauk in\u017cynieryjnych i biologicznych. Oferuje dost\u0119p do pe\u0142nych tekst\u00f3w wszystkich publikowanych czasopism.<\/p>\n\n\n\n<p><a href=\"http:\/\/scialert.net\/index.php\" data-type=\"URL\" target=\"_blank\" rel=\"noreferrer noopener\">Science Alert<\/a> &#8211; serwis oferuj\u0105cy bezp\u0142atnie prawie 120 czasopism pe\u0142notekstowych z kilkunastu dziedzin, m.in. matematyki, fizyki, chemii, in\u017cynierii, informatyki, ochrony \u015brodowiska, zarz\u0105dzania.<\/p>\n\n\n\n<p><a href=\"http:\/\/emis.icm.edu.pl\/\" data-type=\"URL\" target=\"_blank\" rel=\"noreferrer noopener\">EMIS (European Mathematical Information Service)<\/a> &#8211; Europejski Matematyczny Serwis Informacyjny rozwijany przez Europejskie Towarzystwo Matematyczne (EMS) zawieraj\u0105cy pe\u0142ne teksty pism matematycznych R. Hamiltona oraz G. Riemanna, ok. 50 czasopism matematycznych wydawanych od 1997 r. do chwili obecnej, materia\u0142y konferencyjne oraz wybrane monografie i konspekty wyk\u0142ad\u00f3w.<\/p>\n\n\n\n<p><a href=\"http:\/\/journals4free.com\/\" data-type=\"URL\" target=\"_blank\" rel=\"noreferrer noopener\">Journals for Free<\/a> &#8211; interdyscyplinarna baza rejestruj\u0105ca czasopisma w otwartym dost\u0119pie. Obejmuje ponad 17 000 tytu\u0142\u00f3w.<\/p>\n\n\n\n<p><a rel=\"noreferrer noopener\" href=\"http:\/\/www.scientific-publications.net\/en\/\" target=\"_blank\">International Scientific Publications<\/a> &#8211; 7 tytu\u0142\u00f3w pe\u0142notekstowych czasopism recenzowanych publikowanych przez Info Invest Ltd na licencji <a href=\"http:\/\/creativecommons.org\/licenses\/by\/3.0\/\" data-type=\"URL\" data-id=\"http:\/\/creativecommons.org\/licenses\/by\/3.0\/\" target=\"_blank\" rel=\"noreferrer noopener\">Creative Commons<\/a>.<\/p>\n\n\n\n<p><a href=\"http:\/\/www.bibliothek.uni-regensburg.de\/ezeit\/ezb.phtml\" data-type=\"URL\" target=\"_blank\" rel=\"noreferrer noopener\">EZB<\/a> &#8211; Elektroniczna Biblioteka Czasopism przy Bibliotece Uniwersyteckiej w Regensburgu. Udost\u0119pnia spisy tre\u015bci i pe\u0142ne teksty wybranych artyku\u0142\u00f3w czasopism. Strona w niemieckiej lub angielskiej wersji j\u0119zykowej.<\/p>\n\n\n\n<p><a rel=\"noreferrer noopener\" href=\"http:\/\/przyrbwn.icm.edu.pl\/\" target=\"_blank\">BWN &#8211; Kolekcja Nauk Przyrodniczych<\/a> &#8211; pe\u0142notekstowa baza danych, przechowuj\u0105ca artyku\u0142y z polskich czasopism naukowych z zakresu nauk przyrodniczych, dost\u0119pna na stronie ICM UW w ramach projektu <a rel=\"noreferrer noopener\" href=\"http:\/\/otwartanauka.pl\/\" target=\"_blank\">Otwarta nauka<\/a>.<\/p>\n\n\n\n<p><a rel=\"noreferrer noopener\" href=\"http:\/\/matwbn.icm.edu.pl\/\" target=\"_blank\">Biblioteka Wirtualna Matematyki<\/a> &#8211; pe\u0142notekstowa baza danych, przechowuj\u0105ca bie\u017c\u0105ce i archiwalne artyku\u0142y z polskich czasopism matematycznych, dost\u0119pna na stronie ICM UW w ramach projektu <a rel=\"noreferrer noopener\" href=\"http:\/\/otwartanauka.pl\/\" target=\"_blank\">Otwarta nauka<\/a>.<\/p>\n\n\n\n<p><a href=\"http:\/\/www.czasopisma.pan.pl\/\" data-type=\"URL\" target=\"_blank\" rel=\"noreferrer noopener\">Czytelnia Czasopism PAN<\/a> zawiera pe\u0142ne teksty ponad 100 czasopism wydawanych lub wsp\u00f3\u0142wydawanych przez komitety i oddzia\u0142y PAN oraz wydawanych przez Biuro Upowszechniania i Promocji Nauki PAN.<\/p>\n\n\n\n<p><a href=\"http:\/\/czasopisma.fbc.net.pl\/\" data-type=\"URL\" target=\"_blank\" rel=\"noreferrer noopener\">FBC Czasopisma<\/a> &#8211; serwis tematyczny Federacji Bibliotek Cyfrowych oferuj\u0105cy dost\u0119p do ponad 7 100 tytu\u0142\u00f3w czasopism zebranych ze zbior\u00f3w wszystkich instytucji dostarczaj\u0105cych dane do FBC.<\/p>\n\n\n\n<p><a rel=\"noreferrer noopener\" href=\"https:\/\/journals.bg.agh.edu.pl\/\" data-type=\"URL\" data-id=\"https:\/\/journals.bg.agh.edu.pl\/\" target=\"_blank\">Czasopisma elektroniczne AGH<\/a> &#8211; ponad 30 tytu\u0142\u00f3w bie\u017c\u0105cych i archiwalnych czasopism wydawanych przez AGH w Krakowie.<\/p>\n\n\n\n<p><a rel=\"noreferrer noopener\" href=\"https:\/\/pressto.amu.edu.pl\/\" target=\"_blank\">PRESSto.<\/a> &#8211; platforma otwartych czasopism naukowych Uniwersytetu im. Adama Mickiewicza w Poznaniu.<\/p>\n\n\n\n<p><a rel=\"noreferrer noopener\" href=\"https:\/\/www.ejournals.eu\/\" target=\"_blank\">Portal Czasopism Naukowych<\/a> &#8211; portal Wydawnictwa Uniwersytetu Jagiello\u0144skiego, prezentuj\u0105cy pe\u0142n\u0105 tre\u015b\u0107 ponad 80 periodyk\u00f3w i czasopism wydawanych elektronicznie we wsp\u00f3\u0142pracy z r\u00f3\u017cnymi o\u015brodkami naukowymi z ca\u0142ej Polski.<\/p>\n\n\n\n<p><a rel=\"noreferrer noopener\" href=\"https:\/\/apcz.umk.pl\/\" target=\"_blank\">Akademicka Platforma Czasopism<\/a> &#8211; platforma cyfrowa czasopism naukowych Wydawnictwa Naukowego Uniwersytetu Miko\u0142aja Kopernika w Toruniu.<\/p>\n\n\n\n<p><a rel=\"noreferrer noopener\" href=\"https:\/\/econjournals.sgh.waw.pl\" target=\"_blank\">SGH Journals<\/a> \u2013 czasopisma Open Access wydawane przez Oficyn\u0119 Wydawnicz\u0105 Szko\u0142y G\u0142\u00f3wnej Handlowej w Warszawie.<\/p>\n","protected":false},"excerpt":{"rendered":"<p>DOAJ (Directory of Open Access Journals) &#8211; serwis oferuj\u0105cy dost\u0119p do 12 830 elektronicznych czasopism naukowych. Serwis zawiera czasopisma pe\u0142notekstowe z zakresu: biologii, chemii, fizyki, matematyki, techniki, nauk o Ziemi, historii, socjologii, nauk politycznych, psychologii, filozofii, ekonomii, zarz\u0105dzania i in. Open J-Gate &#8211; bezp\u0142atna baza artyku\u0142\u00f3w z naukowych i bran\u017cowych czasopism Open Access z r\u00f3\u017cnych [&hellip;]<\/p>\n","protected":false},"author":3,"featured_media":0,"parent":0,"menu_order":0,"comment_status":"closed","ping_status":"closed","template":"","meta":{"footnotes":""},"class_list":["post-233","page","type-page","status-publish","hentry"],"_links":{"self":[{"href":"https:\/\/lib.tu.kielce.pl\/index.php\/wp-json\/wp\/v2\/pages\/233","targetHints":{"allow":["GET"]}}],"collection":[{"href":"https:\/\/lib.tu.kielce.pl\/index.php\/wp-json\/wp\/v2\/pages"}],"about":[{"href":"https:\/\/lib.tu.kielce.pl\/index.php\/wp-json\/wp\/v2\/types\/page"}],"author":[{"embeddable":true,"href":"https:\/\/lib.tu.kielce.pl\/index.php\/wp-json\/wp\/v2\/users\/3"}],"replies":[{"embeddable":true,"href":"https:\/\/lib.tu.kielce.pl\/index.php\/wp-json\/wp\/v2\/comments?post=233"}],"version-history":[{"count":0,"href":"https:\/\/lib.tu.kielce.pl\/index.php\/wp-json\/wp\/v2\/pages\/233\/revisions"}],"wp:attachment":[{"href":"https:\/\/lib.tu.kielce.pl\/index.php\/wp-json\/wp\/v2\/media?parent=233"}],"curies":[{"name":"wp","href":"https:\/\/api.w.org\/{rel}","templated":true}]}}