{"id":232,"date":"2022-01-03T11:22:19","date_gmt":"2022-01-03T10:22:19","guid":{"rendered":"http:\/\/81.26.5.67\/?page_id=232"},"modified":"2023-04-25T13:09:20","modified_gmt":"2023-04-25T11:09:20","slug":"krajowe-licencje-akademickie","status":"publish","type":"page","link":"https:\/\/lib.tu.kielce.pl\/index.php\/krajowe-licencje-akademickie\/","title":{"rendered":"Krajowe licencje akademickie"},"content":{"rendered":"\n<p><a rel=\"noreferrer noopener\" href=\"http:\/\/www.wbn.edu.pl\/\" target=\"_blank\"><strong>WBN Wirtualna Biblioteka Nauki<\/strong><\/a> &#8211; Program realizowany ze \u015brodk\u00f3w Ministerstwa Nauki i Szkolnictwa Wy\u017cszego, umo\u017cliwiaj\u0105cy bezp\u0142atny dost\u0119p do zasob\u00f3w licencyjnych dla instytucji akademickich (licencje krajowe), do polskich zasob\u00f3w wydawniczych i bibliograficznych, a tak\u017ce konsorcyjne dost\u0119py do zasob\u00f3w tre\u015bciowych i innych.<\/p>\n\n\n\n<p><a rel=\"noreferrer noopener\" href=\"https:\/\/www.sciencedirect.com\/\" target=\"_blank\"><strong>Science Direct (Elsevier)<\/strong><\/a> &#8211; Czasopisma elektroniczne <strong>Elsevier<\/strong> s\u0105 dost\u0119pne na serwerze wydawcy <a rel=\"noreferrer noopener\" href=\"http:\/\/www.sciencedirect.com\/\" target=\"_blank\">Science Direct<\/a> oraz na serwerze <a rel=\"noreferrer noopener\" href=\"http:\/\/www.infona.pl\" target=\"_blank\">Infona<\/a> w ICM. Licencja obejmuje 1229 tytu\u0142\u00f3w bie\u017c\u0105cych z rocznikami od 1995 oraz 365 tytu\u0142\u00f3w archiwalnych (<a rel=\"noreferrer noopener\" href=\"https:\/\/vls.icm.edu.pl\/zasady\/2022\/Elsevier\/lista_tytulowREAD_Elsevier2022-2024.xlsx\" target=\"_blank\">lista<\/a>).<br>Licencja krajowa Elsevier obejmuje wybrane pakiety ksi\u0105\u017cek: 1712 monografii z lat 2013 i 2014 oraz 803 wolumeny serii ksi\u0105\u017ckowych lub serii poradnikowych (handbooks) z lat 2011-2015 (<a href=\"http:\/\/vls.icm.edu.pl\/zasady\/2015\/Elsevier\/elsevier_ksiazki_pakiety.xls\" target=\"_blank\" rel=\"noreferrer noopener\">lista<\/a>). Ksi\u0105\u017cki s\u0105 dost\u0119pne na <a rel=\"noreferrer noopener\" href=\"http:\/\/www.sciencedirect.com\/\" target=\"_blank\">serwerze wydawcy<\/a>.<\/p>\n\n\n\n<p><a rel=\"noreferrer noopener\" href=\"https:\/\/link.springer.com\/\" target=\"_blank\"><strong>Springer Link<\/strong><\/a> &#8211; Czasopisma i ksi\u0105\u017cki <strong>Springer<\/strong> s\u0105 dost\u0119pne na platformie <a rel=\"noreferrer noopener\" href=\"http:\/\/link.springer.com\" target=\"_blank\">Springer Link<\/a> oraz na serwerze <a rel=\"noreferrer noopener\" href=\"http:\/\/www.infona.pl\" target=\"_blank\">Infona<\/a> w ICM. Licencja obejmuje 2187 tytu\u0142y bie\u017c\u0105ce ze wszystkimi dost\u0119pnymi rocznikami do 1997 r. oraz g\u0142\u0119bokie archiwa sprzed 1997 r. dla ok. 1000 czasopism.<br>Licencja obejmuje tak\u017ce ok. 137.000 ksi\u0105\u017cek wydanych w latach: 1888-1989, 1990-1999, 2000-2004, 2005-2009, 2010-2014, 2015-2019 (z wyj\u0105tkiem 2016).<\/p>\n\n\n\n<p><a rel=\"noreferrer noopener\" href=\"https:\/\/onlinelibrary.wiley.com\/\" target=\"_blank\"><strong>Wiley Online Library<\/strong><\/a> &#8211; Czasopisma <strong>Wiley<\/strong> udost\u0119pniane s\u0105 na serwerze wydawcy. Licencja obejmuje wybrane <a rel=\"noreferrer noopener\" href=\"https:\/\/vls.icm.edu.pl\/zasady\/2022\/Wiley\/czasopisma_wiley2022_tytuly.xlsx\" target=\"_blank\">491 czasopisma<\/a> z nauk \u015bcis\u0142ych, humanistycznych i spo\u0142ecznych wraz z archiwami od 1997 r.<br>Licencja krajowa Wiley obejmuje 2450 ksi\u0105\u017cek elektronicznych wydanych w latach 2009 i 2015. Roczniki czasopism od 2012 r. oraz zakupione ksi\u0105\u017cki s\u0105 archiwizowane na platformie <a rel=\"noreferrer noopener\" href=\"http:\/\/www.infona.pl\" target=\"_blank\">Infona<\/a> w ICM.<\/p>\n\n\n\n<ul class=\"wp-block-list\">\n<li><a rel=\"noreferrer noopener\" href=\"https:\/\/wbn.icm.edu.pl\/e-czasopisma\/\" data-type=\"URL\" data-id=\"https:\/\/wbn.icm.edu.pl\/e-czasopisma\/\" target=\"_blank\">E-czasopisma<\/a> &#8211; Wyszukiwarka czasopism dost\u0119pnych w ramach licencji krajowych (Elsevier, Springer, Wiley)<\/li>\n<\/ul>\n\n\n\n<ul class=\"wp-block-list\">\n<li><a rel=\"noreferrer noopener\" href=\"https:\/\/wbn.icm.edu.pl\/e-ksiazki\/\" data-type=\"URL\" data-id=\"https:\/\/wbn.icm.edu.pl\/e-ksiazki\/\" target=\"_blank\">E-ksi\u0105\u017cki<\/a> &#8211; Przegl\u0105darka dziedzinowa i wyszukiwarka ksi\u0105\u017cek dost\u0119pnych w ramach licencji krajowych (Elsevier, Springer, Wiley)<\/li>\n<\/ul>\n\n\n\n<p><a rel=\"noreferrer noopener\" href=\"https:\/\/www.nature.com\/\" target=\"_blank\"><strong>Nature<\/strong><\/a> &#8211; Czasopismo <strong>Nature<\/strong> jest udost\u0119pniane na <a rel=\"noreferrer noopener\" href=\"http:\/\/www.nature.com\/nature\/index.html\" target=\"_blank\">serwerze wydawcy Nature Publishing Group (NPG)<\/a>. Licencja krajowa Nature pozwala na dost\u0119p do rocznika bie\u017c\u0105cego i rocznik\u00f3w archiwalnych od roku 2010.<\/p>\n\n\n\n<p><a rel=\"noreferrer noopener\" href=\"https:\/\/science.org\" target=\"_blank\"><strong>Science<\/strong><\/a> &#8211; Czasopismo <strong>Science<\/strong> jest udost\u0119pniane na <a rel=\"noreferrer noopener\" href=\"https:\/\/science.org\" target=\"_blank\">serwerze wydawcy American Association for the Advancement of Science<\/a>. Licencja krajowa Science pozwala na dost\u0119p do rocznika bie\u017c\u0105cego i archiw\u00f3w od 1997 r.<\/p>\n\n\n\n<p><a rel=\"noreferrer noopener\" href=\"https:\/\/search.ebscohost.com\" target=\"_blank\"><strong>EBSCO<\/strong><\/a> &#8211; Pakiet podstawowy zawiera 16 baz danych, w tym 9 baz pe\u0142notekstowych zawieraj\u0105cych czasopisma naukowe, ksi\u0105\u017cki, gazety i inne publikacje oraz 7 baz bibliograficznych (abstraktowych).<br><a href=\"\/dok\/instrukcje\/Pakiet_podstawowy_EBSCO2019.pdf\" target=\"_blank\" rel=\"noreferrer noopener\">Szczeg\u00f3\u0142owe informacje Wydawcy o pakiecie podstawowym EBSCO oferowanym w ramach licencji krajowej.<\/a><br>Bazy dost\u0119pne s\u0105 na platformie EBSCOhost. <a rel=\"noreferrer noopener\" href=\"https:\/\/connect.ebsco.com\/s\/article\/Zasoby-w-j-polskim?language=en_US\" target=\"_blank\">Informacje o bazach i przewodniki<\/a> do korzystania z platformy s\u0105 dost\u0119pne w j\u0119zyku polskim. <\/p>\n\n\n\n<p><a rel=\"noreferrer noopener\" href=\"https:\/\/www.webofscience.com\/wos\/woscc\/basic-search\" target=\"_blank\"><strong>Web of Science<\/strong><\/a> &#8211; Kolekcja baz danych produkowanych przez firm\u0119 Clarivate (dawniej Thomson Reuters). W bazach WoS indeksowane s\u0105 czasopisma znajduj\u0105ce si\u0119 na li\u015bcie <a rel=\"noreferrer noopener\" href=\"http:\/\/mjl.clarivate.com\/\" target=\"_blank\">Master Journal List<\/a> (tzw. lista filadelfijska), kt\u00f3ra obejmuje ponad 24 000 tytu\u0142\u00f3w.<br>Komplet baz obj\u0119tych licencj\u0105 jest udost\u0119pniany na platformie <a rel=\"noreferrer noopener\" href=\"https:\/\/www.webofscience.com\/wos\/woscc\/basic-search\" target=\"_blank\">Web of Science<\/a>. <br>Dla u\u017cytkownik\u00f3w w Polsce wydawca stworzy\u0142 <a href=\"https:\/\/clarivate.libguides.com\/europe\/poland\" target=\"_blank\" rel=\"noreferrer noopener\">stron\u0119 informacyjn\u0105<\/a> na temat zasob\u00f3w WoS. <br><a href=\"https:\/\/access.clarivate.com\/login?app=incites\" data-type=\"URL\" data-id=\"https:\/\/incites.clarivate.com\/\" target=\"_blank\" rel=\"noreferrer noopener\"><strong>InCites<\/strong><\/a> &#8211; narz\u0119dzie do analizy danych zawartych w bazach WoS (wymaga za\u0142o\u017cenia konta osobistego).<\/p>\n\n\n\n<p><a rel=\"noreferrer noopener\" href=\"http:\/\/www.scopus.com\/\" target=\"_blank\"><strong>Scopus<\/strong><\/a> &#8211; Produkowana przez Elsevier interdyscyplinarna baza abstrakt\u00f3w i cytowa\u0144 z zakresu nauk matematyczno-przyrodniczych, technicznych, medycznych i humanistycznych. Obejmuje ponad 23 000 recenzowanych czasopism, 145 000 ksi\u0105\u017cek oraz inne publikacje. Baza Scopus podaje tak\u017ce indeks Hirscha liczony w oparciu o publikacje od 1970 r. Scopus jest udost\u0119pniany na <a rel=\"noreferrer noopener\" href=\"http:\/\/www.scopus.com\/\" target=\"_blank\">serwerze producenta.<\/a><br><a rel=\"noreferrer noopener\" href=\"https:\/\/www.scival.com\/\" data-type=\"URL\" data-id=\"https:\/\/www.scival.com\/\" target=\"_blank\"><strong>SciVal<\/strong><\/a> &#8211; narz\u0119dzie do analizy danych zawartych w bazie Scopus (wymaga za\u0142o\u017cenia konta osobistego).<\/p>\n\n\n\n<p><\/p>\n","protected":false},"excerpt":{"rendered":"<p>WBN Wirtualna Biblioteka Nauki &#8211; Program realizowany ze \u015brodk\u00f3w Ministerstwa Nauki i Szkolnictwa Wy\u017cszego, umo\u017cliwiaj\u0105cy bezp\u0142atny dost\u0119p do zasob\u00f3w licencyjnych dla instytucji akademickich (licencje krajowe), do polskich zasob\u00f3w wydawniczych i bibliograficznych, a tak\u017ce konsorcyjne dost\u0119py do zasob\u00f3w tre\u015bciowych i innych. Science Direct (Elsevier) &#8211; Czasopisma elektroniczne Elsevier s\u0105 dost\u0119pne na serwerze wydawcy Science Direct oraz [&hellip;]<\/p>\n","protected":false},"author":3,"featured_media":0,"parent":0,"menu_order":0,"comment_status":"closed","ping_status":"closed","template":"","meta":{"footnotes":""},"class_list":["post-232","page","type-page","status-publish","hentry"],"_links":{"self":[{"href":"https:\/\/lib.tu.kielce.pl\/index.php\/wp-json\/wp\/v2\/pages\/232","targetHints":{"allow":["GET"]}}],"collection":[{"href":"https:\/\/lib.tu.kielce.pl\/index.php\/wp-json\/wp\/v2\/pages"}],"about":[{"href":"https:\/\/lib.tu.kielce.pl\/index.php\/wp-json\/wp\/v2\/types\/page"}],"author":[{"embeddable":true,"href":"https:\/\/lib.tu.kielce.pl\/index.php\/wp-json\/wp\/v2\/users\/3"}],"replies":[{"embeddable":true,"href":"https:\/\/lib.tu.kielce.pl\/index.php\/wp-json\/wp\/v2\/comments?post=232"}],"version-history":[{"count":0,"href":"https:\/\/lib.tu.kielce.pl\/index.php\/wp-json\/wp\/v2\/pages\/232\/revisions"}],"wp:attachment":[{"href":"https:\/\/lib.tu.kielce.pl\/index.php\/wp-json\/wp\/v2\/media?parent=232"}],"curies":[{"name":"wp","href":"https:\/\/api.w.org\/{rel}","templated":true}]}}