{"id":223,"date":"2021-12-21T14:14:56","date_gmt":"2021-12-21T13:14:56","guid":{"rendered":"http:\/\/81.26.5.67\/?page_id=223"},"modified":"2021-12-21T14:14:56","modified_gmt":"2021-12-21T13:14:56","slug":"portal-wiedza-2","status":"publish","type":"page","link":"https:\/\/lib.tu.kielce.pl\/index.php\/portal-wiedza-2\/","title":{"rendered":"Portal Wiedza"},"content":{"rendered":"\n<p>Polski Komitet Normalizacyjny wychodz\u0105c naprzeciw zapotrzebowaniu u\u017cytkownik\u00f3w utworzy\u0142 <a rel=\"noreferrer noopener\" href=\"http:\/\/wiedza.pkn.pl\/\" target=\"_blank\">Portal Wiedza<\/a>, w kt\u00f3rym zagadnienia podzielone s\u0105 na trzy grupy:<\/p>\n\n\n\n<ul class=\"wp-block-list\"><li><a rel=\"noreferrer noopener\" href=\"https:\/\/wiedza.pkn.pl\/web\/wiedza-normalizacyjna\/start\" target=\"_blank\">Wiedza normalizacyjna<\/a><\/li><li><a rel=\"noreferrer noopener\" href=\"http:\/\/wiedza.pkn.pl\/web\/strefa-edukacji\/start\" target=\"_blank\">Strefa edukacji<\/a><\/li><li><a rel=\"noreferrer noopener\" href=\"http:\/\/wiedza.pkn.pl\/web\/szkolenia\/start\" target=\"_blank\">Szkolenia<\/a><\/li><\/ul>\n\n\n\n<p>Zagadnienia przedstawione w grupie <a rel=\"noreferrer noopener\" href=\"https:\/\/wiedza.pkn.pl\/web\/wiedza-normalizacyjna\/start\" target=\"_blank\">Wiedza normalizacyjna<\/a> obejmuj\u0105:<\/p>\n\n\n\n<ul class=\"wp-block-list\"><li><a rel=\"noreferrer noopener\" href=\"http:\/\/wiedza.pkn.pl\/web\/wiedza-normalizacyjna\/informacje-podstawowe1\" target=\"_blank\">Informacje podstawowe<\/a>:<ul><li>Informacje podstawowe o PN<\/li><li>Czym jest norma?<\/li><li>Prawa autorskie do PN<\/li><li>PKN nie jest organem administracji rz\u0105dowej<\/li><li>Dobrowolno\u015b\u0107 stosowania norm<\/li><li>Odp\u0142atno\u015b\u0107 za normy<\/li><li>T\u0142umaczenie norm z j\u0119zyka orygina\u0142u<\/li><li>Stosowanie PN wycofanych<\/li><li>O komunikatach Prezesa PKN<\/li><li>Powo\u0142ywanie si\u0119 na normy w przepisach<\/li><\/ul><\/li><li><a rel=\"noreferrer noopener\" href=\"https:\/\/wiedza.pkn.pl\/web\/wiedza-normalizacyjna\/popularne-zagadnienia\" target=\"_blank\">Popularne zagadnienia<\/a> &#8211; znajduj\u0105 si\u0119 tu informacje na temat:<ul><li>Bezpiecze\u0144stwa publicznego i powszechnego (ochrony ludno\u015bci i mienia)<\/li><li>Inteligentnych budynk\u00f3w i miast, projektowania konstrukcji budowlanych z wykorzystaniem Eurokod\u00f3w, wyrob\u00f3w budowlanych, w\u0142a\u015bciwo\u015bci energetycznych budynk\u00f3w, zr\u00f3wnowa\u017conego budownictwa<\/li><li>Zarz\u0105dzania energi\u0105, bezpiecze\u0144stwem informacji, bezpiecze\u0144stwem i higien\u0105 pracy, bezpiecze\u0144stwem \u017cywno\u015bci, jako\u015bci\u0105, ryzykiem, \u015brodowiskiem<\/li><li>Nanotechnologii, sieci inteligentnych<\/li><li>Odpowiedzialno\u015bci spo\u0142ecznej<\/li><\/ul><\/li><li><a rel=\"noreferrer noopener\" href=\"https:\/\/wiedza.pkn.pl\/web\/wiedza-normalizacyjna\/wiadomosci-pkn-miesiecznik\" target=\"_blank\">Wiadomo\u015bci PKN &#8211; miesi\u0119cznik<\/a><\/li><li><a rel=\"noreferrer noopener\" href=\"https:\/\/wiedza.pkn.pl\/web\/wiedza-normalizacyjna\/wiadomosci-pkn-wydania-specjalne\" target=\"_blank\">Wiadomo\u015bci PKN &#8211; wydania specjalne<\/a><\/li><li><a rel=\"noreferrer noopener\" href=\"https:\/\/wiedza.pkn.pl\/web\/wiedza-normalizacyjna\/broszury-pkn\" target=\"_blank\">Broszury PKN<\/a><\/li><li><a rel=\"noreferrer noopener\" href=\"https:\/\/wiedza.pkn.pl\/web\/wiedza-normalizacyjna\/wydawnictwa-wlasne\" target=\"_blank\">Wydawnictwa w\u0142asne<\/a><\/li><\/ul>\n\n\n\n<p>W zak\u0142adce <a rel=\"noreferrer noopener\" href=\"https:\/\/wiedza.pkn.pl\/web\/szkolenia\/start\" target=\"_blank\">Szkolenia<\/a> u\u017cytkownik znajdzie informacje o p\u0142atnych szkoleniach tradycyjnych jak i on-line, oraz bezp\u0142atne <a rel=\"noreferrer noopener\" href=\"http:\/\/wiedza.pkn.pl\/web\/szkolenia\/szkolenia-bezplatne\" target=\"_blank\">e-learningowe szkolenia<\/a> z podstaw normalizacji.<\/p>\n\n\n\n<p>Portal pozwala r\u00f3wnie\u017c na skorzystanie z wieloaspektowej <a rel=\"noreferrer noopener\" href=\"http:\/\/wiedza.pkn.pl\/web\/guest\/wyszukiwarka-norm\" target=\"_blank\">wyszukiwarki norm<\/a>.<\/p>\n","protected":false},"excerpt":{"rendered":"<p>Polski Komitet Normalizacyjny wychodz\u0105c naprzeciw zapotrzebowaniu u\u017cytkownik\u00f3w utworzy\u0142 Portal Wiedza, w kt\u00f3rym zagadnienia podzielone s\u0105 na trzy grupy: Wiedza normalizacyjna Strefa edukacji Szkolenia Zagadnienia przedstawione w grupie Wiedza normalizacyjna obejmuj\u0105: Informacje podstawowe: Informacje podstawowe o PN Czym jest norma? Prawa autorskie do PN PKN nie jest organem administracji rz\u0105dowej Dobrowolno\u015b\u0107 stosowania norm Odp\u0142atno\u015b\u0107 za normy [&hellip;]<\/p>\n","protected":false},"author":3,"featured_media":0,"parent":0,"menu_order":0,"comment_status":"closed","ping_status":"closed","template":"","meta":{"footnotes":""},"class_list":["post-223","page","type-page","status-publish","hentry"],"_links":{"self":[{"href":"https:\/\/lib.tu.kielce.pl\/index.php\/wp-json\/wp\/v2\/pages\/223","targetHints":{"allow":["GET"]}}],"collection":[{"href":"https:\/\/lib.tu.kielce.pl\/index.php\/wp-json\/wp\/v2\/pages"}],"about":[{"href":"https:\/\/lib.tu.kielce.pl\/index.php\/wp-json\/wp\/v2\/types\/page"}],"author":[{"embeddable":true,"href":"https:\/\/lib.tu.kielce.pl\/index.php\/wp-json\/wp\/v2\/users\/3"}],"replies":[{"embeddable":true,"href":"https:\/\/lib.tu.kielce.pl\/index.php\/wp-json\/wp\/v2\/comments?post=223"}],"version-history":[{"count":0,"href":"https:\/\/lib.tu.kielce.pl\/index.php\/wp-json\/wp\/v2\/pages\/223\/revisions"}],"wp:attachment":[{"href":"https:\/\/lib.tu.kielce.pl\/index.php\/wp-json\/wp\/v2\/media?parent=223"}],"curies":[{"name":"wp","href":"https:\/\/api.w.org\/{rel}","templated":true}]}}