{"id":222,"date":"2021-12-21T13:31:54","date_gmt":"2021-12-21T12:31:54","guid":{"rendered":"http:\/\/81.26.5.67\/?page_id=222"},"modified":"2026-01-02T10:34:52","modified_gmt":"2026-01-02T09:34:52","slug":"biblioteki-dzialajace-na-terenie-miasta-kielce","status":"publish","type":"page","link":"https:\/\/lib.tu.kielce.pl\/index.php\/biblioteki-dzialajace-na-terenie-miasta-kielce\/","title":{"rendered":"Biblioteki dzia\u0142aj\u0105ce na terenie miasta Kielce"},"content":{"rendered":"\n<p><a rel=\"noreferrer noopener\" href=\"http:\/\/www.buk.ujk.edu.pl\/\" target=\"_blank\">Biblioteka Uniwersytecka<\/a><\/p>\n\n\n\n<p><a rel=\"noreferrer noopener\" href=\"http:\/\/www.wbp.kielce.pl\/\" target=\"_blank\">Wojew\u00f3dzka Biblioteka Publiczna<\/a><\/p>\n\n\n\n<p><a rel=\"noreferrer noopener\" href=\"http:\/\/www.mbp.kielce.pl\/\" target=\"_blank\">Miejska Biblioteka Publiczna<\/a><\/p>\n\n\n\n<p><a rel=\"noreferrer noopener\" href=\"http:\/\/www.pbw.kielce.pl\/\" target=\"_blank\">Pedagogiczna Biblioteka Wojew\u00f3dzka<\/a><\/p>\n\n\n\n<p><a rel=\"noreferrer noopener\" href=\"https:\/\/www.wseip.edu.pl\/29-biblioteka\/biblioteka.html\" target=\"_blank\">Biblioteka Wy\u017cszej Szko\u0142y Ekonomii, Prawa i Nauk Medycznych im. prof. Edwarda Lipi\u0144skiego<\/a><\/p>\n\n\n\n<p><a rel=\"noreferrer noopener\" href=\"http:\/\/wsd.kielce.pl\/biblioteka-wsd\/\" target=\"_blank\">Biblioteka Wy\u017cszego Seminarium Duchownego<\/a><\/p>\n\n\n\n<p><a rel=\"noreferrer noopener\" href=\"http:\/\/www.gbl.waw.pl\/p\/kielce\" target=\"_blank\">G\u0142\u00f3wna Biblioteka Lekarska Oddzia\u0142 Kielce<\/a><\/p>\n\n\n\n<p><a rel=\"noreferrer noopener\" href=\"http:\/\/www.muzeumzabawek.eu\/biblioteka\/\" target=\"_blank\">Biblioteka Muzeum Zabawy i Zabawek<\/a><\/p>\n","protected":false},"excerpt":{"rendered":"<p>Biblioteka Uniwersytecka Wojew\u00f3dzka Biblioteka Publiczna Miejska Biblioteka Publiczna Pedagogiczna Biblioteka Wojew\u00f3dzka Biblioteka Wy\u017cszej Szko\u0142y Ekonomii, Prawa i Nauk Medycznych im. prof. Edwarda Lipi\u0144skiego Biblioteka Wy\u017cszego Seminarium Duchownego G\u0142\u00f3wna Biblioteka Lekarska Oddzia\u0142 Kielce Biblioteka Muzeum Zabawy i Zabawek<\/p>\n","protected":false},"author":3,"featured_media":0,"parent":0,"menu_order":0,"comment_status":"closed","ping_status":"closed","template":"","meta":{"footnotes":""},"class_list":["post-222","page","type-page","status-publish","hentry"],"_links":{"self":[{"href":"https:\/\/lib.tu.kielce.pl\/index.php\/wp-json\/wp\/v2\/pages\/222","targetHints":{"allow":["GET"]}}],"collection":[{"href":"https:\/\/lib.tu.kielce.pl\/index.php\/wp-json\/wp\/v2\/pages"}],"about":[{"href":"https:\/\/lib.tu.kielce.pl\/index.php\/wp-json\/wp\/v2\/types\/page"}],"author":[{"embeddable":true,"href":"https:\/\/lib.tu.kielce.pl\/index.php\/wp-json\/wp\/v2\/users\/3"}],"replies":[{"embeddable":true,"href":"https:\/\/lib.tu.kielce.pl\/index.php\/wp-json\/wp\/v2\/comments?post=222"}],"version-history":[{"count":0,"href":"https:\/\/lib.tu.kielce.pl\/index.php\/wp-json\/wp\/v2\/pages\/222\/revisions"}],"wp:attachment":[{"href":"https:\/\/lib.tu.kielce.pl\/index.php\/wp-json\/wp\/v2\/media?parent=222"}],"curies":[{"name":"wp","href":"https:\/\/api.w.org\/{rel}","templated":true}]}}