{"id":208,"date":"2021-12-20T13:46:22","date_gmt":"2021-12-20T12:46:22","guid":{"rendered":"http:\/\/81.26.5.78\/BG\/?page_id=208"},"modified":"2026-01-02T10:42:03","modified_gmt":"2026-01-02T09:42:03","slug":"writefull-narzedzie-do-korekty-tekstow-naukowych","status":"publish","type":"page","link":"https:\/\/lib.tu.kielce.pl\/index.php\/writefull-narzedzie-do-korekty-tekstow-naukowych\/","title":{"rendered":"Writefull &#8211; narz\u0119dzie do korekty tekst\u00f3w naukowych"},"content":{"rendered":"<div class=\"wp-block-image\">\n<figure class=\"aligncenter size-full is-resized\"><img loading=\"lazy\" decoding=\"async\" width=\"593\" height=\"160\" src=\"http:\/\/lib.tu.kielce.pl\/wp-content\/uploads\/2022\/02\/Writefull_300dpi.png\" alt=\"\" class=\"wp-image-310\" style=\"aspect-ratio:3.70625;width:331px;height:auto\" srcset=\"https:\/\/lib.tu.kielce.pl\/wp-content\/uploads\/2022\/02\/Writefull_300dpi.png 593w, https:\/\/lib.tu.kielce.pl\/wp-content\/uploads\/2022\/02\/Writefull_300dpi-300x81.png 300w, https:\/\/lib.tu.kielce.pl\/wp-content\/uploads\/2022\/02\/Writefull_300dpi-255x69.png 255w\" sizes=\"auto, (max-width: 593px) 100vw, 593px\" \/><\/figure>\n<\/div>\n\n\n<div style=\"height:20px\" aria-hidden=\"true\" class=\"wp-block-spacer\"><\/div>\n\n\n\n<p>Pracownicy, doktoranci i studenci Politechniki \u015awi\u0119tokrzyskiej maj\u0105 przed\u0142u\u017cony dost\u0119p subskrypcyjny do <strong><a href=\"https:\/\/www.writefull.com\/\">Writefull<\/a><\/strong> do <strong>pa\u017adziernika 2026<\/strong>.<\/p>\n\n\n\n<p><strong><a href=\"https:\/\/www.writefull.com\/\">Writefull<\/a><\/strong> zosta\u0142 specjalnie zaprojektowany dla pracownik\u00f3w naukowych i student\u00f3w wy\u017cszych uczelni do korekty tekst\u00f3w naukowych w j\u0119zyku angielskim.&nbsp;<strong><a href=\"https:\/\/www.writefull.com\/\">Writefull<\/a><\/strong> r\u00f3\u017cni si\u0119 od innych narz\u0119dzi tym, \u017ce wykorzystuje modele j\u0119zykowe oparte na sztucznej inteligencji (AI) i nieustannie \u201euczy si\u0119\u201d na podstawie tekst\u00f3w milion\u00f3w artyku\u0142\u00f3w z naukowych czasopism. <strong><a href=\"https:\/\/www.writefull.com\/\">Writefull<\/a><\/strong> poprawia gramatyk\u0119, interpunkcj\u0119, ortografi\u0119 i stylistyk\u0119, sugeruje poprawki w strukturze zda\u0144 w tekstach naukowych, sugeruje brakuj\u0105ce elementy cytowania i proponuje s\u0142ownictwo charakterystyczne dla danej dyscypliny, co jest szczeg\u00f3lnie wa\u017cne dla pomy\u015blnej publikacji w mi\u0119dzynarodowych czasopismach.<\/p>\n\n\n\n<p><strong><a href=\"https:\/\/www.writefull.com\/writefull-for-word\">Writefull for Word<\/a><\/strong> zapewnia informacje zwrotne dotycz\u0105ce j\u0119zyka w tek\u015bcie napisanym w programie Microsoft Word, z r\u00f3\u017cnymi poziomami edycji w zale\u017cno\u015bci od indywidualnych potrzeb. W trybie \u201eProofread\u201d Writefull sprawdza poprawno\u015b\u0107 gramatyki, u\u017cycia s\u0142\u00f3w, stylu i nie tylko. W trybie \u201eFull Edit\u201d Writefull dodatkowo sprawdza frazowanie i kolejno\u015b\u0107 s\u0142\u00f3w, aby zwi\u0119kszy\u0107 czytelno\u015b\u0107 tekstu.<\/p>\n\n\n\n<p><a href=\"http:\/\/lib.tu.kielce.pl\/wp-content\/uploads\/2024\/10\/Writefull-od-teraz-wzbogacony-o-funkcje-AI.html\" target=\"_blank\" rel=\"noreferrer noopener\">Aktualizacja Writefull for Word<\/a><\/p>\n\n\n\n<p><strong><a href=\"https:\/\/www.writefull.com\/writefull-for-word\">Writefull for Word<\/a><\/strong> wymaga instalacji wtyczki, dost\u0119pu do internetu i rejestracji przy u\u017cyciu adresu mailowego w domenie uczelni <strong>@tu.kielce.pl<\/strong><\/p>\n\n\n\n<p><strong>Writefull for Overleaf<\/strong> dostarcza w czasie rzeczywistym ocen\u0119 poprawno\u015bci j\u0119zykowej w plikach LaTeX w edytorze kodu Overleaf. Program sprawdza poprawno\u015b\u0107 gramatyczn\u0105, ortograficzn\u0105, leksykaln\u0105, interpunkcyjn\u0105 i stylistyczn\u0105. Writefull jest teraz zintegrowany z Overleaf.<\/p>\n\n\n\n<p><strong>Writefull Revise<\/strong> sprawdza poprawno\u015b\u0107 gramatyki, pisowni, s\u0142ownictwa, interpunkcji i stylu w tek\u015bcie, natomiast <strong>Writefull Cite<\/strong> sprawdza kompletno\u015b\u0107 cytowania tekst\u00f3w, wyr\u00f3\u017cniaj\u0105c zdania, kt\u00f3re powinny by\u0107 poparte odniesieniem.<\/p>\n\n\n\n<p><strong>Writefull Revise<\/strong> i <strong>Writefull Cite<\/strong> s\u0105 dost\u0119pne pod linkami dedykowanymi wy\u0142\u0105cznie dla Politechniki \u015awi\u0119tokrzyskiej:<\/p>\n\n\n\n<p>Writefull Revise &#8211; <a href=\"https:\/\/revise-tu-kielce-pl.writefull.ai\" target=\"_blank\" rel=\"noreferrer noopener\">https:\/\/revise-tu-kielce-pl.writefull.ai<\/a><\/p>\n\n\n\n<p>Writefull Cite &#8211; <a href=\"https:\/\/cite-tu-kielce-pl.writefull.ai\" target=\"_blank\" rel=\"noreferrer noopener\">https:\/\/cite-tu-kielce-pl.writefull.ai<\/a><\/p>\n\n\n\n<p>U\u017cytkownicy korzystaj\u0105 z narz\u0119dzi niezale\u017cnie od lokalizacji czy urz\u0105dzenia i dokonuj\u0105 rejestracji przy u\u017cyciu adresu e-mail i dowolnego has\u0142a. Je\u015bli u\u017cytkownik ju\u017c dokona\u0142 rejestracji do Writefull for Word lub Overleaf, w\u00f3wczas wystarczy tylko zalogowa\u0107 si\u0119 do Revise i Cite przy u\u017cyciu tego samego adresu e-mail oraz has\u0142a.<\/p>\n\n\n\n<p>Aktualny pakiet startowy wraz ze szczeg\u00f3\u0142owymi informacjami i instrukcjami korzystania z <strong><a href=\"https:\/\/www.writefull.com\/\">Writefull<\/a><\/strong> otrzyma ka\u017cdy zainteresowany u\u017cytkownik z P\u015ak po przes\u0142aniu zg\u0142oszenia na adres <a href=\"mailto:bibat@tu.kielce.pl?subject=Korzystanie%20z%20Writefull\">bibat(at)tu.kielce.pl<\/a><\/p>\n\n\n\n<p>Prosimy o zwr\u00f3cenie szczeg\u00f3lnej uwagi na wymagania techniczne niezb\u0119dne do prawid\u0142owego funkcjonowania <strong><a href=\"https:\/\/www.writefull.com\/\">Writefull<\/a><\/strong>!<\/p>\n\n\n\n<p><a href=\"https:\/\/help.writefull.com\/\" target=\"_blank\" rel=\"noreferrer noopener\">User Guides<\/a>:<\/p>\n\n\n\n<ul class=\"wp-block-list\">\n<li><a href=\"https:\/\/help.writefull.com\/writefull-for-word--user-guide\" target=\"_blank\" rel=\"noreferrer noopener\">Writefull for Word<\/a><\/li>\n\n\n\n<li><a href=\"https:\/\/help.writefull.com\/writefull-for-overleaf--user-guide\" target=\"_blank\" rel=\"noreferrer noopener\">Writefull for Overleaf<\/a><\/li>\n\n\n\n<li><a href=\"https:\/\/help.writefull.com\/writefull-revise--user-guide\" data-type=\"link\" data-id=\"https:\/\/help.writefull.com\/writefull-revise--user-guide\" target=\"_blank\" rel=\"noreferrer noopener\">Writefull Revise<\/a><\/li>\n\n\n\n<li><a href=\"https:\/\/writefull.notion.site\/Writefull-Cite-User-Guide-c6e4b6f2a9584c48a98bd4e1430aad90\" target=\"_blank\" rel=\"noreferrer noopener\">Writefull Cite<\/a><\/li>\n<\/ul>\n\n\n\n<p>Przydatne \u017ar\u00f3d\u0142a dodatkowych informacji:<\/p>\n\n\n\n<ul class=\"wp-block-list\">\n<li>kana\u0142 You Tube <a href=\"https:\/\/www.youtube.com\/@writefull_ai\/videos\" target=\"_blank\" rel=\"noreferrer noopener\">https:\/\/www.youtube.com\/@writefull_ai\/videos<\/a> z nagraniami instrukta\u017cowymi<\/li>\n\n\n\n<li>nagranie szkolenia: <a href=\"https:\/\/drive.google.com\/file\/d\/12HiH-w270WhIn3XpMiboN-2DOc_hrDvq\/view\" target=\"_blank\" rel=\"noreferrer noopener\">https:\/\/drive.google.com\/file\/d\/12HiH-w270WhIn3XpMiboN-2DOc_hrDvq\/view<\/a><\/li>\n\n\n\n<li>Help Centre <a href=\"https:\/\/help.writefull.com\/\" target=\"_blank\" rel=\"noreferrer noopener\">https:\/\/help.writefull.com\/<\/a><\/li>\n\n\n\n<li>strona z FAQ <a href=\"https:\/\/www.writefull.com\/faqs\" target=\"_blank\" rel=\"noreferrer noopener\">https:\/\/www.writefull.com\/faqs<\/a><\/li>\n<\/ul>\n\n\n\n<p><\/p>\n","protected":false},"excerpt":{"rendered":"<p>Pracownicy, doktoranci i studenci Politechniki \u015awi\u0119tokrzyskiej maj\u0105 przed\u0142u\u017cony dost\u0119p subskrypcyjny do Writefull do pa\u017adziernika 2026. Writefull zosta\u0142 specjalnie zaprojektowany dla pracownik\u00f3w naukowych i student\u00f3w wy\u017cszych uczelni do korekty tekst\u00f3w naukowych w j\u0119zyku angielskim.&nbsp;Writefull r\u00f3\u017cni si\u0119 od innych narz\u0119dzi tym, \u017ce wykorzystuje modele j\u0119zykowe oparte na sztucznej inteligencji (AI) i nieustannie \u201euczy si\u0119\u201d na podstawie tekst\u00f3w [&hellip;]<\/p>\n","protected":false},"author":3,"featured_media":0,"parent":0,"menu_order":0,"comment_status":"closed","ping_status":"closed","template":"","meta":{"footnotes":""},"class_list":["post-208","page","type-page","status-publish","hentry"],"_links":{"self":[{"href":"https:\/\/lib.tu.kielce.pl\/index.php\/wp-json\/wp\/v2\/pages\/208","targetHints":{"allow":["GET"]}}],"collection":[{"href":"https:\/\/lib.tu.kielce.pl\/index.php\/wp-json\/wp\/v2\/pages"}],"about":[{"href":"https:\/\/lib.tu.kielce.pl\/index.php\/wp-json\/wp\/v2\/types\/page"}],"author":[{"embeddable":true,"href":"https:\/\/lib.tu.kielce.pl\/index.php\/wp-json\/wp\/v2\/users\/3"}],"replies":[{"embeddable":true,"href":"https:\/\/lib.tu.kielce.pl\/index.php\/wp-json\/wp\/v2\/comments?post=208"}],"version-history":[{"count":0,"href":"https:\/\/lib.tu.kielce.pl\/index.php\/wp-json\/wp\/v2\/pages\/208\/revisions"}],"wp:attachment":[{"href":"https:\/\/lib.tu.kielce.pl\/index.php\/wp-json\/wp\/v2\/media?parent=208"}],"curies":[{"name":"wp","href":"https:\/\/api.w.org\/{rel}","templated":true}]}}