{"id":185,"date":"2021-09-21T12:37:21","date_gmt":"2021-09-21T10:37:21","guid":{"rendered":"http:\/\/81.26.5.78\/BG\/?page_id=185"},"modified":"2023-05-05T12:06:25","modified_gmt":"2023-05-05T10:06:25","slug":"propozycje-uzupelnienia-zbiorow-biblioteki","status":"publish","type":"page","link":"https:\/\/lib.tu.kielce.pl\/index.php\/propozycje-uzupelnienia-zbiorow-biblioteki\/","title":{"rendered":"Propozycje uzupe\u0142nienia zbior\u00f3w Biblioteki"},"content":{"rendered":"\n<p>Pracownicy oraz studenci Politechniki \u015awi\u0119tokrzyskiej maj\u0105 mo\u017cliwo\u015b\u0107 sk\u0142adania zam\u00f3wie\u0144 na zakup ksi\u0105\u017cek, kt\u00f3re powinny wzbogaci\u0107 nasz ksi\u0119gozbi\u00f3r oraz tytu\u0142\u00f3w czasopism do prenumeraty w Bibliotece P\u015ak.<br>Prosimy o proponowanie tytu\u0142\u00f3w potrzebnych Pa\u0144stwu zar\u00f3wno do cel\u00f3w dydaktycznych, jak i bada\u0144 naukowych.<\/p>\n\n\n\n<div style=\"height:20px\" aria-hidden=\"true\" class=\"wp-block-spacer\"><\/div>\n\n\n\n<p><strong>Zam\u00f3w ksi\u0105\u017ck\u0119!<\/strong><\/p>\n\n\n\n<p>Zam\u00f3wienia na ksi\u0105\u017cki mo\u017cna sk\u0142ada\u0107 za po\u015brednictwem <a href=\"http:\/\/lib.tu.kielce.pl\/zamowienia\/login2\" target=\"_blank\" rel=\"noreferrer noopener\">elektronicznego formularza<\/a> dost\u0119pnego na stronie WWW Biblioteki lub maila, na adres <a rel=\"noreferrer noopener\" href=\"mailto:mb@tu.kielce.pl\" target=\"_blank\">mb(at)tu.kielce.pl<\/a>, lub bezpo\u015brednio u bibliotekarza w Oddziale Gromadzenia i Opracowywania Zbior\u00f3w, p. <strong>144<\/strong> lub <strong>145.<\/strong><\/p>\n\n\n\n<div style=\"height:20px\" aria-hidden=\"true\" class=\"wp-block-spacer\"><\/div>\n\n\n\n<p><strong>Zaproponuj czasopismo!<\/strong><\/p>\n\n\n\n<p>Propozycje tytu\u0142\u00f3w czasopism do prenumeraty nale\u017cy sk\u0142ada\u0107 bezpo\u015brednio u bibliotekarza w Oddziale Gromadzenie i Opracowania Zbior\u00f3w, p. <strong>212<\/strong>.<\/p>\n\n\n\n<p>Wszelkie pytania dotycz\u0105ce prenumeraty czasopism prosz\u0119 kierowa\u0107 do mgr El\u017cbiety Jab\u0142o\u0144skiej tel. (41) 34 24 443 email: <a href=\"mailto:bibej@tu.kielce.pl\">bibej(at)tu.kielce.pl<\/a><\/p>\n\n\n\n<div style=\"height:20px\" aria-hidden=\"true\" class=\"wp-block-spacer\"><\/div>\n\n\n\n<p>Pe\u0142na informacja o zasadach gromadzenia i zakupu zbior\u00f3w znajduje si\u0119 w dokumencie <a href=\"\/index.php\/polityka-gromadzenia-zbiorow-w-bibliotece-glownej-politechniki-swietokrzyskiej\/\">Polityka gromadzenia zbior\u00f3w<\/a>, dost\u0119pnym na stronie WWW Biblioteki.<\/p>\n","protected":false},"excerpt":{"rendered":"<p>Pracownicy oraz studenci Politechniki \u015awi\u0119tokrzyskiej maj\u0105 mo\u017cliwo\u015b\u0107 sk\u0142adania zam\u00f3wie\u0144 na zakup ksi\u0105\u017cek, kt\u00f3re powinny wzbogaci\u0107 nasz ksi\u0119gozbi\u00f3r oraz tytu\u0142\u00f3w czasopism do prenumeraty w Bibliotece P\u015ak.Prosimy o proponowanie tytu\u0142\u00f3w potrzebnych Pa\u0144stwu zar\u00f3wno do cel\u00f3w dydaktycznych, jak i bada\u0144 naukowych. Zam\u00f3w ksi\u0105\u017ck\u0119! Zam\u00f3wienia na ksi\u0105\u017cki mo\u017cna sk\u0142ada\u0107 za po\u015brednictwem elektronicznego formularza dost\u0119pnego na stronie WWW Biblioteki lub [&hellip;]<\/p>\n","protected":false},"author":2,"featured_media":0,"parent":0,"menu_order":0,"comment_status":"closed","ping_status":"closed","template":"","meta":{"footnotes":""},"class_list":["post-185","page","type-page","status-publish","hentry"],"_links":{"self":[{"href":"https:\/\/lib.tu.kielce.pl\/index.php\/wp-json\/wp\/v2\/pages\/185","targetHints":{"allow":["GET"]}}],"collection":[{"href":"https:\/\/lib.tu.kielce.pl\/index.php\/wp-json\/wp\/v2\/pages"}],"about":[{"href":"https:\/\/lib.tu.kielce.pl\/index.php\/wp-json\/wp\/v2\/types\/page"}],"author":[{"embeddable":true,"href":"https:\/\/lib.tu.kielce.pl\/index.php\/wp-json\/wp\/v2\/users\/2"}],"replies":[{"embeddable":true,"href":"https:\/\/lib.tu.kielce.pl\/index.php\/wp-json\/wp\/v2\/comments?post=185"}],"version-history":[{"count":0,"href":"https:\/\/lib.tu.kielce.pl\/index.php\/wp-json\/wp\/v2\/pages\/185\/revisions"}],"wp:attachment":[{"href":"https:\/\/lib.tu.kielce.pl\/index.php\/wp-json\/wp\/v2\/media?parent=185"}],"curies":[{"name":"wp","href":"https:\/\/api.w.org\/{rel}","templated":true}]}}