{"id":182,"date":"2021-09-16T13:50:58","date_gmt":"2021-09-16T11:50:58","guid":{"rendered":"http:\/\/81.26.5.78\/BG\/?page_id=182"},"modified":"2023-03-17T10:10:27","modified_gmt":"2023-03-17T09:10:27","slug":"wazne-informacje","status":"publish","type":"page","link":"https:\/\/lib.tu.kielce.pl\/index.php\/wazne-informacje\/","title":{"rendered":"Wa\u017cne informacje"},"content":{"rendered":"\n<p><strong>UWAGA! <\/strong>Prosimy o okresowe sprawdzanie stanu <a rel=\"noreferrer noopener\" href=\"http:\/\/katalog.tu.kielce.pl\/\" target=\"_blank\">Konta Czytelnika w naszym systemie bibliotecznym EOS.Web<\/a>.<\/p>\n\n\n\n<p>Informacje dost\u0119pne po zalogowaniu dotycz\u0105 ilo\u015bci wypo\u017cyczonych ksi\u0105\u017cek, terminu ich zwrotu oraz <strong>umo\u017cliwiaj\u0105 samodzieln\u0105 jednorazow\u0105 prolongat\u0119 przez u\u017cytkownika<\/strong>.<br>UWAGA: system nalicza op\u0142aty za ksi\u0105\u017cki przetrzymane dopiero w momencie ich zwrotu! Do strony logowania przechodzimy po klikni\u0119ciu w link <a rel=\"noreferrer noopener\" href=\"http:\/\/katalog.tu.kielce.pl\/\" target=\"_blank\">zaloguj<\/a> widoczny w g\u00f3rnej cz\u0119\u015bci strony. Jako LOGIN podajemy numer&nbsp;Karty Bibliotecznej, pocz\u0105tkowe has\u0142o jest ustawiane przy zapisie do Biblioteki (zazwyczaj jest to nazwisko czytelnika). Prosimy o zmian\u0119 standardowego has\u0142a!!! <\/p>\n\n\n\n<div style=\"height:30px\" aria-hidden=\"true\" class=\"wp-block-spacer\"><\/div>\n\n\n\n<p>Ka\u017cdy czytelnik ma mo\u017cliwo\u015b\u0107 umieszczenia w systemie bibliotecznym swojego adresu e-mail za pomoc\u0105 <a href=\"http:\/\/lib.tu.kielce.pl\/zamowienia\/login2\" target=\"_blank\" rel=\"noreferrer noopener\">elektronicznego formularza<\/a>. Aktualizacja adresu poczty elektronicznej powoduje wysy\u0142anie przez system automatycznych powiadomie\u0144 o zbli\u017caj\u0105cym si\u0119 terminie zwrotu ksi\u0105\u017cek!!!<\/p>\n\n\n\n<div style=\"height:18px\" aria-hidden=\"true\" class=\"wp-block-spacer\"><\/div>\n\n\n\n<figure class=\"wp-block-image is-resized\"><img loading=\"lazy\" decoding=\"async\" src=\"http:\/\/81.26.5.67\/images\/BG\/Informacje_o_BG\/wifi.gif\" alt=\"logo WiFi\" width=\"55\" height=\"58\"\/><\/figure>\n\n\n\n<p>W celu po\u0142\u0105czenia si\u0119 z sieci\u0105 WiFi nale\u017cy poda\u0107 numer karty i has\u0142o (podobnie jak podczas logowania na stacjonarnych komputerach w Bibliotece). Nie ma \u017cadnych limit\u00f3w na czas po\u0142\u0105czenia oraz ilo\u015b\u0107 pobranych danych. Punkt dost\u0119powy obs\u0142uguje wszystkie obecne standardy sieci WiFi i umo\u017cliwia po\u0142\u0105czenie z pr\u0119dko\u015bci\u0105 do 108Mbps. <\/p>\n\n\n\n<div style=\"height:30px\" aria-hidden=\"true\" class=\"wp-block-spacer\"><\/div>\n\n\n\n<p><strong>Stanowiska do pracy z laptopem<\/strong><br>Na terenie Biblioteki wyznaczono dla czytelnik\u00f3w punkty, w kt\u00f3rych mo\u017cna w bezpieczny spos\u00f3b korzysta\u0107 z w\u0142asnego sprz\u0119tu komputerowego. S\u0105 one oznaczone czyteln\u0105 wywieszk\u0105 z rysunkiem gniazdka elektrycznego. Wszelkie pytania i problemy zwi\u0105zane z korzystaniem z laptop\u00f3w w Bibliotece prosimy zg\u0142asza\u0107 ka\u017cdorazowo do dy\u017curnego bibliotekarza. <\/p>\n\n\n\n<div style=\"height:30px\" aria-hidden=\"true\" class=\"wp-block-spacer\"><\/div>\n\n\n\n<p>Studenci ko\u0144cz\u0105cy studia I stopnia i podbijaj\u0105cy obieg\u00f3wk\u0119 w Wypo\u017cyczalni Biblioteki, a pragn\u0105cy kontynuowa\u0107 nauk\u0119 na studiach stacjonarnych lub niestacjonarnych II stopnia, powinni zg\u0142osi\u0107 ten fakt w Wypo\u017cyczalni. Konto czytelnika nie zostanie w\u00f3wczas usuni\u0119te, a jedynie zablokowana zostanie mo\u017cliwo\u015b\u0107 wypo\u017cyczania ksi\u0105\u017cek, a\u017c do momentu okazania w Wypo\u017cyczalni lub w Punkcie Zapisu za\u015bwiadczenia o kontynuowaniu studi\u00f3w.<\/p>\n","protected":false},"excerpt":{"rendered":"<p>UWAGA! Prosimy o okresowe sprawdzanie stanu Konta Czytelnika w naszym systemie bibliotecznym EOS.Web. Informacje dost\u0119pne po zalogowaniu dotycz\u0105 ilo\u015bci wypo\u017cyczonych ksi\u0105\u017cek, terminu ich zwrotu oraz umo\u017cliwiaj\u0105 samodzieln\u0105 jednorazow\u0105 prolongat\u0119 przez u\u017cytkownika.UWAGA: system nalicza op\u0142aty za ksi\u0105\u017cki przetrzymane dopiero w momencie ich zwrotu! Do strony logowania przechodzimy po klikni\u0119ciu w link zaloguj widoczny w g\u00f3rnej cz\u0119\u015bci [&hellip;]<\/p>\n","protected":false},"author":2,"featured_media":0,"parent":0,"menu_order":0,"comment_status":"closed","ping_status":"closed","template":"","meta":{"footnotes":""},"class_list":["post-182","page","type-page","status-publish","hentry"],"_links":{"self":[{"href":"https:\/\/lib.tu.kielce.pl\/index.php\/wp-json\/wp\/v2\/pages\/182","targetHints":{"allow":["GET"]}}],"collection":[{"href":"https:\/\/lib.tu.kielce.pl\/index.php\/wp-json\/wp\/v2\/pages"}],"about":[{"href":"https:\/\/lib.tu.kielce.pl\/index.php\/wp-json\/wp\/v2\/types\/page"}],"author":[{"embeddable":true,"href":"https:\/\/lib.tu.kielce.pl\/index.php\/wp-json\/wp\/v2\/users\/2"}],"replies":[{"embeddable":true,"href":"https:\/\/lib.tu.kielce.pl\/index.php\/wp-json\/wp\/v2\/comments?post=182"}],"version-history":[{"count":0,"href":"https:\/\/lib.tu.kielce.pl\/index.php\/wp-json\/wp\/v2\/pages\/182\/revisions"}],"wp:attachment":[{"href":"https:\/\/lib.tu.kielce.pl\/index.php\/wp-json\/wp\/v2\/media?parent=182"}],"curies":[{"name":"wp","href":"https:\/\/api.w.org\/{rel}","templated":true}]}}