{"id":180,"date":"2021-09-16T13:41:40","date_gmt":"2021-09-16T11:41:40","guid":{"rendered":"http:\/\/81.26.5.78\/BG\/?page_id=180"},"modified":"2022-02-16T15:13:08","modified_gmt":"2022-02-16T14:13:08","slug":"przysposobienie-biblioteczne","status":"publish","type":"page","link":"https:\/\/lib.tu.kielce.pl\/index.php\/przysposobienie-biblioteczne\/","title":{"rendered":"Przysposobienie biblioteczne"},"content":{"rendered":"\n<h4 class=\"wp-block-heading\" id=\"biblioteka-glowna-zaprasza-na-szkolenia-z-zakresu-przysposobienia-bibliotecznego\">Biblioteka G\u0142\u00f3wna zaprasza na szkolenia z zakresu przysposobienia bibliotecznego!<\/h4>\n\n\n\n<div style=\"height:25px\" aria-hidden=\"true\" class=\"wp-block-spacer\"><\/div>\n\n\n\n<p>Od pa\u017adziernika do czerwca w ka\u017cdy poniedzia\u0142ek i czwartek od godziny <strong>8.00<\/strong> do <strong>9.00<\/strong> w Bibliotece odbywaj\u0105 si\u0119 szkolenia z przysposobienia bibliotecznego.<\/p>\n\n\n\n<p>Zagadnienia realizowane w ramach szkole\u0144:<\/p>\n\n\n\n<figure class=\"wp-block-table is-style-stripes\"><table><tbody><tr><td>\u2666 struktura organizacyjna Biblioteki<br>\u2666 funkcjonowanie Punktu Zapisu &#8211; okre\u015blenie statusu u\u017cytkownika, karty czytelnika<br>\u2666 charakterystyka zbior\u00f3w<\/td><td>tel. 41 3434483\/484<\/td><\/tr><tr><td>\u2666 regulamin udost\u0119pniania zbior\u00f3w<br>\u2666 zasady wypo\u017cycze\u0144<br>\u2666 samoobs\u0142uga wypo\u017cycze\u0144 i zwrot\u00f3w<br>\u2666 wypo\u017cyczenia mi\u0119dzybiblioteczne<\/td><td>tel. 41 3424406<br><a rel=\"noreferrer noopener\" href=\"mailto:m.mietlowski@tu.kielce.pl\" target=\"_blank\">m.mietlowski(at)tu.kielce.pl<\/a><\/td><\/tr><tr><td>\u2666 wyszukiwanie w katalogu OPAC &#8211; wyszukiwanie proste lub zaawansowane z wykorzystaniem operator\u00f3w logicznych<\/td><td>tel. 41 3424406<br><a rel=\"noreferrer noopener\" href=\"mailto:m.mietlowski@tu.kielce.pl\" target=\"_blank\">m.mietlowski(at)tu.kielce.pl<\/a><\/td><\/tr><tr><td>\u2666 obs\u0142uga urz\u0105dze\u0144 technicznych wspomagaj\u0105cych korzystanie z biblioteki &#8211; kserokopiarek, drukarek, skanera, urz\u0105dzenia do do\u0142adowywania kart bibliotecznych<\/td><td>tel. 41 3424406<br><a rel=\"noreferrer noopener\" href=\"mailto:m.mietlowski@tu.kielce.pl\" target=\"_blank\">m.mietlowski(at)tu.kielce.pl<\/a><\/td><\/tr><tr><td>\u2666 czasopisma elektroniczne &#8211; bazy, konsorcja, licencje krajowe (Elsevier, Springer, Ebsco, Wiley)<\/td><td>tel. 41 3424443<br><a rel=\"noreferrer noopener\" href=\"mailto:bibat@tu.kielce.pl\" target=\"_blank\">bibat(at)tu.kielce.pl<\/a><\/td><\/tr><tr><td>\u2666 informacja normalizacyjna &#8211; wyszukiwanie norm w katalogu Polskiego Komitetu Normalizacyjnego<br>\u2666 informacja prawna &#8211; wyszukiwanie przepis\u00f3w prawnych w bazie Lex<br>\u2666 indeksy cytowa\u0144<\/td><td>tel. 41 3424406<br><a rel=\"noreferrer noopener\" href=\"mailto:m.mietlowski@tu.kielce.pl\" target=\"_blank\">m.mietlowski(at)tu.kielce.pl<\/a> <\/td><\/tr><tr><td>Dla student\u00f3w pisz\u0105cych prace dyplomowe:<br>\u2666 wyszukiwanie literatury do opracowywanego tematu<br>\u2666 technika tworzenia przypis\u00f3w i bibliografii<\/td><td>tel. 41 3424485<br><a rel=\"noreferrer noopener\" href=\"mailto:bibjs@tu.kielce.pl\" target=\"_blank\">bibjs(at)tu.kielce.pl<\/a><\/td><\/tr><\/tbody><\/table><\/figure>\n\n\n\n<p>Wszystkich zainteresowanych udzia\u0142em w wy\u017cej wymienionych szkoleniach prosimy o kontakt z Bibliotek\u0105 pod podanymi numerami telefon\u00f3w b\u0105d\u017a adresami mailowymi. Szkolenia odbywaj\u0105 si\u0119 dora\u017anie, po zg\u0142oszeniu minimum trzech uczestnik\u00f3w.<\/p>\n\n\n\n<p>Wi\u0119kszo\u015b\u0107 materia\u0142\u00f3w szkoleniowych znajduje si\u0119 na stronie <a href=\"\/index.php\/materialy-szkoleniowe\/\" target=\"_blank\" rel=\"noreferrer noopener\">Biblioteki<\/a> i jest na bie\u017c\u0105co aktualizowana.<\/p>\n\n\n\n<p>B\u0119dziemy wdzi\u0119czni za sugestie dotycz\u0105ce tematyki kolejnych szkole\u0144, kt\u00f3re mo\u017cemy zorganizowa\u0107 na \u017cyczenie u\u017cytkownik\u00f3w. Propozycje mo\u017cna przesy\u0142a\u0107 na <a href=\"mailto:library@tu.kielce.pl\" target=\"_blank\" rel=\"noreferrer noopener\">adres mailowy Biblioteki<\/a>.<\/p>\n","protected":false},"excerpt":{"rendered":"<p>Biblioteka G\u0142\u00f3wna zaprasza na szkolenia z zakresu przysposobienia bibliotecznego! Od pa\u017adziernika do czerwca w ka\u017cdy poniedzia\u0142ek i czwartek od godziny 8.00 do 9.00 w Bibliotece odbywaj\u0105 si\u0119 szkolenia z przysposobienia bibliotecznego. Zagadnienia realizowane w ramach szkole\u0144: \u2666 struktura organizacyjna Biblioteki\u2666 funkcjonowanie Punktu Zapisu &#8211; okre\u015blenie statusu u\u017cytkownika, karty czytelnika\u2666 charakterystyka zbior\u00f3w tel. 41 3434483\/484 \u2666 [&hellip;]<\/p>\n","protected":false},"author":3,"featured_media":0,"parent":0,"menu_order":0,"comment_status":"closed","ping_status":"closed","template":"","meta":{"footnotes":""},"class_list":["post-180","page","type-page","status-publish","hentry"],"_links":{"self":[{"href":"https:\/\/lib.tu.kielce.pl\/index.php\/wp-json\/wp\/v2\/pages\/180","targetHints":{"allow":["GET"]}}],"collection":[{"href":"https:\/\/lib.tu.kielce.pl\/index.php\/wp-json\/wp\/v2\/pages"}],"about":[{"href":"https:\/\/lib.tu.kielce.pl\/index.php\/wp-json\/wp\/v2\/types\/page"}],"author":[{"embeddable":true,"href":"https:\/\/lib.tu.kielce.pl\/index.php\/wp-json\/wp\/v2\/users\/3"}],"replies":[{"embeddable":true,"href":"https:\/\/lib.tu.kielce.pl\/index.php\/wp-json\/wp\/v2\/comments?post=180"}],"version-history":[{"count":0,"href":"https:\/\/lib.tu.kielce.pl\/index.php\/wp-json\/wp\/v2\/pages\/180\/revisions"}],"wp:attachment":[{"href":"https:\/\/lib.tu.kielce.pl\/index.php\/wp-json\/wp\/v2\/media?parent=180"}],"curies":[{"name":"wp","href":"https:\/\/api.w.org\/{rel}","templated":true}]}}