{"id":168,"date":"2021-09-16T12:34:04","date_gmt":"2021-09-16T10:34:04","guid":{"rendered":"http:\/\/81.26.5.78\/BG\/?page_id=168"},"modified":"2024-05-20T13:05:42","modified_gmt":"2024-05-20T11:05:42","slug":"dostep-do-zasobow-online-z-komputerow-domowych","status":"publish","type":"page","link":"https:\/\/lib.tu.kielce.pl\/index.php\/dostep-do-zasobow-online-z-komputerow-domowych\/","title":{"rendered":"Dost\u0119p do zasob\u00f3w online z komputer\u00f3w domowych"},"content":{"rendered":"\n<p>Uczelniana Sie\u0107 Komputerowa umo\u017cliwi\u0142a korzystanie z licencjonowanych zasob\u00f3w pe\u0142notekstowych udost\u0119pnianych w sieci Politechniki \u015awi\u0119tokrzyskiej przez Bibliotek\u0119 G\u0142\u00f3wn\u0105 poza terenem P\u015ak (np. z komputer\u00f3w domowych).<\/p>\n\n\n\n<p><strong>UWAGA! Dost\u0119p z komputer\u00f3w domowych jest mo\u017cliwy tylko dla u\u017cytkownik\u00f3w posiadaj\u0105cych konto email zarejestrowane na serwerze eden.<\/strong><\/p>\n\n\n\n<p>Konfiguracj\u0119 ustawie\u0144 przegl\u0105darki nale\u017cy wykona\u0107 zgodnie z instrukcjami zamieszczonymi poni\u017cej:<\/p>\n\n\n\n<div class=\"wp-block-columns is-layout-flex wp-container-core-columns-is-layout-9d6595d7 wp-block-columns-is-layout-flex\">\n<div class=\"wp-block-column is-layout-flow wp-block-column-is-layout-flow\" style=\"flex-basis:100%\">\n<ul class=\"wp-block-list\">\n<li><a href=\"#Konfiguracja_Firefox\">Konfiguracja PROXY dla Mozilla Firefox<\/a><\/li>\n\n\n\n<li><a href=\"#Konfiguracja_Edge\" data-type=\"internal\" data-id=\"#Konfiguracja_Edge\">Konfiguracja PROXY dla Microsoft Edge<\/a><\/li>\n\n\n\n<li><a href=\"#Konfiguracja_Chrome\">Konfiguracja PROXY dla Google Chrome<\/a><\/li>\n<\/ul>\n\n\n\n<hr class=\"wp-block-separator has-alpha-channel-opacity\"\/>\n\n\n\n<p><a style=\"font-weight: bold; text-decoration: underline;\" name=\"Konfiguracja_Firefox\"><\/a><big><span style=\"font-weight: bold; text-decoration: underline;\">Konfiguracja PROXY dla Mozilla Firefox<\/span><\/big><\/p>\n\n\n\n<p><big>&nbsp;&nbsp;&nbsp; <\/big>Aby skonfigurowa\u0107 proxy w Mozilla Firefox, nale\u017cy klikn\u0105\u0107 <strong><span style=\"font-weight: bold;\">trzy kreski<\/span><\/strong> lub <span style=\"font-weight: bold;\">trybik w prawym g\u00f3rnym rogu<\/span> ekranu i wybra\u0107<span style=\"font-weight: bold;\"> Ustawienia<\/span> (Rysunek 1).<\/p>\n\n\n\n<figure class=\"wp-block-image size-large is-resized\"><img loading=\"lazy\" decoding=\"async\" width=\"1024\" height=\"519\" src=\"http:\/\/lib.tu.kielce.pl\/wp-content\/uploads\/2024\/05\/Firefox0-1-1024x519.jpg\" alt=\"\" class=\"wp-image-702\" style=\"aspect-ratio:1.9730250481695568;width:837px;height:auto\" srcset=\"https:\/\/lib.tu.kielce.pl\/wp-content\/uploads\/2024\/05\/Firefox0-1-1024x519.jpg 1024w, https:\/\/lib.tu.kielce.pl\/wp-content\/uploads\/2024\/05\/Firefox0-1-300x152.jpg 300w, https:\/\/lib.tu.kielce.pl\/wp-content\/uploads\/2024\/05\/Firefox0-1-768x389.jpg 768w, https:\/\/lib.tu.kielce.pl\/wp-content\/uploads\/2024\/05\/Firefox0-1-255x129.jpg 255w, https:\/\/lib.tu.kielce.pl\/wp-content\/uploads\/2024\/05\/Firefox0-1.jpg 1414w\" sizes=\"auto, (max-width: 1024px) 100vw, 1024px\" \/><\/figure>\n\n\n\n<p>Rysunek 1.<br><big>&nbsp;&nbsp;&nbsp; <\/big>W Ustawieniach nale\u017cy wybra\u0107<span style=\"font-weight: bold;\"> Og\u00f3lne<\/span>, a nast\u0119pnie<span style=\"font-weight: bold;\"> Sie\u0107<\/span> (Rysunek 2).<\/p>\n\n\n\n<figure class=\"wp-block-image size-large is-resized\"><img loading=\"lazy\" decoding=\"async\" width=\"1024\" height=\"788\" src=\"http:\/\/lib.tu.kielce.pl\/wp-content\/uploads\/2024\/05\/Firefox1-1-1024x788.jpg\" alt=\"\" class=\"wp-image-703\" style=\"aspect-ratio:1.299492385786802;width:836px;height:auto\" srcset=\"https:\/\/lib.tu.kielce.pl\/wp-content\/uploads\/2024\/05\/Firefox1-1-1024x788.jpg 1024w, https:\/\/lib.tu.kielce.pl\/wp-content\/uploads\/2024\/05\/Firefox1-1-300x231.jpg 300w, https:\/\/lib.tu.kielce.pl\/wp-content\/uploads\/2024\/05\/Firefox1-1-768x591.jpg 768w, https:\/\/lib.tu.kielce.pl\/wp-content\/uploads\/2024\/05\/Firefox1-1-255x196.jpg 255w, https:\/\/lib.tu.kielce.pl\/wp-content\/uploads\/2024\/05\/Firefox1-1.jpg 1100w\" sizes=\"auto, (max-width: 1024px) 100vw, 1024px\" \/><\/figure>\n\n\n\n<p>Rysunek 2.<\/p>\n\n\n\n<p>&nbsp;&nbsp;&nbsp; Nast\u0119pnie wybieramy <span style=\"font-weight: bold;\">Ustawienia<\/span>, i wype\u0142niamy pola zgodnie z Rysunkiem 3.<\/p>\n\n\n\n<ul class=\"wp-block-list\">\n<li><big>&nbsp;&nbsp;&nbsp; Adres URL automatycznej konfiguracji proxy: <span style=\"font-weight: bold;\">http:\/\/www.tu.kielce.pl\/proxy.pac<\/span><\/big><\/li>\n<\/ul>\n\n\n\n<figure class=\"wp-block-image size-full\"><img loading=\"lazy\" decoding=\"async\" width=\"753\" height=\"815\" src=\"http:\/\/lib.tu.kielce.pl\/wp-content\/uploads\/2024\/05\/Firefox2.jpg\" alt=\"\" class=\"wp-image-704\" srcset=\"https:\/\/lib.tu.kielce.pl\/wp-content\/uploads\/2024\/05\/Firefox2.jpg 753w, https:\/\/lib.tu.kielce.pl\/wp-content\/uploads\/2024\/05\/Firefox2-277x300.jpg 277w, https:\/\/lib.tu.kielce.pl\/wp-content\/uploads\/2024\/05\/Firefox2-255x276.jpg 255w\" sizes=\"auto, (max-width: 753px) 100vw, 753px\" \/><\/figure>\n\n\n\n<p>Rysunek 3.<\/p>\n\n\n\n<p>&nbsp;&nbsp;&nbsp; Konfiguracj\u0119 zatwierdzamy wciskaj\u0105c OK.<\/p>\n\n\n\n<p><big>Je\u015bli komputer znajduje si\u0119 poza uczelni\u0105, przy pierwszej pr\u00f3bie wej\u015bcia na dowoln\u0105 stron\u0119 pojawi si\u0119 ekran logowania, w kt\u00f3ry nale\u017cy wpisa\u0107:<\/big><\/p>\n\n\n\n<ul class=\"wp-block-list\">\n<li>Nazwa u\u017cytkownika (konto email zarejestrowane na serwerze eden, np. dla konta<span style=\"font-weight: bold;\"> kowalski@tu.kielce.pl<\/span> wpisujemy: <strong>kowalski<\/strong>)<\/li>\n<\/ul>\n\n\n\n<ul class=\"wp-block-list\">\n<li>Has\u0142o<\/li>\n<\/ul>\n\n\n\n<p>&nbsp;&nbsp;&nbsp; tak jak na Rysunku 4.<\/p>\n\n\n\n<figure class=\"wp-block-image size-full\"><img loading=\"lazy\" decoding=\"async\" width=\"405\" height=\"273\" src=\"http:\/\/lib.tu.kielce.pl\/wp-content\/uploads\/2024\/05\/Firefox3.jpg\" alt=\"\" class=\"wp-image-705\" srcset=\"https:\/\/lib.tu.kielce.pl\/wp-content\/uploads\/2024\/05\/Firefox3.jpg 405w, https:\/\/lib.tu.kielce.pl\/wp-content\/uploads\/2024\/05\/Firefox3-300x202.jpg 300w, https:\/\/lib.tu.kielce.pl\/wp-content\/uploads\/2024\/05\/Firefox3-255x172.jpg 255w\" sizes=\"auto, (max-width: 405px) 100vw, 405px\" \/><\/figure>\n\n\n\n<p>Rysunek 4.<\/p>\n\n\n\n<hr class=\"wp-block-separator has-alpha-channel-opacity\"\/>\n\n\n\n<p><big><br><a style=\"font-weight: bold; text-decoration: underline;\" name=\"Konfiguracja_Edge\"><\/a><\/big><big><big><span style=\"font-weight: bold; text-decoration: underline;\">Konfiguracja PROXY dla Microsoft Edge<\/span><\/big><\/big><\/p>\n\n\n\n<p><big>&nbsp;&nbsp;&nbsp;&nbsp; <\/big>Aby skonfigurowa\u0107 proxy w Microsoft Edge, nale\u017cy nacisn\u0105\u0107<span style=\"font-weight: bold;\"> trzy kropki w prawym g\u00f3rnym rogu ekranu<\/span> i wybra\u0107<span style=\"font-weight: bold;\"> Ustawienia<\/span> (Rysunek<big> <\/big>5<big>).<\/big><\/p>\n\n\n\n<figure class=\"wp-block-image size-large is-resized\"><img loading=\"lazy\" decoding=\"async\" width=\"1024\" height=\"499\" src=\"http:\/\/lib.tu.kielce.pl\/wp-content\/uploads\/2024\/05\/edge1-1024x499.jpg\" alt=\"\" class=\"wp-image-707\" style=\"aspect-ratio:2.0521042084168335;width:837px;height:auto\" srcset=\"https:\/\/lib.tu.kielce.pl\/wp-content\/uploads\/2024\/05\/edge1-1024x499.jpg 1024w, https:\/\/lib.tu.kielce.pl\/wp-content\/uploads\/2024\/05\/edge1-300x146.jpg 300w, https:\/\/lib.tu.kielce.pl\/wp-content\/uploads\/2024\/05\/edge1-768x375.jpg 768w, https:\/\/lib.tu.kielce.pl\/wp-content\/uploads\/2024\/05\/edge1-1536x749.jpg 1536w, https:\/\/lib.tu.kielce.pl\/wp-content\/uploads\/2024\/05\/edge1-255x124.jpg 255w, https:\/\/lib.tu.kielce.pl\/wp-content\/uploads\/2024\/05\/edge1.jpg 1632w\" sizes=\"auto, (max-width: 1024px) 100vw, 1024px\" \/><\/figure>\n\n\n\n<p>Rysunek 5.<\/p>\n\n\n\n<p><big>&nbsp;&nbsp;&nbsp; <\/big>W Ustawieniach nale\u017cy wybra\u0107<span style=\"font-weight: bold;\"> System i wydajno\u015b\u0107<\/span>, a nast\u0119pnie<span style=\"font-weight: bold;\"> Otw\u00f3rz ustawienia serwera proxy komputera<\/span> (Rysunek 6).<\/p>\n\n\n\n<figure class=\"wp-block-image size-large is-resized\"><img loading=\"lazy\" decoding=\"async\" width=\"1024\" height=\"616\" src=\"http:\/\/lib.tu.kielce.pl\/wp-content\/uploads\/2024\/05\/edge2-1024x616.jpg\" alt=\"\" class=\"wp-image-708\" style=\"aspect-ratio:1.6623376623376624;width:809px;height:auto\" srcset=\"https:\/\/lib.tu.kielce.pl\/wp-content\/uploads\/2024\/05\/edge2-1024x616.jpg 1024w, https:\/\/lib.tu.kielce.pl\/wp-content\/uploads\/2024\/05\/edge2-300x180.jpg 300w, https:\/\/lib.tu.kielce.pl\/wp-content\/uploads\/2024\/05\/edge2-768x462.jpg 768w, https:\/\/lib.tu.kielce.pl\/wp-content\/uploads\/2024\/05\/edge2-1536x924.jpg 1536w, https:\/\/lib.tu.kielce.pl\/wp-content\/uploads\/2024\/05\/edge2-255x153.jpg 255w, https:\/\/lib.tu.kielce.pl\/wp-content\/uploads\/2024\/05\/edge2.jpg 1608w\" sizes=\"auto, (max-width: 1024px) 100vw, 1024px\" \/><\/figure>\n\n\n\n<p>Rysunek 6.<\/p>\n\n\n\n<p><big>\u00a0\u00a0\u00a0 \u00a0\u00a0 <\/big>Wybieramy opcj\u0119<span style=\"font-weight: bold;\"> U\u017cyj skryptu instalacyjnego <\/span>i naciskamy <span style=\"font-weight: bold;\">Konfiguruj<\/span> zgodnie z Rysunkiem 7.<\/p>\n\n\n\n<figure class=\"wp-block-image size-large is-resized\"><img loading=\"lazy\" decoding=\"async\" width=\"1024\" height=\"604\" src=\"http:\/\/lib.tu.kielce.pl\/wp-content\/uploads\/2024\/05\/edge3-1024x604.jpg\" alt=\"\" class=\"wp-image-709\" style=\"aspect-ratio:1.695364238410596;width:810px;height:auto\" srcset=\"https:\/\/lib.tu.kielce.pl\/wp-content\/uploads\/2024\/05\/edge3-1024x604.jpg 1024w, https:\/\/lib.tu.kielce.pl\/wp-content\/uploads\/2024\/05\/edge3-300x177.jpg 300w, https:\/\/lib.tu.kielce.pl\/wp-content\/uploads\/2024\/05\/edge3-768x453.jpg 768w, https:\/\/lib.tu.kielce.pl\/wp-content\/uploads\/2024\/05\/edge3-255x151.jpg 255w, https:\/\/lib.tu.kielce.pl\/wp-content\/uploads\/2024\/05\/edge3.jpg 1196w\" sizes=\"auto, (max-width: 1024px) 100vw, 1024px\" \/><\/figure>\n\n\n\n<p>Rysunek 7.<\/p>\n\n\n\n<p><big>&nbsp;&nbsp; &nbsp;&nbsp; <\/big><span style=\"font-weight: bold;\">U\u017cyj skryptu instalacyjnego <\/span>&#8211; zaznaczamy <span style=\"font-weight: bold;\">W\u0142\u0105czone<\/span> zgodnie z Rysunkiem 8, a nast\u0119pnie wpisujemy adres skryptu.<\/p>\n\n\n\n<ul class=\"wp-block-list\">\n<li><big>&nbsp;&nbsp;&nbsp; Adres skryptu instalacyjnego: <span style=\"font-weight: bold;\">http:\/\/www.tu.kielce.pl\/proxy.pac<\/span><\/big><\/li>\n<\/ul>\n\n\n\n<figure class=\"wp-block-image size-large is-resized\"><img loading=\"lazy\" decoding=\"async\" width=\"1024\" height=\"796\" src=\"http:\/\/lib.tu.kielce.pl\/wp-content\/uploads\/2024\/05\/edge4-1024x796.jpg\" alt=\"\" class=\"wp-image-710\" style=\"aspect-ratio:1.2864321608040201;width:813px;height:auto\" srcset=\"https:\/\/lib.tu.kielce.pl\/wp-content\/uploads\/2024\/05\/edge4-1024x796.jpg 1024w, https:\/\/lib.tu.kielce.pl\/wp-content\/uploads\/2024\/05\/edge4-300x233.jpg 300w, https:\/\/lib.tu.kielce.pl\/wp-content\/uploads\/2024\/05\/edge4-768x597.jpg 768w, https:\/\/lib.tu.kielce.pl\/wp-content\/uploads\/2024\/05\/edge4-255x198.jpg 255w, https:\/\/lib.tu.kielce.pl\/wp-content\/uploads\/2024\/05\/edge4.jpg 1197w\" sizes=\"auto, (max-width: 1024px) 100vw, 1024px\" \/><\/figure>\n\n\n\n<p>Rysunek 8.<\/p>\n\n\n\n<p><big>Je\u015bli komputer znajduje si\u0119 poza uczelni\u0105, przy pierwszej pr\u00f3bie wej\u015bcia na dowoln\u0105 stron\u0119 pojawi si\u0119 ekran logowania, w kt\u00f3ry nale\u017cy wpisa\u0107:<\/big><\/p>\n\n\n\n<ul class=\"wp-block-list\">\n<li>Nazwa u\u017cytkownika (konto email zarejestrowane na serwerze eden, np. dla konta<span style=\"font-weight: bold;\"> kowalski@tu.kielce.pl<\/span> wpisujemy: <span style=\"font-weight: bold;\">kowalski<\/span>)<\/li>\n<\/ul>\n\n\n\n<ul class=\"wp-block-list\">\n<li>Has\u0142o<\/li>\n<\/ul>\n\n\n\n<p>&nbsp;&nbsp;&nbsp; tak jak na Rysunku 9.<\/p>\n\n\n\n<figure class=\"wp-block-image size-full\"><img loading=\"lazy\" decoding=\"async\" width=\"446\" height=\"235\" src=\"http:\/\/lib.tu.kielce.pl\/wp-content\/uploads\/2024\/05\/edge5.jpg\" alt=\"\" class=\"wp-image-711\" srcset=\"https:\/\/lib.tu.kielce.pl\/wp-content\/uploads\/2024\/05\/edge5.jpg 446w, https:\/\/lib.tu.kielce.pl\/wp-content\/uploads\/2024\/05\/edge5-300x158.jpg 300w, https:\/\/lib.tu.kielce.pl\/wp-content\/uploads\/2024\/05\/edge5-255x134.jpg 255w\" sizes=\"auto, (max-width: 446px) 100vw, 446px\" \/><\/figure>\n\n\n\n<p>Rysunek 9.<\/p>\n\n\n\n<hr class=\"wp-block-separator has-alpha-channel-opacity\"\/>\n<\/div>\n<\/div>\n\n\n\n<p><big><br><a style=\"font-weight: bold; text-decoration: underline;\" name=\"Konfiguracja_Chrome\"><\/a><\/big><big><big><span style=\"font-weight: bold; text-decoration: underline;\">Konfiguracja PROXY dla Google Chrome<\/span><\/big><\/big><\/p>\n\n\n\n<p><big>&nbsp;&nbsp;&nbsp;&nbsp; <\/big>Aby skonfigurowa\u0107 proxy w Microsoft Edge, nale\u017cy nacisn\u0105\u0107<span style=\"font-weight: bold;\"> trzy kropki w prawym g\u00f3rnym rogu ekranu<\/span> i wybra\u0107<span style=\"font-weight: bold;\"> Ustawienia<\/span> (Rysunek<big> <\/big>10<big>).<\/big><\/p>\n\n\n\n<figure class=\"wp-block-image size-large is-resized\"><img loading=\"lazy\" decoding=\"async\" width=\"1024\" height=\"483\" src=\"http:\/\/lib.tu.kielce.pl\/wp-content\/uploads\/2024\/05\/chrome1-1024x483.jpg\" alt=\"\" class=\"wp-image-713\" style=\"aspect-ratio:2.12008281573499;width:806px;height:auto\" srcset=\"https:\/\/lib.tu.kielce.pl\/wp-content\/uploads\/2024\/05\/chrome1-1024x483.jpg 1024w, https:\/\/lib.tu.kielce.pl\/wp-content\/uploads\/2024\/05\/chrome1-300x142.jpg 300w, https:\/\/lib.tu.kielce.pl\/wp-content\/uploads\/2024\/05\/chrome1-768x362.jpg 768w, https:\/\/lib.tu.kielce.pl\/wp-content\/uploads\/2024\/05\/chrome1-1536x725.jpg 1536w, https:\/\/lib.tu.kielce.pl\/wp-content\/uploads\/2024\/05\/chrome1-255x120.jpg 255w, https:\/\/lib.tu.kielce.pl\/wp-content\/uploads\/2024\/05\/chrome1.jpg 1562w\" sizes=\"auto, (max-width: 1024px) 100vw, 1024px\" \/><\/figure>\n\n\n\n<p>Rysunek 10.<\/p>\n\n\n\n<p><big>&nbsp;&nbsp;&nbsp; <\/big>W Ustawieniach nale\u017cy wybra\u0107<span style=\"font-weight: bold;\"> System<\/span>, a nast\u0119pnie<span style=\"font-weight: bold;\"> Otw\u00f3rz ustawienia serwera proxy komputera<\/span> (Rysunek 11).<\/p>\n\n\n\n<figure class=\"wp-block-image size-large is-resized\"><img loading=\"lazy\" decoding=\"async\" width=\"1024\" height=\"652\" src=\"http:\/\/lib.tu.kielce.pl\/wp-content\/uploads\/2024\/05\/chrome2-1024x652.jpg\" alt=\"\" class=\"wp-image-714\" style=\"aspect-ratio:1.5705521472392638;width:810px;height:auto\" srcset=\"https:\/\/lib.tu.kielce.pl\/wp-content\/uploads\/2024\/05\/chrome2-1024x652.jpg 1024w, https:\/\/lib.tu.kielce.pl\/wp-content\/uploads\/2024\/05\/chrome2-300x191.jpg 300w, https:\/\/lib.tu.kielce.pl\/wp-content\/uploads\/2024\/05\/chrome2-768x489.jpg 768w, https:\/\/lib.tu.kielce.pl\/wp-content\/uploads\/2024\/05\/chrome2-139x89.jpg 139w, https:\/\/lib.tu.kielce.pl\/wp-content\/uploads\/2024\/05\/chrome2-278x178.jpg 278w, https:\/\/lib.tu.kielce.pl\/wp-content\/uploads\/2024\/05\/chrome2-255x162.jpg 255w, https:\/\/lib.tu.kielce.pl\/wp-content\/uploads\/2024\/05\/chrome2.jpg 1210w\" sizes=\"auto, (max-width: 1024px) 100vw, 1024px\" \/><\/figure>\n\n\n\n<p>Rysunek 11.<\/p>\n\n\n\n<p><big>&nbsp;&nbsp;&nbsp; &nbsp;&nbsp; <\/big>Wybieramy opcj\u0119<span style=\"font-weight: bold;\"> u\u017cyj skryptu instalacyjnego <\/span>i naciskamy <span style=\"font-weight: bold;\">Konfiguruj<\/span> zgodnie z Rysunkiem 12.<\/p>\n\n\n\n<figure class=\"wp-block-image size-large is-resized\"><img loading=\"lazy\" decoding=\"async\" width=\"1024\" height=\"601\" src=\"http:\/\/lib.tu.kielce.pl\/wp-content\/uploads\/2024\/05\/chrome3-1024x601.jpg\" alt=\"\" class=\"wp-image-715\" style=\"aspect-ratio:1.7038269550748752;width:814px;height:auto\" srcset=\"https:\/\/lib.tu.kielce.pl\/wp-content\/uploads\/2024\/05\/chrome3-1024x601.jpg 1024w, https:\/\/lib.tu.kielce.pl\/wp-content\/uploads\/2024\/05\/chrome3-300x176.jpg 300w, https:\/\/lib.tu.kielce.pl\/wp-content\/uploads\/2024\/05\/chrome3-768x451.jpg 768w, https:\/\/lib.tu.kielce.pl\/wp-content\/uploads\/2024\/05\/chrome3-255x150.jpg 255w, https:\/\/lib.tu.kielce.pl\/wp-content\/uploads\/2024\/05\/chrome3.jpg 1196w\" sizes=\"auto, (max-width: 1024px) 100vw, 1024px\" \/><\/figure>\n\n\n\n<p>Rysunek 12.<\/p>\n\n\n\n<p><big>&nbsp;&nbsp; &nbsp;&nbsp; <\/big><span style=\"font-weight: bold;\">U\u017cyj skryptu instalacyjnego <\/span>&#8211; zaznaczamy <span style=\"font-weight: bold;\">W\u0142\u0105czone<\/span> zgodnie z Rysunkiem 13, a nast\u0119pnie wpisujemy adres skryptu.<\/p>\n\n\n\n<ul class=\"wp-block-list\">\n<li><big>&nbsp;&nbsp;&nbsp; Adres skryptu instalacyjnego: <span style=\"font-weight: bold;\">http:\/\/www.tu.kielce.pl\/proxy.pac<\/span><\/big><\/li>\n<\/ul>\n\n\n\n<figure class=\"wp-block-image size-large is-resized\"><img loading=\"lazy\" decoding=\"async\" width=\"1024\" height=\"794\" src=\"http:\/\/lib.tu.kielce.pl\/wp-content\/uploads\/2024\/05\/chrome4-1024x794.jpg\" alt=\"\" class=\"wp-image-716\" style=\"aspect-ratio:1.2864321608040201;width:813px;height:auto\" srcset=\"https:\/\/lib.tu.kielce.pl\/wp-content\/uploads\/2024\/05\/chrome4-1024x794.jpg 1024w, https:\/\/lib.tu.kielce.pl\/wp-content\/uploads\/2024\/05\/chrome4-300x233.jpg 300w, https:\/\/lib.tu.kielce.pl\/wp-content\/uploads\/2024\/05\/chrome4-768x596.jpg 768w, https:\/\/lib.tu.kielce.pl\/wp-content\/uploads\/2024\/05\/chrome4-255x198.jpg 255w, https:\/\/lib.tu.kielce.pl\/wp-content\/uploads\/2024\/05\/chrome4.jpg 1195w\" sizes=\"auto, (max-width: 1024px) 100vw, 1024px\" \/><\/figure>\n\n\n\n<p>Rysunek 13.<\/p>\n\n\n\n<p><big>Je\u015bli komputer znajduje si\u0119 poza uczelni\u0105, przy pierwszej pr\u00f3bie wej\u015bcia na dowoln\u0105 stron\u0119 pojawi si\u0119 ekran logowania, w kt\u00f3ry nale\u017cy wpisa\u0107:<\/big><\/p>\n\n\n\n<ul class=\"wp-block-list\">\n<li>Nazwa u\u017cytkownika (konto email zarejestrowane na serwerze eden, np. dla konta<span style=\"font-weight: bold;\"> kowalski@tu.kielce.pl<\/span> wpisujemy: <span style=\"font-weight: bold;\">kowalski<\/span>)<\/li>\n<\/ul>\n\n\n\n<ul class=\"wp-block-list\">\n<li>Has\u0142o<\/li>\n<\/ul>\n\n\n\n<p>&nbsp;&nbsp;&nbsp; tak jak na Rysunku 14.<\/p>\n\n\n\n<figure class=\"wp-block-image size-full\"><img loading=\"lazy\" decoding=\"async\" width=\"441\" height=\"288\" src=\"http:\/\/lib.tu.kielce.pl\/wp-content\/uploads\/2024\/05\/chrome5.jpg\" alt=\"\" class=\"wp-image-717\" srcset=\"https:\/\/lib.tu.kielce.pl\/wp-content\/uploads\/2024\/05\/chrome5.jpg 441w, https:\/\/lib.tu.kielce.pl\/wp-content\/uploads\/2024\/05\/chrome5-300x196.jpg 300w, https:\/\/lib.tu.kielce.pl\/wp-content\/uploads\/2024\/05\/chrome5-255x167.jpg 255w\" sizes=\"auto, (max-width: 441px) 100vw, 441px\" \/><\/figure>\n\n\n\n<p>Rysunek 14.<\/p>\n\n\n\n<hr class=\"wp-block-separator has-alpha-channel-opacity\"\/>\n","protected":false},"excerpt":{"rendered":"<p>Uczelniana Sie\u0107 Komputerowa umo\u017cliwi\u0142a korzystanie z licencjonowanych zasob\u00f3w pe\u0142notekstowych udost\u0119pnianych w sieci Politechniki \u015awi\u0119tokrzyskiej przez Bibliotek\u0119 G\u0142\u00f3wn\u0105 poza terenem P\u015ak (np. z komputer\u00f3w domowych). UWAGA! Dost\u0119p z komputer\u00f3w domowych jest mo\u017cliwy tylko dla u\u017cytkownik\u00f3w posiadaj\u0105cych konto email zarejestrowane na serwerze eden. Konfiguracj\u0119 ustawie\u0144 przegl\u0105darki nale\u017cy wykona\u0107 zgodnie z instrukcjami zamieszczonymi poni\u017cej: Konfiguracja PROXY dla Mozilla [&hellip;]<\/p>\n","protected":false},"author":3,"featured_media":0,"parent":0,"menu_order":0,"comment_status":"closed","ping_status":"closed","template":"","meta":{"footnotes":""},"class_list":["post-168","page","type-page","status-publish","hentry"],"_links":{"self":[{"href":"https:\/\/lib.tu.kielce.pl\/index.php\/wp-json\/wp\/v2\/pages\/168","targetHints":{"allow":["GET"]}}],"collection":[{"href":"https:\/\/lib.tu.kielce.pl\/index.php\/wp-json\/wp\/v2\/pages"}],"about":[{"href":"https:\/\/lib.tu.kielce.pl\/index.php\/wp-json\/wp\/v2\/types\/page"}],"author":[{"embeddable":true,"href":"https:\/\/lib.tu.kielce.pl\/index.php\/wp-json\/wp\/v2\/users\/3"}],"replies":[{"embeddable":true,"href":"https:\/\/lib.tu.kielce.pl\/index.php\/wp-json\/wp\/v2\/comments?post=168"}],"version-history":[{"count":0,"href":"https:\/\/lib.tu.kielce.pl\/index.php\/wp-json\/wp\/v2\/pages\/168\/revisions"}],"wp:attachment":[{"href":"https:\/\/lib.tu.kielce.pl\/index.php\/wp-json\/wp\/v2\/media?parent=168"}],"curies":[{"name":"wp","href":"https:\/\/api.w.org\/{rel}","templated":true}]}}