{"id":162,"date":"2021-09-16T12:01:27","date_gmt":"2021-09-16T10:01:27","guid":{"rendered":"http:\/\/81.26.5.78\/BG\/?page_id=162"},"modified":"2022-03-30T13:55:09","modified_gmt":"2022-03-30T11:55:09","slug":"orcid","status":"publish","type":"page","link":"https:\/\/lib.tu.kielce.pl\/index.php\/orcid\/","title":{"rendered":"ORCID"},"content":{"rendered":"\n<p><strong>Open Research and Contributor ID (ORCID)<\/strong> jest to cyfrowy identyfikator stworzony dla jednoznacznego rozr\u00f3\u017cnienia autor\u00f3w i wsp\u00f3\u0142autor\u00f3w publikacji naukowych i akademickich. Sk\u0142ada si\u0119 z 16 cyfr podzielonych na cztery r\u00f3wne cz\u0119\u015bci, np. <a href=\"https:\/\/orcid.org\/0000-0002-1825-0097\" target=\"_blank\" rel=\"noreferrer noopener\">https:\/\/orcid.org\/0000-0002-1825-0097<\/a>.<\/p>\n\n\n\n<p>ORCID jest wymagany podczas zg\u0142aszania prac do publikacji w wiod\u0105cych wydawnictwach naukowych &#8211; Elsevier, Springer, IEEE, Wiley.<\/p>\n\n\n\n<p>Ka\u017cdy autor indywidualnie tworzy sw\u00f3j profil i okre\u015bla zasady dost\u0119pu do zawartych w nim informacji. Profil, opr\u00f3cz podstawowych danych, tj. imienia i nazwiska, adresu e-mail, mo\u017ce zawiera\u0107: biogram, s\u0142owa kluczowe, stron\u0119 internetow\u0105, wykszta\u0142cenie, przebieg zatrudnienia, publikacje, realizowane granty badawcze.<\/p>\n\n\n\n<p>Autorzy posiadaj\u0105cy inne identyfikatory, takie jak Researcher ID, Scopus Author ID, Google Scholar Author ID mog\u0105 powi\u0105za\u0107 je ze swoim profilem w ORCID, kt\u00f3ry automatycznie zaimplementuje dorobek indeksowany w innych bazach.<\/p>\n\n\n\n<p>Projekt rozporz\u0105dzenia ws. ewaluacji jako\u015bci dzia\u0142alno\u015bci naukowej zak\u0142ada, \u017ce g\u0142\u00f3wnym \u017ar\u00f3d\u0142em informacji o osi\u0105gni\u0119ciach publikacyjnych b\u0119d\u0105 informacje zamieszczone w bazie ORCID na indywidualnym koncie naukowca. Informacje te b\u0119d\u0105 importowane do systemu POL-on.<\/p>\n\n\n\n<p>ORCID, Inc. jest instytucj\u0105 non-profit i rejestracja identyfikatora jest bezp\u0142atna.<\/p>\n\n\n\n<p>Jak za\u0142o\u017cy\u0107 ORCID:<\/p>\n\n\n\n<ol class=\"wp-block-list\"><li>Wejd\u017a na stron\u0119 <a href=\"https:\/\/orcid.org\/register\" target=\"_blank\" rel=\"noreferrer noopener\">https:\/\/orcid.org\/register<\/a><\/li><li>Wype\u0142nij pola obowi\u0105zkowe: nazwisko, adres e-mail i has\u0142o.<\/li><li>Okre\u015bl, kto b\u0119dzie m\u00f3g\u0142 widzie\u0107 Tw\u00f3j profil:<ul><li>Everyone &#8211; profil publiczny, dost\u0119pny dla ka\u017cdego<\/li><li>Trusted parties &#8211; profil p\u00f3\u0142otwarty, dost\u0119pny dla wybranych przez nas os\u00f3b<\/li><li>Only me &#8211; profil zamkni\u0119ty, dost\u0119pny tylko dla w\u0142a\u015bciciela konta<\/li><\/ul><\/li><li>Po zaakceptowaniu regulaminu zako\u0144cz rejestracj\u0119.<\/li><li>Na podany adres e-mail otrzymasz wiadomo\u015b\u0107 potwierdzaj\u0105c\u0105 za\u0142o\u017cenie profilu wraz z linkiem, kt\u00f3rego klikni\u0119cie potwierdzi proces rejestracji.<\/li><li>Nowo utworzony profil uzupe\u0142nij danymi o swojej pracy naukowej.<\/li><\/ol>\n\n\n\n<p>Przydatne informacje:<\/p>\n\n\n\n<ul class=\"wp-block-list\"><li><a rel=\"noreferrer noopener\" href=\"https:\/\/orcid.org\/help\" target=\"_blank\">Przewodniki dla u\u017cytkownik\u00f3w<\/a><\/li><li><a rel=\"noreferrer noopener\" href=\"https:\/\/vimeo.com\/orcidvideos\" target=\"_blank\">Filmy instrukta\u017cowe (w j\u0119z. angielskim)<\/a><\/li><li><a rel=\"noreferrer noopener\" href=\"\/dok\/instrukcje\/numer_orcid_w_pbn.pdf\" target=\"_blank\">Podpinanie ORCID ID do konta u\u017cytkownika PBN. O\u015brodek Przetwarzania Informacji<\/a><\/li><li><a rel=\"noreferrer noopener\" href=\"http:\/\/ekulczycki.pl\/warsztat_badacza\/orcid-identyfikator-ktory-kazdy-naukowiec-powinien-miec\/\" target=\"_blank\">ORCID \u2013 identyfikator, kt\u00f3ry ka\u017cdy naukowiec powinien mie\u0107 &#8211; Warsztat badacza Emanuela Kulczyckiego<\/a><\/li><\/ul>\n","protected":false},"excerpt":{"rendered":"<p>Open Research and Contributor ID (ORCID) jest to cyfrowy identyfikator stworzony dla jednoznacznego rozr\u00f3\u017cnienia autor\u00f3w i wsp\u00f3\u0142autor\u00f3w publikacji naukowych i akademickich. Sk\u0142ada si\u0119 z 16 cyfr podzielonych na cztery r\u00f3wne cz\u0119\u015bci, np. https:\/\/orcid.org\/0000-0002-1825-0097. ORCID jest wymagany podczas zg\u0142aszania prac do publikacji w wiod\u0105cych wydawnictwach naukowych &#8211; Elsevier, Springer, IEEE, Wiley. Ka\u017cdy autor indywidualnie tworzy sw\u00f3j [&hellip;]<\/p>\n","protected":false},"author":3,"featured_media":0,"parent":0,"menu_order":0,"comment_status":"closed","ping_status":"closed","template":"","meta":{"footnotes":""},"class_list":["post-162","page","type-page","status-publish","hentry"],"_links":{"self":[{"href":"https:\/\/lib.tu.kielce.pl\/index.php\/wp-json\/wp\/v2\/pages\/162","targetHints":{"allow":["GET"]}}],"collection":[{"href":"https:\/\/lib.tu.kielce.pl\/index.php\/wp-json\/wp\/v2\/pages"}],"about":[{"href":"https:\/\/lib.tu.kielce.pl\/index.php\/wp-json\/wp\/v2\/types\/page"}],"author":[{"embeddable":true,"href":"https:\/\/lib.tu.kielce.pl\/index.php\/wp-json\/wp\/v2\/users\/3"}],"replies":[{"embeddable":true,"href":"https:\/\/lib.tu.kielce.pl\/index.php\/wp-json\/wp\/v2\/comments?post=162"}],"version-history":[{"count":0,"href":"https:\/\/lib.tu.kielce.pl\/index.php\/wp-json\/wp\/v2\/pages\/162\/revisions"}],"wp:attachment":[{"href":"https:\/\/lib.tu.kielce.pl\/index.php\/wp-json\/wp\/v2\/media?parent=162"}],"curies":[{"name":"wp","href":"https:\/\/api.w.org\/{rel}","templated":true}]}}