{"id":155,"date":"2021-09-16T10:51:36","date_gmt":"2021-09-16T08:51:36","guid":{"rendered":"http:\/\/81.26.5.78\/BG\/?page_id=155"},"modified":"2024-02-21T10:01:05","modified_gmt":"2024-02-21T09:01:05","slug":"ocena-dorobku","status":"publish","type":"page","link":"https:\/\/lib.tu.kielce.pl\/index.php\/ocena-dorobku\/","title":{"rendered":"Ocena dorobku naukowego"},"content":{"rendered":"\n<p><strong>Indeks Hirscha<\/strong> (<a rel=\"noreferrer noopener\" href=\"http:\/\/pl.wikipedia.org\/wiki\/Indeks_h\" target=\"_blank\">poka\u017c definicj\u0119<\/a>) &#8211; wsp\u00f3\u0142czynnik mie\u00adrze\u00adnia osi\u0105\u00adgni\u0119\u0107 nauko\u00adwych z&nbsp;uwzgl\u0119d\u00adnie\u00adniem liczby publi\u00adka\u00adcji i&nbsp;liczby cyto\u00adwa\u0144, niezb\u0119dny w post\u0119powaniu habilitacyjnym oraz post\u0119powaniu profesorskim.<\/p>\n\n\n\n<ul class=\"wp-block-list\">\n<li><a href=\"\/dok\/instrukcje\/WoS.pdf\" target=\"_blank\" rel=\"noreferrer noopener\">Kr\u00f3tka instrukcja wyszukiwania&nbsp;indeksu Hirscha w Web of Science (PDF)<\/a><\/li>\n\n\n\n<li><a href=\"\/dok\/instrukcje\/SCOPUS.pdf\" target=\"_blank\" rel=\"noreferrer noopener\">Kr\u00f3tka instrukcja wyszukiwania indeksu Hirscha w Scopus (PDF)<\/a><\/li>\n<\/ul>\n\n\n\n<ul class=\"wp-block-list\">\n<li><a rel=\"noreferrer noopener\" href=\"https:\/\/www.rdn.gov.pl\/postepowanie-habilitacyjne.wymagania-dokumentacyjne-wnioskow-w-sprawie-nadania-stopnia-doktora-habilitowanego.html\" target=\"_blank\">Wymagania dokumentacyjne wniosk\u00f3w w sprawie nadania stopnia doktora habilitowanego<\/a><\/li>\n\n\n\n<li><a rel=\"noreferrer noopener\" href=\"https:\/\/www.rdn.gov.pl\/postepowanie-profesorskie.wymagania-dokumentacyjne-wnioskow-w-sprawie-nadanai-tytulu-profesora.html\" target=\"_blank\">Wymagania dokumentacyjne wniosk\u00f3w w sprawie nadania tytu\u0142u profesora<\/a><\/li>\n<\/ul>\n\n\n\n<p><strong><a rel=\"noreferrer noopener\" href=\"http:\/\/apps.webofknowledge.com\/WOS_GeneralSearch_input.do?product=WOS&amp;search_mode=GeneralSearch\" target=\"_blank\">Platforma Web of Science<\/a> (WoS)<\/strong> to platforma oraz pakiet baz bibliograficzno-bibliometrycznych, kt\u00f3re zawieraj\u0105 dane bibliograficzne, abstrakty i informacje o cytowaniach publikacji. Umo\u017cliwiaj\u0105 przeszukiwanie rekord\u00f3w bibliograficznych z najwa\u017cniejszych czasopism, streszcze\u0144 konferencji i ksi\u0105\u017cek z dziedziny nauk \u015bcis\u0142ych i spo\u0142ecznych, sztuki oraz nauk humanistycznych w celu znalezienia wysokiej jako\u015bci bada\u0144 zwi\u0105zanych z obszarem zainteresowa\u0144. Jest opracowywana przez firm\u0119 Clarivate.<\/p>\n\n\n\n<ul class=\"wp-block-list\">\n<li><a rel=\"noreferrer noopener\" href=\"https:\/\/clarivate.libguides.com\/europe\/poland\" target=\"_blank\">Polska strona Web of Science Group<\/a><\/li>\n<\/ul>\n\n\n\n<p><a rel=\"noreferrer noopener\" href=\"http:\/\/www.scopus.com\/\" target=\"_blank\"><strong>Scopus<\/strong><\/a> &#8211; interdyscyplinarna baza abstrakt\u00f3w i cytowa\u0144 z zakresu nauk matematyczno-przyrodniczych, technicznych, medycznych i humanistycznych firmy Elsevier obejmuj\u0105ca ok. 23 000 czasopism, 145 000 ksi\u0105\u017cek, serii ksi\u0105\u017ckowych, sprawozda\u0144 konferencyjnych i patent\u00f3w.<\/p>\n\n\n\n<ul class=\"wp-block-list\">\n<li><a rel=\"noreferrer noopener\" href=\"https:\/\/www.elsevier.com\/pl-pl\/connect\/ledzenie-wizualizacja-oraz-ocena-dorobku-naukowego-z-wykorzystaniem-bazy-scopus\" target=\"_blank\">\u015aledzenie-wizualizacja oraz ocena dorobku naukowego z wykorzystaniem bazy Scopus<\/a><\/li>\n<\/ul>\n\n\n\n<ul class=\"wp-block-list\">\n<li><a rel=\"noreferrer noopener\" href=\"http:\/\/www.scimagojr.com\/\" target=\"_blank\">SCImago Journal &amp; Country Rank<\/a> &#8211; serwis zawieraj\u0105cy informacje o czasopismach indeksowanych w bazie Scopus. Przeznaczony jest do por\u00f3wnywania czasopism pod k\u0105tem cytowa\u0144, ilo\u015bci publikowanych artyku\u0142\u00f3w, itd.<\/li>\n<\/ul>\n\n\n\n<p><a rel=\"noreferrer noopener\" href=\"http:\/\/scholar.google.pl\" target=\"_blank\"><strong>Google Scholar<\/strong><\/a> &#8211; specjalistyczna wyszukiwarka internetowa, s\u0142u\u017c\u0105ca do przeszukiwania bazy danych zawieraj\u0105cej materia\u0142y z wielu dziedzin i \u017ar\u00f3de\u0142: artyku\u0142y recenzowane, prace naukowe, ksi\u0105\u017cki, streszczenia i artyku\u0142y pochodz\u0105ce z wydawnictw naukowych, towarzystw naukowych, repozytori\u00f3w materia\u0142\u00f3w zg\u0142oszonych do publikacji, uniwersytet\u00f3w i innych organizacji<\/p>\n\n\n\n<p><a rel=\"noreferrer noopener\" href=\"http:\/\/www.harzing.com\/pop.htm\" target=\"_blank\"><strong>Publish or Perish<\/strong><\/a> &#8211; projekt stwo\u00adrzony w 2006 r. przez Anne-\u200bWil Harzing, w&nbsp;ramach kt\u00f3\u00adrego powsta\u0142 pro\u00adgram s\u0142u\u00ad\u017c\u0105cy do zli\u00adcza\u00adnia cyto\u00adwa\u0144 oraz ana\u00adlizy wp\u0142ywu publi\u00adka\u00adcji aka\u00adde\u00admic\u00adkich w&nbsp;opar\u00adciu o&nbsp;baz\u0119 Google Scho\u00adlar. W korzystaniu z programu mo\u017ce pom\u00f3c <a rel=\"noreferrer noopener\" href=\"http:\/\/ekulczycki.pl\/warsztat_badacza\/publish-or-perish-poradnik-dla-autorow-znajdz-swoje-cytowania-i-indeks-hirscha\/\" target=\"_blank\">poradnik<\/a> w j\u0119zyku polskim.<\/p>\n\n\n\n<p><a rel=\"noreferrer noopener\" href=\"http:\/\/www.eigenfactor.org\/\" target=\"_blank\"><strong>Eigenfactor\u2122<\/strong><\/a> &#8211; indeks cytowa\u0144 opracowany przez University of Washington w oparciu o dane z bazy Science Citation Index.<\/p>\n\n\n\n<p><a href=\"https:\/\/citeseerx.ist.psu.edu\/\" target=\"_blank\" rel=\"noreferrer noopener\"><strong>CiteSeerX<\/strong><\/a> &#8211; wyszukiwarka i repozytorium cyfrowe prac naukowych. Posiada szereg przydatnych funkcji, m. in. indeksy i statystyki cytowa\u0144, wyszukiwanie zaawansowane, wyszukiwanie dokument\u00f3w zwi\u0105zanych.<\/p>\n\n\n\n<p><strong>Wska\u017aniki oceny czasopism<\/strong><\/p>\n\n\n\n<ul class=\"wp-block-list\">\n<li><strong><a href=\"https:\/\/www.gov.pl\/web\/nauka\/komunikat-ministra-nauki-z-dnia-05-stycznia-2024-r-w-sprawie-wykazu-czasopism-naukowych-i-recenzowanych-materialow-z-konferencji-miedzynarodowych\" data-type=\"link\" data-id=\"https:\/\/www.gov.pl\/web\/nauka\/komunikat-ministra-nauki-z-dnia-05-stycznia-2024-r-w-sprawie-wykazu-czasopism-naukowych-i-recenzowanych-materialow-z-konferencji-miedzynarodowych\" target=\"_blank\" rel=\"noreferrer noopener\">Wykaz czasopism naukowych i recenzowanych materia\u0142\u00f3w z konferencji mi\u0119dzynarodowych<\/a><\/strong> (komunikat z dn. 5 stycznia 2024 r.)<\/li>\n<\/ul>\n\n\n\n<ul class=\"wp-block-list\">\n<li><a rel=\"noreferrer noopener\" href=\"https:\/\/mjl.clarivate.com\/home\" target=\"_blank\"><strong>Master Journal List (lista filadelfijska)<\/strong><\/a> &#8211; czasopisma uwzgl\u0119dnione w bazach produkowanych przez firm\u0119 Clarivate Analytics (bez IF)<\/li>\n<\/ul>\n\n\n\n<ul class=\"wp-block-list\">\n<li><strong><a rel=\"noreferrer noopener\" href=\"https:\/\/login.incites.clarivate.com\/?DestApp=JCR2\" data-type=\"URL\" data-id=\"https:\/\/login.incites.clarivate.com\/?DestApp=JCR2\" target=\"_blank\">Journal Citation Reports<\/a> (JCR)<\/strong> &#8211; lista czasopism naukowych, publikowana corocznie przez Clarivate Analytics, zawieraj\u0105ca m.in. wska\u017anik IF (Impact Factor)\n<ul class=\"wp-block-list\">\n<li><a href=\"\/dok\/instrukcje\/JCR-short.pdf\" target=\"_blank\" rel=\"noreferrer noopener\">Kr\u00f3tka instrukcja, jak znale\u017a\u0107 Impact Factor (PDF)<\/a><\/li>\n<\/ul>\n<\/li>\n<\/ul>\n\n\n\n<ul class=\"wp-block-list\">\n<li><a rel=\"noreferrer noopener\" href=\"https:\/\/wbn.icm.edu.pl\/licencje\/#scopus\" target=\"_blank\"><strong>SciVal<\/strong><\/a> &#8211; narz\u0119dzie s\u0142u\u017c\u0105ce do analizy danych zawartych w bazie Scopus, umo\u017cliwiaj\u0105ce wizualizacj\u0119 osi\u0105gni\u0119\u0107 instytucji naukowych, por\u00f3wnanie z innymi jednostkami, ocen\u0119 potencjalnych wsp\u00f3\u0142pracownik\u00f3w oraz partner\u00f3w, a tak\u017ce analizowanie trend\u00f3w w \u015bwiecie nauki<\/li>\n<\/ul>\n\n\n\n<ul class=\"wp-block-list\">\n<li><a rel=\"noreferrer noopener\" href=\"https:\/\/wbn.icm.edu.pl\/licencje\/#wos\" target=\"_blank\"><strong>InCites<\/strong><\/a> &#8211; narz\u0119dzie s\u0142u\u017c\u0105ce do analizy danych zawartych w bazach SCIE, SSCI, A&amp;HCI, JCR i ESI, pozwalaj\u0105ce por\u00f3wnywa\u0107 dorobek naukowy badaczy i instytucji, analizowa\u0107 wykorzystanie czasopism w instytucjach, opracowywa\u0107 strategie badawcze<\/li>\n<\/ul>\n\n\n\n<ul class=\"wp-block-list\">\n<li><a rel=\"noreferrer noopener\" href=\"http:\/\/www.indexcopernicus.com\/\" target=\"_blank\"><strong>Index Copernicus International<\/strong><\/a> &#8211; platforma gromadz\u0105ca dane o czasopismach naukowych i prowadz\u0105ca ranking czasopism (<a rel=\"noreferrer noopener\" href=\"https:\/\/indexcopernicus.com\/index.php\/pl\/parametryzacja-menu\/journals-master-list\" data-type=\"URL\" data-id=\"https:\/\/indexcopernicus.com\/index.php\/pl\/parametryzacja-menu\/journals-master-list\" target=\"_blank\">ICI Master Journal List<\/a>)<\/li>\n<\/ul>\n\n\n\n<p><a rel=\"noreferrer noopener\" href=\"https:\/\/pbn.nauka.gov.pl\/\" target=\"_blank\"><strong>Polska Bibliografia Naukowa<\/strong><\/a> &#8211; portal gromadz\u0105cy informacje dotycz\u0105ce czasopism naukowych oraz publikacji autorstwa polskich naukowc\u00f3w. Portal ten jest cz\u0119\u015bci\u0105 <a rel=\"noreferrer noopener\" href=\"http:\/\/polon.nauka.gov.pl\/\" target=\"_blank\">Zintegrowanej Sieci Informacji o Nauce i Szkolnictwie Wy\u017cszym POL-on<\/a>.<\/p>\n\n\n\n<p><a href=\"\/index.php\/orcid\/\" data-type=\"URL\" data-id=\"\/index.php\/orcid\/\"><strong>ORCID<\/strong><\/a> &#8211; cyfrowy identyfikator stworzony dla jednoznacznego rozr\u00f3\u017cnienia autor\u00f3w i wsp\u00f3\u0142autor\u00f3w publikacji naukowych i akademickich.<\/p>\n\n\n\n<p>Przydatne narz\u0119dzia tworzone przez Dorot\u0119 Bazan i dost\u0119pne w Internecie:<\/p>\n\n\n\n<ul class=\"wp-block-list\">\n<li><a rel=\"noreferrer noopener\" href=\"https:\/\/wykazy.net.pl\/index.php\" data-type=\"URL\" data-id=\"https:\/\/wykazy.net.pl\/index.php\" target=\"_blank\">Wykazy czasopism naukowych i wydawnictw MNiSW i MEiN<\/a> &#8211; dane pochodz\u0105 z wykaz\u00f3w MNiSW z 17 i 18 grudnia 2019 r. i 29 wrze\u015bnia 2020 r. oraz wykaz\u00f3w MEiN z 18 lutego, 22 lipca, 1 grudnia i 21 grudnia 2021 r. oraz 17 lipca 2023 r.<\/li>\n\n\n\n<li><a href=\"https:\/\/wykazy.net.pl\/dokumenty\/\" data-type=\"URL\" data-id=\"https:\/\/wykazy.net.pl\/dokumenty\/\" target=\"_blank\" rel=\"noreferrer noopener\">Wykazy materia\u0142\u00f3w przydatnych do pracy zwi\u0105zanej z ewaluacj\u0105 dzia\u0142alno\u015bci naukowej<\/a><\/li>\n<\/ul>\n\n\n\n<p>Pomoce i instrukcje do korzystania z wszystkich narz\u0119dzi mo\u017cna znale\u017a\u0107 na stronach Biblioteki w zak\u0142adce: <a href=\"\/index.php\/materialy-szkoleniowe\/\">Materia\u0142y szkoleniowe<\/a>.<\/p>\n","protected":false},"excerpt":{"rendered":"<p>Indeks Hirscha (poka\u017c definicj\u0119) &#8211; wsp\u00f3\u0142czynnik mie\u00adrze\u00adnia osi\u0105\u00adgni\u0119\u0107 nauko\u00adwych z&nbsp;uwzgl\u0119d\u00adnie\u00adniem liczby publi\u00adka\u00adcji i&nbsp;liczby cyto\u00adwa\u0144, niezb\u0119dny w post\u0119powaniu habilitacyjnym oraz post\u0119powaniu profesorskim. Platforma Web of Science (WoS) to platforma oraz pakiet baz bibliograficzno-bibliometrycznych, kt\u00f3re zawieraj\u0105 dane bibliograficzne, abstrakty i informacje o cytowaniach publikacji. Umo\u017cliwiaj\u0105 przeszukiwanie rekord\u00f3w bibliograficznych z najwa\u017cniejszych czasopism, streszcze\u0144 konferencji i ksi\u0105\u017cek z dziedziny [&hellip;]<\/p>\n","protected":false},"author":3,"featured_media":0,"parent":0,"menu_order":0,"comment_status":"closed","ping_status":"closed","template":"","meta":{"footnotes":""},"class_list":["post-155","page","type-page","status-publish","hentry"],"_links":{"self":[{"href":"https:\/\/lib.tu.kielce.pl\/index.php\/wp-json\/wp\/v2\/pages\/155","targetHints":{"allow":["GET"]}}],"collection":[{"href":"https:\/\/lib.tu.kielce.pl\/index.php\/wp-json\/wp\/v2\/pages"}],"about":[{"href":"https:\/\/lib.tu.kielce.pl\/index.php\/wp-json\/wp\/v2\/types\/page"}],"author":[{"embeddable":true,"href":"https:\/\/lib.tu.kielce.pl\/index.php\/wp-json\/wp\/v2\/users\/3"}],"replies":[{"embeddable":true,"href":"https:\/\/lib.tu.kielce.pl\/index.php\/wp-json\/wp\/v2\/comments?post=155"}],"version-history":[{"count":0,"href":"https:\/\/lib.tu.kielce.pl\/index.php\/wp-json\/wp\/v2\/pages\/155\/revisions"}],"wp:attachment":[{"href":"https:\/\/lib.tu.kielce.pl\/index.php\/wp-json\/wp\/v2\/media?parent=155"}],"curies":[{"name":"wp","href":"https:\/\/api.w.org\/{rel}","templated":true}]}}