{"id":149,"date":"2021-09-15T14:54:26","date_gmt":"2021-09-15T12:54:26","guid":{"rendered":"http:\/\/81.26.5.78\/BG\/?page_id=149"},"modified":"2022-02-02T11:00:21","modified_gmt":"2022-02-02T10:00:21","slug":"cennik-oplat-i-uslug","status":"publish","type":"page","link":"https:\/\/lib.tu.kielce.pl\/index.php\/cennik-oplat-i-uslug\/","title":{"rendered":"Cennik op\u0142at i us\u0142ug"},"content":{"rendered":"\n<p>Op\u0142ata za przetrzymanie jednej ksi\u0105\u017cki &#8211; <strong>0,20 z\u0142 \/ dzie\u0144<\/strong><\/p>\n\n\n\n<p>Op\u0142ata za zgubienie\/zniszczenie ksi\u0105\u017cki &#8211; trzykrotno\u015b\u0107 kosztu zakupu nowego egzemplarza.<\/p>\n\n\n\n<p>Odp\u0142atno\u015b\u0107 nale\u017cy uiszcza\u0107 w WYPO\u017bYCZALNI.<\/p>\n\n\n\n<div style=\"height:30px\" aria-hidden=\"true\" class=\"wp-block-spacer\"><\/div>\n\n\n\n<h1 class=\"wp-block-heading\">Kserokopie i wydruki<\/h1>\n\n\n\n<p>Kserokopia formatu A4 &#8211; <strong>0,20 z\u0142 jedna strona<br><\/strong>Kserokopia formatu A0 &#8211; <strong>5,00 z\u0142 za ka\u017cde rozpocz\u0119te 60 cm kopii<\/strong> do wyboru jest:<\/p>\n\n\n\n<ul class=\"wp-block-list\"><li>papier (Rola 1) lub<\/li><li>kalka (Rola 2)<\/li><\/ul>\n\n\n\n<p><strong>Wydruk komputerowy.<\/strong><\/p>\n\n\n\n<p>Monochromatyczny &#8211; <strong>0,40 z\u0142 <\/strong>(s\u0142ownie: czterdzie\u015bci groszy)<\/p>\n\n\n\n<p>Kolorowy &#8211; <strong>0,80 z\u0142 <\/strong>(s\u0142ownie: osiemdziesi\u0105t groszy)<\/p>\n\n\n\n<p><strong>UWAGA !<\/strong><br>Odp\u0142atno\u015b\u0107 za kserokopie i wydruki komputerowe pobierana jest bezpo\u015brednio z Karty Czytelnika.<\/p>\n","protected":false},"excerpt":{"rendered":"<p>Op\u0142ata za przetrzymanie jednej ksi\u0105\u017cki &#8211; 0,20 z\u0142 \/ dzie\u0144 Op\u0142ata za zgubienie\/zniszczenie ksi\u0105\u017cki &#8211; trzykrotno\u015b\u0107 kosztu zakupu nowego egzemplarza. Odp\u0142atno\u015b\u0107 nale\u017cy uiszcza\u0107 w WYPO\u017bYCZALNI. Kserokopie i wydruki Kserokopia formatu A4 &#8211; 0,20 z\u0142 jedna stronaKserokopia formatu A0 &#8211; 5,00 z\u0142 za ka\u017cde rozpocz\u0119te 60 cm kopii do wyboru jest: papier (Rola 1) lub kalka [&hellip;]<\/p>\n","protected":false},"author":3,"featured_media":0,"parent":0,"menu_order":0,"comment_status":"closed","ping_status":"closed","template":"","meta":{"footnotes":""},"class_list":["post-149","page","type-page","status-publish","hentry"],"_links":{"self":[{"href":"https:\/\/lib.tu.kielce.pl\/index.php\/wp-json\/wp\/v2\/pages\/149","targetHints":{"allow":["GET"]}}],"collection":[{"href":"https:\/\/lib.tu.kielce.pl\/index.php\/wp-json\/wp\/v2\/pages"}],"about":[{"href":"https:\/\/lib.tu.kielce.pl\/index.php\/wp-json\/wp\/v2\/types\/page"}],"author":[{"embeddable":true,"href":"https:\/\/lib.tu.kielce.pl\/index.php\/wp-json\/wp\/v2\/users\/3"}],"replies":[{"embeddable":true,"href":"https:\/\/lib.tu.kielce.pl\/index.php\/wp-json\/wp\/v2\/comments?post=149"}],"version-history":[{"count":0,"href":"https:\/\/lib.tu.kielce.pl\/index.php\/wp-json\/wp\/v2\/pages\/149\/revisions"}],"wp:attachment":[{"href":"https:\/\/lib.tu.kielce.pl\/index.php\/wp-json\/wp\/v2\/media?parent=149"}],"curies":[{"name":"wp","href":"https:\/\/api.w.org\/{rel}","templated":true}]}}