{"id":138,"date":"2021-09-15T14:26:26","date_gmt":"2021-09-15T12:26:26","guid":{"rendered":"http:\/\/81.26.5.78\/BG\/?page_id=138"},"modified":"2023-03-17T10:24:41","modified_gmt":"2023-03-17T09:24:41","slug":"faq-najczesciej-zadawane-pytania-frequently-asked-questions","status":"publish","type":"page","link":"https:\/\/lib.tu.kielce.pl\/index.php\/faq-najczesciej-zadawane-pytania-frequently-asked-questions\/","title":{"rendered":"FAQ &#8211; Najcz\u0119\u015bciej Zadawane Pytania (Frequently Asked Questions)"},"content":{"rendered":"\n<ul class=\"wp-block-list\">\n<li><a href=\"#zapisy\"><strong>ZAPISY<\/strong><\/a><\/li>\n\n\n\n<li><a href=\"#wypoz\"><strong>WYPO\u017bYCZANIE<\/strong><\/a><\/li>\n\n\n\n<li><a href=\"#miejsce\"><strong>KORZYSTANIE NA MIEJSCU<\/strong><\/a><\/li>\n\n\n\n<li><a href=\"#uslugi\"><strong>US\u0141UGI<\/strong><\/a><\/li>\n<\/ul>\n\n\n\n<p>Je\u017celi nie znajdziesz odpowiedzi na swoje pytanie, mo\u017cesz zada\u0107 je bibliotekarzowi za pomoc\u0105 <a href=\"http:\/\/lib.tu.kielce.pl\/services\/questionsPublic\/index.php\" target=\"_blank\" rel=\"noreferrer noopener\">elektronicznego formularza<\/a>.<\/p>\n\n\n\n<hr class=\"wp-block-separator has-css-opacity\"\/>\n\n\n\n<h4 class=\"wp-block-heading\" id=\"zapisy\">ZAPISY<\/h4>\n\n\n\n<a name=\"zapisy\"><\/a>\n\n\n\n<p><strong>Gdzie mo\u017cna si\u0119 zapisa\u0107 do Biblioteki?<\/strong><br>W Punkcie Zapisu znajduj\u0105cym si\u0119 na I pi\u0119trze Biblioteki G\u0142\u00f3wnej w \u0142\u0105czniku z budynkiem D.<\/p>\n\n\n\n<p><strong>Kto mo\u017ce si\u0119 zapisa\u0107 do Biblioteki G\u0142\u00f3wnej P\u015ak?<\/strong><\/p>\n\n\n\n<ul class=\"wp-block-list\">\n<li>Studenci stacjonarni\/niestacjonarni P\u015ak : wa\u017cna legitymacja studencka<\/li>\n\n\n\n<li>Pracownicy P\u015ak : dow\u00f3d osobisty<\/li>\n\n\n\n<li>Studenci innych uczelni : wa\u017cna legitymacja studencka<\/li>\n\n\n\n<li>Pracownicy innych uczelni : dow\u00f3d osobisty<\/li>\n\n\n\n<li>Doktoranci P\u015ak : wa\u017cna legitymacja doktorancka<\/li>\n\n\n\n<li>Inne osoby pe\u0142noletnie : dow\u00f3d osobisty<\/li>\n\n\n\n<li>Uczniowie szk\u00f3\u0142 \u015brednich : wa\u017cna legitymacja szkolna<\/li>\n<\/ul>\n\n\n\n<p><strong>Ile kosztuje wyrobienie karty bibliotecznej?<\/strong><\/p>\n\n\n\n<p>Karta biblioteczna jest bezp\u0142atna.<\/p>\n\n\n\n<p><strong>Czy karta biblioteczna Biblioteki P\u015ak upowa\u017cnia do korzystania z innych bibliotek?<\/strong><br>Nie. Karta upowa\u017cnia w\u0142a\u015bciciela do korzystania tylko i wy\u0142\u0105cznie ze zbior\u00f3w Biblioteki P\u015ak.<\/p>\n\n\n\n<p><strong>Zgubi\u0142em kart\u0119 biblioteczn\u0105, co powinienem zrobi\u0107?<\/strong><br>Zagubienie karty bibliotecznej nale\u017cy niezw\u0142ocznie zg\u0142osi\u0107 w Punkcie Zapisu, w celu zablokowania konta wypo\u017cycze\u0144.<\/p>\n\n\n\n<div style=\"height:20px\" aria-hidden=\"true\" class=\"wp-block-spacer\"><\/div>\n\n\n\n<h4 class=\"wp-block-heading\" id=\"wypozyczanie\">WYPO\u017bYCZANIE<\/h4>\n\n\n\n<a name=\"wypoz\"><\/a>\n\n\n\n<p><strong>Jak korzysta\u0107 z katalogu elektronicznego? Jestem pierwszy raz w Bibliotece.<\/strong><br>Zasady korzystania z Katalogu elektronicznego przedstawiono w zak\u0142adce <a href=\"\/index.php\/materialy-szkoleniowe\/\">Nasze Us\u0142ugi &#8211; Materia\u0142y szkoleniowe<\/a>.<\/p>\n\n\n\n<p><strong>Jak sprawdzi\u0107 czy interesuj\u0105ce mnie ksi\u0105\u017cki\/czasopisma s\u0105 w Bibliotece P\u015ak?<\/strong><br>Informacje na ten temat mo\u017cna znale\u017a\u0107 w <a href=\"http:\/\/katalog.tu.kielce.pl\/\" target=\"_blank\" rel=\"noreferrer noopener\">katalogu komputerowym BG P\u015ak<\/a>. Katalog mo\u017cna przeszukiwa\u0107 na 3 sposoby:<\/p>\n\n\n\n<ul class=\"wp-block-list\">\n<li>Przegl\u0105danie &#8211; umo\u017cliwia szybkie wyszukiwanie w obr\u0119bie: wszystkich tytu\u0142\u00f3w, autor\u00f3w\/redaktor\u00f3w, wydawc\u00f3w, serii, tematu<\/li>\n\n\n\n<li>Wyszukiwanie proste &#8211; umo\u017cliwia sformu\u0142owanie og\u00f3lnego wyra\u017cenia wyszukiwawczego<\/li>\n\n\n\n<li>Wyszukiwanie zaawansowane &#8211; dzi\u0119ki rozbudowanym formularzom umo\u017cliwia sformu\u0142owanie bardzo szczeg\u00f3\u0142owego wyra\u017cenia wyszukiwawczego<\/li>\n<\/ul>\n\n\n\n<p><strong>Jaki jest login i has\u0142o do konta bibliotecznego?<\/strong><br>Login do konta bibliotecznego to numer karty bibliotecznej, a pocz\u0105tkowym has\u0142em jest nazwisko czytelnika. Loguj\u0105c si\u0119 pierwszy raz mo\u017cna zmieni\u0107 has\u0142o na w\u0142asne. Has\u0142o powinno by\u0107 wpisane DU\u017bYMI LITERAMI, bez polskich znak\u00f3w i bez znak\u00f3w specjalnych.<\/p>\n\n\n\n<p><strong>Ile mog\u0119 wypo\u017cyczy\u0107 ksi\u0105\u017cek i na jaki okres czasu?<\/strong><br>Ilo\u015b\u0107 wypo\u017cyczanych ksi\u0105\u017cek i okres, na jaki mo\u017cna je wypo\u017cyczy\u0107, s\u0105 zale\u017cne od typu karty Czytelnika:<\/p>\n\n\n\n<ul class=\"wp-block-list\">\n<li><a href=\"\/index.php\/zasady-wypozyczen\/\">Zasady wypo\u017cycze\u0144<\/a><\/li>\n<\/ul>\n\n\n\n<p><strong>Jak sprawdzi\u0107 stan swojego konta bibliotecznego?<\/strong><br>Nale\u017cy zalogowa\u0107 si\u0119 do katalogu podaj\u0105c numer karty bibliotecznej oraz has\u0142o podane podczas zapisu do Biblioteki, a nast\u0119pnie wybra\u0107 zak\u0142adk\u0119 <a href=\"http:\/\/katalog.tu.kielce.pl\/EOSWeb\/OPAC\/MyAccount\/MyProfile.asp\" target=\"_blank\" rel=\"noreferrer noopener\">Moje Konto<\/a>.<\/p>\n\n\n\n<p><strong>Jak przed\u0142u\u017cy\u0107 termin wypo\u017cyczenia ksi\u0105\u017cki?<\/strong><br>Osobi\u015bcie, telefonicznie lub samodzielnie loguj\u0105c si\u0119 na swoje konto biblioteczne. Prolongaty nale\u017cy dokona\u0107 zanim up\u0142ynie termin zwrotu ksi\u0105\u017cek.<\/p>\n\n\n\n<p><strong>Co si\u0119 stanie, je\u015bli nie oddam ksi\u0105\u017cki w terminie?<\/strong><br>Zostanie naliczona nale\u017cno\u015b\u0107 za ich przetrzymanie. Op\u0142ata za ka\u017cdy dzie\u0144 przetrzymania jednej ksi\u0105\u017cki wynosi 0,20 z\u0142.<\/p>\n\n\n\n<p><strong>Co oznacza w Bibliotece \u201ewolny dost\u0119p\u201d?<\/strong><br>Tak nazywa si\u0119 swobodny dost\u0119p ka\u017cdego czytelnika do ksi\u0105\u017cek i czasopism na terenie Biblioteki bez wychodzenia poza bramki zabezpieczaj\u0105ce. Wykorzystane na miejscu ksi\u0105\u017cki i czasopisma nale\u017cy pozostawi\u0107 w wyznaczonych do tego miejscach.<br>Pomieszczenia z wolnym dost\u0119pem s\u0105 r\u00f3wnie\u017c wygodnym miejscem do nauki i pracy nad materia\u0142ami w\u0142asnymi.<\/p>\n\n\n\n<p><strong>Czy mog\u0119 samodzielnie wypo\u017cyczy\u0107 lub zwr\u00f3ci\u0107 ksi\u0105\u017ck\u0119?<\/strong><br>Tak, przez urz\u0105dzenie <a href=\"\/index.php\/samoobsluga-selfcheck\/\">SelfCheck<\/a>.<\/p>\n\n\n\n<p><strong>Czy mog\u0119 udost\u0119pni\u0107 kart\u0119 biblioteczn\u0105 innej osobie, aby wypo\u017cyczy\u0142a dla mnie ksi\u0105\u017cki?<\/strong><br>Nie. Karty bibliotecznej nie wolno udost\u0119pnia\u0107 innym osobom.<\/p>\n\n\n\n<p><strong>Czy mog\u0119 wypo\u017cyczy\u0107 wi\u0119cej ksi\u0105\u017cek?<\/strong><br>U\u017cytkownik mo\u017ce wyst\u0105pi\u0107 o zwi\u0119kszenie limitu wypo\u017cycze\u0144 wype\u0142niaj\u0105c formularz dost\u0119pny u dy\u017curuj\u0105cego w wypo\u017cyczalni bibliotekarza (zob. <a href=\"\/dok\/informacje\/zalacznik_n_ 2.pdf\" target=\"_blank\" rel=\"noreferrer noopener\">za\u0142. nr 2. Wniosek o zwi\u0119kszenie limitu wypo\u017cycze\u0144<\/a>).<\/p>\n\n\n\n<p><strong>Czy kto\u015b mo\u017ce odda\u0107 za mnie ksi\u0105\u017cki?<\/strong><br>Tak.<\/p>\n\n\n\n<p><strong>Co zrobi\u0107, je\u015bli zapominam o terminach zwrotu ksi\u0105\u017cek?<\/strong><br>Ka\u017cdy czytelnik ma mo\u017cliwo\u015b\u0107 umieszczenia w systemie bibliotecznym swojego adresu e-mail za pomoc\u0105 <a href=\"http:\/\/lib.tu.kielce.pl\/zamowienia\/login2\" target=\"_blank\" rel=\"noreferrer noopener\">elektronicznego formularza<\/a>. Aktualizacja adresu poczty elektronicznej powoduje wysy\u0142anie przez system automatycznych powiadomie\u0144 o zbli\u017caj\u0105cym si\u0119 terminie zwrotu ksi\u0105\u017cek.<\/p>\n\n\n\n<p><strong>Je\u017celi nie otrzymam e-maila i oddam ksi\u0105\u017cki po terminie, czy b\u0119d\u0119 musia\u0142 ui\u015bci\u0107 op\u0142at\u0119 za przetrzymane ksi\u0105\u017cki?<\/strong><br>Tak. Brak powiadomienia e-mail nie jest argumentem zwalniaj\u0105cym z op\u0142at za nieterminowy zwrot ksi\u0105\u017cek. Stan konta mo\u017cna sprawdzi\u0107 przez Internet i w razie potrzeby przed\u0142u\u017cy\u0107 termin zwrotu.<\/p>\n\n\n\n<p><strong>Czy mog\u0119 mie\u0107 wp\u0142yw na zakup nowych tytu\u0142\u00f3w do Biblioteki?<\/strong><br>Tak. Mo\u017cna to zrobi\u0107 na stronie Biblioteki w zak\u0142adce <a href=\"\/index.php\/propozycje-uzupelnienia-zbiorow-biblioteki\/\">Nasze us\u0142ugi &#8211; Propozycje uzupe\u0142nienia zbior\u00f3w<\/a>.<\/p>\n\n\n\n<p><strong>Co zrobi\u0107 w przypadku zagubienia ksi\u0105\u017cki?<\/strong><br>Nale\u017cy odkupi\u0107 identyczny tytu\u0142, jaki si\u0119 zagubi\u0142o (rok wydania taki sam lub nowszy), a w przypadku braku takiej mo\u017cliwo\u015bci trzeba odkupi\u0107 inn\u0105 ksi\u0105\u017ck\u0105 wskazan\u0105 przez bibliotekarza.<\/p>\n\n\n\n<p><strong>Czy po zako\u0144czeniu studi\u00f3w musz\u0119 rozliczy\u0107 si\u0119 z Bibliotek\u0105?<\/strong><br>Tak. Ka\u017cdy student po zako\u0144czeniu\/przerwaniu studi\u00f3w ma obowi\u0105zek rozliczy\u0107 si\u0119 z Bibliotek\u0105 (podbi\u0107 kart\u0119 obiegow\u0105).<\/p>\n\n\n\n<p><strong>Gdzie mog\u0119 podbi\u0107 obieg\u00f3wk\u0119?<\/strong><br>Kart\u0119 obiegow\u0105 (papierow\u0105) mo\u017cna podbi\u0107 w Wypo\u017cyczalni w <a href=\"\/index.php\/godziny-otwarcia\/\">godzinach otwarcia Biblioteki<\/a>. Czytelnik nie posiadaj\u0105cy karty bibliotecznej mo\u017ce zawiadomi\u0107 bibliotekarza przez naci\u015bni\u0119cie dzwonka umieszczonego przy wej\u015bciu do Wypo\u017cyczalni. <br>Elektroniczne karty obiegowe s\u0105 zatwierdzane przez bibliotekarza w systemie USOS (dla czytelnik\u00f3w nie maj\u0105cych \u017cadnych zaleg\u0142o\u015bci wobec Biblioteki).<\/p>\n\n\n\n<p><strong>Czy istnieje mo\u017cliwo\u015b\u0107 sprowadzenia materia\u0142\u00f3w, kt\u00f3rych nie ma w bibliotece?<\/strong><br>Tak. Nale\u017cy si\u0119 zg\u0142osi\u0107 do <a href=\"\/index.php\/wypozyczalnia-miedzybiblioteczna\/\">Wypo\u017cyczalni Mi\u0119dzybibliotecznej<\/a> pok\u00f3j nr 130.<\/p>\n\n\n\n<div style=\"height:20px\" aria-hidden=\"true\" class=\"wp-block-spacer\"><\/div>\n\n\n\n<h4 class=\"wp-block-heading\" id=\"korzystanie-na-miejscu\">KORZYSTANIE NA MIEJSCU<\/h4>\n\n\n\n<a name=\"miejsce\"> <\/a>\n\n\n\n<p><strong>Gdzie i w jaki spos\u00f3b udost\u0119pniane s\u0105 normy?<\/strong><br>Normy udost\u0119pniane s\u0105 w <a href=\"\/index.php\/punkt-informacji-normalizacyjnej\/\">Punkcie Informacji Normalizacyjnej<\/a> (OIN &#8211; I pi\u0119tro Biblioteki) tylko na miejscu.<\/p>\n\n\n\n<p><strong>Czy normy mo\u017cna kserowa\u0107?<\/strong><br>Informacje o mo\u017cliwo\u015bci kopiowania Polskich Norm znajduj\u0105 si\u0119 na stronie <a href=\"https:\/\/www.pkn.pl\/na-skroty\/faq\/czy-mozna-kopiowac-polskie-normy-i-polskie-dokumenty-normalizacyjne\" target=\"_blank\" rel=\"noreferrer noopener\">Polskiego Komitetu Normalizacyjnego<\/a>.<\/p>\n\n\n\n<p><strong>Gdzie mo\u017cna korzysta\u0107 z czasopism?<\/strong><br>Z czasopism mo\u017cna korzysta\u0107 w <a href=\"\/index.php\/czasopisma\/\">Oddziale Wydawnictw Ci\u0105g\u0142ych<\/a> (OWC &#8211; II pi\u0119tro Biblioteki).<\/p>\n\n\n\n<p><strong>Czy mog\u0119 wypo\u017cyczy\u0107 czasopisma?<\/strong><br>Nie. Czasopisma udost\u0119pniane s\u0105 wy\u0142\u0105cznie na miejscu.<\/p>\n\n\n\n<div style=\"height:20px\" aria-hidden=\"true\" class=\"wp-block-spacer\"><\/div>\n\n\n\n<h4 class=\"wp-block-heading\" id=\"uslugi\">US\u0141UGI<\/h4>\n\n\n\n<a name=\"uslugi\"> <\/a>\n\n\n\n<p><strong>Czy mo\u017cna kserowa\u0107 ksi\u0105\u017cki, czasopisma w bibliotece?<\/strong><br>Tak. Mo\u017cna kserowa\u0107 fragmenty czasopism i ksi\u0105\u017cek, w granicach przewidzianych przepisami prawa autorskiego. Samoobs\u0142ugowe kopiarki znajduj\u0105 si\u0119 na terenie Biblioteki, odp\u0142atno\u015b\u0107 jednej strony formatu A4 wynosi 0,20 z\u0142.<\/p>\n\n\n\n<p><strong>Czy mo\u017cna uzyska\u0107 dost\u0119p z domu do elektronicznych zasob\u00f3w Biblioteki?<\/strong><br>Tak. Tylko do licencjonowanych zasob\u00f3w pe\u0142notekstowych udost\u0119pnianych w sieci Politechniki \u015awi\u0119tokrzyskiej przez Bibliotek\u0119 G\u0142\u00f3wn\u0105. Konfiguracj\u0119 ustawie\u0144 przegl\u0105darki nale\u017cy wykona\u0107 zgodnie z instrukcj\u0105 zamieszczon\u0105 na stronie: <a href=\"http:\/\/lib2.tu.kielce.pl\/proxy.html\" target=\"_blank\" rel=\"noreferrer noopener\">http:\/\/lib.tu.kielce.pl\/proxy.html<\/a><br>Zobacz tak\u017ce: <a href=\"\/index.php\/dostep-do-zasobow-online-z-komputerow-domowych\/\">Dost\u0119p do zasob\u00f3w online z komputer\u00f3w domowych<\/a><\/p>\n\n\n\n<p><strong>Czy mog\u0119 pod\u0142\u0105czy\u0107 sw\u00f3j laptop do Internetu w Bibliotece?<\/strong><br>Mo\u017cesz korzysta\u0107 z w\u0142asnego laptopa na terenie Biblioteki. Pod\u0142\u0105czenie do Internetu mo\u017cliwe jest za pomoc\u0105 sieci bezprzewodowej WiFi. W celu po\u0142\u0105czenia si\u0119 z sieci\u0105 WiFi nale\u017cy poda\u0107 numer karty i has\u0142o (podobnie jak podczas logowania na stacjonarnych komputerach w Bibliotece).<\/p>\n\n\n\n<p><strong>Czy istnieje mo\u017cliwo\u015b\u0107 wydrukowania w\u0142asnych materia\u0142\u00f3w?<\/strong><br>Tak. Odp\u0142atno\u015b\u0107 za jedn\u0105 stron\u0119 formatu A4 wynosi 0,40 z\u0142 (wydruk czarno-bia\u0142y) i 0,80 z\u0142 (wydruk kolorowy).<\/p>\n\n\n\n<p><strong>Gdzie mo\u017cna zeskanowa\u0107 potrzebne materia\u0142y?<\/strong><br>Samoobs\u0142ugowy skaner znajduje si\u0119 w Bibliotece na I pi\u0119trze, a odp\u0142atno\u015b\u0107 za skan jednej strony formatu A4 wynosi 0,10 z\u0142.<\/p>\n","protected":false},"excerpt":{"rendered":"<p>Je\u017celi nie znajdziesz odpowiedzi na swoje pytanie, mo\u017cesz zada\u0107 je bibliotekarzowi za pomoc\u0105 elektronicznego formularza. ZAPISY Gdzie mo\u017cna si\u0119 zapisa\u0107 do Biblioteki?W Punkcie Zapisu znajduj\u0105cym si\u0119 na I pi\u0119trze Biblioteki G\u0142\u00f3wnej w \u0142\u0105czniku z budynkiem D. Kto mo\u017ce si\u0119 zapisa\u0107 do Biblioteki G\u0142\u00f3wnej P\u015ak? Ile kosztuje wyrobienie karty bibliotecznej? Karta biblioteczna jest bezp\u0142atna. Czy karta [&hellip;]<\/p>\n","protected":false},"author":3,"featured_media":0,"parent":0,"menu_order":0,"comment_status":"closed","ping_status":"closed","template":"","meta":{"footnotes":""},"class_list":["post-138","page","type-page","status-publish","hentry"],"_links":{"self":[{"href":"https:\/\/lib.tu.kielce.pl\/index.php\/wp-json\/wp\/v2\/pages\/138","targetHints":{"allow":["GET"]}}],"collection":[{"href":"https:\/\/lib.tu.kielce.pl\/index.php\/wp-json\/wp\/v2\/pages"}],"about":[{"href":"https:\/\/lib.tu.kielce.pl\/index.php\/wp-json\/wp\/v2\/types\/page"}],"author":[{"embeddable":true,"href":"https:\/\/lib.tu.kielce.pl\/index.php\/wp-json\/wp\/v2\/users\/3"}],"replies":[{"embeddable":true,"href":"https:\/\/lib.tu.kielce.pl\/index.php\/wp-json\/wp\/v2\/comments?post=138"}],"version-history":[{"count":0,"href":"https:\/\/lib.tu.kielce.pl\/index.php\/wp-json\/wp\/v2\/pages\/138\/revisions"}],"wp:attachment":[{"href":"https:\/\/lib.tu.kielce.pl\/index.php\/wp-json\/wp\/v2\/media?parent=138"}],"curies":[{"name":"wp","href":"https:\/\/api.w.org\/{rel}","templated":true}]}}