{"id":125,"date":"2021-09-15T11:15:51","date_gmt":"2021-09-15T09:15:51","guid":{"rendered":"http:\/\/81.26.5.78\/BG\/?page_id=125"},"modified":"2022-02-16T15:13:40","modified_gmt":"2022-02-16T14:13:40","slug":"wypozyczalnia-miedzybiblioteczna","status":"publish","type":"page","link":"https:\/\/lib.tu.kielce.pl\/index.php\/wypozyczalnia-miedzybiblioteczna\/","title":{"rendered":"Wypo\u017cyczalnia Mi\u0119dzybiblioteczna"},"content":{"rendered":"\n<hr class=\"wp-block-separator\"\/>\n\n\n\n<p>Godziny otwarcia: Poniedzia\u0142ek \u2013 Pi\u0105tek 9:00 &#8211; 14:00<br>telefon: 41 3424459<br>e-mail: <a href=\"mailto:miedzybiblioteczna@tu.kielce.pl\">miedzybiblioteczna(at)tu.kielce.pl<\/a><\/p>\n\n\n\n<hr class=\"wp-block-separator\"\/>\n\n\n\n<p>Wypo\u017cyczalnia Mi\u0119dzybiblioteczna zajmuje si\u0119 sprowadzaniem materia\u0142\u00f3w bibliotecznych z bibliotek krajowych i zagranicznych.<\/p>\n\n\n\n<p>Z Wypo\u017cyczalni Mi\u0119dzybibliotecznej mog\u0105 korzysta\u0107:<\/p>\n\n\n\n<ol class=\"wp-block-list\"><li>Pracownicy, doktoranci i studenci Politechniki \u015awi\u0119tokrzyskiej \u2013 sprowadzanie materia\u0142\u00f3w z innych bibliotek.<\/li><li>Osoby (Biblioteki) i instytucje spoza Politechniki \u015awi\u0119tokrzyskiej \u2013 wypo\u017cyczanie i kopiowanie materia\u0142\u00f3w.<\/li><\/ol>\n\n\n\n<p>Przed z\u0142o\u017ceniem zam\u00f3wienia czytelnik powinien upewni\u0107 si\u0119, \u017ce dana pozycja nie znajduje si\u0119:<\/p>\n\n\n\n<ol class=\"wp-block-list\"><li>W zbiorze Biblioteki G\u0142\u00f3wnej Politechniki \u015awi\u0119tokrzyskiej: <a rel=\"noreferrer noopener\" href=\"http:\/\/katalog.tu.kielce.pl\/\" target=\"_blank\">katalog on-line<\/a><\/li><li>W innych bibliotekach znajduj\u0105cych si\u0119 na terenie miasta: <a href=\"\/index.php\/biblioteki-dzialajace-na-terenie-miasta-kielce\/\" target=\"_blank\" rel=\"noreferrer noopener\">lista bibliotek w Kielcach<\/a><\/li><\/ol>\n\n\n\n<p>Zam\u00f3wienie mo\u017cna sk\u0142ada\u0107:<\/p>\n\n\n\n<ol class=\"wp-block-list\"><li>Telefonicznie: 41 3424459<\/li><li>Poczt\u0105 elektroniczn\u0105 <a href=\"mailto:miedzybiblioteczna@tu.kielce.pl\">miedzybiblioteczna(at)tu.kielce.pl<\/a><\/li><li>Poprzez formularz<ul><li><a href=\"http:\/\/lib.tu.kielce.pl\/miedzybiblio\/zam_ksiazka_form.php\" target=\"_blank\" rel=\"noreferrer noopener\">formularz zam\u00f3wienia na ksi\u0105\u017ck\u0119<\/a><\/li><li><a href=\"http:\/\/lib.tu.kielce.pl\/miedzybiblio\/zam_czasopismo_form.php\" target=\"_blank\" rel=\"noreferrer noopener\">formularz zam\u00f3wienia artyku\u0142u z czasopisma<\/a><\/li><\/ul><\/li><\/ol>\n\n\n\n<p>Przed z\u0142o\u017ceniem zam\u00f3wienia przeczytaj:<\/p>\n\n\n\n<p><a href=\"\/dok\/informacje\/regulamin_miedzybibliotecznej.pdf\" data-type=\"page\" target=\"_blank\" rel=\"noreferrer noopener\">Regulamin Wypo\u017cyczalni Mi\u0119dzybibliotecznej<\/a><\/p>\n","protected":false},"excerpt":{"rendered":"<p>Godziny otwarcia: Poniedzia\u0142ek \u2013 Pi\u0105tek 9:00 &#8211; 14:00telefon: 41 3424459e-mail: miedzybiblioteczna(at)tu.kielce.pl Wypo\u017cyczalnia Mi\u0119dzybiblioteczna zajmuje si\u0119 sprowadzaniem materia\u0142\u00f3w bibliotecznych z bibliotek krajowych i zagranicznych. Z Wypo\u017cyczalni Mi\u0119dzybibliotecznej mog\u0105 korzysta\u0107: Pracownicy, doktoranci i studenci Politechniki \u015awi\u0119tokrzyskiej \u2013 sprowadzanie materia\u0142\u00f3w z innych bibliotek. Osoby (Biblioteki) i instytucje spoza Politechniki \u015awi\u0119tokrzyskiej \u2013 wypo\u017cyczanie i kopiowanie materia\u0142\u00f3w. Przed z\u0142o\u017ceniem zam\u00f3wienia [&hellip;]<\/p>\n","protected":false},"author":3,"featured_media":0,"parent":0,"menu_order":0,"comment_status":"closed","ping_status":"closed","template":"","meta":{"footnotes":""},"class_list":["post-125","page","type-page","status-publish","hentry"],"_links":{"self":[{"href":"https:\/\/lib.tu.kielce.pl\/index.php\/wp-json\/wp\/v2\/pages\/125","targetHints":{"allow":["GET"]}}],"collection":[{"href":"https:\/\/lib.tu.kielce.pl\/index.php\/wp-json\/wp\/v2\/pages"}],"about":[{"href":"https:\/\/lib.tu.kielce.pl\/index.php\/wp-json\/wp\/v2\/types\/page"}],"author":[{"embeddable":true,"href":"https:\/\/lib.tu.kielce.pl\/index.php\/wp-json\/wp\/v2\/users\/3"}],"replies":[{"embeddable":true,"href":"https:\/\/lib.tu.kielce.pl\/index.php\/wp-json\/wp\/v2\/comments?post=125"}],"version-history":[{"count":0,"href":"https:\/\/lib.tu.kielce.pl\/index.php\/wp-json\/wp\/v2\/pages\/125\/revisions"}],"wp:attachment":[{"href":"https:\/\/lib.tu.kielce.pl\/index.php\/wp-json\/wp\/v2\/media?parent=125"}],"curies":[{"name":"wp","href":"https:\/\/api.w.org\/{rel}","templated":true}]}}