{"id":121,"date":"2021-09-15T11:11:31","date_gmt":"2021-09-15T09:11:31","guid":{"rendered":"http:\/\/81.26.5.78\/BG\/?page_id=121"},"modified":"2022-02-10T10:30:27","modified_gmt":"2022-02-10T09:30:27","slug":"samoobsluga-selfcheck","status":"publish","type":"page","link":"https:\/\/lib.tu.kielce.pl\/index.php\/samoobsluga-selfcheck\/","title":{"rendered":"Samoobs\u0142uga (SelfCheck)"},"content":{"rendered":"\n<h3 class=\"wp-block-heading\" id=\"3m-selfcheck\">3M SelfCheck<\/h3>\n\n\n\n<p><strong>3M SelfCheck<\/strong> \u2013 to maszyna umo\u017cliwiaj\u0105ca samodzielne wypo\u017cyczenie i zwr\u00f3cenie ksi\u0105\u017cek. W Bibliotece G\u0142\u00f3wnej P\u015ak pracuj\u0105 dwa takie urz\u0105dzenia, przyspieszaj\u0105ce obs\u0142ug\u0119 Czytelnik\u00f3w.<br>Na ekranie SelfChecka wy\u015bwietlaj\u0105 si\u0119 czytelne komunikaty w j\u0119zyku polskim.<\/p>\n\n\n\n<p><strong>UWAGA! SelfCheck nie wypo\u017cyczy\/zwr\u00f3ci ksi\u0105\u017cki, je\u015bli wyst\u0105pi sytuacja wymagaj\u0105ca wyja\u015bnienia w Wypo\u017cyczalni (np. nieterminowy zwrot ksi\u0105\u017cek).<\/strong><\/p>\n\n\n\n<div style=\"height:30px\" aria-hidden=\"true\" class=\"wp-block-spacer\"><\/div>\n\n\n\n<h3 class=\"wp-block-heading\" id=\"krotka-instrukcja-obslugi-selfchecka\">Kr\u00f3tka instrukcja obs\u0142ugi SelfChecka:<\/h3>\n\n\n\n<p>Maszyna umo\u017cliwia wypo\u017cyczenie lub zwrot ksi\u0105\u017cek. Aby dokona\u0107 wyboru trybu dalszej pracy nale\u017cy wcisn\u0105\u0107 przycisk 1 (dla wypo\u017cyczenia) lub 2 (dla zwrotu ksi\u0105\u017cek):<\/p>\n\n\n\n<div style=\"height:20px\" aria-hidden=\"true\" class=\"wp-block-spacer\"><\/div>\n\n\n\n<h4 class=\"wp-block-heading\" id=\"wypozyczanie-ksiazek\">Wypo\u017cyczanie ksi\u0105\u017cek<\/h4>\n\n\n\n<figure class=\"wp-block-image\"><img decoding=\"async\" src=\"\/img\/self-wy.jpg\" alt=\"Wypo\u017cyczanie ksi\u0105\u017cek\"\/><\/figure>\n\n\n\n<p>Po wci\u015bni\u0119ciu <strong>przycisku 1,<\/strong> SelfCheck sprawdzi, czy na jego pulpicie nie ma pozostawionych przez poprzedniego czytelnika ksi\u0105\u017cek lub innych materia\u0142\u00f3w. Nast\u0119pnie poprosi o podanie Karty Czytelnika.<\/p>\n\n\n\n<p>Kart\u0119 Czytelnika nale\u017cy po\u0142o\u017cy\u0107 kodem kreskowym do g\u00f3ry, aby umo\u017cliwi\u0107 jego przeczytanie przez skaner laserowy (\u015bwietlna czerwona linia). Po przeczytaniu Kodu Czytelnika, na ekranie zostan\u0105 wy\u015bwietlone dane Czytelnika. Zabieramy z pulpitu Kart\u0119 Czytelnika i wciskamy klawisz \u201e<strong>*<\/strong>\u201d (gwiazdka).<\/p>\n\n\n\n<p>Teraz umieszczamy na pulpicie kolejno ksi\u0105\u017cki do wypo\u017cyczenia, dosuwaj\u0105c ich grzbiet do ko\u0144ca pulpitu. Ka\u017cda ksi\u0105\u017cka ma wklejony kod kreskowy na stronie tytu\u0142owej, kt\u00f3r\u0105 nale\u017cy otworzy\u0107 tak, aby kod zosta\u0142 przeczytany przez skaner. Po prawid\u0142owym odczytaniu kodu, na ekranie pojawi si\u0119 informacja o tytule\/autorze wypo\u017cyczanej ksi\u0105\u017cki. Teraz mo\u017cna zdj\u0105\u0107 ksi\u0105\u017ck\u0119 z pulpitu SelfChecka i po\u0142o\u017cy\u0107 nast\u0119pn\u0105 do zarejestrowania lub zako\u0144czy\u0107 wypo\u017cyczanie.<\/p>\n\n\n\n<p>Aby zako\u0144czy\u0107 transakcj\u0119 wypo\u017cyczania nale\u017cy wcisn\u0105\u0107 klawisz \u201e<strong>#<\/strong>\u201d, po czym zostanie wydrukowany paragon, kt\u00f3ry zawiera wykaz wypo\u017cyczonych w\u0142a\u015bnie ksi\u0105\u017cek oraz terminy ich zwrotu.<\/p>\n\n\n\n<div style=\"height:20px\" aria-hidden=\"true\" class=\"wp-block-spacer\"><\/div>\n\n\n\n<h4 class=\"wp-block-heading\" id=\"zwrot-ksiazek\">Zwrot ksi\u0105\u017cek<\/h4>\n\n\n\n<figure class=\"wp-block-image\"><img decoding=\"async\" src=\"\/img\/self-zw.jpg\" alt=\"Zwrot ksi\u0105\u017cek\"\/><\/figure>\n\n\n\n<p>Po wci\u015bni\u0119ciu <strong>przycisku 2<\/strong>, SelfCheck sprawdzi, czy na jego pulpicie nie ma pozostawionych przez poprzedniego czytelnika ksi\u0105\u017cek lub innych materia\u0142\u00f3w. Nast\u0119pnie poprosi o podanie kolejno ksi\u0105\u017cek do zwrotu.<\/p>\n\n\n\n<p>Umieszczamy na pulpicie kolejno ksi\u0105\u017cki do zwrotu dosuwaj\u0105c ich grzbiet do ko\u0144ca pulpitu. Ka\u017cda ksi\u0105\u017cka ma wklejony kod kreskowy na stronie tytu\u0142owej, kt\u00f3r\u0105 nale\u017cy otworzy\u0107 tak, aby kod zosta\u0142 przeczytany przez skaner.<\/p>\n\n\n\n<p>Po prawid\u0142owym odczytaniu kodu, na ekranie pojawi si\u0119 informacja o tytule\/autorze zwr\u00f3conej ksi\u0105\u017cki. Teraz mo\u017cna zdj\u0105\u0107 ksi\u0105\u017ck\u0119 z pulpitu SelfChecka, od\u0142o\u017cy\u0107 j\u0105 na p\u00f3\u0142k\u0119 obok maszyny i po\u0142o\u017cy\u0107 nast\u0119pn\u0105 do zarejestrowania zwrotu lub zako\u0144czy\u0107 zwracanie.<\/p>\n\n\n\n<p>Aby zako\u0144czy\u0107 transakcj\u0119 zwracania nale\u017cy wcisn\u0105\u0107 klawisz \u201e<strong>#<\/strong>\u201d, po czym zostanie wydrukowany paragon, kt\u00f3ry zawiera wykaz zwr\u00f3conych w\u0142a\u015bnie ksi\u0105\u017cek.<\/p>\n","protected":false},"excerpt":{"rendered":"<p>3M SelfCheck 3M SelfCheck \u2013 to maszyna umo\u017cliwiaj\u0105ca samodzielne wypo\u017cyczenie i zwr\u00f3cenie ksi\u0105\u017cek. W Bibliotece G\u0142\u00f3wnej P\u015ak pracuj\u0105 dwa takie urz\u0105dzenia, przyspieszaj\u0105ce obs\u0142ug\u0119 Czytelnik\u00f3w.Na ekranie SelfChecka wy\u015bwietlaj\u0105 si\u0119 czytelne komunikaty w j\u0119zyku polskim. UWAGA! SelfCheck nie wypo\u017cyczy\/zwr\u00f3ci ksi\u0105\u017cki, je\u015bli wyst\u0105pi sytuacja wymagaj\u0105ca wyja\u015bnienia w Wypo\u017cyczalni (np. nieterminowy zwrot ksi\u0105\u017cek). Kr\u00f3tka instrukcja obs\u0142ugi SelfChecka: Maszyna umo\u017cliwia [&hellip;]<\/p>\n","protected":false},"author":2,"featured_media":0,"parent":0,"menu_order":0,"comment_status":"closed","ping_status":"closed","template":"","meta":{"footnotes":""},"class_list":["post-121","page","type-page","status-publish","hentry"],"_links":{"self":[{"href":"https:\/\/lib.tu.kielce.pl\/index.php\/wp-json\/wp\/v2\/pages\/121","targetHints":{"allow":["GET"]}}],"collection":[{"href":"https:\/\/lib.tu.kielce.pl\/index.php\/wp-json\/wp\/v2\/pages"}],"about":[{"href":"https:\/\/lib.tu.kielce.pl\/index.php\/wp-json\/wp\/v2\/types\/page"}],"author":[{"embeddable":true,"href":"https:\/\/lib.tu.kielce.pl\/index.php\/wp-json\/wp\/v2\/users\/2"}],"replies":[{"embeddable":true,"href":"https:\/\/lib.tu.kielce.pl\/index.php\/wp-json\/wp\/v2\/comments?post=121"}],"version-history":[{"count":0,"href":"https:\/\/lib.tu.kielce.pl\/index.php\/wp-json\/wp\/v2\/pages\/121\/revisions"}],"wp:attachment":[{"href":"https:\/\/lib.tu.kielce.pl\/index.php\/wp-json\/wp\/v2\/media?parent=121"}],"curies":[{"name":"wp","href":"https:\/\/api.w.org\/{rel}","templated":true}]}}