{"id":112,"date":"2021-09-15T11:03:18","date_gmt":"2021-09-15T09:03:18","guid":{"rendered":"http:\/\/81.26.5.78\/BG\/?page_id=112"},"modified":"2022-01-14T09:38:59","modified_gmt":"2022-01-14T08:38:59","slug":"zasady-wypozyczen","status":"publish","type":"page","link":"https:\/\/lib.tu.kielce.pl\/index.php\/zasady-wypozyczen\/","title":{"rendered":"Zasady wypo\u017cycze\u0144"},"content":{"rendered":"\n<h3 class=\"wp-block-heading\">Czytelnicy<\/h3>\n\n\n\n<p>Do korzystania z wypo\u017cycze\u0144 uprawnieni s\u0105:<\/p>\n\n\n\n<ul class=\"wp-block-list\"><li>pracownicy Politechniki \u015awi\u0119tokrzyskiej<\/li><li>doktoranci Politechniki \u015awi\u0119tokrzyskiej<\/li><li>studenci Politechniki \u015awi\u0119tokrzyskiej<\/li><li>inni u\u017cytkownicy<\/li><\/ul>\n\n\n\n<p><strong>posiadaj\u0105cy wa\u017cne konto w wypo\u017cyczalni.<\/strong> <\/p>\n\n\n\n<p>Liczba ksi\u0105\u017cek i okresy wypo\u017cycze\u0144 s\u0105 uzale\u017cnione od kategorii czytelnika.<\/p>\n\n\n\n<figure class=\"wp-block-table\"><table><tbody><tr><th>Kategorie Czytelnik\u00f3w<\/th><th>Okres wa\u017cno\u015bci karty<\/th><th class=\"has-text-align-center\" data-align=\"center\">Limit wypo\u017cycze\u0144 ksi\u0105\u017cek<\/th><th>Okres wypo\u017cycze\u0144<\/th><\/tr><tr><td>Studenci P\u015aK<\/td><td>12 miesi\u0119cy<\/td><td class=\"has-text-align-center\" data-align=\"center\">5<\/td><td>3 miesi\u0105ce<\/td><\/tr><tr><td>Studenci innych uczelni<\/td><td>12 miesi\u0119cy<\/td><td class=\"has-text-align-center\" data-align=\"center\">1<\/td><td>1 miesi\u0105c<\/td><\/tr><tr><td>Pracownicy P\u015aK<\/td><td>12 miesi\u0119cy<\/td><td class=\"has-text-align-center\" data-align=\"center\">15<\/td><td>12 miesi\u0119cy<\/td><\/tr><tr><td>Pracownicy naukowi innych uczelni<\/td><td>12 miesi\u0119cy<\/td><td class=\"has-text-align-center\" data-align=\"center\">1<\/td><td>1 miesi\u0105c<\/td><\/tr><tr><td>Doktoranci P\u015ak<\/td><td>12 miesi\u0119cy<\/td><td class=\"has-text-align-center\" data-align=\"center\">10<\/td><td>3 miesi\u0105ce<\/td><\/tr><tr><td>Uczniowie szk\u00f3\u0142 \u015brednich<\/td><td>12 miesi\u0119cy<\/td><td class=\"has-text-align-center\" data-align=\"center\">0<\/td><td>\u2013<\/td><\/tr><tr><td>Inni czytelnicy<\/td><td>12 miesi\u0119cy<\/td><td class=\"has-text-align-center\" data-align=\"center\">1<\/td><td>1 miesi\u0105c<\/td><\/tr><tr><td>Uniwersytet Otwarty P\u015ak<\/td><td>ka\u017cdorazowo<\/td><td class=\"has-text-align-center\" data-align=\"center\">0<\/td><td>karta go\u015bcinna<\/td><\/tr><tr><td><strong>Karta jednodniowa<\/strong><br><em>bez mo\u017cliwo\u015bci korzystania z HotSpotu<\/em><\/td><td>1 dzie\u0144<\/td><td class=\"has-text-align-center\" data-align=\"center\">0<\/td><td>\u2013<\/td><\/tr><\/tbody><\/table><\/figure>\n\n\n\n<p>Ka\u017cdy czytelnik uprawniony do korzystania z wypo\u017cyczalni jest zobowi\u0105zany do <strong>wyrobienia karty bibliotecznej w PUNKCIE ZAPISU<\/strong>.<\/p>\n\n\n\n<p><strong>UWAGA !<\/strong><\/p>\n\n\n\n<p>Studenci programu ERASMUS posiadaj\u0105 status studenta Politechniki \u015awi\u0119tokrzyskiej.<\/p>\n\n\n\n<p>Kart\u0119 jednodniow\u0105 mo\u017cna otrzyma\u0107 w Punkcie Zapisu. Po skorzystaniu z Biblioteki nale\u017cy j\u0105 zwr\u00f3ci\u0107 do Punktu Zapisu (<a rel=\"noreferrer noopener\" href=\"\/index.php\/godziny-otwarcia\/\" target=\"_blank\">w godzinach jego pracy<\/a>) lub do Wypo\u017cyczalni.<\/p>\n\n\n\n<div style=\"height:30px\" aria-hidden=\"true\" class=\"wp-block-spacer\"><\/div>\n\n\n\n<h3 class=\"wp-block-heading\">Korzystanie ze zbior\u00f3w<\/h3>\n\n\n\n<p>Biblioteka G\u0142\u00f3wna zapewnia u\u017cytkownikom wolny dost\u0119p do wi\u0119kszo\u015bci zbior\u00f3w bibliotecznych, a \u017ar\u00f3d\u0142em informacji o zasobach Biblioteki jest <a href=\"http:\/\/katalog.tu.kielce.pl\/\" target=\"_blank\" rel=\"noreferrer noopener\">katalog komputerowy<\/a>, wskazuj\u0105cy po\u0142o\u017cenie i status ksi\u0105\u017cki. Ksi\u0105\u017cka mo\u017ce nale\u017ce\u0107 do jednego z trzech typ\u00f3w kolekcji:<\/p>\n\n\n\n<ul class=\"wp-block-list\"><li>\u201eudost\u0119pniana na miejscu\u201d<\/li><li>\u201eudost\u0119pniana na zewn\u0105trz\u201d<\/li><li>\u201edo u\u017cytku wewn\u0119trznego\u201d<\/li><\/ul>\n\n\n\n<p>Lokalizacja egzemplarza wskazuje na umiejscowienie pozycji w wolnym dost\u0119pie lub w magazynie w przypadku ksi\u0105\u017cek, b\u0105d\u017a w jednym z Oddzia\u0142\u00f3w Biblioteki w przypadku innych materia\u0142\u00f3w.<\/p>\n\n\n\n<p>Aby prawid\u0142owo wyszuka\u0107 ksi\u0105\u017ck\u0119 do wypo\u017cyczenia z wolnego dost\u0119pu nale\u017cy odnale\u017a\u0107 zapis \u201eudost\u0119pniana na zewn\u0105trz\u201d a nast\u0119pnie :<\/p>\n\n\n\n<pre class=\"wp-block-preformatted\">Lokalizacja: BG \u2013 wolny dost\u0119p<br>Znak miejsca: 658.1\/.2<br>Autor: Prymon Marek<br>Tytu\u0142: Marketing w kierowaniu firm\u0105<\/pre>\n\n\n\n<p>Ksi\u0105\u017cki z lokalizacj\u0105 \u201emagazyn\u201d wydaje si\u0119 po 1 godz. oczekiwaniu, a pozosta\u0142e pozycje wypo\u017cyczane s\u0105 przez bibliotekarza lub w systemie samoobs\u0142ugowym.<\/p>\n\n\n\n<p>Status ksi\u0105\u017cki wskazuje, czy jest ona \u201edost\u0119pna\u201d czy \u201ewypo\u017cyczona\u201d.<\/p>\n\n\n\n<p>CD do\u0142\u0105czane do ksi\u0105\u017cek wypo\u017cyczane s\u0105 na zewn\u0105trz wraz z egzemplarzem ksi\u0105\u017cki.<\/p>\n\n\n\n<p>W chwili wypo\u017cyczenia pozycje rejestrowane s\u0105 jako wypo\u017cyczone i przypisane do elektronicznego konta czytelnika.<\/p>\n\n\n\n<p>U\u017cytkownicy maj\u0105cy dost\u0119p do sieci komputerowej maj\u0105 wgl\u0105d we w\u0142asne <a href=\"https:\/\/katalog.tu.kielce.pl\/EOSWeb\/OPAC\/MyAccount\/MyProfile.asp\" data-type=\"URL\" data-id=\"https:\/\/katalog.tu.kielce.pl\/EOSWeb\/OPAC\/MyAccount\/MyProfile.asp\" target=\"_blank\" rel=\"noreferrer noopener\">konto<\/a> (tu znajdziesz informacje o wypo\u017cyczonych przez siebie ksi\u0105\u017ckach, terminach ich zwrotu i prolongaty).<\/p>\n\n\n\n<p>Za przetrzymane ksi\u0105\u017cki pobierane s\u0105 op\u0142aty w wysoko\u015bci 20 gr dziennie za ka\u017cdy egzemplarz.<\/p>\n\n\n\n<p><strong>Pilnuj terminu zwrotu ksi\u0105\u017cek<\/strong> \u2013 unikniesz obci\u0105\u017ce\u0144 finansowych.<\/p>\n\n\n\n<p><strong>Je\u015bli masz pytanie \u2013 zadzwo\u0144 41 3424493 do dy\u017curuj\u0105cego bibliotekarza.<\/strong><\/p>\n","protected":false},"excerpt":{"rendered":"<p>Czytelnicy Do korzystania z wypo\u017cycze\u0144 uprawnieni s\u0105: pracownicy Politechniki \u015awi\u0119tokrzyskiej doktoranci Politechniki \u015awi\u0119tokrzyskiej studenci Politechniki \u015awi\u0119tokrzyskiej inni u\u017cytkownicy posiadaj\u0105cy wa\u017cne konto w wypo\u017cyczalni. Liczba ksi\u0105\u017cek i okresy wypo\u017cycze\u0144 s\u0105 uzale\u017cnione od kategorii czytelnika. Kategorie Czytelnik\u00f3w Okres wa\u017cno\u015bci karty Limit wypo\u017cycze\u0144 ksi\u0105\u017cek Okres wypo\u017cycze\u0144 Studenci P\u015aK 12 miesi\u0119cy 5 3 miesi\u0105ce Studenci innych uczelni 12 miesi\u0119cy [&hellip;]<\/p>\n","protected":false},"author":3,"featured_media":0,"parent":0,"menu_order":0,"comment_status":"closed","ping_status":"closed","template":"","meta":{"footnotes":""},"class_list":["post-112","page","type-page","status-publish","hentry"],"_links":{"self":[{"href":"https:\/\/lib.tu.kielce.pl\/index.php\/wp-json\/wp\/v2\/pages\/112","targetHints":{"allow":["GET"]}}],"collection":[{"href":"https:\/\/lib.tu.kielce.pl\/index.php\/wp-json\/wp\/v2\/pages"}],"about":[{"href":"https:\/\/lib.tu.kielce.pl\/index.php\/wp-json\/wp\/v2\/types\/page"}],"author":[{"embeddable":true,"href":"https:\/\/lib.tu.kielce.pl\/index.php\/wp-json\/wp\/v2\/users\/3"}],"replies":[{"embeddable":true,"href":"https:\/\/lib.tu.kielce.pl\/index.php\/wp-json\/wp\/v2\/comments?post=112"}],"version-history":[{"count":0,"href":"https:\/\/lib.tu.kielce.pl\/index.php\/wp-json\/wp\/v2\/pages\/112\/revisions"}],"wp:attachment":[{"href":"https:\/\/lib.tu.kielce.pl\/index.php\/wp-json\/wp\/v2\/media?parent=112"}],"curies":[{"name":"wp","href":"https:\/\/api.w.org\/{rel}","templated":true}]}}