{"id":108,"date":"2021-09-15T10:57:59","date_gmt":"2021-09-15T08:57:59","guid":{"rendered":"http:\/\/81.26.5.78\/BG\/?page_id=108"},"modified":"2022-02-16T15:13:29","modified_gmt":"2022-02-16T14:13:29","slug":"regulamin-wypozyczalni-miedzybibliotecznej-biblioteki-glownej-politechniki-swietokrzyskiej","status":"publish","type":"page","link":"https:\/\/lib.tu.kielce.pl\/index.php\/regulamin-wypozyczalni-miedzybibliotecznej-biblioteki-glownej-politechniki-swietokrzyskiej\/","title":{"rendered":"Regulamin Wypo\u017cyczalni Mi\u0119dzybibliotecznej Biblioteki G\u0142\u00f3wnej Politechniki \u015awi\u0119tokrzyskiej"},"content":{"rendered":"\n<p>1. Na zam\u00f3wienie pracownik\u00f3w, doktorant\u00f3w i student\u00f3w Politechniki \u015awi\u0119tokrzyskiej Wypo\u017cyczalnia Mi\u0119dzybiblioteczna sprowadza materia\u0142y biblioteczne z bibliotek krajowych i zagranicznych.<\/p>\n\n\n\n<p>2. W ramach wypo\u017cycze\u0144 mi\u0119dzybibliotecznych sprowadza si\u0119:<\/p>\n\n\n\n<p>a) z bibliotek krajowych \u2013 materia\u0142y biblioteczne, kt\u00f3re nie s\u0105 dost\u0119pne w zbiorach BG P\u015ak oraz innych bibliotekach na terenie Kielc,<\/p>\n\n\n\n<p>b) z bibliotek zagranicznych \u2013 materia\u0142y biblioteczne, kt\u00f3rych nie ma w zbiorach bibliotek krajowych.<\/p>\n\n\n\n<p>3. Zam\u00f3wienie mi\u0119dzybiblioteczne mo\u017cna z\u0142o\u017cy\u0107 poprzez: formularz elektroniczny, e-mail, fax lub osobi\u015bcie.<\/p>\n\n\n\n<p>4. Wypo\u017cyczanie zbior\u00f3w z innych bibliotek odbywa si\u0119 bezp\u0142atnie na prawach wzajemno\u015bci. W przypadku, gdy biblioteka wypo\u017cyczaj\u0105ca nalicza koszty wykonania us\u0142ugi, koszty te pokrywa czytelnik.<\/p>\n\n\n\n<p>5. O zrealizowaniu zam\u00f3wienia czytelnik zostaje powiadomiony e-mailem lub telefonicznie.<\/p>\n\n\n\n<p>6. Sprowadzone materia\u0142y biblioteczne udost\u0119pniane s\u0105 na miejscu BG P\u015ak.<\/p>\n\n\n\n<p>7. Termin zwrotu wypo\u017cyczonych materia\u0142\u00f3w okre\u015bla biblioteka wypo\u017cyczaj\u0105ca.<\/p>\n\n\n\n<div style=\"height:30px\" aria-hidden=\"true\" class=\"wp-block-spacer\"><\/div>\n\n\n\n<p><em>Zatwierdzi\u0142<br>Przewodnicz\u0105cy Rady Bibliotecznej<\/em><\/p>\n","protected":false},"excerpt":{"rendered":"<p>1. Na zam\u00f3wienie pracownik\u00f3w, doktorant\u00f3w i student\u00f3w Politechniki \u015awi\u0119tokrzyskiej Wypo\u017cyczalnia Mi\u0119dzybiblioteczna sprowadza materia\u0142y biblioteczne z bibliotek krajowych i zagranicznych. 2. W ramach wypo\u017cycze\u0144 mi\u0119dzybibliotecznych sprowadza si\u0119: a) z bibliotek krajowych \u2013 materia\u0142y biblioteczne, kt\u00f3re nie s\u0105 dost\u0119pne w zbiorach BG P\u015ak oraz innych bibliotekach na terenie Kielc, b) z bibliotek zagranicznych \u2013 materia\u0142y biblioteczne, kt\u00f3rych [&hellip;]<\/p>\n","protected":false},"author":3,"featured_media":0,"parent":0,"menu_order":0,"comment_status":"closed","ping_status":"closed","template":"","meta":{"footnotes":""},"class_list":["post-108","page","type-page","status-publish","hentry"],"_links":{"self":[{"href":"https:\/\/lib.tu.kielce.pl\/index.php\/wp-json\/wp\/v2\/pages\/108","targetHints":{"allow":["GET"]}}],"collection":[{"href":"https:\/\/lib.tu.kielce.pl\/index.php\/wp-json\/wp\/v2\/pages"}],"about":[{"href":"https:\/\/lib.tu.kielce.pl\/index.php\/wp-json\/wp\/v2\/types\/page"}],"author":[{"embeddable":true,"href":"https:\/\/lib.tu.kielce.pl\/index.php\/wp-json\/wp\/v2\/users\/3"}],"replies":[{"embeddable":true,"href":"https:\/\/lib.tu.kielce.pl\/index.php\/wp-json\/wp\/v2\/comments?post=108"}],"version-history":[{"count":0,"href":"https:\/\/lib.tu.kielce.pl\/index.php\/wp-json\/wp\/v2\/pages\/108\/revisions"}],"wp:attachment":[{"href":"https:\/\/lib.tu.kielce.pl\/index.php\/wp-json\/wp\/v2\/media?parent=108"}],"curies":[{"name":"wp","href":"https:\/\/api.w.org\/{rel}","templated":true}]}}