{"id":104,"date":"2021-09-15T10:50:06","date_gmt":"2021-09-15T08:50:06","guid":{"rendered":"http:\/\/81.26.5.78\/BG\/?page_id=104"},"modified":"2025-04-11T09:53:50","modified_gmt":"2025-04-11T07:53:50","slug":"regulamin-udostepniania-zbiorow-biblioteki-glownej-politechniki-swietokrzyskiej","status":"publish","type":"page","link":"https:\/\/lib.tu.kielce.pl\/index.php\/regulamin-udostepniania-zbiorow-biblioteki-glownej-politechniki-swietokrzyskiej\/","title":{"rendered":"Regulamin Udost\u0119pniania Zbior\u00f3w Biblioteki G\u0142\u00f3wnej Politechniki \u015awi\u0119tokrzyskiej"},"content":{"rendered":"\n<div style=\"height:30px\" aria-hidden=\"true\" class=\"wp-block-spacer\"><\/div>\n\n\n\n<p class=\"has-text-align-center\"><strong>Rozdzia\u0142 I<\/strong><\/p>\n\n\n\n<p class=\"has-text-align-center\"><strong>POSTANOWIENIA OG\u00d3LNE<\/strong><\/p>\n\n\n\n<div style=\"height:30px\" aria-hidden=\"true\" class=\"wp-block-spacer\"><\/div>\n\n\n\n<p class=\"has-text-align-center\"><strong>\u00a7 1<\/strong> <\/p>\n\n\n\n<p>1. Regulamin okre\u015bla zasady korzystania ze zbior\u00f3w Biblioteki G\u0142\u00f3wnej. <\/p>\n\n\n\n<p>2. Korzystaj\u0105cy z biblioteki zobowi\u0105zani s\u0105 do zapoznania si\u0119 z tre\u015bci\u0105 niniejszego regulaminu i stosowania si\u0119 do zawartych w nim postanowie\u0144.<\/p>\n\n\n\n<div style=\"height:30px\" aria-hidden=\"true\" class=\"wp-block-spacer\"><\/div>\n\n\n\n<p class=\"has-text-align-center\"><strong>\u00a7 2<\/strong><\/p>\n\n\n\n<p>1. Zbiory Biblioteki G\u0142\u00f3wnej udost\u0119pniane s\u0105 poprzez: <\/p>\n\n\n\n<p>a) wypo\u017cyczanie na zewn\u0105trz, <\/p>\n\n\n\n<p>b) korzystanie na miejscu, <\/p>\n\n\n\n<p>c) wypo\u017cyczanie mi\u0119dzybiblioteczne, (zob. <a href=\"\/dok\/informacje\/regulamin_miedzybibliotecznej.pdf\" target=\"_blank\" rel=\"noreferrer noopener\">Reg. Wyp. Mi\u0119dzybibliotecznego<\/a>) <\/p>\n\n\n\n<p>d) korzystanie z elektronicznych baz danych (zob. <a href=\"\/dok\/informacje\/Regulamin_zbiorow_elektronicznych.pdf\" target=\"_blank\" rel=\"noreferrer noopener\">Reg. Udost\u0119p. Zbior\u00f3w Elektronicznych<\/a>)<\/p>\n\n\n\n<div style=\"height:30px\" aria-hidden=\"true\" class=\"wp-block-spacer\"><\/div>\n\n\n\n<p class=\"has-text-align-center\"><strong>\u00a7 3<\/strong><\/p>\n\n\n\n<p>1. Korzystanie ze zbior\u00f3w Biblioteki G\u0142\u00f3wnej jest bezp\u0142atne. <\/p>\n\n\n\n<p>2. Prawo do korzystania ze zbior\u00f3w bibliotecznych maj\u0105: <\/p>\n\n\n\n<p>a) pracownicy, doktoranci, studenci Politechniki \u015awi\u0119tokrzyskiej, <\/p>\n\n\n\n<p>b) inni u\u017cytkownicy. <\/p>\n\n\n\n<p>3. Korzystanie ze zbior\u00f3w mo\u017cliwe jest na podstawie: <\/p>\n\n\n\n<p>a) zapisu do biblioteki, <\/p>\n\n\n\n<p>b) karty jednodniowej. <\/p>\n\n\n\n<p>4. Korzystanie ze zbior\u00f3w bibliotecznych nie mo\u017ce narusza\u0107 zapis\u00f3w Ustawy z dnia 4 lutego 1994 o prawie autorskim i prawach pokrewnych (Dz.U. 2006, nr 90 poz. 631 z p\u00f3\u017an. zm.).<\/p>\n\n\n\n<div style=\"height:30px\" aria-hidden=\"true\" class=\"wp-block-spacer\"><\/div>\n\n\n\n<p class=\"has-text-align-center\"><strong>Rozdzia\u0142 II<\/strong><\/p>\n\n\n\n<p class=\"has-text-align-center\"><strong>UDOST\u0118PNIANIE ZBIOR\u00d3W<\/strong><\/p>\n\n\n\n<div style=\"height:30px\" aria-hidden=\"true\" class=\"wp-block-spacer\"><\/div>\n\n\n\n<p class=\"has-text-align-center\"><strong>\u00a7 4<\/strong> <\/p>\n\n\n\n<p>1. Biblioteka G\u0142\u00f3wna zapewnia u\u017cytkownikom wolny dost\u0119p do wi\u0119kszo\u015bci zbior\u00f3w bibliotecznych. <\/p>\n\n\n\n<p>2. Ksi\u0105\u017cki, czasopisma oraz zbiory specjalne przechowywane w magazynie wydaje si\u0119 po 30 min. od z\u0142o\u017cenia zam\u00f3wienia. <\/p>\n\n\n\n<p>3. Ksi\u0105\u017cki mo\u017cna wypo\u017cycza\u0107 tradycyjnie w wypo\u017cyczalni lub samodzielnie za po\u015brednictwem urz\u0105dzenia typu self-check (urz\u0105dzenie do samoobs\u0142ugowego wypo\u017cyczania ksi\u0105\u017cek). <\/p>\n\n\n\n<p>4. Biblioteka nie wypo\u017cycza na zewn\u0105trz nast\u0119puj\u0105cych zbior\u00f3w: <\/p>\n\n\n\n<p>a) specjalnych, <\/p>\n\n\n\n<p>b) czasopism, <\/p>\n\n\n\n<p>c) zbior\u00f3w ze statusem do udost\u0119pniania na miejscu, <\/p>\n\n\n\n<p>d) rozpraw doktorskich i habilitacyjnych, <\/p>\n\n\n\n<p>e) prac naukowo-badawczych, <\/p>\n\n\n\n<p>f) dokument\u00f3w sprowadzonych drog\u0105 wypo\u017cycze\u0144 mi\u0119dzybibliotecznych.<\/p>\n\n\n\n<p>5. W szczeg\u00f3lnych przypadkach Biblioteka umo\u017cliwia kr\u00f3tkoterminowe wypo\u017cyczanie zbior\u00f3w ze statusem do udost\u0119pniania na miejscu. Maksymalny okres takiego wypo\u017cyczenia to jeden dzie\u0144 roboczy.<\/p>\n\n\n\n<div style=\"height:30px\" aria-hidden=\"true\" class=\"wp-block-spacer\"><\/div>\n\n\n\n<p class=\"has-text-align-center\"><strong>\u00a75<\/strong><\/p>\n\n\n\n<p>1. Prawo do wypo\u017cyczenia ksi\u0105\u017cek poza Bibliotek\u0119 nabywa czytelnik po otrzymaniu karty bibliotecznej.<\/p>\n\n\n\n<p>2. Odbi\u00f3r karty bibliotecznej jest r\u00f3wnoznaczny z podpisaniem o\u015bwiadczenia o znajomo\u015bci Regulaminu Udost\u0119pniania Zbior\u00f3w Biblioteki G\u0142\u00f3wnej. <\/p>\n\n\n\n<p>3. Karty biblioteczne wydawane i prolongowane s\u0105 w Punkcie Zapisu na podstawie dokumentu to\u017csamo\u015bci: <\/p>\n\n\n\n<p>a) pracownicy Politechniki \u015awi\u0119tokrzyskiej, inni u\u017cytkownicy \u2013 dowodu osobistego, <\/p>\n\n\n\n<p>b) doktoranci i studenci Politechniki \u015awi\u0119tokrzyskiej \u2013 aktualnej legitymacji doktoranckiej\/studenckiej. <\/p>\n\n\n\n<p>4. Karty bibliotecznej nie wolno odst\u0119powa\u0107 innym osobom. U\u017cytkownik karty ponosi pe\u0142n\u0105 odpowiedzialno\u015b\u0107 za stan swojego konta bibliotecznego. U\u017cytkownik karty mo\u017ce upowa\u017cni\u0107 jedn\u0105 osob\u0119 do korzystania z jego karty wype\u0142niaj\u0105c formularz dost\u0119pny u dy\u017curuj\u0105cego w wypo\u017cyczalni bibliotekarza (zob. <a href=\"\/dok\/informacje\/zalacznik_nr_1.pdf\" target=\"_blank\" rel=\"noreferrer noopener\">za\u0142. nr 1. Upowa\u017cnienie do wypo\u017cycze\u0144<\/a>).<\/p>\n\n\n\n<p>5. W\u0142a\u015bciciel karty bibliotecznej jest zobowi\u0105zany powiadomi\u0107 Bibliotek\u0119 o zmianie danych osobowych. <\/p>\n\n\n\n<p>6. Zagubienie karty bibliotecznej nale\u017cy niezw\u0142ocznie zg\u0142osi\u0107 w Punkcie Zapisu. <\/p>\n\n\n\n<p>7. Konta czytelnik\u00f3w nieaktywnych przez co najmniej 6 lat i niemaj\u0105cych wobec Biblioteki \u017cadnych zaleg\u0142ych wypo\u017cycze\u0144 i zaleg\u0142o\u015bci b\u0119d\u0105 usuwane.<\/p>\n\n\n\n<div style=\"height:30px\" aria-hidden=\"true\" class=\"wp-block-spacer\"><\/div>\n\n\n\n<p class=\"has-text-align-center\"><strong>\u00a7 6<\/strong><\/p>\n\n\n\n<p>1. Ustala si\u0119 nast\u0119puj\u0105ce limity wypo\u017cycze\u0144: <\/p>\n\n\n\n<p>a) pracownicy Politechniki \u015awi\u0119tokrzyskiej : 15 wolumin\u00f3w na okres 1 roku, <\/p>\n\n\n\n<p>b) doktoranci Politechniki \u015awi\u0119tokrzyskiej : 10 wolumin\u00f3w na okres 3 miesi\u0119cy, <\/p>\n\n\n\n<p>c) studenci Politechniki \u015awi\u0119tokrzyskiej : 5 wolumin\u00f3w na okres 3 miesi\u0119cy, <\/p>\n\n\n\n<p>d) inni u\u017cytkownicy : 2 woluminy na okres 1 miesi\u0105ca.<\/p>\n\n\n\n<p>2. U\u017cytkownik ponosi odpowiedzialno\u015b\u0107 za stan wypo\u017cyczonych materia\u0142\u00f3w bibliotecznych i ich terminowy zwrot. <\/p>\n\n\n\n<p>3. W przypadku zniszczenia lub zagubienia ksi\u0105\u017cki czytelnik zobowi\u0105zany jest: <\/p>\n\n\n\n<p>a) zwr\u00f3ci\u0107 inny egzemplarz tego samego tytu\u0142u, <\/p>\n\n\n\n<p>b) odkupi\u0107 inn\u0105 ksi\u0105\u017ck\u0119 wskazan\u0105 przez pracownika Biblioteki, <\/p>\n\n\n\n<p>c) wp\u0142aci\u0107 kwot\u0119 odpowiadaj\u0105c\u0105 warto\u015bci ksi\u0105\u017cki wyliczon\u0105 zgodnie z wewn\u0119trznymi przepisami Oddzia\u0142u Udost\u0119pniania zatwierdzonymi przez Rad\u0119 Biblioteczn\u0105.<\/p>\n\n\n\n<p>4. U\u017cytkownik ma prawo do samodzielnej, jednorazowej prolongaty wypo\u017cyczonych ksi\u0105\u017cek pod warunkiem, \u017ce nie s\u0105 one zarezerwowane przez innego czytelnika i nie zosta\u0142 przekroczony termin ich zwrotu. <\/p>\n\n\n\n<p>5. W przypadku przekroczenia terminu zwrotu ksi\u0105\u017cki system komputerowy zak\u0142ada blokad\u0119 wypo\u017cycze\u0144 na konto u\u017cytkownika i nalicza op\u0142at\u0119 za ka\u017cdy dzie\u0144 zw\u0142oki. Wysoko\u015b\u0107 op\u0142aty okre\u015bla odr\u0119bne zarz\u0105dzenie Rektora Politechniki \u015awi\u0119tokrzyskiej (<a href=\"\/dok\/informacje\/Zarz_R_115_21.pdf\" target=\"_blank\" rel=\"noreferrer noopener\">115\/21<\/a>). <\/p>\n\n\n\n<p>6. Biblioteka w uzasadnionym przypadku mo\u017ce zwr\u00f3ci\u0107 si\u0119 do czytelnika o wcze\u015bniejszy zwrot ksi\u0105\u017cki lub w chwili jej wypo\u017cyczenia zastrzec wcze\u015bniejszy termin zwrotu.<\/p>\n\n\n\n<p>7. U\u017cytkownik mo\u017ce wyst\u0105pi\u0107 o zwi\u0119kszenie limitu wypo\u017cycze\u0144 wype\u0142niaj\u0105c formularz dost\u0119pny u dy\u017curuj\u0105cego w wypo\u017cyczalni bibliotekarza (zob. <a href=\"\/dok\/informacje\/zalacznik_n_ 2.pdf\" target=\"_blank\" rel=\"noreferrer noopener\">za\u0142. nr 2. Wniosek o zwi\u0119kszenie limitu wypo\u017cycze\u0144<\/a>).<\/p>\n\n\n\n<div style=\"height:30px\" aria-hidden=\"true\" class=\"wp-block-spacer\"><\/div>\n\n\n\n<p class=\"has-text-align-center\"><strong>Rozdzia\u0142 III<\/strong><\/p>\n\n\n\n<p class=\"has-text-align-center\"><strong>POSTANOWIENIA KO\u0143COWE<\/strong><\/p>\n\n\n\n<div style=\"height:30px\" aria-hidden=\"true\" class=\"wp-block-spacer\"><\/div>\n\n\n\n<p class=\"has-text-align-center\"><strong>\u00a7 7<\/strong><\/p>\n\n\n\n<p>1. Przed wej\u015bciem do Biblioteki u\u017cytkownik zobowi\u0105zany jest do pozostawienia w szatni okry\u0107 wierzchnich, toreb du\u017cych rozmiar\u00f3w, plecak\u00f3w. <\/p>\n\n\n\n<p>2. Osoby przebywaj\u0105ce na terenie biblioteki zobowi\u0105zane s\u0105 do: <\/p>\n\n\n\n<p>a) poszanowania ksi\u0119gozbioru i sprz\u0119tu bibliotecznego, <\/p>\n\n\n\n<p>b) zachowania ciszy, <\/p>\n\n\n\n<p>c) okazania karty bibliotecznej na pro\u015bb\u0119 dy\u017curuj\u0105cego bibliotekarza. <\/p>\n\n\n\n<p>3. U\u017cytkownicy mog\u0105 korzysta\u0107 z w\u0142asnego przeno\u015bnego sprz\u0119tu komputerowego zasilanego bateri\u0105 lub z wyznaczonych gniazd elektrycznych. <\/p>\n\n\n\n<p>4. Za kradzie\u017c i niszczenie zbior\u00f3w bibliotecznych oraz element\u00f3w wyposa\u017cenia biblioteki grozi post\u0119powanie dyscyplinarne.<\/p>\n\n\n\n<p>5. Biblioteka nie ponosi odpowiedzialno\u015bci za pozostawione na terenie biblioteki mienie osobiste.<\/p>\n","protected":false},"excerpt":{"rendered":"<p>Rozdzia\u0142 I POSTANOWIENIA OG\u00d3LNE \u00a7 1 1. Regulamin okre\u015bla zasady korzystania ze zbior\u00f3w Biblioteki G\u0142\u00f3wnej. 2. Korzystaj\u0105cy z biblioteki zobowi\u0105zani s\u0105 do zapoznania si\u0119 z tre\u015bci\u0105 niniejszego regulaminu i stosowania si\u0119 do zawartych w nim postanowie\u0144. \u00a7 2 1. Zbiory Biblioteki G\u0142\u00f3wnej udost\u0119pniane s\u0105 poprzez: a) wypo\u017cyczanie na zewn\u0105trz, b) korzystanie na miejscu, c) wypo\u017cyczanie [&hellip;]<\/p>\n","protected":false},"author":3,"featured_media":0,"parent":0,"menu_order":0,"comment_status":"closed","ping_status":"closed","template":"","meta":{"footnotes":""},"class_list":["post-104","page","type-page","status-publish","hentry"],"_links":{"self":[{"href":"https:\/\/lib.tu.kielce.pl\/index.php\/wp-json\/wp\/v2\/pages\/104","targetHints":{"allow":["GET"]}}],"collection":[{"href":"https:\/\/lib.tu.kielce.pl\/index.php\/wp-json\/wp\/v2\/pages"}],"about":[{"href":"https:\/\/lib.tu.kielce.pl\/index.php\/wp-json\/wp\/v2\/types\/page"}],"author":[{"embeddable":true,"href":"https:\/\/lib.tu.kielce.pl\/index.php\/wp-json\/wp\/v2\/users\/3"}],"replies":[{"embeddable":true,"href":"https:\/\/lib.tu.kielce.pl\/index.php\/wp-json\/wp\/v2\/comments?post=104"}],"version-history":[{"count":0,"href":"https:\/\/lib.tu.kielce.pl\/index.php\/wp-json\/wp\/v2\/pages\/104\/revisions"}],"wp:attachment":[{"href":"https:\/\/lib.tu.kielce.pl\/index.php\/wp-json\/wp\/v2\/media?parent=104"}],"curies":[{"name":"wp","href":"https:\/\/api.w.org\/{rel}","templated":true}]}}