{"id":552,"date":"2023-07-20T10:43:44","date_gmt":"2023-07-20T08:43:44","guid":{"rendered":"https:\/\/lib.tu.kielce.pl\/english\/?page_id=552"},"modified":"2023-08-30T10:33:31","modified_gmt":"2023-08-30T08:33:31","slug":"online-catalogue-search","status":"publish","type":"page","link":"https:\/\/lib.tu.kielce.pl\/english\/index.php\/online-catalogue-search\/","title":{"rendered":"Online catalogue search"},"content":{"rendered":"\n<p>The Main Library provides users with free access to most of the library collections, and the source of information about the Library&#8217;s resources is a computer catalogue indicating the location and status of books.<\/p>\n\n\n\n<p class=\"has-text-align-center\"><a href=\"https:\/\/katalog.tu.kielce.pl\/EOSWeb\/OPAC\/index.asp?Language=english\">http:\/\/katalog.tu.kielce.pl<\/a><\/p>\n\n\n\n<p>You can switch the language in the top menu of the catalogue (Prze\u0142\u0105cz J\u0119zyk).<\/p>\n\n\n\n<p>The catalogue can be searched in 3 ways:<\/p>\n\n\n\n<ul class=\"wp-block-list\">\n<li>Browsing<\/li>\n\n\n\n<li>Simple search<\/li>\n\n\n\n<li>Advanced Search<\/li>\n<\/ul>\n\n\n\n<p>To properly search for a book to borrow from free access, find the entry &#8222;udost\u0119pniana na zewn\u0105trz&#8221; (shared outside) and then:<\/p>\n\n\n\n<pre class=\"wp-block-preformatted\">Author: Deitel, Paul J.\nTitle: C ++ : how to program \/ Paul Deitel, Harvey Deitel.\n............................................................\nCopy: BG \u2013 wolny dost\u0119p\nCall Number: <strong>004.438C DEI C++ 124124<\/strong>\nStatus: Dost\u0119pna\nItem ID: 124124\nCollection Type: udost\u0119pniana na zewn\u0105trz<\/pre>\n\n\n\n<p>The Call Number will show you where the book is located. <\/p>\n\n\n\n<p>The sets are arranged by fields according to the Universal Decimal Classification. The collections are grouped into nine sections, each of which is marked with a different color of the divider. Each splitter contains a detailed domain symbol and its word equivalent. Each section is divided into further, more detailed subsections. Books are listed alphabetically in the section.<\/p>\n\n\n\n<p><strong>If you have any problem finding a book, ask the librarian on duty for help.<\/strong><\/p>\n\n\n\n<p>At the time of borrowing items are registered as borrowed and assigned to the reader&#8217;s electronic account. Users with access to a computer network can view their own account (here you will find information about the books you have borrowed, their return and renewal dates). <\/p>\n\n\n\n<p>For overdue books, a fee of PLN 0.20 per copy is charged per day. <\/p>\n\n\n\n<p>Keep an eye on the deadline for returning books &#8211; you will avoid financial burdens.<\/p>\n","protected":false},"excerpt":{"rendered":"<p>The Main Library provides users with free access to most of the library collections, and the source of information about the Library&#8217;s resources is a computer catalogue indicating the location and status of books. http:\/\/katalog.tu.kielce.pl You can switch the language in the top menu of the catalogue (Prze\u0142\u0105cz J\u0119zyk). The catalogue can be searched in [&hellip;]<\/p>\n","protected":false},"author":3,"featured_media":0,"parent":0,"menu_order":0,"comment_status":"closed","ping_status":"closed","template":"","meta":{"footnotes":""},"class_list":["post-552","page","type-page","status-publish","hentry"],"_links":{"self":[{"href":"https:\/\/lib.tu.kielce.pl\/english\/index.php\/wp-json\/wp\/v2\/pages\/552","targetHints":{"allow":["GET"]}}],"collection":[{"href":"https:\/\/lib.tu.kielce.pl\/english\/index.php\/wp-json\/wp\/v2\/pages"}],"about":[{"href":"https:\/\/lib.tu.kielce.pl\/english\/index.php\/wp-json\/wp\/v2\/types\/page"}],"author":[{"embeddable":true,"href":"https:\/\/lib.tu.kielce.pl\/english\/index.php\/wp-json\/wp\/v2\/users\/3"}],"replies":[{"embeddable":true,"href":"https:\/\/lib.tu.kielce.pl\/english\/index.php\/wp-json\/wp\/v2\/comments?post=552"}],"version-history":[{"count":0,"href":"https:\/\/lib.tu.kielce.pl\/english\/index.php\/wp-json\/wp\/v2\/pages\/552\/revisions"}],"wp:attachment":[{"href":"https:\/\/lib.tu.kielce.pl\/english\/index.php\/wp-json\/wp\/v2\/media?parent=552"}],"curies":[{"name":"wp","href":"https:\/\/api.w.org\/{rel}","templated":true}]}}