{"id":35,"date":"2021-09-14T14:56:07","date_gmt":"2021-09-14T12:56:07","guid":{"rendered":"http:\/\/81.26.5.78\/BG\/?page_id=35"},"modified":"2023-07-20T13:16:46","modified_gmt":"2023-07-20T11:16:46","slug":"how-to-get-to-the-library","status":"publish","type":"page","link":"https:\/\/lib.tu.kielce.pl\/english\/index.php\/how-to-get-to-the-library\/","title":{"rendered":"How to get to the Library"},"content":{"rendered":"\n<h3 class=\"wp-block-heading has-text-align-center\" id=\"dojazd-z-dworca-pkp-do-biblioteki-glownej\">Access from the railway station to the Main Library<\/h3>\n\n\n\n<div style=\"text-align: center;\">\n<div><a href=\"\/img\/MapaKielc2.png\">Click to enlarge the map<\/a><br><a href=\"\/img\/MapaKielc2.png\"><img loading=\"lazy\" decoding=\"async\" src=\"\/img\/MapaKielc2mini.png\" alt=\"Mapa Kielc pokazuj\u0105ca jak dojecha\u0107 z dworca PKP do Biblioteki\" width=\"610\" height=\"260\" border=\"0\"><\/a><\/div>\n<p> <\/p>\n<div><a href=\"\/img\/MapaKielc2_Satelita.png\">Click to enlarge the satellite image<\/a><br><a href=\"\/img\/MapaKielc2_Satelita.png\"><img loading=\"lazy\" decoding=\"async\" src=\"\/img\/MapaKielc2_Satelitamini.png\" alt=\"Zdj\u0119cie satelitarne Kielc pokazuj\u0105ca jak dojecha\u0107 z dworca PKP do Biblioteki\" width=\"610\" height=\"260\" border=\"0\"><\/a>\n<p> <\/p>\n<p><a title=\"Poka\u017c na mapie Google\" href=\"http:\/\/maps.google.pl\/maps?hl=pl&amp;ie=UTF8&amp;q=kielce+politechnika+%C5%9Bwi%C4%99tokrzyska&amp;fb=1&amp;gl=pl&amp;hq=kielce+politechnika+%C5%9Bwi%C4%99tokrzyska&amp;hnear=kielce+politechnika+%C5%9Bwi%C4%99tokrzyska&amp;cid=0,0,11030610130453179536&amp;ll=50.879072,20.640215&amp;spn=0.002525,0.008234&amp;t=h&amp;z=18\" target=\"_blank\" rel=\"noopener\">View on Google map<\/a><\/p>\n<\/div>\n<\/div>\n","protected":false},"excerpt":{"rendered":"<p>Access from the railway station to the Main Library Click to enlarge the map Click to enlarge the satellite image View on Google map<\/p>\n","protected":false},"author":1,"featured_media":0,"parent":0,"menu_order":0,"comment_status":"closed","ping_status":"closed","template":"","meta":{"footnotes":""},"class_list":["post-35","page","type-page","status-publish","hentry"],"_links":{"self":[{"href":"https:\/\/lib.tu.kielce.pl\/english\/index.php\/wp-json\/wp\/v2\/pages\/35","targetHints":{"allow":["GET"]}}],"collection":[{"href":"https:\/\/lib.tu.kielce.pl\/english\/index.php\/wp-json\/wp\/v2\/pages"}],"about":[{"href":"https:\/\/lib.tu.kielce.pl\/english\/index.php\/wp-json\/wp\/v2\/types\/page"}],"author":[{"embeddable":true,"href":"https:\/\/lib.tu.kielce.pl\/english\/index.php\/wp-json\/wp\/v2\/users\/1"}],"replies":[{"embeddable":true,"href":"https:\/\/lib.tu.kielce.pl\/english\/index.php\/wp-json\/wp\/v2\/comments?post=35"}],"version-history":[{"count":0,"href":"https:\/\/lib.tu.kielce.pl\/english\/index.php\/wp-json\/wp\/v2\/pages\/35\/revisions"}],"wp:attachment":[{"href":"https:\/\/lib.tu.kielce.pl\/english\/index.php\/wp-json\/wp\/v2\/media?parent=35"}],"curies":[{"name":"wp","href":"https:\/\/api.w.org\/{rel}","templated":true}]}}